{"id":70860,"date":"2025-12-18T11:55:40","date_gmt":"2025-12-18T10:55:40","guid":{"rendered":"https:\/\/demourshop.com\/?post_type=product&#038;p=70860"},"modified":"2025-12-18T12:11:46","modified_gmt":"2025-12-18T11:11:46","slug":"chateau-tour-baladoz-2023","status":"publish","type":"product","link":"http:\/\/demourshop.com\/en\/product\/chateau-tour-baladoz-2023\/","title":{"rendered":"Ch\u00e2teau Tour Baladoz 2023"},"content":{"rendered":"<p>Servez-le \u00e0 17\u00b0C avec une pi\u00e8ce de b\u0153uf r\u00f4tie, un plat aux truffes ou un risotto cr\u00e9meux. Ce Grand Cru Class\u00e9 de 2023 peut \u00eatre d\u00e9gust\u00e9 d\u00e8s maintenant ou conserv\u00e9 encore 15 ans. Un vin rac\u00e9, signature de la finesse saint-\u00e9milionaise.<\/p>","protected":false},"excerpt":{"rendered":"<p><strong>Ch\u00e2teau Tour Baladoz 2023<\/strong>\u00a0\u2013 Saint-\u00c9milion Grand Cru Class\u00e9 g\u00e9n\u00e9reux et raffin\u00e9. Un vin de caract\u00e8re au charme imm\u00e9diat. Livraison rapide \u2013 prix propri\u00e9t\u00e9.<\/p>","protected":false},"featured_media":68152,"template":"","meta":{"_acf_changed":false},"product_brand":[],"product_cat":[378,465,464,421,507,552,383,396,412,409,382,420,380,375,393,160],"product_tag":[],"class_list":{"0":"post-70860","1":"product","2":"type-product","3":"status-publish","4":"has-post-thumbnail","6":"product_cat-appellations-vin-en-ligne","7":"product_cat-cabernet-franc-en-ligne","8":"product_cat-cabernet-sauvignon-en-ligne","9":"product_cat-carmenere-en-ligne","10":"product_cat-cepages-vin-en-ligne","11":"product_cat-vin-par-couleur-en-ligne","12":"product_cat-vin-de-france-en-ligne","13":"product_cat-vin-hve-en-ligne","14":"product_cat-malbec-en-ligne","15":"product_cat-merlot-en-ligne","16":"product_cat-vin-par-pays-en-ligne","17":"product_cat-petit-verdot-en-ligne","18":"product_cat-saint-emilion-grand-cru-classe-en-ligne","19":"product_cat-vin-rouge-en-ligne","20":"product_cat-vins-par-methode-de-vinification","21":"product_cat-vins-de-proprietes-en-ligne","22":"pa_appellations-saint-emilion-grand-cru-classe","23":"pa_cepages-cabernet-franc","24":"pa_cepages-cabernet-sauvignon","25":"pa_cepages-carmenere","26":"pa_cepages-malbec","27":"pa_cepages-merlot","28":"pa_cepages-petit-verdot","29":"pa_couleurs-rouge","30":"pa_formats-75cl","31":"pa_millesimes-176","32":"pa_millesimes-175","33":"pa_millesimes-174","34":"pa_millesimes-617","35":"pa_millesimes-853","36":"pa_pays-france","37":"pa_propriete-saint-emilion-grand-cru-classe","38":"pa_quantites-a-lunite","39":"pa_quantites-carton-de-3-bouteilles","40":"pa_quantites-carton-de-6-bouteilles","41":"pa_vinifications-hve","43":"first","44":"instock","45":"featured","46":"taxable","47":"shipping-taxable","48":"purchasable","49":"product-type-simple"},"acf":[],"yoast_head":"<!-- This site is optimized with the Yoast SEO plugin v27.4 - https:\/\/yoast.com\/product\/yoast-seo-wordpress\/ -->\n<title>Ch\u00e2teau Tour Baladoz 2023 - Demourshop<\/title>\n<meta name=\"description\" content=\"Ch\u00e2teau Tour Baladoz 2023 \u2013 Saint-\u00c9milion Grand Cru Class\u00e9 structur\u00e9 et raffin\u00e9. Livraison rapide, prix propri\u00e9t\u00e9. \u00c0 boire ou \u00e0 garder encore 15 ans.\" \/>\n<meta name=\"robots\" content=\"index, follow, max-snippet:-1, max-image-preview:large, max-video-preview:-1\" \/>\n<link rel=\"canonical\" href=\"https:\/\/demourshop.com\/en\/product\/chateau-tour-baladoz-2023\/\" \/>\n<meta property=\"og:locale\" content=\"en_GB\" \/>\n<meta property=\"og:type\" content=\"article\" \/>\n<meta property=\"og:title\" content=\"Ch\u00e2teau Tour Baladoz 2023 - Demourshop\" \/>\n<meta property=\"og:description\" content=\"Ch\u00e2teau Tour Baladoz 2023 \u2013 Saint-\u00c9milion Grand Cru Class\u00e9 structur\u00e9 et raffin\u00e9. Livraison rapide, prix propri\u00e9t\u00e9. \u00c0 boire ou \u00e0 garder encore 15 ans.\" \/>\n<meta property=\"og:url\" content=\"https:\/\/demourshop.com\/en\/product\/chateau-tour-baladoz-2023\/\" \/>\n<meta property=\"og:site_name\" content=\"Demourshop\" \/>\n<meta property=\"article:modified_time\" content=\"2025-12-18T11:11:46+00:00\" \/>\n<meta property=\"og:image\" content=\"http:\/\/demourshop.com\/wp-content\/uploads\/2024\/10\/chateau-tour-baladoz-saint-emilion-grand-cru-classe.png\" \/>\n\t<meta property=\"og:image:width\" content=\"700\" \/>\n\t<meta property=\"og:image:height\" content=\"700\" \/>\n\t<meta property=\"og:image:type\" content=\"image\/png\" \/>\n<meta name=\"twitter:card\" content=\"summary_large_image\" \/>\n<meta name=\"twitter:label1\" content=\"Estimated reading time\" \/>\n\t<meta name=\"twitter:data1\" content=\"3 minutes\" \/>\n<script type=\"application\/ld+json\" class=\"yoast-schema-graph\">{\"@context\":\"https:\\\/\\\/schema.org\",\"@graph\":[{\"@type\":\"WebPage\",\"@id\":\"https:\\\/\\\/demourshop.com\\\/produit\\\/chateau-tour-baladoz-2023\\\/\",\"url\":\"https:\\\/\\\/demourshop.com\\\/produit\\\/chateau-tour-baladoz-2023\\\/\",\"name\":\"Ch\u00e2teau Tour Baladoz 2023 - Demourshop\",\"isPartOf\":{\"@id\":\"https:\\\/\\\/demourshop.com\\\/#website\"},\"primaryImageOfPage\":{\"@id\":\"https:\\\/\\\/demourshop.com\\\/produit\\\/chateau-tour-baladoz-2023\\\/#primaryimage\"},\"image\":{\"@id\":\"https:\\\/\\\/demourshop.com\\\/produit\\\/chateau-tour-baladoz-2023\\\/#primaryimage\"},\"thumbnailUrl\":\"http:\\\/\\\/demourshop.com\\\/wp-content\\\/uploads\\\/2024\\\/10\\\/chateau-tour-baladoz-saint-emilion-grand-cru-classe.png\",\"datePublished\":\"2025-12-18T10:55:40+00:00\",\"dateModified\":\"2025-12-18T11:11:46+00:00\",\"description\":\"Ch\u00e2teau Tour Baladoz 2023 \u2013 Saint-\u00c9milion Grand Cru Class\u00e9 structur\u00e9 et raffin\u00e9. Livraison rapide, prix propri\u00e9t\u00e9. \u00c0 boire ou \u00e0 garder encore 15 ans.\",\"breadcrumb\":{\"@id\":\"https:\\\/\\\/demourshop.com\\\/produit\\\/chateau-tour-baladoz-2023\\\/#breadcrumb\"},\"inLanguage\":\"en-GB\",\"potentialAction\":[{\"@type\":\"ReadAction\",\"target\":[\"https:\\\/\\\/demourshop.com\\\/produit\\\/chateau-tour-baladoz-2023\\\/\"]}]},{\"@type\":\"ImageObject\",\"inLanguage\":\"en-GB\",\"@id\":\"https:\\\/\\\/demourshop.com\\\/produit\\\/chateau-tour-baladoz-2023\\\/#primaryimage\",\"url\":\"http:\\\/\\\/demourshop.com\\\/wp-content\\\/uploads\\\/2024\\\/10\\\/chateau-tour-baladoz-saint-emilion-grand-cru-classe.png\",\"contentUrl\":\"http:\\\/\\\/demourshop.com\\\/wp-content\\\/uploads\\\/2024\\\/10\\\/chateau-tour-baladoz-saint-emilion-grand-cru-classe.png\",\"width\":700,\"height\":700,\"caption\":\"Ch\u00e2teau Tour Baladoz vin rouge Saint-\u00c9milion Grand Cru Class\u00e9\"},{\"@type\":\"BreadcrumbList\",\"@id\":\"https:\\\/\\\/demourshop.com\\\/produit\\\/chateau-tour-baladoz-2023\\\/#breadcrumb\",\"itemListElement\":[{\"@type\":\"ListItem\",\"position\":1,\"name\":\"Accueil\",\"item\":\"https:\\\/\\\/demourshop.com\\\/\"},{\"@type\":\"ListItem\",\"position\":2,\"name\":\"Boutique\",\"item\":\"https:\\\/\\\/demourshop.com\\\/boutique\\\/\"},{\"@type\":\"ListItem\",\"position\":3,\"name\":\"Ch\u00e2teau Tour Baladoz 2023\"}]},{\"@type\":\"WebSite\",\"@id\":\"https:\\\/\\\/demourshop.com\\\/#website\",\"url\":\"https:\\\/\\\/demourshop.com\\\/\",\"name\":\"Demourshop\",\"description\":\"\",\"publisher\":{\"@id\":\"https:\\\/\\\/demourshop.com\\\/#organization\"},\"potentialAction\":[{\"@type\":\"SearchAction\",\"target\":{\"@type\":\"EntryPoint\",\"urlTemplate\":\"https:\\\/\\\/demourshop.com\\\/?s={search_term_string}\"},\"query-input\":{\"@type\":\"PropertyValueSpecification\",\"valueRequired\":true,\"valueName\":\"search_term_string\"}}],\"inLanguage\":\"en-GB\"},{\"@type\":\"Organization\",\"@id\":\"https:\\\/\\\/demourshop.com\\\/#organization\",\"name\":\"Demourshop\",\"url\":\"https:\\\/\\\/demourshop.com\\\/\",\"logo\":{\"@type\":\"ImageObject\",\"inLanguage\":\"en-GB\",\"@id\":\"https:\\\/\\\/demourshop.com\\\/#\\\/schema\\\/logo\\\/image\\\/\",\"url\":\"http:\\\/\\\/demourshop.com\\\/wp-content\\\/uploads\\\/2023\\\/08\\\/logo-wine-2-1-1.png\",\"contentUrl\":\"http:\\\/\\\/demourshop.com\\\/wp-content\\\/uploads\\\/2023\\\/08\\\/logo-wine-2-1-1.png\",\"width\":400,\"height\":145,\"caption\":\"Demourshop\"},\"image\":{\"@id\":\"https:\\\/\\\/demourshop.com\\\/#\\\/schema\\\/logo\\\/image\\\/\"}}]}<\/script>\n<!-- \/ Yoast SEO plugin. -->","yoast_head_json":{"title":"Ch\u00e2teau Tour Baladoz 2023 - Demourshop","description":"Ch\u00e2teau Tour Baladoz 2023 \u2013 Saint-\u00c9milion Grand Cru Class\u00e9 structur\u00e9 et raffin\u00e9. Livraison rapide, prix propri\u00e9t\u00e9. \u00c0 boire ou \u00e0 garder encore 15 ans.","robots":{"index":"index","follow":"follow","max-snippet":"max-snippet:-1","max-image-preview":"max-image-preview:large","max-video-preview":"max-video-preview:-1"},"canonical":"https:\/\/demourshop.com\/en\/product\/chateau-tour-baladoz-2023\/","og_locale":"en_GB","og_type":"article","og_title":"Ch\u00e2teau Tour Baladoz 2023 - Demourshop","og_description":"Ch\u00e2teau Tour Baladoz 2023 \u2013 Saint-\u00c9milion Grand Cru Class\u00e9 structur\u00e9 et raffin\u00e9. Livraison rapide, prix propri\u00e9t\u00e9. \u00c0 boire ou \u00e0 garder encore 15 ans.","og_url":"https:\/\/demourshop.com\/en\/product\/chateau-tour-baladoz-2023\/","og_site_name":"Demourshop","article_modified_time":"2025-12-18T11:11:46+00:00","og_image":[{"width":700,"height":700,"url":"http:\/\/demourshop.com\/wp-content\/uploads\/2024\/10\/chateau-tour-baladoz-saint-emilion-grand-cru-classe.png","type":"image\/png"}],"twitter_card":"summary_large_image","twitter_misc":{"Estimated reading time":"3 minutes"},"schema":{"@context":"https:\/\/schema.org","@graph":[{"@type":"WebPage","@id":"https:\/\/demourshop.com\/produit\/chateau-tour-baladoz-2023\/","url":"https:\/\/demourshop.com\/produit\/chateau-tour-baladoz-2023\/","name":"Ch\u00e2teau Tour Baladoz 2023 - Demourshop","isPartOf":{"@id":"https:\/\/demourshop.com\/#website"},"primaryImageOfPage":{"@id":"https:\/\/demourshop.com\/produit\/chateau-tour-baladoz-2023\/#primaryimage"},"image":{"@id":"https:\/\/demourshop.com\/produit\/chateau-tour-baladoz-2023\/#primaryimage"},"thumbnailUrl":"http:\/\/demourshop.com\/wp-content\/uploads\/2024\/10\/chateau-tour-baladoz-saint-emilion-grand-cru-classe.png","datePublished":"2025-12-18T10:55:40+00:00","dateModified":"2025-12-18T11:11:46+00:00","description":"Ch\u00e2teau Tour Baladoz 2023 \u2013 Saint-\u00c9milion Grand Cru Class\u00e9 structur\u00e9 et raffin\u00e9. Livraison rapide, prix propri\u00e9t\u00e9. \u00c0 boire ou \u00e0 garder encore 15 ans.","breadcrumb":{"@id":"https:\/\/demourshop.com\/produit\/chateau-tour-baladoz-2023\/#breadcrumb"},"inLanguage":"en-GB","potentialAction":[{"@type":"ReadAction","target":["https:\/\/demourshop.com\/produit\/chateau-tour-baladoz-2023\/"]}]},{"@type":"ImageObject","inLanguage":"en-GB","@id":"https:\/\/demourshop.com\/produit\/chateau-tour-baladoz-2023\/#primaryimage","url":"http:\/\/demourshop.com\/wp-content\/uploads\/2024\/10\/chateau-tour-baladoz-saint-emilion-grand-cru-classe.png","contentUrl":"http:\/\/demourshop.com\/wp-content\/uploads\/2024\/10\/chateau-tour-baladoz-saint-emilion-grand-cru-classe.png","width":700,"height":700,"caption":"Ch\u00e2teau Tour Baladoz vin rouge Saint-\u00c9milion Grand Cru Class\u00e9"},{"@type":"BreadcrumbList","@id":"https:\/\/demourshop.com\/produit\/chateau-tour-baladoz-2023\/#breadcrumb","itemListElement":[{"@type":"ListItem","position":1,"name":"Accueil","item":"https:\/\/demourshop.com\/"},{"@type":"ListItem","position":2,"name":"Boutique","item":"https:\/\/demourshop.com\/boutique\/"},{"@type":"ListItem","position":3,"name":"Ch\u00e2teau Tour Baladoz 2023"}]},{"@type":"WebSite","@id":"https:\/\/demourshop.com\/#website","url":"https:\/\/demourshop.com\/","name":"Demourshop","description":"","publisher":{"@id":"https:\/\/demourshop.com\/#organization"},"potentialAction":[{"@type":"SearchAction","target":{"@type":"EntryPoint","urlTemplate":"https:\/\/demourshop.com\/?s={search_term_string}"},"query-input":{"@type":"PropertyValueSpecification","valueRequired":true,"valueName":"search_term_string"}}],"inLanguage":"en-GB"},{"@type":"Organization","@id":"https:\/\/demourshop.com\/#organization","name":"Demourshop","url":"https:\/\/demourshop.com\/","logo":{"@type":"ImageObject","inLanguage":"en-GB","@id":"https:\/\/demourshop.com\/#\/schema\/logo\/image\/","url":"http:\/\/demourshop.com\/wp-content\/uploads\/2023\/08\/logo-wine-2-1-1.png","contentUrl":"http:\/\/demourshop.com\/wp-content\/uploads\/2023\/08\/logo-wine-2-1-1.png","width":400,"height":145,"caption":"Demourshop"},"image":{"@id":"https:\/\/demourshop.com\/#\/schema\/logo\/image\/"}}]}},"_links":{"self":[{"href":"http:\/\/demourshop.com\/en\/wp-json\/wp\/v2\/product\/70860","targetHints":{"allow":["GET"]}}],"collection":[{"href":"http:\/\/demourshop.com\/en\/wp-json\/wp\/v2\/product"}],"about":[{"href":"http:\/\/demourshop.com\/en\/wp-json\/wp\/v2\/types\/product"}],"version-history":[{"count":1,"href":"http:\/\/demourshop.com\/en\/wp-json\/wp\/v2\/product\/70860\/revisions"}],"predecessor-version":[{"id":70861,"href":"http:\/\/demourshop.com\/en\/wp-json\/wp\/v2\/product\/70860\/revisions\/70861"}],"wp:featuredmedia":[{"embeddable":true,"href":"http:\/\/demourshop.com\/en\/wp-json\/wp\/v2\/media\/68152"}],"wp:attachment":[{"href":"http:\/\/demourshop.com\/en\/wp-json\/wp\/v2\/media?parent=70860"}],"wp:term":[{"taxonomy":"product_brand","embeddable":true,"href":"http:\/\/demourshop.com\/en\/wp-json\/wp\/v2\/product_brand?post=70860"},{"taxonomy":"product_cat","embeddable":true,"href":"http:\/\/demourshop.com\/en\/wp-json\/wp\/v2\/product_cat?post=70860"},{"taxonomy":"product_tag","embeddable":true,"href":"http:\/\/demourshop.com\/en\/wp-json\/wp\/v2\/product_tag?post=70860"}],"curies":[{"name":"wp","href":"https:\/\/api.w.org\/{rel}","templated":true}]}}