{"id":70804,"date":"2025-12-04T12:52:00","date_gmt":"2025-12-04T11:52:00","guid":{"rendered":"https:\/\/demourshop.com\/?post_type=product&#038;p=70804"},"modified":"2026-04-06T15:01:42","modified_gmt":"2026-04-06T13:01:42","slug":"chateau-haut-breton-larigaudiere-2009","status":"publish","type":"product","link":"http:\/\/demourshop.com\/en\/product\/chateau-haut-breton-larigaudiere-2009\/","title":{"rendered":"Ch\u00e2teau Haut-Breton Larigaudi\u00e8re 2009"},"content":{"rendered":"<p>\u00c0 servir \u00e0 16\u201317\u00b0C avec un filet mignon, une volaille noble, ou un plat aux champignons. Ce vin convient \u00e0 ceux qui appr\u00e9cient la finesse plus que la puissance. Il peut \u00eatre d\u00e9gust\u00e9 d\u00e8s aujourd\u2019hui. <strong>Ch\u00e2teau Haut Breton Larigaudi\u00e8re 2009<\/strong>\u00a0est un Margaux accessible, parfait pour d\u00e9couvrir le style classique de cette appellation prestigieuse.<\/p>","protected":false},"excerpt":{"rendered":"<p><strong>Ch\u00e2teau Haut Breton Larigaudi\u00e8re 2009<\/strong>\u00a0\u2013 Margaux \u00e9l\u00e9gant, pr\u00e9cis et tout en finesse. Un Bordeaux de garde \u00e0 prix propri\u00e9t\u00e9. Livraison rapide.<\/p>","protected":false},"featured_media":70483,"template":"","meta":{"_acf_changed":false},"product_brand":[],"product_cat":[378,464,507,552,383,396,381,409,382,420,375,393,160],"product_tag":[],"class_list":{"0":"post-70804","1":"product","2":"type-product","3":"status-publish","4":"has-post-thumbnail","6":"product_cat-appellations-vin-en-ligne","7":"product_cat-cabernet-sauvignon-en-ligne","8":"product_cat-cepages-vin-en-ligne","9":"product_cat-vin-par-couleur-en-ligne","10":"product_cat-vin-de-france-en-ligne","11":"product_cat-vin-hve-en-ligne","12":"product_cat-margaux-en-ligne","13":"product_cat-merlot-en-ligne","14":"product_cat-vin-par-pays-en-ligne","15":"product_cat-petit-verdot-en-ligne","16":"product_cat-vin-rouge-en-ligne","17":"product_cat-vins-par-methode-de-vinification","18":"product_cat-vins-de-proprietes-en-ligne","19":"pa_appellations-margaux","20":"pa_cepages-cabernet-sauvignon","21":"pa_cepages-merlot","22":"pa_cepages-petit-verdot","23":"pa_couleurs-rouge","24":"pa_formats-75cl","25":"pa_millesimes-580","26":"pa_millesimes-180","27":"pa_millesimes-177","28":"pa_millesimes-175","29":"pa_millesimes-174","30":"pa_millesimes-617","31":"pa_millesimes-853","32":"pa_pays-france","33":"pa_propriete-margaux","34":"pa_quantites-a-lunite","35":"pa_quantites-carton-de-3-bouteilles","36":"pa_quantites-carton-de-6-bouteilles","37":"pa_vinifications-hve","39":"first","40":"instock","41":"taxable","42":"shipping-taxable","43":"purchasable","44":"product-type-simple"},"acf":[],"yoast_head":"<!-- This site is optimized with the Yoast SEO plugin v27.4 - https:\/\/yoast.com\/product\/yoast-seo-wordpress\/ -->\n<title>Ch\u00e2teau Haut-Breton Larigaudi\u00e8re 2009 - Demourshop<\/title>\n<meta name=\"description\" content=\"Ch\u00e2teau Haut Breton Larigaudi\u00e8re 2009 \u2013 Margaux fin et \u00e9l\u00e9gant, \u00e0 boire ou \u00e0 garder. Livraison rapide, prix propri\u00e9t\u00e9. Un vin rac\u00e9 et \u00e9quilibr\u00e9.\" \/>\n<meta name=\"robots\" content=\"index, follow, max-snippet:-1, max-image-preview:large, max-video-preview:-1\" \/>\n<link rel=\"canonical\" href=\"https:\/\/demourshop.com\/en\/product\/chateau-haut-breton-larigaudiere-2009\/\" \/>\n<meta property=\"og:locale\" content=\"en_GB\" \/>\n<meta property=\"og:type\" content=\"article\" \/>\n<meta property=\"og:title\" content=\"Ch\u00e2teau Haut-Breton Larigaudi\u00e8re 2009 - Demourshop\" \/>\n<meta property=\"og:description\" content=\"Ch\u00e2teau Haut Breton Larigaudi\u00e8re 2009 \u2013 Margaux fin et \u00e9l\u00e9gant, \u00e0 boire ou \u00e0 garder. Livraison rapide, prix propri\u00e9t\u00e9. Un vin rac\u00e9 et \u00e9quilibr\u00e9.\" \/>\n<meta property=\"og:url\" content=\"https:\/\/demourshop.com\/en\/product\/chateau-haut-breton-larigaudiere-2009\/\" \/>\n<meta property=\"og:site_name\" content=\"Demourshop\" \/>\n<meta property=\"article:modified_time\" content=\"2026-04-06T13:01:42+00:00\" \/>\n<meta property=\"og:image\" content=\"https:\/\/demourshop.com\/wp-content\/uploads\/2025\/07\/HBL2003.png\" \/>\n\t<meta property=\"og:image:width\" content=\"700\" \/>\n\t<meta property=\"og:image:height\" content=\"700\" \/>\n\t<meta property=\"og:image:type\" content=\"image\/png\" \/>\n<meta name=\"twitter:card\" content=\"summary_large_image\" \/>\n<meta name=\"twitter:label1\" content=\"Estimated reading time\" \/>\n\t<meta name=\"twitter:data1\" content=\"2 minutes\" \/>\n<script type=\"application\/ld+json\" class=\"yoast-schema-graph\">{\"@context\":\"https:\\\/\\\/schema.org\",\"@graph\":[{\"@type\":\"WebPage\",\"@id\":\"https:\\\/\\\/demourshop.com\\\/produit\\\/chateau-haut-breton-larigaudiere-2009\\\/\",\"url\":\"https:\\\/\\\/demourshop.com\\\/produit\\\/chateau-haut-breton-larigaudiere-2009\\\/\",\"name\":\"Ch\u00e2teau Haut-Breton Larigaudi\u00e8re 2009 - Demourshop\",\"isPartOf\":{\"@id\":\"https:\\\/\\\/demourshop.com\\\/#website\"},\"primaryImageOfPage\":{\"@id\":\"https:\\\/\\\/demourshop.com\\\/produit\\\/chateau-haut-breton-larigaudiere-2009\\\/#primaryimage\"},\"image\":{\"@id\":\"https:\\\/\\\/demourshop.com\\\/produit\\\/chateau-haut-breton-larigaudiere-2009\\\/#primaryimage\"},\"thumbnailUrl\":\"http:\\\/\\\/demourshop.com\\\/wp-content\\\/uploads\\\/2025\\\/07\\\/HBL2003.png\",\"datePublished\":\"2025-12-04T11:52:00+00:00\",\"dateModified\":\"2026-04-06T13:01:42+00:00\",\"description\":\"Ch\u00e2teau Haut Breton Larigaudi\u00e8re 2009 \u2013 Margaux fin et \u00e9l\u00e9gant, \u00e0 boire ou \u00e0 garder. Livraison rapide, prix propri\u00e9t\u00e9. Un vin rac\u00e9 et \u00e9quilibr\u00e9.\",\"breadcrumb\":{\"@id\":\"https:\\\/\\\/demourshop.com\\\/produit\\\/chateau-haut-breton-larigaudiere-2009\\\/#breadcrumb\"},\"inLanguage\":\"en-GB\",\"potentialAction\":[{\"@type\":\"ReadAction\",\"target\":[\"https:\\\/\\\/demourshop.com\\\/produit\\\/chateau-haut-breton-larigaudiere-2009\\\/\"]}]},{\"@type\":\"ImageObject\",\"inLanguage\":\"en-GB\",\"@id\":\"https:\\\/\\\/demourshop.com\\\/produit\\\/chateau-haut-breton-larigaudiere-2009\\\/#primaryimage\",\"url\":\"http:\\\/\\\/demourshop.com\\\/wp-content\\\/uploads\\\/2025\\\/07\\\/HBL2003.png\",\"contentUrl\":\"http:\\\/\\\/demourshop.com\\\/wp-content\\\/uploads\\\/2025\\\/07\\\/HBL2003.png\",\"width\":700,\"height\":700},{\"@type\":\"BreadcrumbList\",\"@id\":\"https:\\\/\\\/demourshop.com\\\/produit\\\/chateau-haut-breton-larigaudiere-2009\\\/#breadcrumb\",\"itemListElement\":[{\"@type\":\"ListItem\",\"position\":1,\"name\":\"Accueil\",\"item\":\"https:\\\/\\\/demourshop.com\\\/\"},{\"@type\":\"ListItem\",\"position\":2,\"name\":\"Boutique\",\"item\":\"https:\\\/\\\/demourshop.com\\\/boutique\\\/\"},{\"@type\":\"ListItem\",\"position\":3,\"name\":\"Ch\u00e2teau Haut-Breton Larigaudi\u00e8re 2009\"}]},{\"@type\":\"WebSite\",\"@id\":\"https:\\\/\\\/demourshop.com\\\/#website\",\"url\":\"https:\\\/\\\/demourshop.com\\\/\",\"name\":\"Demourshop\",\"description\":\"\",\"publisher\":{\"@id\":\"https:\\\/\\\/demourshop.com\\\/#organization\"},\"potentialAction\":[{\"@type\":\"SearchAction\",\"target\":{\"@type\":\"EntryPoint\",\"urlTemplate\":\"https:\\\/\\\/demourshop.com\\\/?s={search_term_string}\"},\"query-input\":{\"@type\":\"PropertyValueSpecification\",\"valueRequired\":true,\"valueName\":\"search_term_string\"}}],\"inLanguage\":\"en-GB\"},{\"@type\":\"Organization\",\"@id\":\"https:\\\/\\\/demourshop.com\\\/#organization\",\"name\":\"Demourshop\",\"url\":\"https:\\\/\\\/demourshop.com\\\/\",\"logo\":{\"@type\":\"ImageObject\",\"inLanguage\":\"en-GB\",\"@id\":\"https:\\\/\\\/demourshop.com\\\/#\\\/schema\\\/logo\\\/image\\\/\",\"url\":\"http:\\\/\\\/demourshop.com\\\/wp-content\\\/uploads\\\/2023\\\/08\\\/logo-wine-2-1-1.png\",\"contentUrl\":\"http:\\\/\\\/demourshop.com\\\/wp-content\\\/uploads\\\/2023\\\/08\\\/logo-wine-2-1-1.png\",\"width\":400,\"height\":145,\"caption\":\"Demourshop\"},\"image\":{\"@id\":\"https:\\\/\\\/demourshop.com\\\/#\\\/schema\\\/logo\\\/image\\\/\"}}]}<\/script>\n<!-- \/ Yoast SEO plugin. -->","yoast_head_json":{"title":"Ch\u00e2teau Haut-Breton Larigaudi\u00e8re 2009 - Demourshop","description":"Ch\u00e2teau Haut Breton Larigaudi\u00e8re 2009 \u2013 Margaux fin et \u00e9l\u00e9gant, \u00e0 boire ou \u00e0 garder. Livraison rapide, prix propri\u00e9t\u00e9. Un vin rac\u00e9 et \u00e9quilibr\u00e9.","robots":{"index":"index","follow":"follow","max-snippet":"max-snippet:-1","max-image-preview":"max-image-preview:large","max-video-preview":"max-video-preview:-1"},"canonical":"https:\/\/demourshop.com\/en\/product\/chateau-haut-breton-larigaudiere-2009\/","og_locale":"en_GB","og_type":"article","og_title":"Ch\u00e2teau Haut-Breton Larigaudi\u00e8re 2009 - Demourshop","og_description":"Ch\u00e2teau Haut Breton Larigaudi\u00e8re 2009 \u2013 Margaux fin et \u00e9l\u00e9gant, \u00e0 boire ou \u00e0 garder. Livraison rapide, prix propri\u00e9t\u00e9. Un vin rac\u00e9 et \u00e9quilibr\u00e9.","og_url":"https:\/\/demourshop.com\/en\/product\/chateau-haut-breton-larigaudiere-2009\/","og_site_name":"Demourshop","article_modified_time":"2026-04-06T13:01:42+00:00","og_image":[{"width":700,"height":700,"url":"https:\/\/demourshop.com\/wp-content\/uploads\/2025\/07\/HBL2003.png","type":"image\/png"}],"twitter_card":"summary_large_image","twitter_misc":{"Estimated reading time":"2 minutes"},"schema":{"@context":"https:\/\/schema.org","@graph":[{"@type":"WebPage","@id":"https:\/\/demourshop.com\/produit\/chateau-haut-breton-larigaudiere-2009\/","url":"https:\/\/demourshop.com\/produit\/chateau-haut-breton-larigaudiere-2009\/","name":"Ch\u00e2teau Haut-Breton Larigaudi\u00e8re 2009 - Demourshop","isPartOf":{"@id":"https:\/\/demourshop.com\/#website"},"primaryImageOfPage":{"@id":"https:\/\/demourshop.com\/produit\/chateau-haut-breton-larigaudiere-2009\/#primaryimage"},"image":{"@id":"https:\/\/demourshop.com\/produit\/chateau-haut-breton-larigaudiere-2009\/#primaryimage"},"thumbnailUrl":"http:\/\/demourshop.com\/wp-content\/uploads\/2025\/07\/HBL2003.png","datePublished":"2025-12-04T11:52:00+00:00","dateModified":"2026-04-06T13:01:42+00:00","description":"Ch\u00e2teau Haut Breton Larigaudi\u00e8re 2009 \u2013 Margaux fin et \u00e9l\u00e9gant, \u00e0 boire ou \u00e0 garder. Livraison rapide, prix propri\u00e9t\u00e9. Un vin rac\u00e9 et \u00e9quilibr\u00e9.","breadcrumb":{"@id":"https:\/\/demourshop.com\/produit\/chateau-haut-breton-larigaudiere-2009\/#breadcrumb"},"inLanguage":"en-GB","potentialAction":[{"@type":"ReadAction","target":["https:\/\/demourshop.com\/produit\/chateau-haut-breton-larigaudiere-2009\/"]}]},{"@type":"ImageObject","inLanguage":"en-GB","@id":"https:\/\/demourshop.com\/produit\/chateau-haut-breton-larigaudiere-2009\/#primaryimage","url":"http:\/\/demourshop.com\/wp-content\/uploads\/2025\/07\/HBL2003.png","contentUrl":"http:\/\/demourshop.com\/wp-content\/uploads\/2025\/07\/HBL2003.png","width":700,"height":700},{"@type":"BreadcrumbList","@id":"https:\/\/demourshop.com\/produit\/chateau-haut-breton-larigaudiere-2009\/#breadcrumb","itemListElement":[{"@type":"ListItem","position":1,"name":"Accueil","item":"https:\/\/demourshop.com\/"},{"@type":"ListItem","position":2,"name":"Boutique","item":"https:\/\/demourshop.com\/boutique\/"},{"@type":"ListItem","position":3,"name":"Ch\u00e2teau Haut-Breton Larigaudi\u00e8re 2009"}]},{"@type":"WebSite","@id":"https:\/\/demourshop.com\/#website","url":"https:\/\/demourshop.com\/","name":"Demourshop","description":"","publisher":{"@id":"https:\/\/demourshop.com\/#organization"},"potentialAction":[{"@type":"SearchAction","target":{"@type":"EntryPoint","urlTemplate":"https:\/\/demourshop.com\/?s={search_term_string}"},"query-input":{"@type":"PropertyValueSpecification","valueRequired":true,"valueName":"search_term_string"}}],"inLanguage":"en-GB"},{"@type":"Organization","@id":"https:\/\/demourshop.com\/#organization","name":"Demourshop","url":"https:\/\/demourshop.com\/","logo":{"@type":"ImageObject","inLanguage":"en-GB","@id":"https:\/\/demourshop.com\/#\/schema\/logo\/image\/","url":"http:\/\/demourshop.com\/wp-content\/uploads\/2023\/08\/logo-wine-2-1-1.png","contentUrl":"http:\/\/demourshop.com\/wp-content\/uploads\/2023\/08\/logo-wine-2-1-1.png","width":400,"height":145,"caption":"Demourshop"},"image":{"@id":"https:\/\/demourshop.com\/#\/schema\/logo\/image\/"}}]}},"_links":{"self":[{"href":"http:\/\/demourshop.com\/en\/wp-json\/wp\/v2\/product\/70804","targetHints":{"allow":["GET"]}}],"collection":[{"href":"http:\/\/demourshop.com\/en\/wp-json\/wp\/v2\/product"}],"about":[{"href":"http:\/\/demourshop.com\/en\/wp-json\/wp\/v2\/types\/product"}],"version-history":[{"count":3,"href":"http:\/\/demourshop.com\/en\/wp-json\/wp\/v2\/product\/70804\/revisions"}],"predecessor-version":[{"id":70808,"href":"http:\/\/demourshop.com\/en\/wp-json\/wp\/v2\/product\/70804\/revisions\/70808"}],"wp:featuredmedia":[{"embeddable":true,"href":"http:\/\/demourshop.com\/en\/wp-json\/wp\/v2\/media\/70483"}],"wp:attachment":[{"href":"http:\/\/demourshop.com\/en\/wp-json\/wp\/v2\/media?parent=70804"}],"wp:term":[{"taxonomy":"product_brand","embeddable":true,"href":"http:\/\/demourshop.com\/en\/wp-json\/wp\/v2\/product_brand?post=70804"},{"taxonomy":"product_cat","embeddable":true,"href":"http:\/\/demourshop.com\/en\/wp-json\/wp\/v2\/product_cat?post=70804"},{"taxonomy":"product_tag","embeddable":true,"href":"http:\/\/demourshop.com\/en\/wp-json\/wp\/v2\/product_tag?post=70804"}],"curies":[{"name":"wp","href":"https:\/\/api.w.org\/{rel}","templated":true}]}}