{"id":70745,"date":"2025-10-17T12:12:12","date_gmt":"2025-10-17T10:12:12","guid":{"rendered":"https:\/\/demourshop.com\/?post_type=product&#038;p=70745"},"modified":"2026-03-17T10:46:57","modified_gmt":"2026-03-17T09:46:57","slug":"champagne-rigot","status":"publish","type":"product","link":"http:\/\/demourshop.com\/en\/product\/champagne-rigot\/","title":{"rendered":"Champagne Rigot"},"content":{"rendered":"<p data-start=\"143\" data-end=\"426\">Typique de la Vall\u00e9e de la Marne, ce <strong data-start=\"180\" data-end=\"212\">Blanc de Noirs 100 % Meunier<\/strong> r\u00e9v\u00e8le toute la richesse et la personnalit\u00e9 de ce c\u00e9page embl\u00e9matique. Vieilli <strong data-start=\"292\" data-end=\"310\">2 ans en caves<\/strong>, il d\u00e9veloppe une belle complexit\u00e9 tout en conservant une fra\u00eecheur fruit\u00e9e.\u00a0\u00c0 servir entre <strong data-start=\"794\" data-end=\"807\">8 et 10\u00b0C<\/strong> dans un verre tulipe pour appr\u00e9cier toute sa d\u00e9licatesse. Ce <strong data-start=\"869\" data-end=\"903\">Champagne Rigot Tradition Brut <\/strong>sera un compagnon id\u00e9al pour l\u2019<strong data-start=\"935\" data-end=\"947\">ap\u00e9ritif<\/strong>, mais aussi pour accompagner une <strong data-start=\"981\" data-end=\"999\">volaille r\u00f4tie<\/strong>, une <strong data-start=\"1005\" data-end=\"1030\">viande blanche tendre<\/strong> ou un <strong data-start=\"1037\" data-end=\"1069\">gratin de courgettes fondant<\/strong>.<\/p>","protected":false},"excerpt":{"rendered":"<p><strong>Champagne Rigot Tradition Brut<\/strong> \u2013 Subtile et fruit\u00e9. Un champagne de vigneron authentique. Livraison rapide.<\/p>","protected":false},"featured_media":70746,"template":"","meta":{"_acf_changed":false},"product_brand":[],"product_cat":[378,429,552,383,382,395,374,377,393],"product_tag":[],"class_list":{"0":"post-70745","1":"product","2":"type-product","3":"status-publish","4":"has-post-thumbnail","6":"product_cat-appellations-vin-en-ligne","7":"product_cat-champagne-en-ligne","8":"product_cat-vin-par-couleur-en-ligne","9":"product_cat-vin-de-france-en-ligne","10":"product_cat-vin-par-pays-en-ligne","11":"product_cat-vin-agriculture-raisonnee","12":"product_cat-vin-blanc-en-ligne","13":"product_cat-vin-petillant-en-ligne","14":"product_cat-vins-par-methode-de-vinification","16":"first","17":"instock","18":"taxable","19":"shipping-taxable","20":"purchasable","21":"product-type-simple"},"acf":[],"yoast_head":"<!-- This site is optimized with the Yoast SEO plugin v27.4 - https:\/\/yoast.com\/product\/yoast-seo-wordpress\/ -->\n<title>Champagne Rigot - Demourshop<\/title>\n<meta name=\"description\" content=\"D\u00e9couvrez le Champagne Tradition Brut de chez J.M Rigot. Ce vin blanc p\u00e9tillant sera parfait pour c\u00e9l\u00e9brer. Disponible sur Demourshop.\" \/>\n<meta name=\"robots\" content=\"index, follow, max-snippet:-1, max-image-preview:large, max-video-preview:-1\" \/>\n<link rel=\"canonical\" href=\"https:\/\/demourshop.com\/en\/product\/champagne-rigot\/\" \/>\n<meta property=\"og:locale\" content=\"en_GB\" \/>\n<meta property=\"og:type\" content=\"article\" \/>\n<meta property=\"og:title\" content=\"Champagne Rigot - Demourshop\" \/>\n<meta property=\"og:description\" content=\"D\u00e9couvrez le Champagne Tradition Brut de chez J.M Rigot. Ce vin blanc p\u00e9tillant sera parfait pour c\u00e9l\u00e9brer. Disponible sur Demourshop.\" \/>\n<meta property=\"og:url\" content=\"https:\/\/demourshop.com\/en\/product\/champagne-rigot\/\" \/>\n<meta property=\"og:site_name\" content=\"Demourshop\" \/>\n<meta property=\"article:modified_time\" content=\"2026-03-17T09:46:57+00:00\" \/>\n<meta property=\"og:image\" content=\"http:\/\/demourshop.com\/wp-content\/uploads\/2025\/10\/Rigot.png\" \/>\n\t<meta property=\"og:image:width\" content=\"700\" \/>\n\t<meta property=\"og:image:height\" content=\"700\" \/>\n\t<meta property=\"og:image:type\" content=\"image\/png\" \/>\n<meta name=\"twitter:card\" content=\"summary_large_image\" \/>\n<meta name=\"twitter:label1\" content=\"Estimated reading time\" \/>\n\t<meta name=\"twitter:data1\" content=\"3 minutes\" \/>\n<script type=\"application\/ld+json\" class=\"yoast-schema-graph\">{\"@context\":\"https:\\\/\\\/schema.org\",\"@graph\":[{\"@type\":\"WebPage\",\"@id\":\"https:\\\/\\\/demourshop.com\\\/produit\\\/champagne-rigot\\\/\",\"url\":\"https:\\\/\\\/demourshop.com\\\/produit\\\/champagne-rigot\\\/\",\"name\":\"Champagne Rigot - Demourshop\",\"isPartOf\":{\"@id\":\"https:\\\/\\\/demourshop.com\\\/#website\"},\"primaryImageOfPage\":{\"@id\":\"https:\\\/\\\/demourshop.com\\\/produit\\\/champagne-rigot\\\/#primaryimage\"},\"image\":{\"@id\":\"https:\\\/\\\/demourshop.com\\\/produit\\\/champagne-rigot\\\/#primaryimage\"},\"thumbnailUrl\":\"http:\\\/\\\/demourshop.com\\\/wp-content\\\/uploads\\\/2025\\\/10\\\/Rigot.png\",\"datePublished\":\"2025-10-17T10:12:12+00:00\",\"dateModified\":\"2026-03-17T09:46:57+00:00\",\"description\":\"D\u00e9couvrez le Champagne Tradition Brut de chez J.M Rigot. Ce vin blanc p\u00e9tillant sera parfait pour c\u00e9l\u00e9brer. Disponible sur Demourshop.\",\"breadcrumb\":{\"@id\":\"https:\\\/\\\/demourshop.com\\\/produit\\\/champagne-rigot\\\/#breadcrumb\"},\"inLanguage\":\"en-GB\",\"potentialAction\":[{\"@type\":\"ReadAction\",\"target\":[\"https:\\\/\\\/demourshop.com\\\/produit\\\/champagne-rigot\\\/\"]}]},{\"@type\":\"ImageObject\",\"inLanguage\":\"en-GB\",\"@id\":\"https:\\\/\\\/demourshop.com\\\/produit\\\/champagne-rigot\\\/#primaryimage\",\"url\":\"http:\\\/\\\/demourshop.com\\\/wp-content\\\/uploads\\\/2025\\\/10\\\/Rigot.png\",\"contentUrl\":\"http:\\\/\\\/demourshop.com\\\/wp-content\\\/uploads\\\/2025\\\/10\\\/Rigot.png\",\"width\":700,\"height\":700,\"caption\":\"Champagne Rigot Tradition Brut\"},{\"@type\":\"BreadcrumbList\",\"@id\":\"https:\\\/\\\/demourshop.com\\\/produit\\\/champagne-rigot\\\/#breadcrumb\",\"itemListElement\":[{\"@type\":\"ListItem\",\"position\":1,\"name\":\"Accueil\",\"item\":\"https:\\\/\\\/demourshop.com\\\/\"},{\"@type\":\"ListItem\",\"position\":2,\"name\":\"Boutique\",\"item\":\"https:\\\/\\\/demourshop.com\\\/boutique\\\/\"},{\"@type\":\"ListItem\",\"position\":3,\"name\":\"Champagne Rigot\"}]},{\"@type\":\"WebSite\",\"@id\":\"https:\\\/\\\/demourshop.com\\\/#website\",\"url\":\"https:\\\/\\\/demourshop.com\\\/\",\"name\":\"Demourshop\",\"description\":\"\",\"publisher\":{\"@id\":\"https:\\\/\\\/demourshop.com\\\/#organization\"},\"potentialAction\":[{\"@type\":\"SearchAction\",\"target\":{\"@type\":\"EntryPoint\",\"urlTemplate\":\"https:\\\/\\\/demourshop.com\\\/?s={search_term_string}\"},\"query-input\":{\"@type\":\"PropertyValueSpecification\",\"valueRequired\":true,\"valueName\":\"search_term_string\"}}],\"inLanguage\":\"en-GB\"},{\"@type\":\"Organization\",\"@id\":\"https:\\\/\\\/demourshop.com\\\/#organization\",\"name\":\"Demourshop\",\"url\":\"https:\\\/\\\/demourshop.com\\\/\",\"logo\":{\"@type\":\"ImageObject\",\"inLanguage\":\"en-GB\",\"@id\":\"https:\\\/\\\/demourshop.com\\\/#\\\/schema\\\/logo\\\/image\\\/\",\"url\":\"http:\\\/\\\/demourshop.com\\\/wp-content\\\/uploads\\\/2023\\\/08\\\/logo-wine-2-1-1.png\",\"contentUrl\":\"http:\\\/\\\/demourshop.com\\\/wp-content\\\/uploads\\\/2023\\\/08\\\/logo-wine-2-1-1.png\",\"width\":400,\"height\":145,\"caption\":\"Demourshop\"},\"image\":{\"@id\":\"https:\\\/\\\/demourshop.com\\\/#\\\/schema\\\/logo\\\/image\\\/\"}}]}<\/script>\n<!-- \/ Yoast SEO plugin. -->","yoast_head_json":{"title":"Champagne Rigot - Demourshop","description":"D\u00e9couvrez le Champagne Tradition Brut de chez J.M Rigot. Ce vin blanc p\u00e9tillant sera parfait pour c\u00e9l\u00e9brer. Disponible sur Demourshop.","robots":{"index":"index","follow":"follow","max-snippet":"max-snippet:-1","max-image-preview":"max-image-preview:large","max-video-preview":"max-video-preview:-1"},"canonical":"https:\/\/demourshop.com\/en\/product\/champagne-rigot\/","og_locale":"en_GB","og_type":"article","og_title":"Champagne Rigot - Demourshop","og_description":"D\u00e9couvrez le Champagne Tradition Brut de chez J.M Rigot. Ce vin blanc p\u00e9tillant sera parfait pour c\u00e9l\u00e9brer. Disponible sur Demourshop.","og_url":"https:\/\/demourshop.com\/en\/product\/champagne-rigot\/","og_site_name":"Demourshop","article_modified_time":"2026-03-17T09:46:57+00:00","og_image":[{"width":700,"height":700,"url":"http:\/\/demourshop.com\/wp-content\/uploads\/2025\/10\/Rigot.png","type":"image\/png"}],"twitter_card":"summary_large_image","twitter_misc":{"Estimated reading time":"3 minutes"},"schema":{"@context":"https:\/\/schema.org","@graph":[{"@type":"WebPage","@id":"https:\/\/demourshop.com\/produit\/champagne-rigot\/","url":"https:\/\/demourshop.com\/produit\/champagne-rigot\/","name":"Champagne Rigot - Demourshop","isPartOf":{"@id":"https:\/\/demourshop.com\/#website"},"primaryImageOfPage":{"@id":"https:\/\/demourshop.com\/produit\/champagne-rigot\/#primaryimage"},"image":{"@id":"https:\/\/demourshop.com\/produit\/champagne-rigot\/#primaryimage"},"thumbnailUrl":"http:\/\/demourshop.com\/wp-content\/uploads\/2025\/10\/Rigot.png","datePublished":"2025-10-17T10:12:12+00:00","dateModified":"2026-03-17T09:46:57+00:00","description":"D\u00e9couvrez le Champagne Tradition Brut de chez J.M Rigot. Ce vin blanc p\u00e9tillant sera parfait pour c\u00e9l\u00e9brer. Disponible sur Demourshop.","breadcrumb":{"@id":"https:\/\/demourshop.com\/produit\/champagne-rigot\/#breadcrumb"},"inLanguage":"en-GB","potentialAction":[{"@type":"ReadAction","target":["https:\/\/demourshop.com\/produit\/champagne-rigot\/"]}]},{"@type":"ImageObject","inLanguage":"en-GB","@id":"https:\/\/demourshop.com\/produit\/champagne-rigot\/#primaryimage","url":"http:\/\/demourshop.com\/wp-content\/uploads\/2025\/10\/Rigot.png","contentUrl":"http:\/\/demourshop.com\/wp-content\/uploads\/2025\/10\/Rigot.png","width":700,"height":700,"caption":"Champagne Rigot Tradition Brut"},{"@type":"BreadcrumbList","@id":"https:\/\/demourshop.com\/produit\/champagne-rigot\/#breadcrumb","itemListElement":[{"@type":"ListItem","position":1,"name":"Accueil","item":"https:\/\/demourshop.com\/"},{"@type":"ListItem","position":2,"name":"Boutique","item":"https:\/\/demourshop.com\/boutique\/"},{"@type":"ListItem","position":3,"name":"Champagne Rigot"}]},{"@type":"WebSite","@id":"https:\/\/demourshop.com\/#website","url":"https:\/\/demourshop.com\/","name":"Demourshop","description":"","publisher":{"@id":"https:\/\/demourshop.com\/#organization"},"potentialAction":[{"@type":"SearchAction","target":{"@type":"EntryPoint","urlTemplate":"https:\/\/demourshop.com\/?s={search_term_string}"},"query-input":{"@type":"PropertyValueSpecification","valueRequired":true,"valueName":"search_term_string"}}],"inLanguage":"en-GB"},{"@type":"Organization","@id":"https:\/\/demourshop.com\/#organization","name":"Demourshop","url":"https:\/\/demourshop.com\/","logo":{"@type":"ImageObject","inLanguage":"en-GB","@id":"https:\/\/demourshop.com\/#\/schema\/logo\/image\/","url":"http:\/\/demourshop.com\/wp-content\/uploads\/2023\/08\/logo-wine-2-1-1.png","contentUrl":"http:\/\/demourshop.com\/wp-content\/uploads\/2023\/08\/logo-wine-2-1-1.png","width":400,"height":145,"caption":"Demourshop"},"image":{"@id":"https:\/\/demourshop.com\/#\/schema\/logo\/image\/"}}]}},"_links":{"self":[{"href":"http:\/\/demourshop.com\/en\/wp-json\/wp\/v2\/product\/70745","targetHints":{"allow":["GET"]}}],"collection":[{"href":"http:\/\/demourshop.com\/en\/wp-json\/wp\/v2\/product"}],"about":[{"href":"http:\/\/demourshop.com\/en\/wp-json\/wp\/v2\/types\/product"}],"version-history":[{"count":4,"href":"http:\/\/demourshop.com\/en\/wp-json\/wp\/v2\/product\/70745\/revisions"}],"predecessor-version":[{"id":70760,"href":"http:\/\/demourshop.com\/en\/wp-json\/wp\/v2\/product\/70745\/revisions\/70760"}],"wp:featuredmedia":[{"embeddable":true,"href":"http:\/\/demourshop.com\/en\/wp-json\/wp\/v2\/media\/70746"}],"wp:attachment":[{"href":"http:\/\/demourshop.com\/en\/wp-json\/wp\/v2\/media?parent=70745"}],"wp:term":[{"taxonomy":"product_brand","embeddable":true,"href":"http:\/\/demourshop.com\/en\/wp-json\/wp\/v2\/product_brand?post=70745"},{"taxonomy":"product_cat","embeddable":true,"href":"http:\/\/demourshop.com\/en\/wp-json\/wp\/v2\/product_cat?post=70745"},{"taxonomy":"product_tag","embeddable":true,"href":"http:\/\/demourshop.com\/en\/wp-json\/wp\/v2\/product_tag?post=70745"}],"curies":[{"name":"wp","href":"https:\/\/api.w.org\/{rel}","templated":true}]}}