{"id":70640,"date":"2025-09-18T09:47:34","date_gmt":"2025-09-18T07:47:34","guid":{"rendered":"https:\/\/demourshop.com\/?post_type=product&#038;p=70640"},"modified":"2026-03-12T16:31:00","modified_gmt":"2026-03-12T15:31:00","slug":"marquis-du-bois-2019","status":"publish","type":"product","link":"http:\/\/demourshop.com\/en\/product\/marquis-du-bois-2019\/","title":{"rendered":"Marquis du bois 2019"},"content":{"rendered":"<p data-start=\"1995\" data-end=\"2314\">Le <strong data-start=\"1998\" data-end=\"2017\">Marquis du Bois<\/strong> illustre l\u2019\u00e9quilibre et la convivialit\u00e9 des Bordeaux rouges. Gr\u00e2ce \u00e0 son assemblage de 70 % Merlot et 30 % Cabernet Sauvignon, il combine souplesse, fra\u00eecheur et structure. Les vignes, \u00e2g\u00e9es de 10 \u00e0 30 ans et plant\u00e9es sur sols argilo-limoneux, permettent de produire un vin riche et harmonieux.<\/p>\n<p data-start=\"2316\" data-end=\"2766\">La vinification, avec mac\u00e9ration de trois semaines et contr\u00f4le rigoureux des temp\u00e9ratures, valorise la maturit\u00e9 des raisins. L\u2019\u00e9levage sur lies fines en cuves inox, entre 5 et 10 mois, accentue la rondeur et l\u2019expression aromatique du vin. Le Marquis du Bois se distingue par sa robe profonde aux reflets violets et son bouquet de fruits noirs m\u00fbrs. En bouche, l\u2019attaque est fra\u00eeche, les tanins sont \u00e9l\u00e9gants et la finale persiste avec gourmandise.<\/p>\n<p data-start=\"2768\" data-end=\"3048\">Ce Bordeaux rouge est id\u00e9al \u00e0 d\u00e9guster d\u00e8s aujourd\u2019hui avec des viandes rouges grill\u00e9es, des plats mijot\u00e9s ou des fromages affin\u00e9s. Il offre \u00e9galement un excellent rapport qualit\u00e9-prix pour ceux qui souhaitent d\u00e9couvrir un Bordeaux \u00e9quilibr\u00e9 et repr\u00e9sentatif de son appellation.<\/p>\n<p data-start=\"3050\" data-end=\"3339\">Pour explorer d\u2019autres cuv\u00e9es issues du savoir-faire du groupe De Mour, consultez notre <a class=\"decorated-link\" href=\"#\" rel=\"noopener\" data-start=\"3138\" data-end=\"3171\">s\u00e9lection de Bordeaux rouges<\/a>. Vous pouvez \u00e9galement approfondir vos connaissances en visitant le <a class=\"decorated-link cursor-pointer\" target=\"_new\" rel=\"noopener\" data-start=\"3240\" data-end=\"3289\">site officiel du CIVB<\/a>, r\u00e9f\u00e9rence sur l\u2019ensemble des vins de Bordeaux.<\/p>","protected":false},"excerpt":{"rendered":"<p>Bordeaux rouge \u00e9quilibr\u00e9 et fruit\u00e9, Marquis du Bois s\u00e9duit par ses notes de fruits noirs, sa fra\u00eecheur et ses tanins fins.<\/p>","protected":false},"featured_media":70653,"template":"","meta":{"_acf_changed":false},"product_brand":[],"product_cat":[378,633,464,507,552,383,409,382,395,375,393,160],"product_tag":[],"class_list":{"0":"post-70640","1":"product","2":"type-product","3":"status-publish","4":"has-post-thumbnail","6":"product_cat-appellations-vin-en-ligne","7":"product_cat-bordeaux-en-ligne","8":"product_cat-cabernet-sauvignon-en-ligne","9":"product_cat-cepages-vin-en-ligne","10":"product_cat-vin-par-couleur-en-ligne","11":"product_cat-vin-de-france-en-ligne","12":"product_cat-merlot-en-ligne","13":"product_cat-vin-par-pays-en-ligne","14":"product_cat-vin-agriculture-raisonnee","15":"product_cat-vin-rouge-en-ligne","16":"product_cat-vins-par-methode-de-vinification","17":"product_cat-vins-de-proprietes-en-ligne","18":"pa_appellations-bordeaux","19":"pa_cepages-cabernet-sauvignon","20":"pa_cepages-merlot","21":"pa_couleurs-rouge","22":"pa_formats-75cl","23":"pa_millesimes-178","24":"pa_pays-france","25":"pa_propriete-bordeaux","26":"pa_quantites-a-lunite","27":"pa_quantites-carton-de-3-bouteilles","28":"pa_quantites-carton-de-6-bouteilles","29":"pa_vinifications-raisonnee","31":"first","32":"instock","33":"taxable","34":"shipping-taxable","35":"purchasable","36":"product-type-simple"},"acf":[],"yoast_head":"<!-- This site is optimized with the Yoast SEO plugin v27.4 - https:\/\/yoast.com\/product\/yoast-seo-wordpress\/ -->\n<title>Marquis du bois 2019 - Demourshop<\/title>\n<meta name=\"description\" content=\"Bordeaux rouge \u00e9quilibr\u00e9 et fruit\u00e9, Marquis du Bois s\u00e9duit par ses notes de fruits noirs, sa fra\u00eecheur et ses tanins fins.\" \/>\n<meta name=\"robots\" content=\"index, follow, max-snippet:-1, max-image-preview:large, max-video-preview:-1\" \/>\n<link rel=\"canonical\" href=\"https:\/\/demourshop.com\/en\/product\/marquis-du-bois-2019\/\" \/>\n<meta property=\"og:locale\" content=\"en_GB\" \/>\n<meta property=\"og:type\" content=\"article\" \/>\n<meta property=\"og:title\" content=\"Marquis du bois 2019 - Demourshop\" \/>\n<meta property=\"og:description\" content=\"Bordeaux rouge \u00e9quilibr\u00e9 et fruit\u00e9, Marquis du Bois s\u00e9duit par ses notes de fruits noirs, sa fra\u00eecheur et ses tanins fins.\" \/>\n<meta property=\"og:url\" content=\"https:\/\/demourshop.com\/en\/product\/marquis-du-bois-2019\/\" \/>\n<meta property=\"og:site_name\" content=\"Demourshop\" \/>\n<meta property=\"article:modified_time\" content=\"2026-03-12T15:31:00+00:00\" \/>\n<meta property=\"og:image\" content=\"http:\/\/demourshop.com\/wp-content\/uploads\/2025\/09\/Marquis-du-bois.png\" \/>\n\t<meta property=\"og:image:width\" content=\"700\" \/>\n\t<meta property=\"og:image:height\" content=\"700\" \/>\n\t<meta property=\"og:image:type\" content=\"image\/png\" \/>\n<meta name=\"twitter:card\" content=\"summary_large_image\" \/>\n<meta name=\"twitter:label1\" content=\"Estimated reading time\" \/>\n\t<meta name=\"twitter:data1\" content=\"3 minutes\" \/>\n<script type=\"application\/ld+json\" class=\"yoast-schema-graph\">{\"@context\":\"https:\\\/\\\/schema.org\",\"@graph\":[{\"@type\":\"WebPage\",\"@id\":\"https:\\\/\\\/demourshop.com\\\/produit\\\/marquis-du-bois-2019\\\/\",\"url\":\"https:\\\/\\\/demourshop.com\\\/produit\\\/marquis-du-bois-2019\\\/\",\"name\":\"Marquis du bois 2019 - Demourshop\",\"isPartOf\":{\"@id\":\"https:\\\/\\\/demourshop.com\\\/#website\"},\"primaryImageOfPage\":{\"@id\":\"https:\\\/\\\/demourshop.com\\\/produit\\\/marquis-du-bois-2019\\\/#primaryimage\"},\"image\":{\"@id\":\"https:\\\/\\\/demourshop.com\\\/produit\\\/marquis-du-bois-2019\\\/#primaryimage\"},\"thumbnailUrl\":\"http:\\\/\\\/demourshop.com\\\/wp-content\\\/uploads\\\/2025\\\/09\\\/Marquis-du-bois.png\",\"datePublished\":\"2025-09-18T07:47:34+00:00\",\"dateModified\":\"2026-03-12T15:31:00+00:00\",\"description\":\"Bordeaux rouge \u00e9quilibr\u00e9 et fruit\u00e9, Marquis du Bois s\u00e9duit par ses notes de fruits noirs, sa fra\u00eecheur et ses tanins fins.\",\"breadcrumb\":{\"@id\":\"https:\\\/\\\/demourshop.com\\\/produit\\\/marquis-du-bois-2019\\\/#breadcrumb\"},\"inLanguage\":\"en-GB\",\"potentialAction\":[{\"@type\":\"ReadAction\",\"target\":[\"https:\\\/\\\/demourshop.com\\\/produit\\\/marquis-du-bois-2019\\\/\"]}]},{\"@type\":\"ImageObject\",\"inLanguage\":\"en-GB\",\"@id\":\"https:\\\/\\\/demourshop.com\\\/produit\\\/marquis-du-bois-2019\\\/#primaryimage\",\"url\":\"http:\\\/\\\/demourshop.com\\\/wp-content\\\/uploads\\\/2025\\\/09\\\/Marquis-du-bois.png\",\"contentUrl\":\"http:\\\/\\\/demourshop.com\\\/wp-content\\\/uploads\\\/2025\\\/09\\\/Marquis-du-bois.png\",\"width\":700,\"height\":700},{\"@type\":\"BreadcrumbList\",\"@id\":\"https:\\\/\\\/demourshop.com\\\/produit\\\/marquis-du-bois-2019\\\/#breadcrumb\",\"itemListElement\":[{\"@type\":\"ListItem\",\"position\":1,\"name\":\"Accueil\",\"item\":\"https:\\\/\\\/demourshop.com\\\/\"},{\"@type\":\"ListItem\",\"position\":2,\"name\":\"Boutique\",\"item\":\"https:\\\/\\\/demourshop.com\\\/boutique\\\/\"},{\"@type\":\"ListItem\",\"position\":3,\"name\":\"Marquis du bois 2019\"}]},{\"@type\":\"WebSite\",\"@id\":\"https:\\\/\\\/demourshop.com\\\/#website\",\"url\":\"https:\\\/\\\/demourshop.com\\\/\",\"name\":\"Demourshop\",\"description\":\"\",\"publisher\":{\"@id\":\"https:\\\/\\\/demourshop.com\\\/#organization\"},\"potentialAction\":[{\"@type\":\"SearchAction\",\"target\":{\"@type\":\"EntryPoint\",\"urlTemplate\":\"https:\\\/\\\/demourshop.com\\\/?s={search_term_string}\"},\"query-input\":{\"@type\":\"PropertyValueSpecification\",\"valueRequired\":true,\"valueName\":\"search_term_string\"}}],\"inLanguage\":\"en-GB\"},{\"@type\":\"Organization\",\"@id\":\"https:\\\/\\\/demourshop.com\\\/#organization\",\"name\":\"Demourshop\",\"url\":\"https:\\\/\\\/demourshop.com\\\/\",\"logo\":{\"@type\":\"ImageObject\",\"inLanguage\":\"en-GB\",\"@id\":\"https:\\\/\\\/demourshop.com\\\/#\\\/schema\\\/logo\\\/image\\\/\",\"url\":\"http:\\\/\\\/demourshop.com\\\/wp-content\\\/uploads\\\/2023\\\/08\\\/logo-wine-2-1-1.png\",\"contentUrl\":\"http:\\\/\\\/demourshop.com\\\/wp-content\\\/uploads\\\/2023\\\/08\\\/logo-wine-2-1-1.png\",\"width\":400,\"height\":145,\"caption\":\"Demourshop\"},\"image\":{\"@id\":\"https:\\\/\\\/demourshop.com\\\/#\\\/schema\\\/logo\\\/image\\\/\"}}]}<\/script>\n<!-- \/ Yoast SEO plugin. -->","yoast_head_json":{"title":"Marquis du bois 2019 - Demourshop","description":"Bordeaux rouge \u00e9quilibr\u00e9 et fruit\u00e9, Marquis du Bois s\u00e9duit par ses notes de fruits noirs, sa fra\u00eecheur et ses tanins fins.","robots":{"index":"index","follow":"follow","max-snippet":"max-snippet:-1","max-image-preview":"max-image-preview:large","max-video-preview":"max-video-preview:-1"},"canonical":"https:\/\/demourshop.com\/en\/product\/marquis-du-bois-2019\/","og_locale":"en_GB","og_type":"article","og_title":"Marquis du bois 2019 - Demourshop","og_description":"Bordeaux rouge \u00e9quilibr\u00e9 et fruit\u00e9, Marquis du Bois s\u00e9duit par ses notes de fruits noirs, sa fra\u00eecheur et ses tanins fins.","og_url":"https:\/\/demourshop.com\/en\/product\/marquis-du-bois-2019\/","og_site_name":"Demourshop","article_modified_time":"2026-03-12T15:31:00+00:00","og_image":[{"width":700,"height":700,"url":"http:\/\/demourshop.com\/wp-content\/uploads\/2025\/09\/Marquis-du-bois.png","type":"image\/png"}],"twitter_card":"summary_large_image","twitter_misc":{"Estimated reading time":"3 minutes"},"schema":{"@context":"https:\/\/schema.org","@graph":[{"@type":"WebPage","@id":"https:\/\/demourshop.com\/produit\/marquis-du-bois-2019\/","url":"https:\/\/demourshop.com\/produit\/marquis-du-bois-2019\/","name":"Marquis du bois 2019 - Demourshop","isPartOf":{"@id":"https:\/\/demourshop.com\/#website"},"primaryImageOfPage":{"@id":"https:\/\/demourshop.com\/produit\/marquis-du-bois-2019\/#primaryimage"},"image":{"@id":"https:\/\/demourshop.com\/produit\/marquis-du-bois-2019\/#primaryimage"},"thumbnailUrl":"http:\/\/demourshop.com\/wp-content\/uploads\/2025\/09\/Marquis-du-bois.png","datePublished":"2025-09-18T07:47:34+00:00","dateModified":"2026-03-12T15:31:00+00:00","description":"Bordeaux rouge \u00e9quilibr\u00e9 et fruit\u00e9, Marquis du Bois s\u00e9duit par ses notes de fruits noirs, sa fra\u00eecheur et ses tanins fins.","breadcrumb":{"@id":"https:\/\/demourshop.com\/produit\/marquis-du-bois-2019\/#breadcrumb"},"inLanguage":"en-GB","potentialAction":[{"@type":"ReadAction","target":["https:\/\/demourshop.com\/produit\/marquis-du-bois-2019\/"]}]},{"@type":"ImageObject","inLanguage":"en-GB","@id":"https:\/\/demourshop.com\/produit\/marquis-du-bois-2019\/#primaryimage","url":"http:\/\/demourshop.com\/wp-content\/uploads\/2025\/09\/Marquis-du-bois.png","contentUrl":"http:\/\/demourshop.com\/wp-content\/uploads\/2025\/09\/Marquis-du-bois.png","width":700,"height":700},{"@type":"BreadcrumbList","@id":"https:\/\/demourshop.com\/produit\/marquis-du-bois-2019\/#breadcrumb","itemListElement":[{"@type":"ListItem","position":1,"name":"Accueil","item":"https:\/\/demourshop.com\/"},{"@type":"ListItem","position":2,"name":"Boutique","item":"https:\/\/demourshop.com\/boutique\/"},{"@type":"ListItem","position":3,"name":"Marquis du bois 2019"}]},{"@type":"WebSite","@id":"https:\/\/demourshop.com\/#website","url":"https:\/\/demourshop.com\/","name":"Demourshop","description":"","publisher":{"@id":"https:\/\/demourshop.com\/#organization"},"potentialAction":[{"@type":"SearchAction","target":{"@type":"EntryPoint","urlTemplate":"https:\/\/demourshop.com\/?s={search_term_string}"},"query-input":{"@type":"PropertyValueSpecification","valueRequired":true,"valueName":"search_term_string"}}],"inLanguage":"en-GB"},{"@type":"Organization","@id":"https:\/\/demourshop.com\/#organization","name":"Demourshop","url":"https:\/\/demourshop.com\/","logo":{"@type":"ImageObject","inLanguage":"en-GB","@id":"https:\/\/demourshop.com\/#\/schema\/logo\/image\/","url":"http:\/\/demourshop.com\/wp-content\/uploads\/2023\/08\/logo-wine-2-1-1.png","contentUrl":"http:\/\/demourshop.com\/wp-content\/uploads\/2023\/08\/logo-wine-2-1-1.png","width":400,"height":145,"caption":"Demourshop"},"image":{"@id":"https:\/\/demourshop.com\/#\/schema\/logo\/image\/"}}]}},"_links":{"self":[{"href":"http:\/\/demourshop.com\/en\/wp-json\/wp\/v2\/product\/70640","targetHints":{"allow":["GET"]}}],"collection":[{"href":"http:\/\/demourshop.com\/en\/wp-json\/wp\/v2\/product"}],"about":[{"href":"http:\/\/demourshop.com\/en\/wp-json\/wp\/v2\/types\/product"}],"version-history":[{"count":1,"href":"http:\/\/demourshop.com\/en\/wp-json\/wp\/v2\/product\/70640\/revisions"}],"predecessor-version":[{"id":70641,"href":"http:\/\/demourshop.com\/en\/wp-json\/wp\/v2\/product\/70640\/revisions\/70641"}],"wp:featuredmedia":[{"embeddable":true,"href":"http:\/\/demourshop.com\/en\/wp-json\/wp\/v2\/media\/70653"}],"wp:attachment":[{"href":"http:\/\/demourshop.com\/en\/wp-json\/wp\/v2\/media?parent=70640"}],"wp:term":[{"taxonomy":"product_brand","embeddable":true,"href":"http:\/\/demourshop.com\/en\/wp-json\/wp\/v2\/product_brand?post=70640"},{"taxonomy":"product_cat","embeddable":true,"href":"http:\/\/demourshop.com\/en\/wp-json\/wp\/v2\/product_cat?post=70640"},{"taxonomy":"product_tag","embeddable":true,"href":"http:\/\/demourshop.com\/en\/wp-json\/wp\/v2\/product_tag?post=70640"}],"curies":[{"name":"wp","href":"https:\/\/api.w.org\/{rel}","templated":true}]}}