{"id":70534,"date":"2025-07-31T14:34:55","date_gmt":"2025-07-31T12:34:55","guid":{"rendered":"https:\/\/demourshop.com\/?post_type=product&#038;p=70534"},"modified":"2026-02-17T10:00:09","modified_gmt":"2026-02-17T09:00:09","slug":"magnum-chateau-haut-breton-larigaudiere-2021","status":"publish","type":"product","link":"http:\/\/demourshop.com\/en\/product\/magnum-chateau-haut-breton-larigaudiere-2021\/","title":{"rendered":"Magnum Ch\u00e2teau Haut Breton Larigaudi\u00e8re 2021"},"content":{"rendered":"<p>Le magnum de Ch&acirc;teau Haut Breton Larigaudi&egrave;re 2021 s&eacute;duira les amateurs de Margaux au style classique et &eacute;l&eacute;gant. Il constitue un excellent choix pour une garde moyenne ou un repas raffin&eacute;, et repr&eacute;sente un cadeau original pour les amateurs de Bordeaux en qu&ecirc;te de finesse. Pour explorer les autres mill&eacute;simes du domaine, rendez-vous &lt;a href=&quot;\/en\/&nbsp;&raquo;https:\/\/demourshop.com\/boutique\/?filter_propriete=chateau-haut-breton-larigaudiere&nbsp;&raquo;&quot;&gt;sur notre boutique&lt;\/a&gt;.<\/p>\n<p>&lt;a href=&quot;\/en\/&nbsp;&raquo;https:\/\/demourshop.com\/boutique\/?filter_propriete=chateau-haut-breton-larigaudiere&nbsp;&raquo;&quot;&gt;Voir les autres vins du Ch&acirc;teau Haut Breton Larigaudi&egrave;re&lt;\/a&gt;<\/p>\n<p>&lt;a href=&quot;\/en\/&nbsp;&raquo;https:\/\/www.chateau-haut-breton-larigaudiere.com&nbsp;&raquo;\/&quot; target=&quot;&nbsp;&raquo;_blank&nbsp;&raquo;&quot; rel=&quot;&nbsp;&raquo;noopener&nbsp;&raquo;&quot;&gt;Site officiel du Ch&acirc;teau Haut Breton Larigaudi&egrave;re&lt;\/a&gt;<\/p>","protected":false},"excerpt":{"rendered":"<p>Magnum Ch\u00e2teau Haut Breton Larigaudi\u00e8re 2021 \u2013 Margaux \u2013 Format 1,5L<\/p>","protected":false},"featured_media":66651,"template":"","meta":{"_acf_changed":false},"product_brand":[],"product_cat":[378,465,464,421,507,552,383,396,412,409,382,420,379,375,393,160],"product_tag":[],"class_list":{"0":"post-70534","1":"product","2":"type-product","3":"status-publish","4":"has-post-thumbnail","6":"product_cat-appellations-vin-en-ligne","7":"product_cat-cabernet-franc-en-ligne","8":"product_cat-cabernet-sauvignon-en-ligne","9":"product_cat-carmenere-en-ligne","10":"product_cat-cepages-vin-en-ligne","11":"product_cat-vin-par-couleur-en-ligne","12":"product_cat-vin-de-france-en-ligne","13":"product_cat-vin-hve-en-ligne","14":"product_cat-malbec-en-ligne","15":"product_cat-merlot-en-ligne","16":"product_cat-vin-par-pays-en-ligne","17":"product_cat-petit-verdot-en-ligne","18":"product_cat-saint-emilion-grand-cru-en-ligne","19":"product_cat-vin-rouge-en-ligne","20":"product_cat-vins-par-methode-de-vinification","21":"product_cat-vins-de-proprietes-en-ligne","22":"pa_appellations-margaux","23":"pa_cepages-cabernet-sauvignon","24":"pa_cepages-merlot","25":"pa_cepages-petit-verdot","26":"pa_couleurs-rouge","27":"pa_formats-1-5l","28":"pa_millesimes-179","29":"pa_millesimes-176","30":"pa_millesimes-175","31":"pa_pays-france","32":"pa_propriete-margaux","33":"pa_quantites-a-lunite","34":"pa_quantites-carton-de-3-bouteilles","35":"pa_quantites-carton-de-6-bouteilles","36":"pa_vinifications-hve","38":"first","39":"instock","40":"taxable","41":"shipping-taxable","42":"purchasable","43":"product-type-simple"},"acf":[],"yoast_head":"<!-- This site is optimized with the Yoast SEO plugin v27.4 - https:\/\/yoast.com\/product\/yoast-seo-wordpress\/ -->\n<title>Magnum Ch\u00e2teau Haut Breton Larigaudi\u00e8re 2021 - Demourshop<\/title>\n<meta name=\"description\" content=\"Un Margaux \u00e9l\u00e9gant et classique dans un format magnum. Le 2021 brille par sa finesse, sa fra\u00eecheur et sa pr\u00e9cision aromatique.\" \/>\n<meta name=\"robots\" content=\"index, follow, max-snippet:-1, max-image-preview:large, max-video-preview:-1\" \/>\n<link rel=\"canonical\" href=\"https:\/\/demourshop.com\/en\/product\/magnum-chateau-haut-breton-larigaudiere-2021\/\" \/>\n<meta property=\"og:locale\" content=\"en_GB\" \/>\n<meta property=\"og:type\" content=\"article\" \/>\n<meta property=\"og:title\" content=\"Magnum Ch\u00e2teau Haut Breton Larigaudi\u00e8re 2021 - Demourshop\" \/>\n<meta property=\"og:description\" content=\"Un Margaux \u00e9l\u00e9gant et classique dans un format magnum. Le 2021 brille par sa finesse, sa fra\u00eecheur et sa pr\u00e9cision aromatique.\" \/>\n<meta property=\"og:url\" content=\"https:\/\/demourshop.com\/en\/product\/magnum-chateau-haut-breton-larigaudiere-2021\/\" \/>\n<meta property=\"og:site_name\" content=\"Demourshop\" \/>\n<meta property=\"article:modified_time\" content=\"2026-02-17T09:00:09+00:00\" \/>\n<meta property=\"og:image\" content=\"http:\/\/demourshop.com\/wp-content\/uploads\/2024\/10\/Chateau-Haut-Breton-Larigaudiere-1.png\" \/>\n\t<meta property=\"og:image:width\" content=\"1080\" \/>\n\t<meta property=\"og:image:height\" content=\"1080\" \/>\n\t<meta property=\"og:image:type\" content=\"image\/png\" \/>\n<meta name=\"twitter:card\" content=\"summary_large_image\" \/>\n<meta name=\"twitter:label1\" content=\"Estimated reading time\" \/>\n\t<meta name=\"twitter:data1\" content=\"3 minutes\" \/>\n<script type=\"application\/ld+json\" class=\"yoast-schema-graph\">{\"@context\":\"https:\\\/\\\/schema.org\",\"@graph\":[{\"@type\":\"WebPage\",\"@id\":\"https:\\\/\\\/demourshop.com\\\/produit\\\/magnum-chateau-haut-breton-larigaudiere-2021\\\/\",\"url\":\"https:\\\/\\\/demourshop.com\\\/produit\\\/magnum-chateau-haut-breton-larigaudiere-2021\\\/\",\"name\":\"Magnum Ch\u00e2teau Haut Breton Larigaudi\u00e8re 2021 - Demourshop\",\"isPartOf\":{\"@id\":\"https:\\\/\\\/demourshop.com\\\/#website\"},\"primaryImageOfPage\":{\"@id\":\"https:\\\/\\\/demourshop.com\\\/produit\\\/magnum-chateau-haut-breton-larigaudiere-2021\\\/#primaryimage\"},\"image\":{\"@id\":\"https:\\\/\\\/demourshop.com\\\/produit\\\/magnum-chateau-haut-breton-larigaudiere-2021\\\/#primaryimage\"},\"thumbnailUrl\":\"http:\\\/\\\/demourshop.com\\\/wp-content\\\/uploads\\\/2024\\\/10\\\/Chateau-Haut-Breton-Larigaudiere-1.png\",\"datePublished\":\"2025-07-31T12:34:55+00:00\",\"dateModified\":\"2026-02-17T09:00:09+00:00\",\"description\":\"Un Margaux \u00e9l\u00e9gant et classique dans un format magnum. Le 2021 brille par sa finesse, sa fra\u00eecheur et sa pr\u00e9cision aromatique.\",\"breadcrumb\":{\"@id\":\"https:\\\/\\\/demourshop.com\\\/produit\\\/magnum-chateau-haut-breton-larigaudiere-2021\\\/#breadcrumb\"},\"inLanguage\":\"en-GB\",\"potentialAction\":[{\"@type\":\"ReadAction\",\"target\":[\"https:\\\/\\\/demourshop.com\\\/produit\\\/magnum-chateau-haut-breton-larigaudiere-2021\\\/\"]}]},{\"@type\":\"ImageObject\",\"inLanguage\":\"en-GB\",\"@id\":\"https:\\\/\\\/demourshop.com\\\/produit\\\/magnum-chateau-haut-breton-larigaudiere-2021\\\/#primaryimage\",\"url\":\"http:\\\/\\\/demourshop.com\\\/wp-content\\\/uploads\\\/2024\\\/10\\\/Chateau-Haut-Breton-Larigaudiere-1.png\",\"contentUrl\":\"http:\\\/\\\/demourshop.com\\\/wp-content\\\/uploads\\\/2024\\\/10\\\/Chateau-Haut-Breton-Larigaudiere-1.png\",\"width\":1080,\"height\":1080,\"caption\":\"Ch\u00e2teau Haut Breton Larigaudi\u00e8re vin Margaux\"},{\"@type\":\"BreadcrumbList\",\"@id\":\"https:\\\/\\\/demourshop.com\\\/produit\\\/magnum-chateau-haut-breton-larigaudiere-2021\\\/#breadcrumb\",\"itemListElement\":[{\"@type\":\"ListItem\",\"position\":1,\"name\":\"Accueil\",\"item\":\"https:\\\/\\\/demourshop.com\\\/\"},{\"@type\":\"ListItem\",\"position\":2,\"name\":\"Boutique\",\"item\":\"https:\\\/\\\/demourshop.com\\\/boutique\\\/\"},{\"@type\":\"ListItem\",\"position\":3,\"name\":\"Magnum Ch\u00e2teau Haut Breton Larigaudi\u00e8re 2021\"}]},{\"@type\":\"WebSite\",\"@id\":\"https:\\\/\\\/demourshop.com\\\/#website\",\"url\":\"https:\\\/\\\/demourshop.com\\\/\",\"name\":\"Demourshop\",\"description\":\"\",\"publisher\":{\"@id\":\"https:\\\/\\\/demourshop.com\\\/#organization\"},\"potentialAction\":[{\"@type\":\"SearchAction\",\"target\":{\"@type\":\"EntryPoint\",\"urlTemplate\":\"https:\\\/\\\/demourshop.com\\\/?s={search_term_string}\"},\"query-input\":{\"@type\":\"PropertyValueSpecification\",\"valueRequired\":true,\"valueName\":\"search_term_string\"}}],\"inLanguage\":\"en-GB\"},{\"@type\":\"Organization\",\"@id\":\"https:\\\/\\\/demourshop.com\\\/#organization\",\"name\":\"Demourshop\",\"url\":\"https:\\\/\\\/demourshop.com\\\/\",\"logo\":{\"@type\":\"ImageObject\",\"inLanguage\":\"en-GB\",\"@id\":\"https:\\\/\\\/demourshop.com\\\/#\\\/schema\\\/logo\\\/image\\\/\",\"url\":\"http:\\\/\\\/demourshop.com\\\/wp-content\\\/uploads\\\/2023\\\/08\\\/logo-wine-2-1-1.png\",\"contentUrl\":\"http:\\\/\\\/demourshop.com\\\/wp-content\\\/uploads\\\/2023\\\/08\\\/logo-wine-2-1-1.png\",\"width\":400,\"height\":145,\"caption\":\"Demourshop\"},\"image\":{\"@id\":\"https:\\\/\\\/demourshop.com\\\/#\\\/schema\\\/logo\\\/image\\\/\"}}]}<\/script>\n<!-- \/ Yoast SEO plugin. -->","yoast_head_json":{"title":"Magnum Ch\u00e2teau Haut Breton Larigaudi\u00e8re 2021 - Demourshop","description":"Un Margaux \u00e9l\u00e9gant et classique dans un format magnum. Le 2021 brille par sa finesse, sa fra\u00eecheur et sa pr\u00e9cision aromatique.","robots":{"index":"index","follow":"follow","max-snippet":"max-snippet:-1","max-image-preview":"max-image-preview:large","max-video-preview":"max-video-preview:-1"},"canonical":"https:\/\/demourshop.com\/en\/product\/magnum-chateau-haut-breton-larigaudiere-2021\/","og_locale":"en_GB","og_type":"article","og_title":"Magnum Ch\u00e2teau Haut Breton Larigaudi\u00e8re 2021 - Demourshop","og_description":"Un Margaux \u00e9l\u00e9gant et classique dans un format magnum. Le 2021 brille par sa finesse, sa fra\u00eecheur et sa pr\u00e9cision aromatique.","og_url":"https:\/\/demourshop.com\/en\/product\/magnum-chateau-haut-breton-larigaudiere-2021\/","og_site_name":"Demourshop","article_modified_time":"2026-02-17T09:00:09+00:00","og_image":[{"width":1080,"height":1080,"url":"http:\/\/demourshop.com\/wp-content\/uploads\/2024\/10\/Chateau-Haut-Breton-Larigaudiere-1.png","type":"image\/png"}],"twitter_card":"summary_large_image","twitter_misc":{"Estimated reading time":"3 minutes"},"schema":{"@context":"https:\/\/schema.org","@graph":[{"@type":"WebPage","@id":"https:\/\/demourshop.com\/produit\/magnum-chateau-haut-breton-larigaudiere-2021\/","url":"https:\/\/demourshop.com\/produit\/magnum-chateau-haut-breton-larigaudiere-2021\/","name":"Magnum Ch\u00e2teau Haut Breton Larigaudi\u00e8re 2021 - Demourshop","isPartOf":{"@id":"https:\/\/demourshop.com\/#website"},"primaryImageOfPage":{"@id":"https:\/\/demourshop.com\/produit\/magnum-chateau-haut-breton-larigaudiere-2021\/#primaryimage"},"image":{"@id":"https:\/\/demourshop.com\/produit\/magnum-chateau-haut-breton-larigaudiere-2021\/#primaryimage"},"thumbnailUrl":"http:\/\/demourshop.com\/wp-content\/uploads\/2024\/10\/Chateau-Haut-Breton-Larigaudiere-1.png","datePublished":"2025-07-31T12:34:55+00:00","dateModified":"2026-02-17T09:00:09+00:00","description":"Un Margaux \u00e9l\u00e9gant et classique dans un format magnum. Le 2021 brille par sa finesse, sa fra\u00eecheur et sa pr\u00e9cision aromatique.","breadcrumb":{"@id":"https:\/\/demourshop.com\/produit\/magnum-chateau-haut-breton-larigaudiere-2021\/#breadcrumb"},"inLanguage":"en-GB","potentialAction":[{"@type":"ReadAction","target":["https:\/\/demourshop.com\/produit\/magnum-chateau-haut-breton-larigaudiere-2021\/"]}]},{"@type":"ImageObject","inLanguage":"en-GB","@id":"https:\/\/demourshop.com\/produit\/magnum-chateau-haut-breton-larigaudiere-2021\/#primaryimage","url":"http:\/\/demourshop.com\/wp-content\/uploads\/2024\/10\/Chateau-Haut-Breton-Larigaudiere-1.png","contentUrl":"http:\/\/demourshop.com\/wp-content\/uploads\/2024\/10\/Chateau-Haut-Breton-Larigaudiere-1.png","width":1080,"height":1080,"caption":"Ch\u00e2teau Haut Breton Larigaudi\u00e8re vin Margaux"},{"@type":"BreadcrumbList","@id":"https:\/\/demourshop.com\/produit\/magnum-chateau-haut-breton-larigaudiere-2021\/#breadcrumb","itemListElement":[{"@type":"ListItem","position":1,"name":"Accueil","item":"https:\/\/demourshop.com\/"},{"@type":"ListItem","position":2,"name":"Boutique","item":"https:\/\/demourshop.com\/boutique\/"},{"@type":"ListItem","position":3,"name":"Magnum Ch\u00e2teau Haut Breton Larigaudi\u00e8re 2021"}]},{"@type":"WebSite","@id":"https:\/\/demourshop.com\/#website","url":"https:\/\/demourshop.com\/","name":"Demourshop","description":"","publisher":{"@id":"https:\/\/demourshop.com\/#organization"},"potentialAction":[{"@type":"SearchAction","target":{"@type":"EntryPoint","urlTemplate":"https:\/\/demourshop.com\/?s={search_term_string}"},"query-input":{"@type":"PropertyValueSpecification","valueRequired":true,"valueName":"search_term_string"}}],"inLanguage":"en-GB"},{"@type":"Organization","@id":"https:\/\/demourshop.com\/#organization","name":"Demourshop","url":"https:\/\/demourshop.com\/","logo":{"@type":"ImageObject","inLanguage":"en-GB","@id":"https:\/\/demourshop.com\/#\/schema\/logo\/image\/","url":"http:\/\/demourshop.com\/wp-content\/uploads\/2023\/08\/logo-wine-2-1-1.png","contentUrl":"http:\/\/demourshop.com\/wp-content\/uploads\/2023\/08\/logo-wine-2-1-1.png","width":400,"height":145,"caption":"Demourshop"},"image":{"@id":"https:\/\/demourshop.com\/#\/schema\/logo\/image\/"}}]}},"_links":{"self":[{"href":"http:\/\/demourshop.com\/en\/wp-json\/wp\/v2\/product\/70534","targetHints":{"allow":["GET"]}}],"collection":[{"href":"http:\/\/demourshop.com\/en\/wp-json\/wp\/v2\/product"}],"about":[{"href":"http:\/\/demourshop.com\/en\/wp-json\/wp\/v2\/types\/product"}],"version-history":[{"count":2,"href":"http:\/\/demourshop.com\/en\/wp-json\/wp\/v2\/product\/70534\/revisions"}],"predecessor-version":[{"id":70536,"href":"http:\/\/demourshop.com\/en\/wp-json\/wp\/v2\/product\/70534\/revisions\/70536"}],"wp:featuredmedia":[{"embeddable":true,"href":"http:\/\/demourshop.com\/en\/wp-json\/wp\/v2\/media\/66651"}],"wp:attachment":[{"href":"http:\/\/demourshop.com\/en\/wp-json\/wp\/v2\/media?parent=70534"}],"wp:term":[{"taxonomy":"product_brand","embeddable":true,"href":"http:\/\/demourshop.com\/en\/wp-json\/wp\/v2\/product_brand?post=70534"},{"taxonomy":"product_cat","embeddable":true,"href":"http:\/\/demourshop.com\/en\/wp-json\/wp\/v2\/product_cat?post=70534"},{"taxonomy":"product_tag","embeddable":true,"href":"http:\/\/demourshop.com\/en\/wp-json\/wp\/v2\/product_tag?post=70534"}],"curies":[{"name":"wp","href":"https:\/\/api.w.org\/{rel}","templated":true}]}}