{"id":70527,"date":"2025-07-31T09:27:01","date_gmt":"2025-07-31T07:27:01","guid":{"rendered":"https:\/\/demourshop.com\/?post_type=product&#038;p=70527"},"modified":"2026-02-17T10:05:49","modified_gmt":"2026-02-17T09:05:49","slug":"magnum-chateau-la-croizille-2018","status":"publish","type":"product","link":"http:\/\/demourshop.com\/en\/product\/magnum-chateau-la-croizille-2018\/","title":{"rendered":"Magnum Ch\u00e2teau La Croizille 2018"},"content":{"rendered":"<p>Le magnum de Ch&acirc;teau La Croizille 2018 est une cuv&eacute;e id&eacute;ale pour les grandes tabl&eacute;es, les moments festifs ou pour enrichir une cave de garde. Il exprime pleinement le potentiel du mill&eacute;sime, dans un format qui en valorise l&rsquo;&eacute;volution. Ce vin rac&eacute; et g&eacute;n&eacute;reux s&eacute;duira les amateurs de Saint-&Eacute;milion &agrave; la recherche de puissance ma&icirc;tris&eacute;e. Retrouvez &eacute;galement les autres mill&eacute;simes et formats du domaine &lt;a href=&quot;\/en\/&nbsp;&raquo;https:\/\/demourshop.com\/boutique\/?filter_propriete=chateau-la-croizille&nbsp;&raquo;&quot;&gt;dans notre boutique&lt;\/a&gt;.<\/p>","protected":false},"excerpt":{"rendered":"<p>Magnum Ch\u00e2teau La Croizille 2018 \u2013 Saint-\u00c9milion Grand Cru \u2013 Format 1,5L<\/p>","protected":false},"featured_media":66649,"template":"","meta":{"_acf_changed":false},"product_brand":[],"product_cat":[378,464,507,552,383,396,409,382,379,375,393,160],"product_tag":[],"class_list":{"0":"post-70527","1":"product","2":"type-product","3":"status-publish","4":"has-post-thumbnail","6":"product_cat-appellations-vin-en-ligne","7":"product_cat-cabernet-sauvignon-en-ligne","8":"product_cat-cepages-vin-en-ligne","9":"product_cat-vin-par-couleur-en-ligne","10":"product_cat-vin-de-france-en-ligne","11":"product_cat-vin-hve-en-ligne","12":"product_cat-merlot-en-ligne","13":"product_cat-vin-par-pays-en-ligne","14":"product_cat-saint-emilion-grand-cru-en-ligne","15":"product_cat-vin-rouge-en-ligne","16":"product_cat-vins-par-methode-de-vinification","17":"product_cat-vins-de-proprietes-en-ligne","18":"pa_appellations-saint-emilion-grand-cru","19":"pa_cepages-cabernet-sauvignon","20":"pa_cepages-merlot","21":"pa_couleurs-rouge","22":"pa_formats-1-5l","23":"pa_millesimes-181","24":"pa_millesimes-180","25":"pa_millesimes-178","26":"pa_millesimes-174","27":"pa_millesimes-617","28":"pa_pays-france","29":"pa_propriete-saint-emilion-grand-cru-classe","30":"pa_quantites-a-lunite","31":"pa_quantites-carton-de-3-bouteilles","32":"pa_quantites-carton-de-6-bouteilles","33":"pa_vinifications-hve","35":"first","36":"instock","37":"taxable","38":"shipping-taxable","39":"purchasable","40":"product-type-simple"},"acf":[],"yoast_head":"<!-- This site is optimized with the Yoast SEO plugin v27.4 - https:\/\/yoast.com\/product\/yoast-seo-wordpress\/ -->\n<title>Magnum Ch\u00e2teau La Croizille 2018 - Demourshop<\/title>\n<meta name=\"description\" content=\"Un magnum puissant et raffin\u00e9 du mill\u00e9sime 2018. Ch\u00e2teau La Croizille signe ici un Grand Cru riche, taill\u00e9 pour la garde.\" \/>\n<meta name=\"robots\" content=\"index, follow, max-snippet:-1, max-image-preview:large, max-video-preview:-1\" \/>\n<link rel=\"canonical\" href=\"https:\/\/demourshop.com\/en\/product\/magnum-chateau-la-croizille-2018\/\" \/>\n<meta property=\"og:locale\" content=\"en_GB\" \/>\n<meta property=\"og:type\" content=\"article\" \/>\n<meta property=\"og:title\" content=\"Magnum Ch\u00e2teau La Croizille 2018 - Demourshop\" \/>\n<meta property=\"og:description\" content=\"Un magnum puissant et raffin\u00e9 du mill\u00e9sime 2018. Ch\u00e2teau La Croizille signe ici un Grand Cru riche, taill\u00e9 pour la garde.\" \/>\n<meta property=\"og:url\" content=\"https:\/\/demourshop.com\/en\/product\/magnum-chateau-la-croizille-2018\/\" \/>\n<meta property=\"og:site_name\" content=\"Demourshop\" \/>\n<meta property=\"article:modified_time\" content=\"2026-02-17T09:05:49+00:00\" \/>\n<meta property=\"og:image\" content=\"https:\/\/demourshop.com\/wp-content\/uploads\/2024\/10\/chateau-La-Croizille-1.png\" \/>\n\t<meta property=\"og:image:width\" content=\"1080\" \/>\n\t<meta property=\"og:image:height\" content=\"1080\" \/>\n\t<meta property=\"og:image:type\" content=\"image\/png\" \/>\n<meta name=\"twitter:card\" content=\"summary_large_image\" \/>\n<meta name=\"twitter:label1\" content=\"Estimated reading time\" \/>\n\t<meta name=\"twitter:data1\" content=\"3 minutes\" \/>\n<script type=\"application\/ld+json\" class=\"yoast-schema-graph\">{\"@context\":\"https:\\\/\\\/schema.org\",\"@graph\":[{\"@type\":\"WebPage\",\"@id\":\"https:\\\/\\\/demourshop.com\\\/produit\\\/magnum-chateau-la-croizille-2018\\\/\",\"url\":\"https:\\\/\\\/demourshop.com\\\/produit\\\/magnum-chateau-la-croizille-2018\\\/\",\"name\":\"Magnum Ch\u00e2teau La Croizille 2018 - Demourshop\",\"isPartOf\":{\"@id\":\"https:\\\/\\\/demourshop.com\\\/#website\"},\"primaryImageOfPage\":{\"@id\":\"https:\\\/\\\/demourshop.com\\\/produit\\\/magnum-chateau-la-croizille-2018\\\/#primaryimage\"},\"image\":{\"@id\":\"https:\\\/\\\/demourshop.com\\\/produit\\\/magnum-chateau-la-croizille-2018\\\/#primaryimage\"},\"thumbnailUrl\":\"http:\\\/\\\/demourshop.com\\\/wp-content\\\/uploads\\\/2024\\\/10\\\/chateau-La-Croizille-1.png\",\"datePublished\":\"2025-07-31T07:27:01+00:00\",\"dateModified\":\"2026-02-17T09:05:49+00:00\",\"description\":\"Un magnum puissant et raffin\u00e9 du mill\u00e9sime 2018. Ch\u00e2teau La Croizille signe ici un Grand Cru riche, taill\u00e9 pour la garde.\",\"breadcrumb\":{\"@id\":\"https:\\\/\\\/demourshop.com\\\/produit\\\/magnum-chateau-la-croizille-2018\\\/#breadcrumb\"},\"inLanguage\":\"en-GB\",\"potentialAction\":[{\"@type\":\"ReadAction\",\"target\":[\"https:\\\/\\\/demourshop.com\\\/produit\\\/magnum-chateau-la-croizille-2018\\\/\"]}]},{\"@type\":\"ImageObject\",\"inLanguage\":\"en-GB\",\"@id\":\"https:\\\/\\\/demourshop.com\\\/produit\\\/magnum-chateau-la-croizille-2018\\\/#primaryimage\",\"url\":\"http:\\\/\\\/demourshop.com\\\/wp-content\\\/uploads\\\/2024\\\/10\\\/chateau-La-Croizille-1.png\",\"contentUrl\":\"http:\\\/\\\/demourshop.com\\\/wp-content\\\/uploads\\\/2024\\\/10\\\/chateau-La-Croizille-1.png\",\"width\":1080,\"height\":1080,\"caption\":\"Ch\u00e2teau La Croizille vin rouge Saint-\u00c9milion Grand Cru\"},{\"@type\":\"BreadcrumbList\",\"@id\":\"https:\\\/\\\/demourshop.com\\\/produit\\\/magnum-chateau-la-croizille-2018\\\/#breadcrumb\",\"itemListElement\":[{\"@type\":\"ListItem\",\"position\":1,\"name\":\"Accueil\",\"item\":\"https:\\\/\\\/demourshop.com\\\/\"},{\"@type\":\"ListItem\",\"position\":2,\"name\":\"Boutique\",\"item\":\"https:\\\/\\\/demourshop.com\\\/boutique\\\/\"},{\"@type\":\"ListItem\",\"position\":3,\"name\":\"Magnum Ch\u00e2teau La Croizille 2018\"}]},{\"@type\":\"WebSite\",\"@id\":\"https:\\\/\\\/demourshop.com\\\/#website\",\"url\":\"https:\\\/\\\/demourshop.com\\\/\",\"name\":\"Demourshop\",\"description\":\"\",\"publisher\":{\"@id\":\"https:\\\/\\\/demourshop.com\\\/#organization\"},\"potentialAction\":[{\"@type\":\"SearchAction\",\"target\":{\"@type\":\"EntryPoint\",\"urlTemplate\":\"https:\\\/\\\/demourshop.com\\\/?s={search_term_string}\"},\"query-input\":{\"@type\":\"PropertyValueSpecification\",\"valueRequired\":true,\"valueName\":\"search_term_string\"}}],\"inLanguage\":\"en-GB\"},{\"@type\":\"Organization\",\"@id\":\"https:\\\/\\\/demourshop.com\\\/#organization\",\"name\":\"Demourshop\",\"url\":\"https:\\\/\\\/demourshop.com\\\/\",\"logo\":{\"@type\":\"ImageObject\",\"inLanguage\":\"en-GB\",\"@id\":\"https:\\\/\\\/demourshop.com\\\/#\\\/schema\\\/logo\\\/image\\\/\",\"url\":\"http:\\\/\\\/demourshop.com\\\/wp-content\\\/uploads\\\/2023\\\/08\\\/logo-wine-2-1-1.png\",\"contentUrl\":\"http:\\\/\\\/demourshop.com\\\/wp-content\\\/uploads\\\/2023\\\/08\\\/logo-wine-2-1-1.png\",\"width\":400,\"height\":145,\"caption\":\"Demourshop\"},\"image\":{\"@id\":\"https:\\\/\\\/demourshop.com\\\/#\\\/schema\\\/logo\\\/image\\\/\"}}]}<\/script>\n<!-- \/ Yoast SEO plugin. -->","yoast_head_json":{"title":"Magnum Ch\u00e2teau La Croizille 2018 - Demourshop","description":"Un magnum puissant et raffin\u00e9 du mill\u00e9sime 2018. Ch\u00e2teau La Croizille signe ici un Grand Cru riche, taill\u00e9 pour la garde.","robots":{"index":"index","follow":"follow","max-snippet":"max-snippet:-1","max-image-preview":"max-image-preview:large","max-video-preview":"max-video-preview:-1"},"canonical":"https:\/\/demourshop.com\/en\/product\/magnum-chateau-la-croizille-2018\/","og_locale":"en_GB","og_type":"article","og_title":"Magnum Ch\u00e2teau La Croizille 2018 - Demourshop","og_description":"Un magnum puissant et raffin\u00e9 du mill\u00e9sime 2018. Ch\u00e2teau La Croizille signe ici un Grand Cru riche, taill\u00e9 pour la garde.","og_url":"https:\/\/demourshop.com\/en\/product\/magnum-chateau-la-croizille-2018\/","og_site_name":"Demourshop","article_modified_time":"2026-02-17T09:05:49+00:00","og_image":[{"width":1080,"height":1080,"url":"https:\/\/demourshop.com\/wp-content\/uploads\/2024\/10\/chateau-La-Croizille-1.png","type":"image\/png"}],"twitter_card":"summary_large_image","twitter_misc":{"Estimated reading time":"3 minutes"},"schema":{"@context":"https:\/\/schema.org","@graph":[{"@type":"WebPage","@id":"https:\/\/demourshop.com\/produit\/magnum-chateau-la-croizille-2018\/","url":"https:\/\/demourshop.com\/produit\/magnum-chateau-la-croizille-2018\/","name":"Magnum Ch\u00e2teau La Croizille 2018 - Demourshop","isPartOf":{"@id":"https:\/\/demourshop.com\/#website"},"primaryImageOfPage":{"@id":"https:\/\/demourshop.com\/produit\/magnum-chateau-la-croizille-2018\/#primaryimage"},"image":{"@id":"https:\/\/demourshop.com\/produit\/magnum-chateau-la-croizille-2018\/#primaryimage"},"thumbnailUrl":"http:\/\/demourshop.com\/wp-content\/uploads\/2024\/10\/chateau-La-Croizille-1.png","datePublished":"2025-07-31T07:27:01+00:00","dateModified":"2026-02-17T09:05:49+00:00","description":"Un magnum puissant et raffin\u00e9 du mill\u00e9sime 2018. Ch\u00e2teau La Croizille signe ici un Grand Cru riche, taill\u00e9 pour la garde.","breadcrumb":{"@id":"https:\/\/demourshop.com\/produit\/magnum-chateau-la-croizille-2018\/#breadcrumb"},"inLanguage":"en-GB","potentialAction":[{"@type":"ReadAction","target":["https:\/\/demourshop.com\/produit\/magnum-chateau-la-croizille-2018\/"]}]},{"@type":"ImageObject","inLanguage":"en-GB","@id":"https:\/\/demourshop.com\/produit\/magnum-chateau-la-croizille-2018\/#primaryimage","url":"http:\/\/demourshop.com\/wp-content\/uploads\/2024\/10\/chateau-La-Croizille-1.png","contentUrl":"http:\/\/demourshop.com\/wp-content\/uploads\/2024\/10\/chateau-La-Croizille-1.png","width":1080,"height":1080,"caption":"Ch\u00e2teau La Croizille vin rouge Saint-\u00c9milion Grand Cru"},{"@type":"BreadcrumbList","@id":"https:\/\/demourshop.com\/produit\/magnum-chateau-la-croizille-2018\/#breadcrumb","itemListElement":[{"@type":"ListItem","position":1,"name":"Accueil","item":"https:\/\/demourshop.com\/"},{"@type":"ListItem","position":2,"name":"Boutique","item":"https:\/\/demourshop.com\/boutique\/"},{"@type":"ListItem","position":3,"name":"Magnum Ch\u00e2teau La Croizille 2018"}]},{"@type":"WebSite","@id":"https:\/\/demourshop.com\/#website","url":"https:\/\/demourshop.com\/","name":"Demourshop","description":"","publisher":{"@id":"https:\/\/demourshop.com\/#organization"},"potentialAction":[{"@type":"SearchAction","target":{"@type":"EntryPoint","urlTemplate":"https:\/\/demourshop.com\/?s={search_term_string}"},"query-input":{"@type":"PropertyValueSpecification","valueRequired":true,"valueName":"search_term_string"}}],"inLanguage":"en-GB"},{"@type":"Organization","@id":"https:\/\/demourshop.com\/#organization","name":"Demourshop","url":"https:\/\/demourshop.com\/","logo":{"@type":"ImageObject","inLanguage":"en-GB","@id":"https:\/\/demourshop.com\/#\/schema\/logo\/image\/","url":"http:\/\/demourshop.com\/wp-content\/uploads\/2023\/08\/logo-wine-2-1-1.png","contentUrl":"http:\/\/demourshop.com\/wp-content\/uploads\/2023\/08\/logo-wine-2-1-1.png","width":400,"height":145,"caption":"Demourshop"},"image":{"@id":"https:\/\/demourshop.com\/#\/schema\/logo\/image\/"}}]}},"_links":{"self":[{"href":"http:\/\/demourshop.com\/en\/wp-json\/wp\/v2\/product\/70527","targetHints":{"allow":["GET"]}}],"collection":[{"href":"http:\/\/demourshop.com\/en\/wp-json\/wp\/v2\/product"}],"about":[{"href":"http:\/\/demourshop.com\/en\/wp-json\/wp\/v2\/types\/product"}],"version-history":[{"count":3,"href":"http:\/\/demourshop.com\/en\/wp-json\/wp\/v2\/product\/70527\/revisions"}],"predecessor-version":[{"id":70540,"href":"http:\/\/demourshop.com\/en\/wp-json\/wp\/v2\/product\/70527\/revisions\/70540"}],"wp:featuredmedia":[{"embeddable":true,"href":"http:\/\/demourshop.com\/en\/wp-json\/wp\/v2\/media\/66649"}],"wp:attachment":[{"href":"http:\/\/demourshop.com\/en\/wp-json\/wp\/v2\/media?parent=70527"}],"wp:term":[{"taxonomy":"product_brand","embeddable":true,"href":"http:\/\/demourshop.com\/en\/wp-json\/wp\/v2\/product_brand?post=70527"},{"taxonomy":"product_cat","embeddable":true,"href":"http:\/\/demourshop.com\/en\/wp-json\/wp\/v2\/product_cat?post=70527"},{"taxonomy":"product_tag","embeddable":true,"href":"http:\/\/demourshop.com\/en\/wp-json\/wp\/v2\/product_tag?post=70527"}],"curies":[{"name":"wp","href":"https:\/\/api.w.org\/{rel}","templated":true}]}}