{"id":70497,"date":"2025-07-24T11:50:51","date_gmt":"2025-07-24T09:50:51","guid":{"rendered":"https:\/\/demourshop.com\/?post_type=product&#038;p=70497"},"modified":"2026-01-19T10:23:52","modified_gmt":"2026-01-19T09:23:52","slug":"coffret-verticale-chateau-la-croizille","status":"publish","type":"product","link":"http:\/\/demourshop.com\/en\/product\/coffret-verticale-chateau-la-croizille\/","title":{"rendered":"Coffret Verticale Ch\u00e2teau La Croizille"},"content":{"rendered":"<p>Ce coffret de prestige est une invitation &agrave; red&eacute;couvrir trois expressions d&rsquo;un m&ecirc;me terroir &agrave; travers le prisme du temps. Parfait pour les amateurs de verticales, il constitue &eacute;galement une excellente id&eacute;e cadeau pour les f&ecirc;tes ou un &eacute;v&eacute;nement marquant. Ce coffret rare incarne la philosophie du Ch&acirc;teau La Croizille : produire des vins sinc&egrave;res, &eacute;l&eacute;gants, capables de traverser les ann&eacute;es avec gr&acirc;ce. Il s&rsquo;inscrit dans la tradition des grands Saint-&Eacute;milion tout en assumant une identit&eacute; contemporaine. Pour explorer d&rsquo;autres tr&eacute;sors du domaine, d&eacute;couvrez &eacute;galement notre s&eacute;lection de &lt;a href=&quot;\/en\/&nbsp;&raquo;https:\/\/demourshop.com\/boutique\/?filter_propriete=chateau-la-croizille&nbsp;&raquo;&quot;&gt;vins du Ch&acirc;teau La Croizille&lt;\/a&gt;.<\/p>","protected":false},"excerpt":{"rendered":"<p>Coffret 3 bouteilles Ch\u00e2teau La Croizille \u2013 Mill\u00e9simes 2009, 2015 et 2018 \u2013 Saint-\u00c9milion Grand Cru.<\/p>","protected":false},"featured_media":66649,"template":"","meta":{"_acf_changed":false},"product_brand":[],"product_cat":[378,464,507,854,552,383,396,409,382,379,375,393,160],"product_tag":[],"class_list":{"0":"post-70497","1":"product","2":"type-product","3":"status-publish","4":"has-post-thumbnail","6":"product_cat-appellations-vin-en-ligne","7":"product_cat-cabernet-sauvignon-en-ligne","8":"product_cat-cepages-vin-en-ligne","9":"product_cat-coffret","10":"product_cat-vin-par-couleur-en-ligne","11":"product_cat-vin-de-france-en-ligne","12":"product_cat-vin-hve-en-ligne","13":"product_cat-merlot-en-ligne","14":"product_cat-vin-par-pays-en-ligne","15":"product_cat-saint-emilion-grand-cru-en-ligne","16":"product_cat-vin-rouge-en-ligne","17":"product_cat-vins-par-methode-de-vinification","18":"product_cat-vins-de-proprietes-en-ligne","19":"pa_appellations-saint-emilion-grand-cru","20":"pa_cepages-cabernet-sauvignon","21":"pa_cepages-merlot","22":"pa_couleurs-rouge","23":"pa_formats-75cl","24":"pa_millesimes-580","25":"pa_millesimes-186","26":"pa_millesimes-185","27":"pa_millesimes-184","28":"pa_millesimes-181","29":"pa_millesimes-180","30":"pa_millesimes-179","31":"pa_millesimes-178","32":"pa_millesimes-177","33":"pa_millesimes-176","34":"pa_millesimes-175","35":"pa_millesimes-174","36":"pa_pays-france","37":"pa_propriete-saint-emilion-grand-cru","38":"pa_quantites-a-lunite","39":"pa_quantites-carton-de-3-bouteilles","40":"pa_quantites-carton-de-6-bouteilles","41":"pa_vinifications-hve","43":"first","44":"instock","45":"taxable","46":"shipping-taxable","47":"purchasable","48":"product-type-simple"},"acf":[],"yoast_head":"<!-- This site is optimized with the Yoast SEO plugin v27.4 - https:\/\/yoast.com\/product\/yoast-seo-wordpress\/ -->\n<title>Coffret Verticale Ch\u00e2teau La Croizille - Demourshop<\/title>\n<meta name=\"description\" content=\"Un coffret exclusif r\u00e9unissant trois mill\u00e9simes d\u2019exception du Ch\u00e2teau La Croizille. Un cadeau raffin\u00e9 pour les amateurs de grands vins.\" \/>\n<meta name=\"robots\" content=\"index, follow, max-snippet:-1, max-image-preview:large, max-video-preview:-1\" \/>\n<link rel=\"canonical\" href=\"https:\/\/demourshop.com\/en\/product\/coffret-verticale-chateau-la-croizille\/\" \/>\n<meta property=\"og:locale\" content=\"en_GB\" \/>\n<meta property=\"og:type\" content=\"article\" \/>\n<meta property=\"og:title\" content=\"Coffret Verticale Ch\u00e2teau La Croizille - Demourshop\" \/>\n<meta property=\"og:description\" content=\"Un coffret exclusif r\u00e9unissant trois mill\u00e9simes d\u2019exception du Ch\u00e2teau La Croizille. Un cadeau raffin\u00e9 pour les amateurs de grands vins.\" \/>\n<meta property=\"og:url\" content=\"https:\/\/demourshop.com\/en\/product\/coffret-verticale-chateau-la-croizille\/\" \/>\n<meta property=\"og:site_name\" content=\"Demourshop\" \/>\n<meta property=\"article:modified_time\" content=\"2026-01-19T09:23:52+00:00\" \/>\n<meta property=\"og:image\" content=\"http:\/\/demourshop.com\/wp-content\/uploads\/2024\/10\/chateau-La-Croizille-1.png\" \/>\n\t<meta property=\"og:image:width\" content=\"1080\" \/>\n\t<meta property=\"og:image:height\" content=\"1080\" \/>\n\t<meta property=\"og:image:type\" content=\"image\/png\" \/>\n<meta name=\"twitter:card\" content=\"summary_large_image\" \/>\n<meta name=\"twitter:label1\" content=\"Estimated reading time\" \/>\n\t<meta name=\"twitter:data1\" content=\"3 minutes\" \/>\n<script type=\"application\/ld+json\" class=\"yoast-schema-graph\">{\"@context\":\"https:\\\/\\\/schema.org\",\"@graph\":[{\"@type\":\"WebPage\",\"@id\":\"https:\\\/\\\/demourshop.com\\\/produit\\\/coffret-verticale-chateau-la-croizille\\\/\",\"url\":\"https:\\\/\\\/demourshop.com\\\/produit\\\/coffret-verticale-chateau-la-croizille\\\/\",\"name\":\"Coffret Verticale Ch\u00e2teau La Croizille - Demourshop\",\"isPartOf\":{\"@id\":\"https:\\\/\\\/demourshop.com\\\/#website\"},\"primaryImageOfPage\":{\"@id\":\"https:\\\/\\\/demourshop.com\\\/produit\\\/coffret-verticale-chateau-la-croizille\\\/#primaryimage\"},\"image\":{\"@id\":\"https:\\\/\\\/demourshop.com\\\/produit\\\/coffret-verticale-chateau-la-croizille\\\/#primaryimage\"},\"thumbnailUrl\":\"http:\\\/\\\/demourshop.com\\\/wp-content\\\/uploads\\\/2024\\\/10\\\/chateau-La-Croizille-1.png\",\"datePublished\":\"2025-07-24T09:50:51+00:00\",\"dateModified\":\"2026-01-19T09:23:52+00:00\",\"description\":\"Un coffret exclusif r\u00e9unissant trois mill\u00e9simes d\u2019exception du Ch\u00e2teau La Croizille. Un cadeau raffin\u00e9 pour les amateurs de grands vins.\",\"breadcrumb\":{\"@id\":\"https:\\\/\\\/demourshop.com\\\/produit\\\/coffret-verticale-chateau-la-croizille\\\/#breadcrumb\"},\"inLanguage\":\"en-GB\",\"potentialAction\":[{\"@type\":\"ReadAction\",\"target\":[\"https:\\\/\\\/demourshop.com\\\/produit\\\/coffret-verticale-chateau-la-croizille\\\/\"]}]},{\"@type\":\"ImageObject\",\"inLanguage\":\"en-GB\",\"@id\":\"https:\\\/\\\/demourshop.com\\\/produit\\\/coffret-verticale-chateau-la-croizille\\\/#primaryimage\",\"url\":\"http:\\\/\\\/demourshop.com\\\/wp-content\\\/uploads\\\/2024\\\/10\\\/chateau-La-Croizille-1.png\",\"contentUrl\":\"http:\\\/\\\/demourshop.com\\\/wp-content\\\/uploads\\\/2024\\\/10\\\/chateau-La-Croizille-1.png\",\"width\":1080,\"height\":1080,\"caption\":\"Ch\u00e2teau La Croizille vin rouge Saint-\u00c9milion Grand Cru\"},{\"@type\":\"BreadcrumbList\",\"@id\":\"https:\\\/\\\/demourshop.com\\\/produit\\\/coffret-verticale-chateau-la-croizille\\\/#breadcrumb\",\"itemListElement\":[{\"@type\":\"ListItem\",\"position\":1,\"name\":\"Accueil\",\"item\":\"https:\\\/\\\/demourshop.com\\\/\"},{\"@type\":\"ListItem\",\"position\":2,\"name\":\"Boutique\",\"item\":\"https:\\\/\\\/demourshop.com\\\/boutique\\\/\"},{\"@type\":\"ListItem\",\"position\":3,\"name\":\"Coffret Verticale Ch\u00e2teau La Croizille\"}]},{\"@type\":\"WebSite\",\"@id\":\"https:\\\/\\\/demourshop.com\\\/#website\",\"url\":\"https:\\\/\\\/demourshop.com\\\/\",\"name\":\"Demourshop\",\"description\":\"\",\"publisher\":{\"@id\":\"https:\\\/\\\/demourshop.com\\\/#organization\"},\"potentialAction\":[{\"@type\":\"SearchAction\",\"target\":{\"@type\":\"EntryPoint\",\"urlTemplate\":\"https:\\\/\\\/demourshop.com\\\/?s={search_term_string}\"},\"query-input\":{\"@type\":\"PropertyValueSpecification\",\"valueRequired\":true,\"valueName\":\"search_term_string\"}}],\"inLanguage\":\"en-GB\"},{\"@type\":\"Organization\",\"@id\":\"https:\\\/\\\/demourshop.com\\\/#organization\",\"name\":\"Demourshop\",\"url\":\"https:\\\/\\\/demourshop.com\\\/\",\"logo\":{\"@type\":\"ImageObject\",\"inLanguage\":\"en-GB\",\"@id\":\"https:\\\/\\\/demourshop.com\\\/#\\\/schema\\\/logo\\\/image\\\/\",\"url\":\"http:\\\/\\\/demourshop.com\\\/wp-content\\\/uploads\\\/2023\\\/08\\\/logo-wine-2-1-1.png\",\"contentUrl\":\"http:\\\/\\\/demourshop.com\\\/wp-content\\\/uploads\\\/2023\\\/08\\\/logo-wine-2-1-1.png\",\"width\":400,\"height\":145,\"caption\":\"Demourshop\"},\"image\":{\"@id\":\"https:\\\/\\\/demourshop.com\\\/#\\\/schema\\\/logo\\\/image\\\/\"}}]}<\/script>\n<!-- \/ Yoast SEO plugin. -->","yoast_head_json":{"title":"Coffret Verticale Ch\u00e2teau La Croizille - Demourshop","description":"Un coffret exclusif r\u00e9unissant trois mill\u00e9simes d\u2019exception du Ch\u00e2teau La Croizille. Un cadeau raffin\u00e9 pour les amateurs de grands vins.","robots":{"index":"index","follow":"follow","max-snippet":"max-snippet:-1","max-image-preview":"max-image-preview:large","max-video-preview":"max-video-preview:-1"},"canonical":"https:\/\/demourshop.com\/en\/product\/coffret-verticale-chateau-la-croizille\/","og_locale":"en_GB","og_type":"article","og_title":"Coffret Verticale Ch\u00e2teau La Croizille - Demourshop","og_description":"Un coffret exclusif r\u00e9unissant trois mill\u00e9simes d\u2019exception du Ch\u00e2teau La Croizille. Un cadeau raffin\u00e9 pour les amateurs de grands vins.","og_url":"https:\/\/demourshop.com\/en\/product\/coffret-verticale-chateau-la-croizille\/","og_site_name":"Demourshop","article_modified_time":"2026-01-19T09:23:52+00:00","og_image":[{"width":1080,"height":1080,"url":"http:\/\/demourshop.com\/wp-content\/uploads\/2024\/10\/chateau-La-Croizille-1.png","type":"image\/png"}],"twitter_card":"summary_large_image","twitter_misc":{"Estimated reading time":"3 minutes"},"schema":{"@context":"https:\/\/schema.org","@graph":[{"@type":"WebPage","@id":"https:\/\/demourshop.com\/produit\/coffret-verticale-chateau-la-croizille\/","url":"https:\/\/demourshop.com\/produit\/coffret-verticale-chateau-la-croizille\/","name":"Coffret Verticale Ch\u00e2teau La Croizille - Demourshop","isPartOf":{"@id":"https:\/\/demourshop.com\/#website"},"primaryImageOfPage":{"@id":"https:\/\/demourshop.com\/produit\/coffret-verticale-chateau-la-croizille\/#primaryimage"},"image":{"@id":"https:\/\/demourshop.com\/produit\/coffret-verticale-chateau-la-croizille\/#primaryimage"},"thumbnailUrl":"http:\/\/demourshop.com\/wp-content\/uploads\/2024\/10\/chateau-La-Croizille-1.png","datePublished":"2025-07-24T09:50:51+00:00","dateModified":"2026-01-19T09:23:52+00:00","description":"Un coffret exclusif r\u00e9unissant trois mill\u00e9simes d\u2019exception du Ch\u00e2teau La Croizille. Un cadeau raffin\u00e9 pour les amateurs de grands vins.","breadcrumb":{"@id":"https:\/\/demourshop.com\/produit\/coffret-verticale-chateau-la-croizille\/#breadcrumb"},"inLanguage":"en-GB","potentialAction":[{"@type":"ReadAction","target":["https:\/\/demourshop.com\/produit\/coffret-verticale-chateau-la-croizille\/"]}]},{"@type":"ImageObject","inLanguage":"en-GB","@id":"https:\/\/demourshop.com\/produit\/coffret-verticale-chateau-la-croizille\/#primaryimage","url":"http:\/\/demourshop.com\/wp-content\/uploads\/2024\/10\/chateau-La-Croizille-1.png","contentUrl":"http:\/\/demourshop.com\/wp-content\/uploads\/2024\/10\/chateau-La-Croizille-1.png","width":1080,"height":1080,"caption":"Ch\u00e2teau La Croizille vin rouge Saint-\u00c9milion Grand Cru"},{"@type":"BreadcrumbList","@id":"https:\/\/demourshop.com\/produit\/coffret-verticale-chateau-la-croizille\/#breadcrumb","itemListElement":[{"@type":"ListItem","position":1,"name":"Accueil","item":"https:\/\/demourshop.com\/"},{"@type":"ListItem","position":2,"name":"Boutique","item":"https:\/\/demourshop.com\/boutique\/"},{"@type":"ListItem","position":3,"name":"Coffret Verticale Ch\u00e2teau La Croizille"}]},{"@type":"WebSite","@id":"https:\/\/demourshop.com\/#website","url":"https:\/\/demourshop.com\/","name":"Demourshop","description":"","publisher":{"@id":"https:\/\/demourshop.com\/#organization"},"potentialAction":[{"@type":"SearchAction","target":{"@type":"EntryPoint","urlTemplate":"https:\/\/demourshop.com\/?s={search_term_string}"},"query-input":{"@type":"PropertyValueSpecification","valueRequired":true,"valueName":"search_term_string"}}],"inLanguage":"en-GB"},{"@type":"Organization","@id":"https:\/\/demourshop.com\/#organization","name":"Demourshop","url":"https:\/\/demourshop.com\/","logo":{"@type":"ImageObject","inLanguage":"en-GB","@id":"https:\/\/demourshop.com\/#\/schema\/logo\/image\/","url":"http:\/\/demourshop.com\/wp-content\/uploads\/2023\/08\/logo-wine-2-1-1.png","contentUrl":"http:\/\/demourshop.com\/wp-content\/uploads\/2023\/08\/logo-wine-2-1-1.png","width":400,"height":145,"caption":"Demourshop"},"image":{"@id":"https:\/\/demourshop.com\/#\/schema\/logo\/image\/"}}]}},"_links":{"self":[{"href":"http:\/\/demourshop.com\/en\/wp-json\/wp\/v2\/product\/70497","targetHints":{"allow":["GET"]}}],"collection":[{"href":"http:\/\/demourshop.com\/en\/wp-json\/wp\/v2\/product"}],"about":[{"href":"http:\/\/demourshop.com\/en\/wp-json\/wp\/v2\/types\/product"}],"version-history":[{"count":5,"href":"http:\/\/demourshop.com\/en\/wp-json\/wp\/v2\/product\/70497\/revisions"}],"predecessor-version":[{"id":70507,"href":"http:\/\/demourshop.com\/en\/wp-json\/wp\/v2\/product\/70497\/revisions\/70507"}],"wp:featuredmedia":[{"embeddable":true,"href":"http:\/\/demourshop.com\/en\/wp-json\/wp\/v2\/media\/66649"}],"wp:attachment":[{"href":"http:\/\/demourshop.com\/en\/wp-json\/wp\/v2\/media?parent=70497"}],"wp:term":[{"taxonomy":"product_brand","embeddable":true,"href":"http:\/\/demourshop.com\/en\/wp-json\/wp\/v2\/product_brand?post=70497"},{"taxonomy":"product_cat","embeddable":true,"href":"http:\/\/demourshop.com\/en\/wp-json\/wp\/v2\/product_cat?post=70497"},{"taxonomy":"product_tag","embeddable":true,"href":"http:\/\/demourshop.com\/en\/wp-json\/wp\/v2\/product_tag?post=70497"}],"curies":[{"name":"wp","href":"https:\/\/api.w.org\/{rel}","templated":true}]}}