{"id":70457,"date":"2025-06-11T10:18:10","date_gmt":"2025-06-11T08:18:10","guid":{"rendered":"https:\/\/demourshop.com\/?post_type=product&#038;p=70457"},"modified":"2026-01-05T09:56:15","modified_gmt":"2026-01-05T08:56:15","slug":"chateau-haut-breton-larigaudiere-2024-primeur","status":"publish","type":"product","link":"http:\/\/demourshop.com\/en\/product\/chateau-haut-breton-larigaudiere-2024-primeur\/","title":{"rendered":"Ch\u00e2teau Haut-Breton Larigaudi\u00e8re 2024 Primeur"},"content":{"rendered":"<p>&lt;p&gt;Disponible en primeur, le Ch&acirc;teau Haut Breton Larigaudi&egrave;re 2024 peut &ecirc;tre r&eacute;serv&eacute; d&egrave;s aujourd&rsquo;hui pour une livraison pr&eacute;vue au printemps 2026. Ce syst&egrave;me d&rsquo;achat permet d&rsquo;acqu&eacute;rir un grand vin de Margaux &agrave; un prix pr&eacute;f&eacute;rentiel, avant sa mise en march&eacute;. Un investissement judicieux pour les amateurs de Bordeaux raffin&eacute;s et structur&eacute;s.&lt;\/p&gt;<\/p>","protected":false},"excerpt":{"rendered":"<p>Primeur 2024 \u2013 Margaux<\/p>","protected":false},"featured_media":66651,"template":"","meta":{"_acf_changed":false},"product_brand":[],"product_cat":[378,464,507,552,383,396,381,409,382,420,375,393,160],"product_tag":[],"class_list":{"0":"post-70457","1":"product","2":"type-product","3":"status-publish","4":"has-post-thumbnail","6":"product_cat-appellations-vin-en-ligne","7":"product_cat-cabernet-sauvignon-en-ligne","8":"product_cat-cepages-vin-en-ligne","9":"product_cat-vin-par-couleur-en-ligne","10":"product_cat-vin-de-france-en-ligne","11":"product_cat-vin-hve-en-ligne","12":"product_cat-margaux-en-ligne","13":"product_cat-merlot-en-ligne","14":"product_cat-vin-par-pays-en-ligne","15":"product_cat-petit-verdot-en-ligne","16":"product_cat-vin-rouge-en-ligne","17":"product_cat-vins-par-methode-de-vinification","18":"product_cat-vins-de-proprietes-en-ligne","19":"pa_appellations-margaux","20":"pa_cepages-cabernet-sauvignon","21":"pa_cepages-merlot","22":"pa_cepages-petit-verdot","23":"pa_couleurs-rouge","24":"pa_formats-75cl","25":"pa_millesimes-180","26":"pa_millesimes-177","27":"pa_millesimes-175","28":"pa_millesimes-174","29":"pa_millesimes-617","30":"pa_millesimes-853","31":"pa_pays-france","32":"pa_propriete-margaux","33":"pa_quantites-a-lunite","34":"pa_quantites-carton-de-3-bouteilles","35":"pa_quantites-carton-de-6-bouteilles","36":"pa_vinifications-hve","38":"first","39":"instock","40":"taxable","41":"shipping-taxable","42":"purchasable","43":"product-type-simple"},"acf":[],"yoast_head":"<!-- This site is optimized with the Yoast SEO plugin v27.4 - https:\/\/yoast.com\/product\/yoast-seo-wordpress\/ -->\n<title>Ch\u00e2teau Haut-Breton Larigaudi\u00e8re 2024 Primeur - Demourshop<\/title>\n<meta name=\"description\" content=\"R\u00e9servez le Ch\u00e2teau Haut Breton Larigaudi\u00e8re 2024 en primeur \u2013 Margaux \u00e9l\u00e9gant et structur\u00e9. Livraison au printemps 2026 sur Demourshop.\" \/>\n<meta name=\"robots\" content=\"index, follow, max-snippet:-1, max-image-preview:large, max-video-preview:-1\" \/>\n<link rel=\"canonical\" href=\"https:\/\/demourshop.com\/en\/product\/chateau-haut-breton-larigaudiere-2024-primeur\/\" \/>\n<meta property=\"og:locale\" content=\"en_GB\" \/>\n<meta property=\"og:type\" content=\"article\" \/>\n<meta property=\"og:title\" content=\"Ch\u00e2teau Haut-Breton Larigaudi\u00e8re 2024 Primeur - Demourshop\" \/>\n<meta property=\"og:description\" content=\"R\u00e9servez le Ch\u00e2teau Haut Breton Larigaudi\u00e8re 2024 en primeur \u2013 Margaux \u00e9l\u00e9gant et structur\u00e9. Livraison au printemps 2026 sur Demourshop.\" \/>\n<meta property=\"og:url\" content=\"https:\/\/demourshop.com\/en\/product\/chateau-haut-breton-larigaudiere-2024-primeur\/\" \/>\n<meta property=\"og:site_name\" content=\"Demourshop\" \/>\n<meta property=\"article:modified_time\" content=\"2026-01-05T08:56:15+00:00\" \/>\n<meta property=\"og:image\" content=\"http:\/\/demourshop.com\/wp-content\/uploads\/2024\/10\/Chateau-Haut-Breton-Larigaudiere-1.png\" \/>\n\t<meta property=\"og:image:width\" content=\"1080\" \/>\n\t<meta property=\"og:image:height\" content=\"1080\" \/>\n\t<meta property=\"og:image:type\" content=\"image\/png\" \/>\n<meta name=\"twitter:card\" content=\"summary_large_image\" \/>\n<meta name=\"twitter:label1\" content=\"Estimated reading time\" \/>\n\t<meta name=\"twitter:data1\" content=\"3 minutes\" \/>\n<script type=\"application\/ld+json\" class=\"yoast-schema-graph\">{\"@context\":\"https:\\\/\\\/schema.org\",\"@graph\":[{\"@type\":\"WebPage\",\"@id\":\"https:\\\/\\\/demourshop.com\\\/produit\\\/chateau-haut-breton-larigaudiere-2024-primeur\\\/\",\"url\":\"https:\\\/\\\/demourshop.com\\\/produit\\\/chateau-haut-breton-larigaudiere-2024-primeur\\\/\",\"name\":\"Ch\u00e2teau Haut-Breton Larigaudi\u00e8re 2024 Primeur - Demourshop\",\"isPartOf\":{\"@id\":\"https:\\\/\\\/demourshop.com\\\/#website\"},\"primaryImageOfPage\":{\"@id\":\"https:\\\/\\\/demourshop.com\\\/produit\\\/chateau-haut-breton-larigaudiere-2024-primeur\\\/#primaryimage\"},\"image\":{\"@id\":\"https:\\\/\\\/demourshop.com\\\/produit\\\/chateau-haut-breton-larigaudiere-2024-primeur\\\/#primaryimage\"},\"thumbnailUrl\":\"http:\\\/\\\/demourshop.com\\\/wp-content\\\/uploads\\\/2024\\\/10\\\/Chateau-Haut-Breton-Larigaudiere-1.png\",\"datePublished\":\"2025-06-11T08:18:10+00:00\",\"dateModified\":\"2026-01-05T08:56:15+00:00\",\"description\":\"R\u00e9servez le Ch\u00e2teau Haut Breton Larigaudi\u00e8re 2024 en primeur \u2013 Margaux \u00e9l\u00e9gant et structur\u00e9. Livraison au printemps 2026 sur Demourshop.\",\"breadcrumb\":{\"@id\":\"https:\\\/\\\/demourshop.com\\\/produit\\\/chateau-haut-breton-larigaudiere-2024-primeur\\\/#breadcrumb\"},\"inLanguage\":\"en-GB\",\"potentialAction\":[{\"@type\":\"ReadAction\",\"target\":[\"https:\\\/\\\/demourshop.com\\\/produit\\\/chateau-haut-breton-larigaudiere-2024-primeur\\\/\"]}]},{\"@type\":\"ImageObject\",\"inLanguage\":\"en-GB\",\"@id\":\"https:\\\/\\\/demourshop.com\\\/produit\\\/chateau-haut-breton-larigaudiere-2024-primeur\\\/#primaryimage\",\"url\":\"http:\\\/\\\/demourshop.com\\\/wp-content\\\/uploads\\\/2024\\\/10\\\/Chateau-Haut-Breton-Larigaudiere-1.png\",\"contentUrl\":\"http:\\\/\\\/demourshop.com\\\/wp-content\\\/uploads\\\/2024\\\/10\\\/Chateau-Haut-Breton-Larigaudiere-1.png\",\"width\":1080,\"height\":1080,\"caption\":\"Ch\u00e2teau Haut Breton Larigaudi\u00e8re vin Margaux\"},{\"@type\":\"BreadcrumbList\",\"@id\":\"https:\\\/\\\/demourshop.com\\\/produit\\\/chateau-haut-breton-larigaudiere-2024-primeur\\\/#breadcrumb\",\"itemListElement\":[{\"@type\":\"ListItem\",\"position\":1,\"name\":\"Accueil\",\"item\":\"https:\\\/\\\/demourshop.com\\\/\"},{\"@type\":\"ListItem\",\"position\":2,\"name\":\"Boutique\",\"item\":\"https:\\\/\\\/demourshop.com\\\/boutique\\\/\"},{\"@type\":\"ListItem\",\"position\":3,\"name\":\"Ch\u00e2teau Haut-Breton Larigaudi\u00e8re 2024 Primeur\"}]},{\"@type\":\"WebSite\",\"@id\":\"https:\\\/\\\/demourshop.com\\\/#website\",\"url\":\"https:\\\/\\\/demourshop.com\\\/\",\"name\":\"Demourshop\",\"description\":\"\",\"publisher\":{\"@id\":\"https:\\\/\\\/demourshop.com\\\/#organization\"},\"potentialAction\":[{\"@type\":\"SearchAction\",\"target\":{\"@type\":\"EntryPoint\",\"urlTemplate\":\"https:\\\/\\\/demourshop.com\\\/?s={search_term_string}\"},\"query-input\":{\"@type\":\"PropertyValueSpecification\",\"valueRequired\":true,\"valueName\":\"search_term_string\"}}],\"inLanguage\":\"en-GB\"},{\"@type\":\"Organization\",\"@id\":\"https:\\\/\\\/demourshop.com\\\/#organization\",\"name\":\"Demourshop\",\"url\":\"https:\\\/\\\/demourshop.com\\\/\",\"logo\":{\"@type\":\"ImageObject\",\"inLanguage\":\"en-GB\",\"@id\":\"https:\\\/\\\/demourshop.com\\\/#\\\/schema\\\/logo\\\/image\\\/\",\"url\":\"http:\\\/\\\/demourshop.com\\\/wp-content\\\/uploads\\\/2023\\\/08\\\/logo-wine-2-1-1.png\",\"contentUrl\":\"http:\\\/\\\/demourshop.com\\\/wp-content\\\/uploads\\\/2023\\\/08\\\/logo-wine-2-1-1.png\",\"width\":400,\"height\":145,\"caption\":\"Demourshop\"},\"image\":{\"@id\":\"https:\\\/\\\/demourshop.com\\\/#\\\/schema\\\/logo\\\/image\\\/\"}}]}<\/script>\n<!-- \/ Yoast SEO plugin. -->","yoast_head_json":{"title":"Ch\u00e2teau Haut-Breton Larigaudi\u00e8re 2024 Primeur - Demourshop","description":"R\u00e9servez le Ch\u00e2teau Haut Breton Larigaudi\u00e8re 2024 en primeur \u2013 Margaux \u00e9l\u00e9gant et structur\u00e9. Livraison au printemps 2026 sur Demourshop.","robots":{"index":"index","follow":"follow","max-snippet":"max-snippet:-1","max-image-preview":"max-image-preview:large","max-video-preview":"max-video-preview:-1"},"canonical":"https:\/\/demourshop.com\/en\/product\/chateau-haut-breton-larigaudiere-2024-primeur\/","og_locale":"en_GB","og_type":"article","og_title":"Ch\u00e2teau Haut-Breton Larigaudi\u00e8re 2024 Primeur - Demourshop","og_description":"R\u00e9servez le Ch\u00e2teau Haut Breton Larigaudi\u00e8re 2024 en primeur \u2013 Margaux \u00e9l\u00e9gant et structur\u00e9. Livraison au printemps 2026 sur Demourshop.","og_url":"https:\/\/demourshop.com\/en\/product\/chateau-haut-breton-larigaudiere-2024-primeur\/","og_site_name":"Demourshop","article_modified_time":"2026-01-05T08:56:15+00:00","og_image":[{"width":1080,"height":1080,"url":"http:\/\/demourshop.com\/wp-content\/uploads\/2024\/10\/Chateau-Haut-Breton-Larigaudiere-1.png","type":"image\/png"}],"twitter_card":"summary_large_image","twitter_misc":{"Estimated reading time":"3 minutes"},"schema":{"@context":"https:\/\/schema.org","@graph":[{"@type":"WebPage","@id":"https:\/\/demourshop.com\/produit\/chateau-haut-breton-larigaudiere-2024-primeur\/","url":"https:\/\/demourshop.com\/produit\/chateau-haut-breton-larigaudiere-2024-primeur\/","name":"Ch\u00e2teau Haut-Breton Larigaudi\u00e8re 2024 Primeur - Demourshop","isPartOf":{"@id":"https:\/\/demourshop.com\/#website"},"primaryImageOfPage":{"@id":"https:\/\/demourshop.com\/produit\/chateau-haut-breton-larigaudiere-2024-primeur\/#primaryimage"},"image":{"@id":"https:\/\/demourshop.com\/produit\/chateau-haut-breton-larigaudiere-2024-primeur\/#primaryimage"},"thumbnailUrl":"http:\/\/demourshop.com\/wp-content\/uploads\/2024\/10\/Chateau-Haut-Breton-Larigaudiere-1.png","datePublished":"2025-06-11T08:18:10+00:00","dateModified":"2026-01-05T08:56:15+00:00","description":"R\u00e9servez le Ch\u00e2teau Haut Breton Larigaudi\u00e8re 2024 en primeur \u2013 Margaux \u00e9l\u00e9gant et structur\u00e9. Livraison au printemps 2026 sur Demourshop.","breadcrumb":{"@id":"https:\/\/demourshop.com\/produit\/chateau-haut-breton-larigaudiere-2024-primeur\/#breadcrumb"},"inLanguage":"en-GB","potentialAction":[{"@type":"ReadAction","target":["https:\/\/demourshop.com\/produit\/chateau-haut-breton-larigaudiere-2024-primeur\/"]}]},{"@type":"ImageObject","inLanguage":"en-GB","@id":"https:\/\/demourshop.com\/produit\/chateau-haut-breton-larigaudiere-2024-primeur\/#primaryimage","url":"http:\/\/demourshop.com\/wp-content\/uploads\/2024\/10\/Chateau-Haut-Breton-Larigaudiere-1.png","contentUrl":"http:\/\/demourshop.com\/wp-content\/uploads\/2024\/10\/Chateau-Haut-Breton-Larigaudiere-1.png","width":1080,"height":1080,"caption":"Ch\u00e2teau Haut Breton Larigaudi\u00e8re vin Margaux"},{"@type":"BreadcrumbList","@id":"https:\/\/demourshop.com\/produit\/chateau-haut-breton-larigaudiere-2024-primeur\/#breadcrumb","itemListElement":[{"@type":"ListItem","position":1,"name":"Accueil","item":"https:\/\/demourshop.com\/"},{"@type":"ListItem","position":2,"name":"Boutique","item":"https:\/\/demourshop.com\/boutique\/"},{"@type":"ListItem","position":3,"name":"Ch\u00e2teau Haut-Breton Larigaudi\u00e8re 2024 Primeur"}]},{"@type":"WebSite","@id":"https:\/\/demourshop.com\/#website","url":"https:\/\/demourshop.com\/","name":"Demourshop","description":"","publisher":{"@id":"https:\/\/demourshop.com\/#organization"},"potentialAction":[{"@type":"SearchAction","target":{"@type":"EntryPoint","urlTemplate":"https:\/\/demourshop.com\/?s={search_term_string}"},"query-input":{"@type":"PropertyValueSpecification","valueRequired":true,"valueName":"search_term_string"}}],"inLanguage":"en-GB"},{"@type":"Organization","@id":"https:\/\/demourshop.com\/#organization","name":"Demourshop","url":"https:\/\/demourshop.com\/","logo":{"@type":"ImageObject","inLanguage":"en-GB","@id":"https:\/\/demourshop.com\/#\/schema\/logo\/image\/","url":"http:\/\/demourshop.com\/wp-content\/uploads\/2023\/08\/logo-wine-2-1-1.png","contentUrl":"http:\/\/demourshop.com\/wp-content\/uploads\/2023\/08\/logo-wine-2-1-1.png","width":400,"height":145,"caption":"Demourshop"},"image":{"@id":"https:\/\/demourshop.com\/#\/schema\/logo\/image\/"}}]}},"_links":{"self":[{"href":"http:\/\/demourshop.com\/en\/wp-json\/wp\/v2\/product\/70457","targetHints":{"allow":["GET"]}}],"collection":[{"href":"http:\/\/demourshop.com\/en\/wp-json\/wp\/v2\/product"}],"about":[{"href":"http:\/\/demourshop.com\/en\/wp-json\/wp\/v2\/types\/product"}],"version-history":[{"count":4,"href":"http:\/\/demourshop.com\/en\/wp-json\/wp\/v2\/product\/70457\/revisions"}],"predecessor-version":[{"id":70465,"href":"http:\/\/demourshop.com\/en\/wp-json\/wp\/v2\/product\/70457\/revisions\/70465"}],"wp:featuredmedia":[{"embeddable":true,"href":"http:\/\/demourshop.com\/en\/wp-json\/wp\/v2\/media\/66651"}],"wp:attachment":[{"href":"http:\/\/demourshop.com\/en\/wp-json\/wp\/v2\/media?parent=70457"}],"wp:term":[{"taxonomy":"product_brand","embeddable":true,"href":"http:\/\/demourshop.com\/en\/wp-json\/wp\/v2\/product_brand?post=70457"},{"taxonomy":"product_cat","embeddable":true,"href":"http:\/\/demourshop.com\/en\/wp-json\/wp\/v2\/product_cat?post=70457"},{"taxonomy":"product_tag","embeddable":true,"href":"http:\/\/demourshop.com\/en\/wp-json\/wp\/v2\/product_tag?post=70457"}],"curies":[{"name":"wp","href":"https:\/\/api.w.org\/{rel}","templated":true}]}}