{"id":69481,"date":"2024-11-29T14:48:07","date_gmt":"2024-11-29T13:48:07","guid":{"rendered":"https:\/\/demourshop.com\/?post_type=product&#038;p=69481"},"modified":"2026-03-12T16:36:02","modified_gmt":"2026-03-12T15:36:02","slug":"100-cabernet-sauvignon","status":"publish","type":"product","link":"http:\/\/demourshop.com\/en\/product\/100-cabernet-sauvignon\/","title":{"rendered":"100% Cabernet Sauvignon"},"content":{"rendered":"<p>\u00c0 servir entre 16 et 17\u00b0C, avec une entrec\u00f4te grill\u00e9e, une c\u00f4te de b\u0153uf, une moussaka ou un plat \u00e9pic\u00e9. <strong>100% Cabernet Sauvignon<\/strong> s\u2019adresse aux amateurs de vins rouges droits, sans artifices, \u00e0 la personnalit\u00e9 bien marqu\u00e9e. \u00c0 boire d\u00e8s aujourd\u2019hui apr\u00e8s un court passage en carafe, ou \u00e0 conserver 3 \u00e0 5 ans pour plus de rondeur. Une belle surprise \u00e0 petit prix, sign\u00e9e De Mour.<\/p>\n<p>Ce vin est \u00e9galement parfait pour des repas conviviaux ou des grillades d\u2019\u00e9t\u00e9, o\u00f9 il accompagnera saucisses, l\u00e9gumes grill\u00e9s et brochettes avec caract\u00e8re. Il se pr\u00eate tr\u00e8s bien \u00e0 une consommation d\u00e9contract\u00e9e tout en gardant l\u2019identit\u00e9 d\u2019un c\u00e9page noble. Sa puret\u00e9 aromatique et son style direct s\u00e9duiront autant les n\u00e9ophytes que les amateurs \u00e9clair\u00e9s \u00e0 la recherche d\u2019un Cabernet franc, pr\u00e9cis et bien \u00e9quilibr\u00e9. <strong>100% Cabernet Sauvignon<\/strong> est une belle entr\u00e9e dans l\u2019univers des monoc\u00e9pages rouges de qualit\u00e9, \u00e0 savourer en toute simplicit\u00e9, avec plaisir et sans compromis sur l\u2019authenticit\u00e9.<\/p>","protected":false},"excerpt":{"rendered":"<p><strong>100% Cabernet Sauvignon<\/strong> \u2013 Vin rouge charpent\u00e9, \u00e9pic\u00e9 et moderne, sign\u00e9 De Mour. Id\u00e9al pour les amateurs de structure. Livraison rapide \u2013 prix propri\u00e9t\u00e9.<\/p>","protected":false},"featured_media":69482,"template":"","meta":{"_acf_changed":false},"product_brand":[],"product_cat":[378,633,464,507,552,383,382,395,375,393,160],"product_tag":[],"class_list":{"0":"post-69481","1":"product","2":"type-product","3":"status-publish","4":"has-post-thumbnail","6":"product_cat-appellations-vin-en-ligne","7":"product_cat-bordeaux-en-ligne","8":"product_cat-cabernet-sauvignon-en-ligne","9":"product_cat-cepages-vin-en-ligne","10":"product_cat-vin-par-couleur-en-ligne","11":"product_cat-vin-de-france-en-ligne","12":"product_cat-vin-par-pays-en-ligne","13":"product_cat-vin-agriculture-raisonnee","14":"product_cat-vin-rouge-en-ligne","15":"product_cat-vins-par-methode-de-vinification","16":"product_cat-vins-de-proprietes-en-ligne","17":"pa_appellations-bordeaux","18":"pa_cepages-cabernet-sauvignon","19":"pa_couleurs-rouge","20":"pa_formats-75cl","21":"pa_millesimes-180","22":"pa_pays-france","23":"pa_propriete-bordeaux","24":"pa_quantites-a-lunite","25":"pa_quantites-carton-de-3-bouteilles","26":"pa_quantites-carton-de-6-bouteilles","27":"pa_vinifications-raisonnee","29":"first","30":"instock","31":"taxable","32":"shipping-taxable","33":"purchasable","34":"product-type-simple"},"acf":[],"yoast_head":"<!-- This site is optimized with the Yoast SEO plugin v27.4 - https:\/\/yoast.com\/product\/yoast-seo-wordpress\/ -->\n<title>100% Cabernet Sauvignon - Demourshop<\/title>\n<meta name=\"description\" content=\"100% Cabernet Sauvignon \u2013 Un vin rouge franc, \u00e9pic\u00e9 et structur\u00e9 sign\u00e9 De Mour. Pour amateurs de caract\u00e8re. Livraison rapide \u2013 prix propri\u00e9t\u00e9.\" \/>\n<meta name=\"robots\" content=\"index, follow, max-snippet:-1, max-image-preview:large, max-video-preview:-1\" \/>\n<link rel=\"canonical\" href=\"http:\/\/demourshop.com\/en\/product\/100-cabernet-sauvignon\/\" \/>\n<meta property=\"og:locale\" content=\"en_GB\" \/>\n<meta property=\"og:type\" content=\"article\" \/>\n<meta property=\"og:title\" content=\"100% Cabernet Sauvignon - Demourshop\" \/>\n<meta property=\"og:description\" content=\"100% Cabernet Sauvignon \u2013 Un vin rouge franc, \u00e9pic\u00e9 et structur\u00e9 sign\u00e9 De Mour. Pour amateurs de caract\u00e8re. Livraison rapide \u2013 prix propri\u00e9t\u00e9.\" \/>\n<meta property=\"og:url\" content=\"http:\/\/demourshop.com\/en\/product\/100-cabernet-sauvignon\/\" \/>\n<meta property=\"og:site_name\" content=\"Demourshop\" \/>\n<meta property=\"article:modified_time\" content=\"2026-03-12T15:36:02+00:00\" \/>\n<meta property=\"og:image\" content=\"http:\/\/demourshop.com\/wp-content\/uploads\/2024\/11\/100-CS.png\" \/>\n\t<meta property=\"og:image:width\" content=\"700\" \/>\n\t<meta property=\"og:image:height\" content=\"700\" \/>\n\t<meta property=\"og:image:type\" content=\"image\/png\" \/>\n<meta name=\"twitter:card\" content=\"summary_large_image\" \/>\n<meta name=\"twitter:label1\" content=\"Estimated reading time\" \/>\n\t<meta name=\"twitter:data1\" content=\"3 minutes\" \/>\n<script type=\"application\/ld+json\" class=\"yoast-schema-graph\">{\"@context\":\"https:\\\/\\\/schema.org\",\"@graph\":[{\"@type\":\"WebPage\",\"@id\":\"http:\\\/\\\/demourshop.com\\\/produit\\\/100-cabernet-sauvignon\\\/\",\"url\":\"http:\\\/\\\/demourshop.com\\\/produit\\\/100-cabernet-sauvignon\\\/\",\"name\":\"100% Cabernet Sauvignon - Demourshop\",\"isPartOf\":{\"@id\":\"https:\\\/\\\/demourshop.com\\\/#website\"},\"primaryImageOfPage\":{\"@id\":\"http:\\\/\\\/demourshop.com\\\/produit\\\/100-cabernet-sauvignon\\\/#primaryimage\"},\"image\":{\"@id\":\"http:\\\/\\\/demourshop.com\\\/produit\\\/100-cabernet-sauvignon\\\/#primaryimage\"},\"thumbnailUrl\":\"http:\\\/\\\/demourshop.com\\\/wp-content\\\/uploads\\\/2024\\\/11\\\/100-CS.png\",\"datePublished\":\"2024-11-29T13:48:07+00:00\",\"dateModified\":\"2026-03-12T15:36:02+00:00\",\"description\":\"100% Cabernet Sauvignon \u2013 Un vin rouge franc, \u00e9pic\u00e9 et structur\u00e9 sign\u00e9 De Mour. Pour amateurs de caract\u00e8re. Livraison rapide \u2013 prix propri\u00e9t\u00e9.\",\"breadcrumb\":{\"@id\":\"http:\\\/\\\/demourshop.com\\\/produit\\\/100-cabernet-sauvignon\\\/#breadcrumb\"},\"inLanguage\":\"en-GB\",\"potentialAction\":[{\"@type\":\"ReadAction\",\"target\":[\"http:\\\/\\\/demourshop.com\\\/produit\\\/100-cabernet-sauvignon\\\/\"]}]},{\"@type\":\"ImageObject\",\"inLanguage\":\"en-GB\",\"@id\":\"http:\\\/\\\/demourshop.com\\\/produit\\\/100-cabernet-sauvignon\\\/#primaryimage\",\"url\":\"http:\\\/\\\/demourshop.com\\\/wp-content\\\/uploads\\\/2024\\\/11\\\/100-CS.png\",\"contentUrl\":\"http:\\\/\\\/demourshop.com\\\/wp-content\\\/uploads\\\/2024\\\/11\\\/100-CS.png\",\"width\":700,\"height\":700,\"caption\":\"Un Cabernet Sauvignon pur et intense, issu du terroir bordelais.\"},{\"@type\":\"BreadcrumbList\",\"@id\":\"http:\\\/\\\/demourshop.com\\\/produit\\\/100-cabernet-sauvignon\\\/#breadcrumb\",\"itemListElement\":[{\"@type\":\"ListItem\",\"position\":1,\"name\":\"Accueil\",\"item\":\"https:\\\/\\\/demourshop.com\\\/\"},{\"@type\":\"ListItem\",\"position\":2,\"name\":\"Boutique\",\"item\":\"https:\\\/\\\/demourshop.com\\\/boutique\\\/\"},{\"@type\":\"ListItem\",\"position\":3,\"name\":\"100% Cabernet Sauvignon\"}]},{\"@type\":\"WebSite\",\"@id\":\"https:\\\/\\\/demourshop.com\\\/#website\",\"url\":\"https:\\\/\\\/demourshop.com\\\/\",\"name\":\"Demourshop\",\"description\":\"\",\"publisher\":{\"@id\":\"https:\\\/\\\/demourshop.com\\\/#organization\"},\"potentialAction\":[{\"@type\":\"SearchAction\",\"target\":{\"@type\":\"EntryPoint\",\"urlTemplate\":\"https:\\\/\\\/demourshop.com\\\/?s={search_term_string}\"},\"query-input\":{\"@type\":\"PropertyValueSpecification\",\"valueRequired\":true,\"valueName\":\"search_term_string\"}}],\"inLanguage\":\"en-GB\"},{\"@type\":\"Organization\",\"@id\":\"https:\\\/\\\/demourshop.com\\\/#organization\",\"name\":\"Demourshop\",\"url\":\"https:\\\/\\\/demourshop.com\\\/\",\"logo\":{\"@type\":\"ImageObject\",\"inLanguage\":\"en-GB\",\"@id\":\"https:\\\/\\\/demourshop.com\\\/#\\\/schema\\\/logo\\\/image\\\/\",\"url\":\"http:\\\/\\\/demourshop.com\\\/wp-content\\\/uploads\\\/2023\\\/08\\\/logo-wine-2-1-1.png\",\"contentUrl\":\"http:\\\/\\\/demourshop.com\\\/wp-content\\\/uploads\\\/2023\\\/08\\\/logo-wine-2-1-1.png\",\"width\":400,\"height\":145,\"caption\":\"Demourshop\"},\"image\":{\"@id\":\"https:\\\/\\\/demourshop.com\\\/#\\\/schema\\\/logo\\\/image\\\/\"}}]}<\/script>\n<!-- \/ Yoast SEO plugin. -->","yoast_head_json":{"title":"100% Cabernet Sauvignon - Demourshop","description":"100% Cabernet Sauvignon \u2013 Un vin rouge franc, \u00e9pic\u00e9 et structur\u00e9 sign\u00e9 De Mour. Pour amateurs de caract\u00e8re. Livraison rapide \u2013 prix propri\u00e9t\u00e9.","robots":{"index":"index","follow":"follow","max-snippet":"max-snippet:-1","max-image-preview":"max-image-preview:large","max-video-preview":"max-video-preview:-1"},"canonical":"http:\/\/demourshop.com\/en\/product\/100-cabernet-sauvignon\/","og_locale":"en_GB","og_type":"article","og_title":"100% Cabernet Sauvignon - Demourshop","og_description":"100% Cabernet Sauvignon \u2013 Un vin rouge franc, \u00e9pic\u00e9 et structur\u00e9 sign\u00e9 De Mour. Pour amateurs de caract\u00e8re. Livraison rapide \u2013 prix propri\u00e9t\u00e9.","og_url":"http:\/\/demourshop.com\/en\/product\/100-cabernet-sauvignon\/","og_site_name":"Demourshop","article_modified_time":"2026-03-12T15:36:02+00:00","og_image":[{"width":700,"height":700,"url":"http:\/\/demourshop.com\/wp-content\/uploads\/2024\/11\/100-CS.png","type":"image\/png"}],"twitter_card":"summary_large_image","twitter_misc":{"Estimated reading time":"3 minutes"},"schema":{"@context":"https:\/\/schema.org","@graph":[{"@type":"WebPage","@id":"http:\/\/demourshop.com\/produit\/100-cabernet-sauvignon\/","url":"http:\/\/demourshop.com\/produit\/100-cabernet-sauvignon\/","name":"100% Cabernet Sauvignon - Demourshop","isPartOf":{"@id":"https:\/\/demourshop.com\/#website"},"primaryImageOfPage":{"@id":"http:\/\/demourshop.com\/produit\/100-cabernet-sauvignon\/#primaryimage"},"image":{"@id":"http:\/\/demourshop.com\/produit\/100-cabernet-sauvignon\/#primaryimage"},"thumbnailUrl":"http:\/\/demourshop.com\/wp-content\/uploads\/2024\/11\/100-CS.png","datePublished":"2024-11-29T13:48:07+00:00","dateModified":"2026-03-12T15:36:02+00:00","description":"100% Cabernet Sauvignon \u2013 Un vin rouge franc, \u00e9pic\u00e9 et structur\u00e9 sign\u00e9 De Mour. Pour amateurs de caract\u00e8re. Livraison rapide \u2013 prix propri\u00e9t\u00e9.","breadcrumb":{"@id":"http:\/\/demourshop.com\/produit\/100-cabernet-sauvignon\/#breadcrumb"},"inLanguage":"en-GB","potentialAction":[{"@type":"ReadAction","target":["http:\/\/demourshop.com\/produit\/100-cabernet-sauvignon\/"]}]},{"@type":"ImageObject","inLanguage":"en-GB","@id":"http:\/\/demourshop.com\/produit\/100-cabernet-sauvignon\/#primaryimage","url":"http:\/\/demourshop.com\/wp-content\/uploads\/2024\/11\/100-CS.png","contentUrl":"http:\/\/demourshop.com\/wp-content\/uploads\/2024\/11\/100-CS.png","width":700,"height":700,"caption":"Un Cabernet Sauvignon pur et intense, issu du terroir bordelais."},{"@type":"BreadcrumbList","@id":"http:\/\/demourshop.com\/produit\/100-cabernet-sauvignon\/#breadcrumb","itemListElement":[{"@type":"ListItem","position":1,"name":"Accueil","item":"https:\/\/demourshop.com\/"},{"@type":"ListItem","position":2,"name":"Boutique","item":"https:\/\/demourshop.com\/boutique\/"},{"@type":"ListItem","position":3,"name":"100% Cabernet Sauvignon"}]},{"@type":"WebSite","@id":"https:\/\/demourshop.com\/#website","url":"https:\/\/demourshop.com\/","name":"Demourshop","description":"","publisher":{"@id":"https:\/\/demourshop.com\/#organization"},"potentialAction":[{"@type":"SearchAction","target":{"@type":"EntryPoint","urlTemplate":"https:\/\/demourshop.com\/?s={search_term_string}"},"query-input":{"@type":"PropertyValueSpecification","valueRequired":true,"valueName":"search_term_string"}}],"inLanguage":"en-GB"},{"@type":"Organization","@id":"https:\/\/demourshop.com\/#organization","name":"Demourshop","url":"https:\/\/demourshop.com\/","logo":{"@type":"ImageObject","inLanguage":"en-GB","@id":"https:\/\/demourshop.com\/#\/schema\/logo\/image\/","url":"http:\/\/demourshop.com\/wp-content\/uploads\/2023\/08\/logo-wine-2-1-1.png","contentUrl":"http:\/\/demourshop.com\/wp-content\/uploads\/2023\/08\/logo-wine-2-1-1.png","width":400,"height":145,"caption":"Demourshop"},"image":{"@id":"https:\/\/demourshop.com\/#\/schema\/logo\/image\/"}}]}},"_links":{"self":[{"href":"http:\/\/demourshop.com\/en\/wp-json\/wp\/v2\/product\/69481","targetHints":{"allow":["GET"]}}],"collection":[{"href":"http:\/\/demourshop.com\/en\/wp-json\/wp\/v2\/product"}],"about":[{"href":"http:\/\/demourshop.com\/en\/wp-json\/wp\/v2\/types\/product"}],"version-history":[{"count":3,"href":"http:\/\/demourshop.com\/en\/wp-json\/wp\/v2\/product\/69481\/revisions"}],"predecessor-version":[{"id":70625,"href":"http:\/\/demourshop.com\/en\/wp-json\/wp\/v2\/product\/69481\/revisions\/70625"}],"wp:featuredmedia":[{"embeddable":true,"href":"http:\/\/demourshop.com\/en\/wp-json\/wp\/v2\/media\/69482"}],"wp:attachment":[{"href":"http:\/\/demourshop.com\/en\/wp-json\/wp\/v2\/media?parent=69481"}],"wp:term":[{"taxonomy":"product_brand","embeddable":true,"href":"http:\/\/demourshop.com\/en\/wp-json\/wp\/v2\/product_brand?post=69481"},{"taxonomy":"product_cat","embeddable":true,"href":"http:\/\/demourshop.com\/en\/wp-json\/wp\/v2\/product_cat?post=69481"},{"taxonomy":"product_tag","embeddable":true,"href":"http:\/\/demourshop.com\/en\/wp-json\/wp\/v2\/product_tag?post=69481"}],"curies":[{"name":"wp","href":"https:\/\/api.w.org\/{rel}","templated":true}]}}