{"id":69478,"date":"2024-11-29T14:41:53","date_gmt":"2024-11-29T13:41:53","guid":{"rendered":"https:\/\/demourshop.com\/?post_type=product&#038;p=69478"},"modified":"2026-03-12T16:36:46","modified_gmt":"2026-03-12T15:36:46","slug":"100-petit-verdot","status":"publish","type":"product","link":"http:\/\/demourshop.com\/en\/product\/100-petit-verdot\/","title":{"rendered":"100% Petit Verdot"},"content":{"rendered":"<p>Servez \u00e0 17\u00b0C avec un plat de caract\u00e8re : entrec\u00f4te, tajine d\u2019agneau aux pruneaux, chili con carne ou fromages affin\u00e9s. <strong>100% Petit Verdot<\/strong> peut aussi surprendre avec une cuisine \u00e9pic\u00e9e ou v\u00e9g\u00e9tarienne g\u00e9n\u00e9reuse (aubergines r\u00f4ties, curry doux). Ce vin est id\u00e9al pour explorer la richesse d\u2019un c\u00e9page atypique, souvent utilis\u00e9 en faible proportion dans les grands crus class\u00e9s. Il peut \u00eatre d\u00e9gust\u00e9 d\u00e8s aujourd\u2019hui, ou conserv\u00e9 3 \u00e0 5 ans. Une bouteille \u00e0 faire d\u00e9couvrir autour de soi, pour casser les codes et \u00e9largir ses horizons \u0153nologiques.<\/p>","protected":false},"excerpt":{"rendered":"<p><strong>100% Petit Verdot<\/strong> \u2013 Vin rouge de caract\u00e8re, \u00e9pic\u00e9 et structur\u00e9. Une raret\u00e9 sign\u00e9e De Mour pour amateurs de c\u00e9pages originaux. Livraison rapide \u2013 prix propri\u00e9t\u00e9.<\/p>","protected":false},"featured_media":69479,"template":"","meta":{"_acf_changed":false},"product_brand":[],"product_cat":[378,633,507,552,383,382,420,395,375,393,160],"product_tag":[],"class_list":{"0":"post-69478","1":"product","2":"type-product","3":"status-publish","4":"has-post-thumbnail","6":"product_cat-appellations-vin-en-ligne","7":"product_cat-bordeaux-en-ligne","8":"product_cat-cepages-vin-en-ligne","9":"product_cat-vin-par-couleur-en-ligne","10":"product_cat-vin-de-france-en-ligne","11":"product_cat-vin-par-pays-en-ligne","12":"product_cat-petit-verdot-en-ligne","13":"product_cat-vin-agriculture-raisonnee","14":"product_cat-vin-rouge-en-ligne","15":"product_cat-vins-par-methode-de-vinification","16":"product_cat-vins-de-proprietes-en-ligne","17":"pa_appellations-bordeaux","18":"pa_cepages-petit-verdot","19":"pa_couleurs-rouge","20":"pa_formats-75cl","21":"pa_millesimes-180","22":"pa_pays-france","23":"pa_propriete-bordeaux","24":"pa_quantites-a-lunite","25":"pa_quantites-carton-de-3-bouteilles","26":"pa_quantites-carton-de-6-bouteilles","27":"pa_vinifications-raisonnee","29":"first","30":"instock","31":"taxable","32":"shipping-taxable","33":"purchasable","34":"product-type-simple"},"acf":[],"yoast_head":"<!-- This site is optimized with the Yoast SEO plugin v27.4 - https:\/\/yoast.com\/product\/yoast-seo-wordpress\/ -->\n<title>100% Petit Verdot - Demourshop<\/title>\n<meta name=\"description\" content=\"100% Petit Verdot \u2013 Cuv\u00e9e rare et intense sign\u00e9e De Mour. Un vin rouge de caract\u00e8re, structur\u00e9 et \u00e9pic\u00e9. Livraison rapide \u2013 prix propri\u00e9t\u00e9.\" \/>\n<meta name=\"robots\" content=\"index, follow, max-snippet:-1, max-image-preview:large, max-video-preview:-1\" \/>\n<link rel=\"canonical\" href=\"https:\/\/demourshop.com\/en\/product\/100-petit-verdot\/\" \/>\n<meta property=\"og:locale\" content=\"en_GB\" \/>\n<meta property=\"og:type\" content=\"article\" \/>\n<meta property=\"og:title\" content=\"100% Petit Verdot - Demourshop\" \/>\n<meta property=\"og:description\" content=\"100% Petit Verdot \u2013 Cuv\u00e9e rare et intense sign\u00e9e De Mour. Un vin rouge de caract\u00e8re, structur\u00e9 et \u00e9pic\u00e9. Livraison rapide \u2013 prix propri\u00e9t\u00e9.\" \/>\n<meta property=\"og:url\" content=\"https:\/\/demourshop.com\/en\/product\/100-petit-verdot\/\" \/>\n<meta property=\"og:site_name\" content=\"Demourshop\" \/>\n<meta property=\"article:modified_time\" content=\"2026-03-12T15:36:46+00:00\" \/>\n<meta property=\"og:image\" content=\"http:\/\/demourshop.com\/wp-content\/uploads\/2024\/11\/100-PV.png\" \/>\n\t<meta property=\"og:image:width\" content=\"700\" \/>\n\t<meta property=\"og:image:height\" content=\"700\" \/>\n\t<meta property=\"og:image:type\" content=\"image\/png\" \/>\n<meta name=\"twitter:card\" content=\"summary_large_image\" \/>\n<meta name=\"twitter:label1\" content=\"Estimated reading time\" \/>\n\t<meta name=\"twitter:data1\" content=\"2 minutes\" \/>\n<script type=\"application\/ld+json\" class=\"yoast-schema-graph\">{\"@context\":\"https:\\\/\\\/schema.org\",\"@graph\":[{\"@type\":\"WebPage\",\"@id\":\"https:\\\/\\\/demourshop.com\\\/produit\\\/100-petit-verdot\\\/\",\"url\":\"https:\\\/\\\/demourshop.com\\\/produit\\\/100-petit-verdot\\\/\",\"name\":\"100% Petit Verdot - Demourshop\",\"isPartOf\":{\"@id\":\"https:\\\/\\\/demourshop.com\\\/#website\"},\"primaryImageOfPage\":{\"@id\":\"https:\\\/\\\/demourshop.com\\\/produit\\\/100-petit-verdot\\\/#primaryimage\"},\"image\":{\"@id\":\"https:\\\/\\\/demourshop.com\\\/produit\\\/100-petit-verdot\\\/#primaryimage\"},\"thumbnailUrl\":\"http:\\\/\\\/demourshop.com\\\/wp-content\\\/uploads\\\/2024\\\/11\\\/100-PV.png\",\"datePublished\":\"2024-11-29T13:41:53+00:00\",\"dateModified\":\"2026-03-12T15:36:46+00:00\",\"description\":\"100% Petit Verdot \u2013 Cuv\u00e9e rare et intense sign\u00e9e De Mour. Un vin rouge de caract\u00e8re, structur\u00e9 et \u00e9pic\u00e9. Livraison rapide \u2013 prix propri\u00e9t\u00e9.\",\"breadcrumb\":{\"@id\":\"https:\\\/\\\/demourshop.com\\\/produit\\\/100-petit-verdot\\\/#breadcrumb\"},\"inLanguage\":\"en-GB\",\"potentialAction\":[{\"@type\":\"ReadAction\",\"target\":[\"https:\\\/\\\/demourshop.com\\\/produit\\\/100-petit-verdot\\\/\"]}]},{\"@type\":\"ImageObject\",\"inLanguage\":\"en-GB\",\"@id\":\"https:\\\/\\\/demourshop.com\\\/produit\\\/100-petit-verdot\\\/#primaryimage\",\"url\":\"http:\\\/\\\/demourshop.com\\\/wp-content\\\/uploads\\\/2024\\\/11\\\/100-PV.png\",\"contentUrl\":\"http:\\\/\\\/demourshop.com\\\/wp-content\\\/uploads\\\/2024\\\/11\\\/100-PV.png\",\"width\":700,\"height\":700,\"caption\":\"Un Petit Verdot puissant et structur\u00e9, reflet du terroir bordelais.\"},{\"@type\":\"BreadcrumbList\",\"@id\":\"https:\\\/\\\/demourshop.com\\\/produit\\\/100-petit-verdot\\\/#breadcrumb\",\"itemListElement\":[{\"@type\":\"ListItem\",\"position\":1,\"name\":\"Accueil\",\"item\":\"https:\\\/\\\/demourshop.com\\\/\"},{\"@type\":\"ListItem\",\"position\":2,\"name\":\"Boutique\",\"item\":\"https:\\\/\\\/demourshop.com\\\/boutique\\\/\"},{\"@type\":\"ListItem\",\"position\":3,\"name\":\"100% Petit Verdot\"}]},{\"@type\":\"WebSite\",\"@id\":\"https:\\\/\\\/demourshop.com\\\/#website\",\"url\":\"https:\\\/\\\/demourshop.com\\\/\",\"name\":\"Demourshop\",\"description\":\"\",\"publisher\":{\"@id\":\"https:\\\/\\\/demourshop.com\\\/#organization\"},\"potentialAction\":[{\"@type\":\"SearchAction\",\"target\":{\"@type\":\"EntryPoint\",\"urlTemplate\":\"https:\\\/\\\/demourshop.com\\\/?s={search_term_string}\"},\"query-input\":{\"@type\":\"PropertyValueSpecification\",\"valueRequired\":true,\"valueName\":\"search_term_string\"}}],\"inLanguage\":\"en-GB\"},{\"@type\":\"Organization\",\"@id\":\"https:\\\/\\\/demourshop.com\\\/#organization\",\"name\":\"Demourshop\",\"url\":\"https:\\\/\\\/demourshop.com\\\/\",\"logo\":{\"@type\":\"ImageObject\",\"inLanguage\":\"en-GB\",\"@id\":\"https:\\\/\\\/demourshop.com\\\/#\\\/schema\\\/logo\\\/image\\\/\",\"url\":\"http:\\\/\\\/demourshop.com\\\/wp-content\\\/uploads\\\/2023\\\/08\\\/logo-wine-2-1-1.png\",\"contentUrl\":\"http:\\\/\\\/demourshop.com\\\/wp-content\\\/uploads\\\/2023\\\/08\\\/logo-wine-2-1-1.png\",\"width\":400,\"height\":145,\"caption\":\"Demourshop\"},\"image\":{\"@id\":\"https:\\\/\\\/demourshop.com\\\/#\\\/schema\\\/logo\\\/image\\\/\"}}]}<\/script>\n<!-- \/ Yoast SEO plugin. -->","yoast_head_json":{"title":"100% Petit Verdot - Demourshop","description":"100% Petit Verdot \u2013 Cuv\u00e9e rare et intense sign\u00e9e De Mour. Un vin rouge de caract\u00e8re, structur\u00e9 et \u00e9pic\u00e9. Livraison rapide \u2013 prix propri\u00e9t\u00e9.","robots":{"index":"index","follow":"follow","max-snippet":"max-snippet:-1","max-image-preview":"max-image-preview:large","max-video-preview":"max-video-preview:-1"},"canonical":"https:\/\/demourshop.com\/en\/product\/100-petit-verdot\/","og_locale":"en_GB","og_type":"article","og_title":"100% Petit Verdot - Demourshop","og_description":"100% Petit Verdot \u2013 Cuv\u00e9e rare et intense sign\u00e9e De Mour. Un vin rouge de caract\u00e8re, structur\u00e9 et \u00e9pic\u00e9. Livraison rapide \u2013 prix propri\u00e9t\u00e9.","og_url":"https:\/\/demourshop.com\/en\/product\/100-petit-verdot\/","og_site_name":"Demourshop","article_modified_time":"2026-03-12T15:36:46+00:00","og_image":[{"width":700,"height":700,"url":"http:\/\/demourshop.com\/wp-content\/uploads\/2024\/11\/100-PV.png","type":"image\/png"}],"twitter_card":"summary_large_image","twitter_misc":{"Estimated reading time":"2 minutes"},"schema":{"@context":"https:\/\/schema.org","@graph":[{"@type":"WebPage","@id":"https:\/\/demourshop.com\/produit\/100-petit-verdot\/","url":"https:\/\/demourshop.com\/produit\/100-petit-verdot\/","name":"100% Petit Verdot - Demourshop","isPartOf":{"@id":"https:\/\/demourshop.com\/#website"},"primaryImageOfPage":{"@id":"https:\/\/demourshop.com\/produit\/100-petit-verdot\/#primaryimage"},"image":{"@id":"https:\/\/demourshop.com\/produit\/100-petit-verdot\/#primaryimage"},"thumbnailUrl":"http:\/\/demourshop.com\/wp-content\/uploads\/2024\/11\/100-PV.png","datePublished":"2024-11-29T13:41:53+00:00","dateModified":"2026-03-12T15:36:46+00:00","description":"100% Petit Verdot \u2013 Cuv\u00e9e rare et intense sign\u00e9e De Mour. Un vin rouge de caract\u00e8re, structur\u00e9 et \u00e9pic\u00e9. Livraison rapide \u2013 prix propri\u00e9t\u00e9.","breadcrumb":{"@id":"https:\/\/demourshop.com\/produit\/100-petit-verdot\/#breadcrumb"},"inLanguage":"en-GB","potentialAction":[{"@type":"ReadAction","target":["https:\/\/demourshop.com\/produit\/100-petit-verdot\/"]}]},{"@type":"ImageObject","inLanguage":"en-GB","@id":"https:\/\/demourshop.com\/produit\/100-petit-verdot\/#primaryimage","url":"http:\/\/demourshop.com\/wp-content\/uploads\/2024\/11\/100-PV.png","contentUrl":"http:\/\/demourshop.com\/wp-content\/uploads\/2024\/11\/100-PV.png","width":700,"height":700,"caption":"Un Petit Verdot puissant et structur\u00e9, reflet du terroir bordelais."},{"@type":"BreadcrumbList","@id":"https:\/\/demourshop.com\/produit\/100-petit-verdot\/#breadcrumb","itemListElement":[{"@type":"ListItem","position":1,"name":"Accueil","item":"https:\/\/demourshop.com\/"},{"@type":"ListItem","position":2,"name":"Boutique","item":"https:\/\/demourshop.com\/boutique\/"},{"@type":"ListItem","position":3,"name":"100% Petit Verdot"}]},{"@type":"WebSite","@id":"https:\/\/demourshop.com\/#website","url":"https:\/\/demourshop.com\/","name":"Demourshop","description":"","publisher":{"@id":"https:\/\/demourshop.com\/#organization"},"potentialAction":[{"@type":"SearchAction","target":{"@type":"EntryPoint","urlTemplate":"https:\/\/demourshop.com\/?s={search_term_string}"},"query-input":{"@type":"PropertyValueSpecification","valueRequired":true,"valueName":"search_term_string"}}],"inLanguage":"en-GB"},{"@type":"Organization","@id":"https:\/\/demourshop.com\/#organization","name":"Demourshop","url":"https:\/\/demourshop.com\/","logo":{"@type":"ImageObject","inLanguage":"en-GB","@id":"https:\/\/demourshop.com\/#\/schema\/logo\/image\/","url":"http:\/\/demourshop.com\/wp-content\/uploads\/2023\/08\/logo-wine-2-1-1.png","contentUrl":"http:\/\/demourshop.com\/wp-content\/uploads\/2023\/08\/logo-wine-2-1-1.png","width":400,"height":145,"caption":"Demourshop"},"image":{"@id":"https:\/\/demourshop.com\/#\/schema\/logo\/image\/"}}]}},"_links":{"self":[{"href":"http:\/\/demourshop.com\/en\/wp-json\/wp\/v2\/product\/69478","targetHints":{"allow":["GET"]}}],"collection":[{"href":"http:\/\/demourshop.com\/en\/wp-json\/wp\/v2\/product"}],"about":[{"href":"http:\/\/demourshop.com\/en\/wp-json\/wp\/v2\/types\/product"}],"version-history":[{"count":3,"href":"http:\/\/demourshop.com\/en\/wp-json\/wp\/v2\/product\/69478\/revisions"}],"predecessor-version":[{"id":70626,"href":"http:\/\/demourshop.com\/en\/wp-json\/wp\/v2\/product\/69478\/revisions\/70626"}],"wp:featuredmedia":[{"embeddable":true,"href":"http:\/\/demourshop.com\/en\/wp-json\/wp\/v2\/media\/69479"}],"wp:attachment":[{"href":"http:\/\/demourshop.com\/en\/wp-json\/wp\/v2\/media?parent=69478"}],"wp:term":[{"taxonomy":"product_brand","embeddable":true,"href":"http:\/\/demourshop.com\/en\/wp-json\/wp\/v2\/product_brand?post=69478"},{"taxonomy":"product_cat","embeddable":true,"href":"http:\/\/demourshop.com\/en\/wp-json\/wp\/v2\/product_cat?post=69478"},{"taxonomy":"product_tag","embeddable":true,"href":"http:\/\/demourshop.com\/en\/wp-json\/wp\/v2\/product_tag?post=69478"}],"curies":[{"name":"wp","href":"https:\/\/api.w.org\/{rel}","templated":true}]}}