{"id":66437,"date":"2024-10-22T12:44:13","date_gmt":"2024-10-22T10:44:13","guid":{"rendered":"https:\/\/demourshop.com\/?post_type=product&#038;p=66437"},"modified":"2025-12-18T11:48:36","modified_gmt":"2025-12-18T10:48:36","slug":"chateau-la-croizille-2017","status":"publish","type":"product","link":"http:\/\/demourshop.com\/en\/product\/chateau-la-croizille-2017\/","title":{"rendered":"Ch\u00e2teau La Croizille 2017"},"content":{"rendered":"<p>\u00c0 servir \u00e0 16\u201317\u00b0C avec une volaille r\u00f4tie, une blanquette, un gratin de l\u00e9gumes ou des fromages doux. <strong>Ch\u00e2teau La Croizille 2017<\/strong> s\u00e9duit par sa souplesse, son \u00e9quilibre et sa buvabilit\u00e9. Id\u00e9al pour ceux qui recherchent un Bordeaux digeste et \u00e9l\u00e9gant. Ce mill\u00e9sime peut \u00eatre d\u00e9gust\u00e9 d\u00e8s maintenant, apr\u00e8s une courte a\u00e9ration, ou se conserver 5 \u00e0 7 ans. Une belle d\u00e9couverte pour les amateurs de Saint-\u00c9milion plus l\u00e9gers, tout en gardant la patte du domaine : pr\u00e9cision, terroir, modernit\u00e9. \u00c0 partager autour d\u2019un repas simple mais raffin\u00e9.<\/p>","protected":false},"excerpt":{"rendered":"<p><strong>Ch\u00e2teau La Croizille 2017<\/strong> \u2013 Saint-\u00c9milion Grand Cru fin et \u00e9quilibr\u00e9. Un mill\u00e9sime plus frais, \u00e0 la belle buvabilit\u00e9. Livraison rapide \u2013 prix propri\u00e9t\u00e9.<\/p>","protected":false},"featured_media":66649,"template":"","meta":{"_acf_changed":false},"product_brand":[],"product_cat":[378,464,507,552,383,396,409,382,379,375,393,160],"product_tag":[],"class_list":{"0":"post-66437","1":"product","2":"type-product","3":"status-publish","4":"has-post-thumbnail","6":"product_cat-appellations-vin-en-ligne","7":"product_cat-cabernet-sauvignon-en-ligne","8":"product_cat-cepages-vin-en-ligne","9":"product_cat-vin-par-couleur-en-ligne","10":"product_cat-vin-de-france-en-ligne","11":"product_cat-vin-hve-en-ligne","12":"product_cat-merlot-en-ligne","13":"product_cat-vin-par-pays-en-ligne","14":"product_cat-saint-emilion-grand-cru-en-ligne","15":"product_cat-vin-rouge-en-ligne","16":"product_cat-vins-par-methode-de-vinification","17":"product_cat-vins-de-proprietes-en-ligne","18":"pa_appellations-saint-emilion-grand-cru","19":"pa_cepages-cabernet-sauvignon","20":"pa_cepages-merlot","21":"pa_couleurs-rouge","22":"pa_formats-75cl","23":"pa_millesimes-589","24":"pa_millesimes-580","25":"pa_millesimes-186","26":"pa_millesimes-184","27":"pa_millesimes-181","28":"pa_millesimes-180","29":"pa_millesimes-179","30":"pa_millesimes-178","31":"pa_millesimes-176","32":"pa_millesimes-174","33":"pa_millesimes-617","34":"pa_pays-france","35":"pa_propriete-saint-emilion-grand-cru","36":"pa_quantites-a-lunite","37":"pa_quantites-carton-de-3-bouteilles","38":"pa_quantites-carton-de-6-bouteilles","39":"pa_vinifications-hve","41":"first","42":"instock","43":"taxable","44":"shipping-taxable","45":"purchasable","46":"product-type-simple"},"acf":[],"yoast_head":"<!-- This site is optimized with the Yoast SEO plugin v27.4 - https:\/\/yoast.com\/product\/yoast-seo-wordpress\/ -->\n<title>Ch\u00e2teau La Croizille 2017 - Demourshop<\/title>\n<meta name=\"description\" content=\"Ch\u00e2teau La Croizille 2017 \u2013 Un Saint-\u00c9milion Grand Cru fin, \u00e9quilibr\u00e9 et digeste. \u00c0 d\u00e9guster d\u00e8s aujourd\u2019hui. Livraison rapide \u2013 prix propri\u00e9t\u00e9.\" \/>\n<meta name=\"robots\" content=\"index, follow, max-snippet:-1, max-image-preview:large, max-video-preview:-1\" \/>\n<link rel=\"canonical\" href=\"https:\/\/demourshop.com\/en\/product\/chateau-la-croizille-2017\/\" \/>\n<meta property=\"og:locale\" content=\"en_GB\" \/>\n<meta property=\"og:type\" content=\"article\" \/>\n<meta property=\"og:title\" content=\"Ch\u00e2teau La Croizille 2017 - Demourshop\" \/>\n<meta property=\"og:description\" content=\"Ch\u00e2teau La Croizille 2017 \u2013 Un Saint-\u00c9milion Grand Cru fin, \u00e9quilibr\u00e9 et digeste. \u00c0 d\u00e9guster d\u00e8s aujourd\u2019hui. Livraison rapide \u2013 prix propri\u00e9t\u00e9.\" \/>\n<meta property=\"og:url\" content=\"https:\/\/demourshop.com\/en\/product\/chateau-la-croizille-2017\/\" \/>\n<meta property=\"og:site_name\" content=\"Demourshop\" \/>\n<meta property=\"article:modified_time\" content=\"2025-12-18T10:48:36+00:00\" \/>\n<meta property=\"og:image\" content=\"http:\/\/demourshop.com\/wp-content\/uploads\/2024\/10\/chateau-La-Croizille-1.png\" \/>\n\t<meta property=\"og:image:width\" content=\"1080\" \/>\n\t<meta property=\"og:image:height\" content=\"1080\" \/>\n\t<meta property=\"og:image:type\" content=\"image\/png\" \/>\n<meta name=\"twitter:card\" content=\"summary_large_image\" \/>\n<meta name=\"twitter:label1\" content=\"Estimated reading time\" \/>\n\t<meta name=\"twitter:data1\" content=\"3 minutes\" \/>\n<script type=\"application\/ld+json\" class=\"yoast-schema-graph\">{\"@context\":\"https:\\\/\\\/schema.org\",\"@graph\":[{\"@type\":\"WebPage\",\"@id\":\"https:\\\/\\\/demourshop.com\\\/produit\\\/chateau-la-croizille-2017\\\/\",\"url\":\"https:\\\/\\\/demourshop.com\\\/produit\\\/chateau-la-croizille-2017\\\/\",\"name\":\"Ch\u00e2teau La Croizille 2017 - Demourshop\",\"isPartOf\":{\"@id\":\"https:\\\/\\\/demourshop.com\\\/#website\"},\"primaryImageOfPage\":{\"@id\":\"https:\\\/\\\/demourshop.com\\\/produit\\\/chateau-la-croizille-2017\\\/#primaryimage\"},\"image\":{\"@id\":\"https:\\\/\\\/demourshop.com\\\/produit\\\/chateau-la-croizille-2017\\\/#primaryimage\"},\"thumbnailUrl\":\"http:\\\/\\\/demourshop.com\\\/wp-content\\\/uploads\\\/2024\\\/10\\\/chateau-La-Croizille-1.png\",\"datePublished\":\"2024-10-22T10:44:13+00:00\",\"dateModified\":\"2025-12-18T10:48:36+00:00\",\"description\":\"Ch\u00e2teau La Croizille 2017 \u2013 Un Saint-\u00c9milion Grand Cru fin, \u00e9quilibr\u00e9 et digeste. \u00c0 d\u00e9guster d\u00e8s aujourd\u2019hui. Livraison rapide \u2013 prix propri\u00e9t\u00e9.\",\"breadcrumb\":{\"@id\":\"https:\\\/\\\/demourshop.com\\\/produit\\\/chateau-la-croizille-2017\\\/#breadcrumb\"},\"inLanguage\":\"en-GB\",\"potentialAction\":[{\"@type\":\"ReadAction\",\"target\":[\"https:\\\/\\\/demourshop.com\\\/produit\\\/chateau-la-croizille-2017\\\/\"]}]},{\"@type\":\"ImageObject\",\"inLanguage\":\"en-GB\",\"@id\":\"https:\\\/\\\/demourshop.com\\\/produit\\\/chateau-la-croizille-2017\\\/#primaryimage\",\"url\":\"http:\\\/\\\/demourshop.com\\\/wp-content\\\/uploads\\\/2024\\\/10\\\/chateau-La-Croizille-1.png\",\"contentUrl\":\"http:\\\/\\\/demourshop.com\\\/wp-content\\\/uploads\\\/2024\\\/10\\\/chateau-La-Croizille-1.png\",\"width\":1080,\"height\":1080,\"caption\":\"Ch\u00e2teau La Croizille vin rouge Saint-\u00c9milion Grand Cru\"},{\"@type\":\"BreadcrumbList\",\"@id\":\"https:\\\/\\\/demourshop.com\\\/produit\\\/chateau-la-croizille-2017\\\/#breadcrumb\",\"itemListElement\":[{\"@type\":\"ListItem\",\"position\":1,\"name\":\"Accueil\",\"item\":\"https:\\\/\\\/demourshop.com\\\/\"},{\"@type\":\"ListItem\",\"position\":2,\"name\":\"Boutique\",\"item\":\"https:\\\/\\\/demourshop.com\\\/boutique\\\/\"},{\"@type\":\"ListItem\",\"position\":3,\"name\":\"Ch\u00e2teau La Croizille 2017\"}]},{\"@type\":\"WebSite\",\"@id\":\"https:\\\/\\\/demourshop.com\\\/#website\",\"url\":\"https:\\\/\\\/demourshop.com\\\/\",\"name\":\"Demourshop\",\"description\":\"\",\"publisher\":{\"@id\":\"https:\\\/\\\/demourshop.com\\\/#organization\"},\"potentialAction\":[{\"@type\":\"SearchAction\",\"target\":{\"@type\":\"EntryPoint\",\"urlTemplate\":\"https:\\\/\\\/demourshop.com\\\/?s={search_term_string}\"},\"query-input\":{\"@type\":\"PropertyValueSpecification\",\"valueRequired\":true,\"valueName\":\"search_term_string\"}}],\"inLanguage\":\"en-GB\"},{\"@type\":\"Organization\",\"@id\":\"https:\\\/\\\/demourshop.com\\\/#organization\",\"name\":\"Demourshop\",\"url\":\"https:\\\/\\\/demourshop.com\\\/\",\"logo\":{\"@type\":\"ImageObject\",\"inLanguage\":\"en-GB\",\"@id\":\"https:\\\/\\\/demourshop.com\\\/#\\\/schema\\\/logo\\\/image\\\/\",\"url\":\"http:\\\/\\\/demourshop.com\\\/wp-content\\\/uploads\\\/2023\\\/08\\\/logo-wine-2-1-1.png\",\"contentUrl\":\"http:\\\/\\\/demourshop.com\\\/wp-content\\\/uploads\\\/2023\\\/08\\\/logo-wine-2-1-1.png\",\"width\":400,\"height\":145,\"caption\":\"Demourshop\"},\"image\":{\"@id\":\"https:\\\/\\\/demourshop.com\\\/#\\\/schema\\\/logo\\\/image\\\/\"}}]}<\/script>\n<!-- \/ Yoast SEO plugin. -->","yoast_head_json":{"title":"Ch\u00e2teau La Croizille 2017 - Demourshop","description":"Ch\u00e2teau La Croizille 2017 \u2013 Un Saint-\u00c9milion Grand Cru fin, \u00e9quilibr\u00e9 et digeste. \u00c0 d\u00e9guster d\u00e8s aujourd\u2019hui. Livraison rapide \u2013 prix propri\u00e9t\u00e9.","robots":{"index":"index","follow":"follow","max-snippet":"max-snippet:-1","max-image-preview":"max-image-preview:large","max-video-preview":"max-video-preview:-1"},"canonical":"https:\/\/demourshop.com\/en\/product\/chateau-la-croizille-2017\/","og_locale":"en_GB","og_type":"article","og_title":"Ch\u00e2teau La Croizille 2017 - Demourshop","og_description":"Ch\u00e2teau La Croizille 2017 \u2013 Un Saint-\u00c9milion Grand Cru fin, \u00e9quilibr\u00e9 et digeste. \u00c0 d\u00e9guster d\u00e8s aujourd\u2019hui. Livraison rapide \u2013 prix propri\u00e9t\u00e9.","og_url":"https:\/\/demourshop.com\/en\/product\/chateau-la-croizille-2017\/","og_site_name":"Demourshop","article_modified_time":"2025-12-18T10:48:36+00:00","og_image":[{"width":1080,"height":1080,"url":"http:\/\/demourshop.com\/wp-content\/uploads\/2024\/10\/chateau-La-Croizille-1.png","type":"image\/png"}],"twitter_card":"summary_large_image","twitter_misc":{"Estimated reading time":"3 minutes"},"schema":{"@context":"https:\/\/schema.org","@graph":[{"@type":"WebPage","@id":"https:\/\/demourshop.com\/produit\/chateau-la-croizille-2017\/","url":"https:\/\/demourshop.com\/produit\/chateau-la-croizille-2017\/","name":"Ch\u00e2teau La Croizille 2017 - Demourshop","isPartOf":{"@id":"https:\/\/demourshop.com\/#website"},"primaryImageOfPage":{"@id":"https:\/\/demourshop.com\/produit\/chateau-la-croizille-2017\/#primaryimage"},"image":{"@id":"https:\/\/demourshop.com\/produit\/chateau-la-croizille-2017\/#primaryimage"},"thumbnailUrl":"http:\/\/demourshop.com\/wp-content\/uploads\/2024\/10\/chateau-La-Croizille-1.png","datePublished":"2024-10-22T10:44:13+00:00","dateModified":"2025-12-18T10:48:36+00:00","description":"Ch\u00e2teau La Croizille 2017 \u2013 Un Saint-\u00c9milion Grand Cru fin, \u00e9quilibr\u00e9 et digeste. \u00c0 d\u00e9guster d\u00e8s aujourd\u2019hui. Livraison rapide \u2013 prix propri\u00e9t\u00e9.","breadcrumb":{"@id":"https:\/\/demourshop.com\/produit\/chateau-la-croizille-2017\/#breadcrumb"},"inLanguage":"en-GB","potentialAction":[{"@type":"ReadAction","target":["https:\/\/demourshop.com\/produit\/chateau-la-croizille-2017\/"]}]},{"@type":"ImageObject","inLanguage":"en-GB","@id":"https:\/\/demourshop.com\/produit\/chateau-la-croizille-2017\/#primaryimage","url":"http:\/\/demourshop.com\/wp-content\/uploads\/2024\/10\/chateau-La-Croizille-1.png","contentUrl":"http:\/\/demourshop.com\/wp-content\/uploads\/2024\/10\/chateau-La-Croizille-1.png","width":1080,"height":1080,"caption":"Ch\u00e2teau La Croizille vin rouge Saint-\u00c9milion Grand Cru"},{"@type":"BreadcrumbList","@id":"https:\/\/demourshop.com\/produit\/chateau-la-croizille-2017\/#breadcrumb","itemListElement":[{"@type":"ListItem","position":1,"name":"Accueil","item":"https:\/\/demourshop.com\/"},{"@type":"ListItem","position":2,"name":"Boutique","item":"https:\/\/demourshop.com\/boutique\/"},{"@type":"ListItem","position":3,"name":"Ch\u00e2teau La Croizille 2017"}]},{"@type":"WebSite","@id":"https:\/\/demourshop.com\/#website","url":"https:\/\/demourshop.com\/","name":"Demourshop","description":"","publisher":{"@id":"https:\/\/demourshop.com\/#organization"},"potentialAction":[{"@type":"SearchAction","target":{"@type":"EntryPoint","urlTemplate":"https:\/\/demourshop.com\/?s={search_term_string}"},"query-input":{"@type":"PropertyValueSpecification","valueRequired":true,"valueName":"search_term_string"}}],"inLanguage":"en-GB"},{"@type":"Organization","@id":"https:\/\/demourshop.com\/#organization","name":"Demourshop","url":"https:\/\/demourshop.com\/","logo":{"@type":"ImageObject","inLanguage":"en-GB","@id":"https:\/\/demourshop.com\/#\/schema\/logo\/image\/","url":"http:\/\/demourshop.com\/wp-content\/uploads\/2023\/08\/logo-wine-2-1-1.png","contentUrl":"http:\/\/demourshop.com\/wp-content\/uploads\/2023\/08\/logo-wine-2-1-1.png","width":400,"height":145,"caption":"Demourshop"},"image":{"@id":"https:\/\/demourshop.com\/#\/schema\/logo\/image\/"}}]}},"_links":{"self":[{"href":"http:\/\/demourshop.com\/en\/wp-json\/wp\/v2\/product\/66437","targetHints":{"allow":["GET"]}}],"collection":[{"href":"http:\/\/demourshop.com\/en\/wp-json\/wp\/v2\/product"}],"about":[{"href":"http:\/\/demourshop.com\/en\/wp-json\/wp\/v2\/types\/product"}],"version-history":[{"count":12,"href":"http:\/\/demourshop.com\/en\/wp-json\/wp\/v2\/product\/66437\/revisions"}],"predecessor-version":[{"id":70552,"href":"http:\/\/demourshop.com\/en\/wp-json\/wp\/v2\/product\/66437\/revisions\/70552"}],"wp:featuredmedia":[{"embeddable":true,"href":"http:\/\/demourshop.com\/en\/wp-json\/wp\/v2\/media\/66649"}],"wp:attachment":[{"href":"http:\/\/demourshop.com\/en\/wp-json\/wp\/v2\/media?parent=66437"}],"wp:term":[{"taxonomy":"product_brand","embeddable":true,"href":"http:\/\/demourshop.com\/en\/wp-json\/wp\/v2\/product_brand?post=66437"},{"taxonomy":"product_cat","embeddable":true,"href":"http:\/\/demourshop.com\/en\/wp-json\/wp\/v2\/product_cat?post=66437"},{"taxonomy":"product_tag","embeddable":true,"href":"http:\/\/demourshop.com\/en\/wp-json\/wp\/v2\/product_tag?post=66437"}],"curies":[{"name":"wp","href":"https:\/\/api.w.org\/{rel}","templated":true}]}}