{"id":66391,"date":"2024-10-22T12:41:15","date_gmt":"2024-10-22T10:41:15","guid":{"rendered":"https:\/\/demourshop.com\/?post_type=product&#038;p=66391"},"modified":"2026-04-10T13:45:52","modified_gmt":"2026-04-10T11:45:52","slug":"chateau-la-croizille-2010","status":"publish","type":"product","link":"http:\/\/demourshop.com\/en\/product\/chateau-la-croizille-2010\/","title":{"rendered":"Ch\u00e2teau La Croizille 2010"},"content":{"rendered":"<p>\u00c0 servir entre 17 et 18\u00b0C, apr\u00e8s un passage en carafe de 30 \u00e0 60 minutes. Id\u00e9al avec une entrec\u00f4te bordelaise, du gibier r\u00f4ti, un tournedos Rossini ou des fromages affin\u00e9s. <strong>Ch\u00e2teau La Croizille 2010<\/strong> est un vin de collection, rare, abouti, qui ravira les amateurs de grands Bordeaux classiques arriv\u00e9s \u00e0 maturit\u00e9. Il peut encore \u00e9voluer favorablement en cave pendant 3 \u00e0 5 ans. C\u2019est l\u2019alliance parfaite d\u2019un terroir prestigieux et d\u2019un mill\u00e9sime l\u00e9gendaire, \u00e0 d\u00e9guster lors d\u2019un moment d\u2019exception.<\/p>","protected":false},"excerpt":{"rendered":"<p><strong>Ch\u00e2teau La Croizille 2010<\/strong> \u2013 Mill\u00e9sime d\u2019exception \u00e0 parfaite maturit\u00e9. Un Saint-\u00c9milion Grand Cru puissant, \u00e9l\u00e9gant et rac\u00e9. Livraison rapide \u2013 tr\u00e8s faible stock.<\/p>","protected":false},"featured_media":66649,"template":"","meta":{"_acf_changed":false},"product_brand":[],"product_cat":[378,464,507,552,383,396,409,382,379,375,393,160],"product_tag":[],"class_list":{"0":"post-66391","1":"product","2":"type-product","3":"status-publish","4":"has-post-thumbnail","6":"product_cat-appellations-vin-en-ligne","7":"product_cat-cabernet-sauvignon-en-ligne","8":"product_cat-cepages-vin-en-ligne","9":"product_cat-vin-par-couleur-en-ligne","10":"product_cat-vin-de-france-en-ligne","11":"product_cat-vin-hve-en-ligne","12":"product_cat-merlot-en-ligne","13":"product_cat-vin-par-pays-en-ligne","14":"product_cat-saint-emilion-grand-cru-en-ligne","15":"product_cat-vin-rouge-en-ligne","16":"product_cat-vins-par-methode-de-vinification","17":"product_cat-vins-de-proprietes-en-ligne","18":"pa_appellations-saint-emilion-grand-cru","19":"pa_cepages-cabernet-sauvignon","20":"pa_cepages-merlot","21":"pa_couleurs-rouge","22":"pa_formats-75cl","23":"pa_millesimes-589","24":"pa_millesimes-580","25":"pa_millesimes-186","26":"pa_millesimes-184","27":"pa_millesimes-181","28":"pa_millesimes-180","29":"pa_millesimes-179","30":"pa_millesimes-178","31":"pa_millesimes-176","32":"pa_millesimes-174","33":"pa_millesimes-617","34":"pa_pays-france","35":"pa_propriete-saint-emilion-grand-cru","36":"pa_quantites-a-lunite","37":"pa_quantites-carton-de-3-bouteilles","38":"pa_quantites-carton-de-6-bouteilles","39":"pa_vinifications-hve","41":"first","42":"instock","43":"taxable","44":"shipping-taxable","45":"purchasable","46":"product-type-simple"},"acf":[],"yoast_head":"<!-- This site is optimized with the Yoast SEO plugin v27.4 - https:\/\/yoast.com\/product\/yoast-seo-wordpress\/ -->\n<title>Ch\u00e2teau La Croizille 2010 - Demourshop<\/title>\n<meta name=\"description\" content=\"Ch\u00e2teau La Croizille 2010 \u2013 Un Saint-\u00c9milion Grand Cru rare, puissant et arriv\u00e9 \u00e0 maturit\u00e9. Mill\u00e9sime d\u2019exception \u00e0 d\u00e9couvrir. Livraison rapide.\" \/>\n<meta name=\"robots\" content=\"index, follow, max-snippet:-1, max-image-preview:large, max-video-preview:-1\" \/>\n<link rel=\"canonical\" href=\"https:\/\/demourshop.com\/en\/product\/chateau-la-croizille-2010\/\" \/>\n<meta property=\"og:locale\" content=\"en_GB\" \/>\n<meta property=\"og:type\" content=\"article\" \/>\n<meta property=\"og:title\" content=\"Ch\u00e2teau La Croizille 2010 - Demourshop\" \/>\n<meta property=\"og:description\" content=\"Ch\u00e2teau La Croizille 2010 \u2013 Un Saint-\u00c9milion Grand Cru rare, puissant et arriv\u00e9 \u00e0 maturit\u00e9. Mill\u00e9sime d\u2019exception \u00e0 d\u00e9couvrir. Livraison rapide.\" \/>\n<meta property=\"og:url\" content=\"https:\/\/demourshop.com\/en\/product\/chateau-la-croizille-2010\/\" \/>\n<meta property=\"og:site_name\" content=\"Demourshop\" \/>\n<meta property=\"article:modified_time\" content=\"2026-04-10T11:45:52+00:00\" \/>\n<meta property=\"og:image\" content=\"https:\/\/demourshop.com\/wp-content\/uploads\/2024\/10\/chateau-La-Croizille-1.png\" \/>\n\t<meta property=\"og:image:width\" content=\"1080\" \/>\n\t<meta property=\"og:image:height\" content=\"1080\" \/>\n\t<meta property=\"og:image:type\" content=\"image\/png\" \/>\n<meta name=\"twitter:card\" content=\"summary_large_image\" \/>\n<meta name=\"twitter:label1\" content=\"Estimated reading time\" \/>\n\t<meta name=\"twitter:data1\" content=\"3 minutes\" \/>\n<script type=\"application\/ld+json\" class=\"yoast-schema-graph\">{\"@context\":\"https:\\\/\\\/schema.org\",\"@graph\":[{\"@type\":\"WebPage\",\"@id\":\"https:\\\/\\\/demourshop.com\\\/produit\\\/chateau-la-croizille-2010\\\/\",\"url\":\"https:\\\/\\\/demourshop.com\\\/produit\\\/chateau-la-croizille-2010\\\/\",\"name\":\"Ch\u00e2teau La Croizille 2010 - Demourshop\",\"isPartOf\":{\"@id\":\"https:\\\/\\\/demourshop.com\\\/#website\"},\"primaryImageOfPage\":{\"@id\":\"https:\\\/\\\/demourshop.com\\\/produit\\\/chateau-la-croizille-2010\\\/#primaryimage\"},\"image\":{\"@id\":\"https:\\\/\\\/demourshop.com\\\/produit\\\/chateau-la-croizille-2010\\\/#primaryimage\"},\"thumbnailUrl\":\"http:\\\/\\\/demourshop.com\\\/wp-content\\\/uploads\\\/2024\\\/10\\\/chateau-La-Croizille-1.png\",\"datePublished\":\"2024-10-22T10:41:15+00:00\",\"dateModified\":\"2026-04-10T11:45:52+00:00\",\"description\":\"Ch\u00e2teau La Croizille 2010 \u2013 Un Saint-\u00c9milion Grand Cru rare, puissant et arriv\u00e9 \u00e0 maturit\u00e9. Mill\u00e9sime d\u2019exception \u00e0 d\u00e9couvrir. Livraison rapide.\",\"breadcrumb\":{\"@id\":\"https:\\\/\\\/demourshop.com\\\/produit\\\/chateau-la-croizille-2010\\\/#breadcrumb\"},\"inLanguage\":\"en-GB\",\"potentialAction\":[{\"@type\":\"ReadAction\",\"target\":[\"https:\\\/\\\/demourshop.com\\\/produit\\\/chateau-la-croizille-2010\\\/\"]}]},{\"@type\":\"ImageObject\",\"inLanguage\":\"en-GB\",\"@id\":\"https:\\\/\\\/demourshop.com\\\/produit\\\/chateau-la-croizille-2010\\\/#primaryimage\",\"url\":\"http:\\\/\\\/demourshop.com\\\/wp-content\\\/uploads\\\/2024\\\/10\\\/chateau-La-Croizille-1.png\",\"contentUrl\":\"http:\\\/\\\/demourshop.com\\\/wp-content\\\/uploads\\\/2024\\\/10\\\/chateau-La-Croizille-1.png\",\"width\":1080,\"height\":1080,\"caption\":\"Ch\u00e2teau La Croizille vin rouge Saint-\u00c9milion Grand Cru\"},{\"@type\":\"BreadcrumbList\",\"@id\":\"https:\\\/\\\/demourshop.com\\\/produit\\\/chateau-la-croizille-2010\\\/#breadcrumb\",\"itemListElement\":[{\"@type\":\"ListItem\",\"position\":1,\"name\":\"Accueil\",\"item\":\"https:\\\/\\\/demourshop.com\\\/\"},{\"@type\":\"ListItem\",\"position\":2,\"name\":\"Boutique\",\"item\":\"https:\\\/\\\/demourshop.com\\\/boutique\\\/\"},{\"@type\":\"ListItem\",\"position\":3,\"name\":\"Ch\u00e2teau La Croizille 2010\"}]},{\"@type\":\"WebSite\",\"@id\":\"https:\\\/\\\/demourshop.com\\\/#website\",\"url\":\"https:\\\/\\\/demourshop.com\\\/\",\"name\":\"Demourshop\",\"description\":\"\",\"publisher\":{\"@id\":\"https:\\\/\\\/demourshop.com\\\/#organization\"},\"potentialAction\":[{\"@type\":\"SearchAction\",\"target\":{\"@type\":\"EntryPoint\",\"urlTemplate\":\"https:\\\/\\\/demourshop.com\\\/?s={search_term_string}\"},\"query-input\":{\"@type\":\"PropertyValueSpecification\",\"valueRequired\":true,\"valueName\":\"search_term_string\"}}],\"inLanguage\":\"en-GB\"},{\"@type\":\"Organization\",\"@id\":\"https:\\\/\\\/demourshop.com\\\/#organization\",\"name\":\"Demourshop\",\"url\":\"https:\\\/\\\/demourshop.com\\\/\",\"logo\":{\"@type\":\"ImageObject\",\"inLanguage\":\"en-GB\",\"@id\":\"https:\\\/\\\/demourshop.com\\\/#\\\/schema\\\/logo\\\/image\\\/\",\"url\":\"http:\\\/\\\/demourshop.com\\\/wp-content\\\/uploads\\\/2023\\\/08\\\/logo-wine-2-1-1.png\",\"contentUrl\":\"http:\\\/\\\/demourshop.com\\\/wp-content\\\/uploads\\\/2023\\\/08\\\/logo-wine-2-1-1.png\",\"width\":400,\"height\":145,\"caption\":\"Demourshop\"},\"image\":{\"@id\":\"https:\\\/\\\/demourshop.com\\\/#\\\/schema\\\/logo\\\/image\\\/\"}}]}<\/script>\n<!-- \/ Yoast SEO plugin. -->","yoast_head_json":{"title":"Ch\u00e2teau La Croizille 2010 - Demourshop","description":"Ch\u00e2teau La Croizille 2010 \u2013 Un Saint-\u00c9milion Grand Cru rare, puissant et arriv\u00e9 \u00e0 maturit\u00e9. Mill\u00e9sime d\u2019exception \u00e0 d\u00e9couvrir. Livraison rapide.","robots":{"index":"index","follow":"follow","max-snippet":"max-snippet:-1","max-image-preview":"max-image-preview:large","max-video-preview":"max-video-preview:-1"},"canonical":"https:\/\/demourshop.com\/en\/product\/chateau-la-croizille-2010\/","og_locale":"en_GB","og_type":"article","og_title":"Ch\u00e2teau La Croizille 2010 - Demourshop","og_description":"Ch\u00e2teau La Croizille 2010 \u2013 Un Saint-\u00c9milion Grand Cru rare, puissant et arriv\u00e9 \u00e0 maturit\u00e9. Mill\u00e9sime d\u2019exception \u00e0 d\u00e9couvrir. Livraison rapide.","og_url":"https:\/\/demourshop.com\/en\/product\/chateau-la-croizille-2010\/","og_site_name":"Demourshop","article_modified_time":"2026-04-10T11:45:52+00:00","og_image":[{"width":1080,"height":1080,"url":"https:\/\/demourshop.com\/wp-content\/uploads\/2024\/10\/chateau-La-Croizille-1.png","type":"image\/png"}],"twitter_card":"summary_large_image","twitter_misc":{"Estimated reading time":"3 minutes"},"schema":{"@context":"https:\/\/schema.org","@graph":[{"@type":"WebPage","@id":"https:\/\/demourshop.com\/produit\/chateau-la-croizille-2010\/","url":"https:\/\/demourshop.com\/produit\/chateau-la-croizille-2010\/","name":"Ch\u00e2teau La Croizille 2010 - Demourshop","isPartOf":{"@id":"https:\/\/demourshop.com\/#website"},"primaryImageOfPage":{"@id":"https:\/\/demourshop.com\/produit\/chateau-la-croizille-2010\/#primaryimage"},"image":{"@id":"https:\/\/demourshop.com\/produit\/chateau-la-croizille-2010\/#primaryimage"},"thumbnailUrl":"http:\/\/demourshop.com\/wp-content\/uploads\/2024\/10\/chateau-La-Croizille-1.png","datePublished":"2024-10-22T10:41:15+00:00","dateModified":"2026-04-10T11:45:52+00:00","description":"Ch\u00e2teau La Croizille 2010 \u2013 Un Saint-\u00c9milion Grand Cru rare, puissant et arriv\u00e9 \u00e0 maturit\u00e9. Mill\u00e9sime d\u2019exception \u00e0 d\u00e9couvrir. Livraison rapide.","breadcrumb":{"@id":"https:\/\/demourshop.com\/produit\/chateau-la-croizille-2010\/#breadcrumb"},"inLanguage":"en-GB","potentialAction":[{"@type":"ReadAction","target":["https:\/\/demourshop.com\/produit\/chateau-la-croizille-2010\/"]}]},{"@type":"ImageObject","inLanguage":"en-GB","@id":"https:\/\/demourshop.com\/produit\/chateau-la-croizille-2010\/#primaryimage","url":"http:\/\/demourshop.com\/wp-content\/uploads\/2024\/10\/chateau-La-Croizille-1.png","contentUrl":"http:\/\/demourshop.com\/wp-content\/uploads\/2024\/10\/chateau-La-Croizille-1.png","width":1080,"height":1080,"caption":"Ch\u00e2teau La Croizille vin rouge Saint-\u00c9milion Grand Cru"},{"@type":"BreadcrumbList","@id":"https:\/\/demourshop.com\/produit\/chateau-la-croizille-2010\/#breadcrumb","itemListElement":[{"@type":"ListItem","position":1,"name":"Accueil","item":"https:\/\/demourshop.com\/"},{"@type":"ListItem","position":2,"name":"Boutique","item":"https:\/\/demourshop.com\/boutique\/"},{"@type":"ListItem","position":3,"name":"Ch\u00e2teau La Croizille 2010"}]},{"@type":"WebSite","@id":"https:\/\/demourshop.com\/#website","url":"https:\/\/demourshop.com\/","name":"Demourshop","description":"","publisher":{"@id":"https:\/\/demourshop.com\/#organization"},"potentialAction":[{"@type":"SearchAction","target":{"@type":"EntryPoint","urlTemplate":"https:\/\/demourshop.com\/?s={search_term_string}"},"query-input":{"@type":"PropertyValueSpecification","valueRequired":true,"valueName":"search_term_string"}}],"inLanguage":"en-GB"},{"@type":"Organization","@id":"https:\/\/demourshop.com\/#organization","name":"Demourshop","url":"https:\/\/demourshop.com\/","logo":{"@type":"ImageObject","inLanguage":"en-GB","@id":"https:\/\/demourshop.com\/#\/schema\/logo\/image\/","url":"http:\/\/demourshop.com\/wp-content\/uploads\/2023\/08\/logo-wine-2-1-1.png","contentUrl":"http:\/\/demourshop.com\/wp-content\/uploads\/2023\/08\/logo-wine-2-1-1.png","width":400,"height":145,"caption":"Demourshop"},"image":{"@id":"https:\/\/demourshop.com\/#\/schema\/logo\/image\/"}}]}},"_links":{"self":[{"href":"http:\/\/demourshop.com\/en\/wp-json\/wp\/v2\/product\/66391","targetHints":{"allow":["GET"]}}],"collection":[{"href":"http:\/\/demourshop.com\/en\/wp-json\/wp\/v2\/product"}],"about":[{"href":"http:\/\/demourshop.com\/en\/wp-json\/wp\/v2\/types\/product"}],"version-history":[{"count":12,"href":"http:\/\/demourshop.com\/en\/wp-json\/wp\/v2\/product\/66391\/revisions"}],"predecessor-version":[{"id":70848,"href":"http:\/\/demourshop.com\/en\/wp-json\/wp\/v2\/product\/66391\/revisions\/70848"}],"wp:featuredmedia":[{"embeddable":true,"href":"http:\/\/demourshop.com\/en\/wp-json\/wp\/v2\/media\/66649"}],"wp:attachment":[{"href":"http:\/\/demourshop.com\/en\/wp-json\/wp\/v2\/media?parent=66391"}],"wp:term":[{"taxonomy":"product_brand","embeddable":true,"href":"http:\/\/demourshop.com\/en\/wp-json\/wp\/v2\/product_brand?post=66391"},{"taxonomy":"product_cat","embeddable":true,"href":"http:\/\/demourshop.com\/en\/wp-json\/wp\/v2\/product_cat?post=66391"},{"taxonomy":"product_tag","embeddable":true,"href":"http:\/\/demourshop.com\/en\/wp-json\/wp\/v2\/product_tag?post=66391"}],"curies":[{"name":"wp","href":"https:\/\/api.w.org\/{rel}","templated":true}]}}