{"id":66340,"date":"2024-10-22T12:32:17","date_gmt":"2024-10-22T10:32:17","guid":{"rendered":"https:\/\/demourshop.com\/?post_type=product&#038;p=66340"},"modified":"2026-02-18T10:23:41","modified_gmt":"2026-02-18T09:23:41","slug":"chateau-tayet-cuvee-prestige-2020","status":"publish","type":"product","link":"http:\/\/demourshop.com\/en\/product\/chateau-tayet-cuvee-prestige-2020\/","title":{"rendered":"Ch\u00e2teau Tayet Cuv\u00e9e Prestige 2020"},"content":{"rendered":"<p>\u00c0 servir \u00e0 17\u00b0C avec un magret de canard, une c\u00f4te de b\u0153uf, une lasagne aux l\u00e9gumes ou une terrine de campagne. <strong>Ch\u00e2teau Tayet Cuv\u00e9e Prestige 2020<\/strong>\u00a0peut se d\u00e9guster d\u00e8s aujourd\u2019hui apr\u00e8s une courte a\u00e9ration, ou vieillir encore 5 \u00e0 8 ans. C\u2019est un Bordeaux Sup\u00e9rieur de caract\u00e8re, capable de rivaliser avec des appellations plus prestigieuses, tout en restant \u00e0 un prix tr\u00e8s attractif. Une cuv\u00e9e id\u00e9ale pour les amateurs de vins g\u00e9n\u00e9reux et modernes, qui recherchent plaisir imm\u00e9diat, \u00e9l\u00e9gance et accessibilit\u00e9.<\/p>","protected":false},"excerpt":{"rendered":"<p><strong>Ch\u00e2teau Tayet Cuv\u00e9e Prestige 2020<\/strong> \u2013 Bordeaux Sup\u00e9rieur intense et harmonieux. Un vin g\u00e9n\u00e9reux au style M\u00e9docain. Livraison rapide \u2013 prix propri\u00e9t\u00e9.<\/p>","protected":false},"featured_media":67833,"template":"","meta":{"_acf_changed":false},"product_brand":[],"product_cat":[378,463,464,507,552,383,396,409,382,420,375,393,160],"product_tag":[],"class_list":{"0":"post-66340","1":"product","2":"type-product","3":"status-publish","4":"has-post-thumbnail","6":"product_cat-appellations-vin-en-ligne","7":"product_cat-vin-bordeaux-superieur-en-ligne","8":"product_cat-cabernet-sauvignon-en-ligne","9":"product_cat-cepages-vin-en-ligne","10":"product_cat-vin-par-couleur-en-ligne","11":"product_cat-vin-de-france-en-ligne","12":"product_cat-vin-hve-en-ligne","13":"product_cat-merlot-en-ligne","14":"product_cat-vin-par-pays-en-ligne","15":"product_cat-petit-verdot-en-ligne","16":"product_cat-vin-rouge-en-ligne","17":"product_cat-vins-par-methode-de-vinification","18":"product_cat-vins-de-proprietes-en-ligne","19":"pa_appellations-bordeaux-superieur","20":"pa_cepages-cabernet-sauvignon","21":"pa_cepages-merlot","22":"pa_cepages-petit-verdot","23":"pa_couleurs-rouge","24":"pa_formats-75cl","25":"pa_millesimes-176","26":"pa_millesimes-175","27":"pa_millesimes-174","28":"pa_millesimes-617","29":"pa_pays-france","30":"pa_propriete-bordeaux-superieur","31":"pa_quantites-a-lunite","32":"pa_quantites-carton-de-3-bouteilles","33":"pa_quantites-carton-de-6-bouteilles","34":"pa_vinifications-hve","36":"first","37":"instock","38":"taxable","39":"shipping-taxable","40":"purchasable","41":"product-type-simple"},"acf":[],"yoast_head":"<!-- This site is optimized with the Yoast SEO plugin v27.4 - https:\/\/yoast.com\/product\/yoast-seo-wordpress\/ -->\n<title>Ch\u00e2teau Tayet Cuv\u00e9e Prestige 2020 - Demourshop<\/title>\n<meta name=\"description\" content=\"Ch\u00e2teau Tayet Cuv\u00e9e Prestige 2020 \u2013 Bordeaux Sup\u00e9rieur structur\u00e9, fruit\u00e9 et \u00e9l\u00e9gant. Livraison rapide, prix propri\u00e9t\u00e9. \u00c0 boire ou \u00e0 garder jusqu\u2019en 2028.\" \/>\n<meta name=\"robots\" content=\"index, follow, max-snippet:-1, max-image-preview:large, max-video-preview:-1\" \/>\n<link rel=\"canonical\" href=\"https:\/\/demourshop.com\/en\/product\/chateau-tayet-cuvee-prestige-2020\/\" \/>\n<meta property=\"og:locale\" content=\"en_GB\" \/>\n<meta property=\"og:type\" content=\"article\" \/>\n<meta property=\"og:title\" content=\"Ch\u00e2teau Tayet Cuv\u00e9e Prestige 2020 - Demourshop\" \/>\n<meta property=\"og:description\" content=\"Ch\u00e2teau Tayet Cuv\u00e9e Prestige 2020 \u2013 Bordeaux Sup\u00e9rieur structur\u00e9, fruit\u00e9 et \u00e9l\u00e9gant. Livraison rapide, prix propri\u00e9t\u00e9. \u00c0 boire ou \u00e0 garder jusqu\u2019en 2028.\" \/>\n<meta property=\"og:url\" content=\"https:\/\/demourshop.com\/en\/product\/chateau-tayet-cuvee-prestige-2020\/\" \/>\n<meta property=\"og:site_name\" content=\"Demourshop\" \/>\n<meta property=\"article:modified_time\" content=\"2026-02-18T09:23:41+00:00\" \/>\n<meta property=\"og:image\" content=\"https:\/\/demourshop.com\/wp-content\/uploads\/2024\/10\/chateau-Tayet-prestige-1.png\" \/>\n\t<meta property=\"og:image:width\" content=\"700\" \/>\n\t<meta property=\"og:image:height\" content=\"700\" \/>\n\t<meta property=\"og:image:type\" content=\"image\/png\" \/>\n<meta name=\"twitter:card\" content=\"summary_large_image\" \/>\n<meta name=\"twitter:label1\" content=\"Estimated reading time\" \/>\n\t<meta name=\"twitter:data1\" content=\"3 minutes\" \/>\n<script type=\"application\/ld+json\" class=\"yoast-schema-graph\">{\"@context\":\"https:\\\/\\\/schema.org\",\"@graph\":[{\"@type\":\"WebPage\",\"@id\":\"https:\\\/\\\/demourshop.com\\\/produit\\\/chateau-tayet-cuvee-prestige-2020\\\/\",\"url\":\"https:\\\/\\\/demourshop.com\\\/produit\\\/chateau-tayet-cuvee-prestige-2020\\\/\",\"name\":\"Ch\u00e2teau Tayet Cuv\u00e9e Prestige 2020 - Demourshop\",\"isPartOf\":{\"@id\":\"https:\\\/\\\/demourshop.com\\\/#website\"},\"primaryImageOfPage\":{\"@id\":\"https:\\\/\\\/demourshop.com\\\/produit\\\/chateau-tayet-cuvee-prestige-2020\\\/#primaryimage\"},\"image\":{\"@id\":\"https:\\\/\\\/demourshop.com\\\/produit\\\/chateau-tayet-cuvee-prestige-2020\\\/#primaryimage\"},\"thumbnailUrl\":\"http:\\\/\\\/demourshop.com\\\/wp-content\\\/uploads\\\/2024\\\/10\\\/chateau-Tayet-prestige-1.png\",\"datePublished\":\"2024-10-22T10:32:17+00:00\",\"dateModified\":\"2026-02-18T09:23:41+00:00\",\"description\":\"Ch\u00e2teau Tayet Cuv\u00e9e Prestige 2020 \u2013 Bordeaux Sup\u00e9rieur structur\u00e9, fruit\u00e9 et \u00e9l\u00e9gant. Livraison rapide, prix propri\u00e9t\u00e9. \u00c0 boire ou \u00e0 garder jusqu\u2019en 2028.\",\"breadcrumb\":{\"@id\":\"https:\\\/\\\/demourshop.com\\\/produit\\\/chateau-tayet-cuvee-prestige-2020\\\/#breadcrumb\"},\"inLanguage\":\"en-GB\",\"potentialAction\":[{\"@type\":\"ReadAction\",\"target\":[\"https:\\\/\\\/demourshop.com\\\/produit\\\/chateau-tayet-cuvee-prestige-2020\\\/\"]}]},{\"@type\":\"ImageObject\",\"inLanguage\":\"en-GB\",\"@id\":\"https:\\\/\\\/demourshop.com\\\/produit\\\/chateau-tayet-cuvee-prestige-2020\\\/#primaryimage\",\"url\":\"http:\\\/\\\/demourshop.com\\\/wp-content\\\/uploads\\\/2024\\\/10\\\/chateau-Tayet-prestige-1.png\",\"contentUrl\":\"http:\\\/\\\/demourshop.com\\\/wp-content\\\/uploads\\\/2024\\\/10\\\/chateau-Tayet-prestige-1.png\",\"width\":700,\"height\":700,\"caption\":\"Ch\u00e2teau Tayet Cuv\u00e9e Prestige Bordeaux Sup\u00e9rieur\"},{\"@type\":\"BreadcrumbList\",\"@id\":\"https:\\\/\\\/demourshop.com\\\/produit\\\/chateau-tayet-cuvee-prestige-2020\\\/#breadcrumb\",\"itemListElement\":[{\"@type\":\"ListItem\",\"position\":1,\"name\":\"Accueil\",\"item\":\"https:\\\/\\\/demourshop.com\\\/\"},{\"@type\":\"ListItem\",\"position\":2,\"name\":\"Boutique\",\"item\":\"https:\\\/\\\/demourshop.com\\\/boutique\\\/\"},{\"@type\":\"ListItem\",\"position\":3,\"name\":\"Ch\u00e2teau Tayet Cuv\u00e9e Prestige 2020\"}]},{\"@type\":\"WebSite\",\"@id\":\"https:\\\/\\\/demourshop.com\\\/#website\",\"url\":\"https:\\\/\\\/demourshop.com\\\/\",\"name\":\"Demourshop\",\"description\":\"\",\"publisher\":{\"@id\":\"https:\\\/\\\/demourshop.com\\\/#organization\"},\"potentialAction\":[{\"@type\":\"SearchAction\",\"target\":{\"@type\":\"EntryPoint\",\"urlTemplate\":\"https:\\\/\\\/demourshop.com\\\/?s={search_term_string}\"},\"query-input\":{\"@type\":\"PropertyValueSpecification\",\"valueRequired\":true,\"valueName\":\"search_term_string\"}}],\"inLanguage\":\"en-GB\"},{\"@type\":\"Organization\",\"@id\":\"https:\\\/\\\/demourshop.com\\\/#organization\",\"name\":\"Demourshop\",\"url\":\"https:\\\/\\\/demourshop.com\\\/\",\"logo\":{\"@type\":\"ImageObject\",\"inLanguage\":\"en-GB\",\"@id\":\"https:\\\/\\\/demourshop.com\\\/#\\\/schema\\\/logo\\\/image\\\/\",\"url\":\"http:\\\/\\\/demourshop.com\\\/wp-content\\\/uploads\\\/2023\\\/08\\\/logo-wine-2-1-1.png\",\"contentUrl\":\"http:\\\/\\\/demourshop.com\\\/wp-content\\\/uploads\\\/2023\\\/08\\\/logo-wine-2-1-1.png\",\"width\":400,\"height\":145,\"caption\":\"Demourshop\"},\"image\":{\"@id\":\"https:\\\/\\\/demourshop.com\\\/#\\\/schema\\\/logo\\\/image\\\/\"}}]}<\/script>\n<!-- \/ Yoast SEO plugin. -->","yoast_head_json":{"title":"Ch\u00e2teau Tayet Cuv\u00e9e Prestige 2020 - Demourshop","description":"Ch\u00e2teau Tayet Cuv\u00e9e Prestige 2020 \u2013 Bordeaux Sup\u00e9rieur structur\u00e9, fruit\u00e9 et \u00e9l\u00e9gant. Livraison rapide, prix propri\u00e9t\u00e9. \u00c0 boire ou \u00e0 garder jusqu\u2019en 2028.","robots":{"index":"index","follow":"follow","max-snippet":"max-snippet:-1","max-image-preview":"max-image-preview:large","max-video-preview":"max-video-preview:-1"},"canonical":"https:\/\/demourshop.com\/en\/product\/chateau-tayet-cuvee-prestige-2020\/","og_locale":"en_GB","og_type":"article","og_title":"Ch\u00e2teau Tayet Cuv\u00e9e Prestige 2020 - Demourshop","og_description":"Ch\u00e2teau Tayet Cuv\u00e9e Prestige 2020 \u2013 Bordeaux Sup\u00e9rieur structur\u00e9, fruit\u00e9 et \u00e9l\u00e9gant. Livraison rapide, prix propri\u00e9t\u00e9. \u00c0 boire ou \u00e0 garder jusqu\u2019en 2028.","og_url":"https:\/\/demourshop.com\/en\/product\/chateau-tayet-cuvee-prestige-2020\/","og_site_name":"Demourshop","article_modified_time":"2026-02-18T09:23:41+00:00","og_image":[{"width":700,"height":700,"url":"https:\/\/demourshop.com\/wp-content\/uploads\/2024\/10\/chateau-Tayet-prestige-1.png","type":"image\/png"}],"twitter_card":"summary_large_image","twitter_misc":{"Estimated reading time":"3 minutes"},"schema":{"@context":"https:\/\/schema.org","@graph":[{"@type":"WebPage","@id":"https:\/\/demourshop.com\/produit\/chateau-tayet-cuvee-prestige-2020\/","url":"https:\/\/demourshop.com\/produit\/chateau-tayet-cuvee-prestige-2020\/","name":"Ch\u00e2teau Tayet Cuv\u00e9e Prestige 2020 - Demourshop","isPartOf":{"@id":"https:\/\/demourshop.com\/#website"},"primaryImageOfPage":{"@id":"https:\/\/demourshop.com\/produit\/chateau-tayet-cuvee-prestige-2020\/#primaryimage"},"image":{"@id":"https:\/\/demourshop.com\/produit\/chateau-tayet-cuvee-prestige-2020\/#primaryimage"},"thumbnailUrl":"http:\/\/demourshop.com\/wp-content\/uploads\/2024\/10\/chateau-Tayet-prestige-1.png","datePublished":"2024-10-22T10:32:17+00:00","dateModified":"2026-02-18T09:23:41+00:00","description":"Ch\u00e2teau Tayet Cuv\u00e9e Prestige 2020 \u2013 Bordeaux Sup\u00e9rieur structur\u00e9, fruit\u00e9 et \u00e9l\u00e9gant. Livraison rapide, prix propri\u00e9t\u00e9. \u00c0 boire ou \u00e0 garder jusqu\u2019en 2028.","breadcrumb":{"@id":"https:\/\/demourshop.com\/produit\/chateau-tayet-cuvee-prestige-2020\/#breadcrumb"},"inLanguage":"en-GB","potentialAction":[{"@type":"ReadAction","target":["https:\/\/demourshop.com\/produit\/chateau-tayet-cuvee-prestige-2020\/"]}]},{"@type":"ImageObject","inLanguage":"en-GB","@id":"https:\/\/demourshop.com\/produit\/chateau-tayet-cuvee-prestige-2020\/#primaryimage","url":"http:\/\/demourshop.com\/wp-content\/uploads\/2024\/10\/chateau-Tayet-prestige-1.png","contentUrl":"http:\/\/demourshop.com\/wp-content\/uploads\/2024\/10\/chateau-Tayet-prestige-1.png","width":700,"height":700,"caption":"Ch\u00e2teau Tayet Cuv\u00e9e Prestige Bordeaux Sup\u00e9rieur"},{"@type":"BreadcrumbList","@id":"https:\/\/demourshop.com\/produit\/chateau-tayet-cuvee-prestige-2020\/#breadcrumb","itemListElement":[{"@type":"ListItem","position":1,"name":"Accueil","item":"https:\/\/demourshop.com\/"},{"@type":"ListItem","position":2,"name":"Boutique","item":"https:\/\/demourshop.com\/boutique\/"},{"@type":"ListItem","position":3,"name":"Ch\u00e2teau Tayet Cuv\u00e9e Prestige 2020"}]},{"@type":"WebSite","@id":"https:\/\/demourshop.com\/#website","url":"https:\/\/demourshop.com\/","name":"Demourshop","description":"","publisher":{"@id":"https:\/\/demourshop.com\/#organization"},"potentialAction":[{"@type":"SearchAction","target":{"@type":"EntryPoint","urlTemplate":"https:\/\/demourshop.com\/?s={search_term_string}"},"query-input":{"@type":"PropertyValueSpecification","valueRequired":true,"valueName":"search_term_string"}}],"inLanguage":"en-GB"},{"@type":"Organization","@id":"https:\/\/demourshop.com\/#organization","name":"Demourshop","url":"https:\/\/demourshop.com\/","logo":{"@type":"ImageObject","inLanguage":"en-GB","@id":"https:\/\/demourshop.com\/#\/schema\/logo\/image\/","url":"http:\/\/demourshop.com\/wp-content\/uploads\/2023\/08\/logo-wine-2-1-1.png","contentUrl":"http:\/\/demourshop.com\/wp-content\/uploads\/2023\/08\/logo-wine-2-1-1.png","width":400,"height":145,"caption":"Demourshop"},"image":{"@id":"https:\/\/demourshop.com\/#\/schema\/logo\/image\/"}}]}},"_links":{"self":[{"href":"http:\/\/demourshop.com\/en\/wp-json\/wp\/v2\/product\/66340","targetHints":{"allow":["GET"]}}],"collection":[{"href":"http:\/\/demourshop.com\/en\/wp-json\/wp\/v2\/product"}],"about":[{"href":"http:\/\/demourshop.com\/en\/wp-json\/wp\/v2\/types\/product"}],"version-history":[{"count":12,"href":"http:\/\/demourshop.com\/en\/wp-json\/wp\/v2\/product\/66340\/revisions"}],"predecessor-version":[{"id":70965,"href":"http:\/\/demourshop.com\/en\/wp-json\/wp\/v2\/product\/66340\/revisions\/70965"}],"wp:featuredmedia":[{"embeddable":true,"href":"http:\/\/demourshop.com\/en\/wp-json\/wp\/v2\/media\/67833"}],"wp:attachment":[{"href":"http:\/\/demourshop.com\/en\/wp-json\/wp\/v2\/media?parent=66340"}],"wp:term":[{"taxonomy":"product_brand","embeddable":true,"href":"http:\/\/demourshop.com\/en\/wp-json\/wp\/v2\/product_brand?post=66340"},{"taxonomy":"product_cat","embeddable":true,"href":"http:\/\/demourshop.com\/en\/wp-json\/wp\/v2\/product_cat?post=66340"},{"taxonomy":"product_tag","embeddable":true,"href":"http:\/\/demourshop.com\/en\/wp-json\/wp\/v2\/product_tag?post=66340"}],"curies":[{"name":"wp","href":"https:\/\/api.w.org\/{rel}","templated":true}]}}