{"id":65275,"date":"2025-01-22T12:23:12","date_gmt":"2025-01-22T11:23:12","guid":{"rendered":"https:\/\/demourshop.com\/?post_type=product&#038;p=65275"},"modified":"2025-05-27T12:50:03","modified_gmt":"2025-05-27T10:50:03","slug":"ganse-limprevue-2018","status":"publish","type":"product","link":"http:\/\/demourshop.com\/en\/product\/ganse-limprevue-2018\/","title":{"rendered":"Ganse l&rsquo;Imprevue 2018"},"content":{"rendered":"<p>\u00c0 servir entre 14 et 16\u202f\u00b0C, ce <strong>Vacqueyras<\/strong> combine fra\u00eecheur et fruit pour une d\u00e9gustation sans complexit\u00e9. Il incarne une belle introduction aux rouges du Rh\u00f4ne sud avec une belle buvabilit\u00e9. <strong>Ganse L\u2019Impr\u00e9vu(e) 2018<\/strong> offre une exp\u00e9rience conviviale, sans sophistication excessive, qui plaira aussi bien aux amateurs avertis qu\u2019aux curieux en qu\u00eate d\u2019un vin de caract\u00e8re. \u00c0 boire dans les 3 \u00e0 4 ans pour profiter de sa vivacit\u00e9.<\/p>","protected":false},"excerpt":{"rendered":"<p><strong>Ganse L\u2019Impr\u00e9vu(e) 2018<\/strong> \u2013 Vacqueyras rouge \u00e9l\u00e9gant et fruit\u00e9. Syrah, Grenache, Mourv\u00e8dre. Parfait pour grillades et volailles r\u00f4ties.<\/p>","protected":false},"featured_media":69780,"template":"","meta":{"_acf_changed":false},"product_brand":[],"product_cat":[378,507,552,383,411,571,382,395,417,446,375,393],"product_tag":[],"class_list":{"0":"post-65275","1":"product","2":"type-product","3":"status-publish","4":"has-post-thumbnail","6":"product_cat-appellations-vin-en-ligne","7":"product_cat-cepages-vin-en-ligne","8":"product_cat-vin-par-couleur-en-ligne","9":"product_cat-vin-de-france-en-ligne","10":"product_cat-grenache-en-ligne","11":"product_cat-mourvedre-en-ligne","12":"product_cat-vin-par-pays-en-ligne","13":"product_cat-vin-agriculture-raisonnee","14":"product_cat-syrah-en-ligne","15":"product_cat-vin-de-france","16":"product_cat-vin-rouge-en-ligne","17":"product_cat-vins-par-methode-de-vinification","18":"pa_appellations-vin-de-france","19":"pa_cepages-grenache","20":"pa_cepages-mourvedre","21":"pa_cepages-syrah","22":"pa_couleurs-rouge","23":"pa_formats-75cl","24":"pa_millesimes-178","25":"pa_pays-france","26":"pa_quantites-a-lunite","27":"pa_vinifications-raisonnee","29":"first","30":"instock","31":"taxable","32":"shipping-taxable","33":"purchasable","34":"product-type-simple"},"acf":[],"yoast_head":"<!-- This site is optimized with the Yoast SEO plugin v27.4 - https:\/\/yoast.com\/product\/yoast-seo-wordpress\/ -->\n<title>Ganse l&#039;Imprevue 2018 - Demourshop<\/title>\n<meta name=\"description\" content=\"Ganse L\u2019Impr\u00e9vu(e) 2018 \u2013 Vacqueyras fruit\u00e9 et souple. Syrah, Grenache, Mourv\u00e8dre. Parfait grillades ou volailles. Livraison rapide \u2013 prix domaine.\" \/>\n<meta name=\"robots\" content=\"index, follow, max-snippet:-1, max-image-preview:large, max-video-preview:-1\" \/>\n<link rel=\"canonical\" href=\"https:\/\/demourshop.com\/en\/product\/ganse-limprevue-2018\/\" \/>\n<meta property=\"og:locale\" content=\"en_GB\" \/>\n<meta property=\"og:type\" content=\"article\" \/>\n<meta property=\"og:title\" content=\"Ganse l&#039;Imprevue 2018 - Demourshop\" \/>\n<meta property=\"og:description\" content=\"Ganse L\u2019Impr\u00e9vu(e) 2018 \u2013 Vacqueyras fruit\u00e9 et souple. Syrah, Grenache, Mourv\u00e8dre. Parfait grillades ou volailles. Livraison rapide \u2013 prix domaine.\" \/>\n<meta property=\"og:url\" content=\"https:\/\/demourshop.com\/en\/product\/ganse-limprevue-2018\/\" \/>\n<meta property=\"og:site_name\" content=\"Demourshop\" \/>\n<meta property=\"article:modified_time\" content=\"2025-05-27T10:50:03+00:00\" \/>\n<meta property=\"og:image\" content=\"http:\/\/demourshop.com\/wp-content\/uploads\/2025\/01\/ganse-imprevue.png\" \/>\n\t<meta property=\"og:image:width\" content=\"700\" \/>\n\t<meta property=\"og:image:height\" content=\"700\" \/>\n\t<meta property=\"og:image:type\" content=\"image\/png\" \/>\n<meta name=\"twitter:card\" content=\"summary_large_image\" \/>\n<meta name=\"twitter:label1\" content=\"Estimated reading time\" \/>\n\t<meta name=\"twitter:data1\" content=\"2 minutes\" \/>\n<script type=\"application\/ld+json\" class=\"yoast-schema-graph\">{\"@context\":\"https:\\\/\\\/schema.org\",\"@graph\":[{\"@type\":\"WebPage\",\"@id\":\"https:\\\/\\\/demourshop.com\\\/produit\\\/ganse-limprevue-2018\\\/\",\"url\":\"https:\\\/\\\/demourshop.com\\\/produit\\\/ganse-limprevue-2018\\\/\",\"name\":\"Ganse l'Imprevue 2018 - Demourshop\",\"isPartOf\":{\"@id\":\"https:\\\/\\\/demourshop.com\\\/#website\"},\"primaryImageOfPage\":{\"@id\":\"https:\\\/\\\/demourshop.com\\\/produit\\\/ganse-limprevue-2018\\\/#primaryimage\"},\"image\":{\"@id\":\"https:\\\/\\\/demourshop.com\\\/produit\\\/ganse-limprevue-2018\\\/#primaryimage\"},\"thumbnailUrl\":\"http:\\\/\\\/demourshop.com\\\/wp-content\\\/uploads\\\/2025\\\/01\\\/ganse-imprevue.png\",\"datePublished\":\"2025-01-22T11:23:12+00:00\",\"dateModified\":\"2025-05-27T10:50:03+00:00\",\"description\":\"Ganse L\u2019Impr\u00e9vu(e) 2018 \u2013 Vacqueyras fruit\u00e9 et souple. Syrah, Grenache, Mourv\u00e8dre. Parfait grillades ou volailles. Livraison rapide \u2013 prix domaine.\",\"breadcrumb\":{\"@id\":\"https:\\\/\\\/demourshop.com\\\/produit\\\/ganse-limprevue-2018\\\/#breadcrumb\"},\"inLanguage\":\"en-GB\",\"potentialAction\":[{\"@type\":\"ReadAction\",\"target\":[\"https:\\\/\\\/demourshop.com\\\/produit\\\/ganse-limprevue-2018\\\/\"]}]},{\"@type\":\"ImageObject\",\"inLanguage\":\"en-GB\",\"@id\":\"https:\\\/\\\/demourshop.com\\\/produit\\\/ganse-limprevue-2018\\\/#primaryimage\",\"url\":\"http:\\\/\\\/demourshop.com\\\/wp-content\\\/uploads\\\/2025\\\/01\\\/ganse-imprevue.png\",\"contentUrl\":\"http:\\\/\\\/demourshop.com\\\/wp-content\\\/uploads\\\/2025\\\/01\\\/ganse-imprevue.png\",\"width\":700,\"height\":700,\"caption\":\"L'Impr\u00e9vue 2018, vin rouge des C\u00f4tes du Rh\u00f4ne \u00e0 d\u00e9guster \u00e0 14\u00b0C.\"},{\"@type\":\"BreadcrumbList\",\"@id\":\"https:\\\/\\\/demourshop.com\\\/produit\\\/ganse-limprevue-2018\\\/#breadcrumb\",\"itemListElement\":[{\"@type\":\"ListItem\",\"position\":1,\"name\":\"Accueil\",\"item\":\"https:\\\/\\\/demourshop.com\\\/\"},{\"@type\":\"ListItem\",\"position\":2,\"name\":\"Boutique\",\"item\":\"https:\\\/\\\/demourshop.com\\\/boutique\\\/\"},{\"@type\":\"ListItem\",\"position\":3,\"name\":\"Ganse l&rsquo;Imprevue 2018\"}]},{\"@type\":\"WebSite\",\"@id\":\"https:\\\/\\\/demourshop.com\\\/#website\",\"url\":\"https:\\\/\\\/demourshop.com\\\/\",\"name\":\"Demourshop\",\"description\":\"\",\"publisher\":{\"@id\":\"https:\\\/\\\/demourshop.com\\\/#organization\"},\"potentialAction\":[{\"@type\":\"SearchAction\",\"target\":{\"@type\":\"EntryPoint\",\"urlTemplate\":\"https:\\\/\\\/demourshop.com\\\/?s={search_term_string}\"},\"query-input\":{\"@type\":\"PropertyValueSpecification\",\"valueRequired\":true,\"valueName\":\"search_term_string\"}}],\"inLanguage\":\"en-GB\"},{\"@type\":\"Organization\",\"@id\":\"https:\\\/\\\/demourshop.com\\\/#organization\",\"name\":\"Demourshop\",\"url\":\"https:\\\/\\\/demourshop.com\\\/\",\"logo\":{\"@type\":\"ImageObject\",\"inLanguage\":\"en-GB\",\"@id\":\"https:\\\/\\\/demourshop.com\\\/#\\\/schema\\\/logo\\\/image\\\/\",\"url\":\"http:\\\/\\\/demourshop.com\\\/wp-content\\\/uploads\\\/2023\\\/08\\\/logo-wine-2-1-1.png\",\"contentUrl\":\"http:\\\/\\\/demourshop.com\\\/wp-content\\\/uploads\\\/2023\\\/08\\\/logo-wine-2-1-1.png\",\"width\":400,\"height\":145,\"caption\":\"Demourshop\"},\"image\":{\"@id\":\"https:\\\/\\\/demourshop.com\\\/#\\\/schema\\\/logo\\\/image\\\/\"}}]}<\/script>\n<!-- \/ Yoast SEO plugin. -->","yoast_head_json":{"title":"Ganse l'Imprevue 2018 - Demourshop","description":"Ganse L\u2019Impr\u00e9vu(e) 2018 \u2013 Vacqueyras fruit\u00e9 et souple. Syrah, Grenache, Mourv\u00e8dre. Parfait grillades ou volailles. Livraison rapide \u2013 prix domaine.","robots":{"index":"index","follow":"follow","max-snippet":"max-snippet:-1","max-image-preview":"max-image-preview:large","max-video-preview":"max-video-preview:-1"},"canonical":"https:\/\/demourshop.com\/en\/product\/ganse-limprevue-2018\/","og_locale":"en_GB","og_type":"article","og_title":"Ganse l'Imprevue 2018 - Demourshop","og_description":"Ganse L\u2019Impr\u00e9vu(e) 2018 \u2013 Vacqueyras fruit\u00e9 et souple. Syrah, Grenache, Mourv\u00e8dre. Parfait grillades ou volailles. Livraison rapide \u2013 prix domaine.","og_url":"https:\/\/demourshop.com\/en\/product\/ganse-limprevue-2018\/","og_site_name":"Demourshop","article_modified_time":"2025-05-27T10:50:03+00:00","og_image":[{"width":700,"height":700,"url":"http:\/\/demourshop.com\/wp-content\/uploads\/2025\/01\/ganse-imprevue.png","type":"image\/png"}],"twitter_card":"summary_large_image","twitter_misc":{"Estimated reading time":"2 minutes"},"schema":{"@context":"https:\/\/schema.org","@graph":[{"@type":"WebPage","@id":"https:\/\/demourshop.com\/produit\/ganse-limprevue-2018\/","url":"https:\/\/demourshop.com\/produit\/ganse-limprevue-2018\/","name":"Ganse l'Imprevue 2018 - Demourshop","isPartOf":{"@id":"https:\/\/demourshop.com\/#website"},"primaryImageOfPage":{"@id":"https:\/\/demourshop.com\/produit\/ganse-limprevue-2018\/#primaryimage"},"image":{"@id":"https:\/\/demourshop.com\/produit\/ganse-limprevue-2018\/#primaryimage"},"thumbnailUrl":"http:\/\/demourshop.com\/wp-content\/uploads\/2025\/01\/ganse-imprevue.png","datePublished":"2025-01-22T11:23:12+00:00","dateModified":"2025-05-27T10:50:03+00:00","description":"Ganse L\u2019Impr\u00e9vu(e) 2018 \u2013 Vacqueyras fruit\u00e9 et souple. Syrah, Grenache, Mourv\u00e8dre. Parfait grillades ou volailles. Livraison rapide \u2013 prix domaine.","breadcrumb":{"@id":"https:\/\/demourshop.com\/produit\/ganse-limprevue-2018\/#breadcrumb"},"inLanguage":"en-GB","potentialAction":[{"@type":"ReadAction","target":["https:\/\/demourshop.com\/produit\/ganse-limprevue-2018\/"]}]},{"@type":"ImageObject","inLanguage":"en-GB","@id":"https:\/\/demourshop.com\/produit\/ganse-limprevue-2018\/#primaryimage","url":"http:\/\/demourshop.com\/wp-content\/uploads\/2025\/01\/ganse-imprevue.png","contentUrl":"http:\/\/demourshop.com\/wp-content\/uploads\/2025\/01\/ganse-imprevue.png","width":700,"height":700,"caption":"L'Impr\u00e9vue 2018, vin rouge des C\u00f4tes du Rh\u00f4ne \u00e0 d\u00e9guster \u00e0 14\u00b0C."},{"@type":"BreadcrumbList","@id":"https:\/\/demourshop.com\/produit\/ganse-limprevue-2018\/#breadcrumb","itemListElement":[{"@type":"ListItem","position":1,"name":"Accueil","item":"https:\/\/demourshop.com\/"},{"@type":"ListItem","position":2,"name":"Boutique","item":"https:\/\/demourshop.com\/boutique\/"},{"@type":"ListItem","position":3,"name":"Ganse l&rsquo;Imprevue 2018"}]},{"@type":"WebSite","@id":"https:\/\/demourshop.com\/#website","url":"https:\/\/demourshop.com\/","name":"Demourshop","description":"","publisher":{"@id":"https:\/\/demourshop.com\/#organization"},"potentialAction":[{"@type":"SearchAction","target":{"@type":"EntryPoint","urlTemplate":"https:\/\/demourshop.com\/?s={search_term_string}"},"query-input":{"@type":"PropertyValueSpecification","valueRequired":true,"valueName":"search_term_string"}}],"inLanguage":"en-GB"},{"@type":"Organization","@id":"https:\/\/demourshop.com\/#organization","name":"Demourshop","url":"https:\/\/demourshop.com\/","logo":{"@type":"ImageObject","inLanguage":"en-GB","@id":"https:\/\/demourshop.com\/#\/schema\/logo\/image\/","url":"http:\/\/demourshop.com\/wp-content\/uploads\/2023\/08\/logo-wine-2-1-1.png","contentUrl":"http:\/\/demourshop.com\/wp-content\/uploads\/2023\/08\/logo-wine-2-1-1.png","width":400,"height":145,"caption":"Demourshop"},"image":{"@id":"https:\/\/demourshop.com\/#\/schema\/logo\/image\/"}}]}},"_links":{"self":[{"href":"http:\/\/demourshop.com\/en\/wp-json\/wp\/v2\/product\/65275","targetHints":{"allow":["GET"]}}],"collection":[{"href":"http:\/\/demourshop.com\/en\/wp-json\/wp\/v2\/product"}],"about":[{"href":"http:\/\/demourshop.com\/en\/wp-json\/wp\/v2\/types\/product"}],"version-history":[{"count":8,"href":"http:\/\/demourshop.com\/en\/wp-json\/wp\/v2\/product\/65275\/revisions"}],"predecessor-version":[{"id":70330,"href":"http:\/\/demourshop.com\/en\/wp-json\/wp\/v2\/product\/65275\/revisions\/70330"}],"wp:featuredmedia":[{"embeddable":true,"href":"http:\/\/demourshop.com\/en\/wp-json\/wp\/v2\/media\/69780"}],"wp:attachment":[{"href":"http:\/\/demourshop.com\/en\/wp-json\/wp\/v2\/media?parent=65275"}],"wp:term":[{"taxonomy":"product_brand","embeddable":true,"href":"http:\/\/demourshop.com\/en\/wp-json\/wp\/v2\/product_brand?post=65275"},{"taxonomy":"product_cat","embeddable":true,"href":"http:\/\/demourshop.com\/en\/wp-json\/wp\/v2\/product_cat?post=65275"},{"taxonomy":"product_tag","embeddable":true,"href":"http:\/\/demourshop.com\/en\/wp-json\/wp\/v2\/product_tag?post=65275"}],"curies":[{"name":"wp","href":"https:\/\/api.w.org\/{rel}","templated":true}]}}