{"id":65267,"date":"2024-10-23T12:02:40","date_gmt":"2024-10-23T10:02:40","guid":{"rendered":"https:\/\/demourshop.com\/?post_type=product&#038;p=65267"},"modified":"2025-05-27T09:49:33","modified_gmt":"2025-05-27T07:49:33","slug":"blauer-zweigelt-reserve-2018","status":"publish","type":"product","link":"http:\/\/demourshop.com\/en\/product\/blauer-zweigelt-reserve-2018\/","title":{"rendered":"Blauer Zweigelt reserve 2018"},"content":{"rendered":"<p>Servez <strong>Blauer Zweigelt Reserve 2018<\/strong> entre 16 et 18\u00b0C. Il s\u2019accorde tr\u00e8s bien avec des viandes r\u00f4ties, une cuisine asiatique l\u00e9g\u00e8rement relev\u00e9e ou des fromages affin\u00e9s. Gr\u00e2ce \u00e0 son profil \u00e9quilibr\u00e9, ce vin rouge peut \u00eatre appr\u00e9ci\u00e9 d\u00e8s aujourd\u2019hui, mais il pourra aussi \u00e9voluer favorablement sur 5 \u00e0 7 ans. Pour les amateurs de vins europ\u00e9ens originaux, c\u2019est une tr\u00e8s belle d\u00e9couverte, \u00e0 la fois expressive et accessible. Parfait pour enrichir votre cave avec un vin hors des sentiers battus.<\/p>","protected":false},"excerpt":{"rendered":"<p><strong>Blauer Zweigelt Reserve 2018<\/strong> \u2013 Rouge autrichien \u00e9l\u00e9gant, fruit\u00e9 et \u00e9pic\u00e9. Belle structure, finale velout\u00e9e. \u00c0 d\u00e9couvrir absolument.<\/p>","protected":false},"featured_media":66905,"template":"","meta":{"_acf_changed":false},"product_brand":[],"product_cat":[378,386,507,552,382,395,375,393],"product_tag":[],"class_list":{"0":"post-65267","1":"product","2":"type-product","3":"status-publish","4":"has-post-thumbnail","6":"product_cat-appellations-vin-en-ligne","7":"product_cat-vin-autriche-en-ligne","8":"product_cat-cepages-vin-en-ligne","9":"product_cat-vin-par-couleur-en-ligne","10":"product_cat-vin-par-pays-en-ligne","11":"product_cat-vin-agriculture-raisonnee","12":"product_cat-vin-rouge-en-ligne","13":"product_cat-vins-par-methode-de-vinification","14":"pa_appellations-wagram","15":"pa_cepages-blauer-zweigelt","16":"pa_couleurs-rouge","17":"pa_formats-75cl","18":"pa_millesimes-178","19":"pa_pays-autriche","20":"pa_quantites-a-lunite","21":"pa_vinifications-raisonnee","23":"first","24":"instock","25":"taxable","26":"shipping-taxable","27":"purchasable","28":"product-type-simple"},"acf":[],"yoast_head":"<!-- This site is optimized with the Yoast SEO plugin v27.4 - https:\/\/yoast.com\/product\/yoast-seo-wordpress\/ -->\n<title>Blauer Zweigelt reserve 2018 - Demourshop<\/title>\n<meta name=\"description\" content=\"Blauer Zweigelt Reserve 2018 \u2013 bouteille de vin rouge autrichien, c\u00e9page local, \u00e9l\u00e9gant et \u00e9pic\u00e9, domaine Weingut Leth. Livraison repide.\" \/>\n<meta name=\"robots\" content=\"index, follow, max-snippet:-1, max-image-preview:large, max-video-preview:-1\" \/>\n<link rel=\"canonical\" href=\"https:\/\/demourshop.com\/en\/product\/blauer-zweigelt-reserve-2018\/\" \/>\n<meta property=\"og:locale\" content=\"en_GB\" \/>\n<meta property=\"og:type\" content=\"article\" \/>\n<meta property=\"og:title\" content=\"Blauer Zweigelt reserve 2018 - Demourshop\" \/>\n<meta property=\"og:description\" content=\"Blauer Zweigelt Reserve 2018 \u2013 bouteille de vin rouge autrichien, c\u00e9page local, \u00e9l\u00e9gant et \u00e9pic\u00e9, domaine Weingut Leth. Livraison repide.\" \/>\n<meta property=\"og:url\" content=\"https:\/\/demourshop.com\/en\/product\/blauer-zweigelt-reserve-2018\/\" \/>\n<meta property=\"og:site_name\" content=\"Demourshop\" \/>\n<meta property=\"article:modified_time\" content=\"2025-05-27T07:49:33+00:00\" \/>\n<meta property=\"og:image\" content=\"https:\/\/demourshop.com\/wp-content\/uploads\/2024\/10\/Blauer-Zweigelt-reserve.png\" \/>\n\t<meta property=\"og:image:width\" content=\"700\" \/>\n\t<meta property=\"og:image:height\" content=\"700\" \/>\n\t<meta property=\"og:image:type\" content=\"image\/png\" \/>\n<meta name=\"twitter:card\" content=\"summary_large_image\" \/>\n<meta name=\"twitter:label1\" content=\"Estimated reading time\" \/>\n\t<meta name=\"twitter:data1\" content=\"2 minutes\" \/>\n<script type=\"application\/ld+json\" class=\"yoast-schema-graph\">{\"@context\":\"https:\\\/\\\/schema.org\",\"@graph\":[{\"@type\":\"WebPage\",\"@id\":\"https:\\\/\\\/demourshop.com\\\/produit\\\/blauer-zweigelt-reserve-2018\\\/\",\"url\":\"https:\\\/\\\/demourshop.com\\\/produit\\\/blauer-zweigelt-reserve-2018\\\/\",\"name\":\"Blauer Zweigelt reserve 2018 - Demourshop\",\"isPartOf\":{\"@id\":\"https:\\\/\\\/demourshop.com\\\/#website\"},\"primaryImageOfPage\":{\"@id\":\"https:\\\/\\\/demourshop.com\\\/produit\\\/blauer-zweigelt-reserve-2018\\\/#primaryimage\"},\"image\":{\"@id\":\"https:\\\/\\\/demourshop.com\\\/produit\\\/blauer-zweigelt-reserve-2018\\\/#primaryimage\"},\"thumbnailUrl\":\"http:\\\/\\\/demourshop.com\\\/wp-content\\\/uploads\\\/2024\\\/10\\\/Blauer-Zweigelt-reserve.png\",\"datePublished\":\"2024-10-23T10:02:40+00:00\",\"dateModified\":\"2025-05-27T07:49:33+00:00\",\"description\":\"Blauer Zweigelt Reserve 2018 \u2013 bouteille de vin rouge autrichien, c\u00e9page local, \u00e9l\u00e9gant et \u00e9pic\u00e9, domaine Weingut Leth. Livraison repide.\",\"breadcrumb\":{\"@id\":\"https:\\\/\\\/demourshop.com\\\/produit\\\/blauer-zweigelt-reserve-2018\\\/#breadcrumb\"},\"inLanguage\":\"en-GB\",\"potentialAction\":[{\"@type\":\"ReadAction\",\"target\":[\"https:\\\/\\\/demourshop.com\\\/produit\\\/blauer-zweigelt-reserve-2018\\\/\"]}]},{\"@type\":\"ImageObject\",\"inLanguage\":\"en-GB\",\"@id\":\"https:\\\/\\\/demourshop.com\\\/produit\\\/blauer-zweigelt-reserve-2018\\\/#primaryimage\",\"url\":\"http:\\\/\\\/demourshop.com\\\/wp-content\\\/uploads\\\/2024\\\/10\\\/Blauer-Zweigelt-reserve.png\",\"contentUrl\":\"http:\\\/\\\/demourshop.com\\\/wp-content\\\/uploads\\\/2024\\\/10\\\/Blauer-Zweigelt-reserve.png\",\"width\":700,\"height\":700,\"caption\":\"Blauer Zweigelt Reserve \u2013 bouteille de vin rouge autrichien, c\u00e9page Zweigelt, fruit\u00e9 et soyeux, du domaine Weingut Leth\"},{\"@type\":\"BreadcrumbList\",\"@id\":\"https:\\\/\\\/demourshop.com\\\/produit\\\/blauer-zweigelt-reserve-2018\\\/#breadcrumb\",\"itemListElement\":[{\"@type\":\"ListItem\",\"position\":1,\"name\":\"Accueil\",\"item\":\"https:\\\/\\\/demourshop.com\\\/\"},{\"@type\":\"ListItem\",\"position\":2,\"name\":\"Boutique\",\"item\":\"https:\\\/\\\/demourshop.com\\\/boutique\\\/\"},{\"@type\":\"ListItem\",\"position\":3,\"name\":\"Blauer Zweigelt reserve 2018\"}]},{\"@type\":\"WebSite\",\"@id\":\"https:\\\/\\\/demourshop.com\\\/#website\",\"url\":\"https:\\\/\\\/demourshop.com\\\/\",\"name\":\"Demourshop\",\"description\":\"\",\"publisher\":{\"@id\":\"https:\\\/\\\/demourshop.com\\\/#organization\"},\"potentialAction\":[{\"@type\":\"SearchAction\",\"target\":{\"@type\":\"EntryPoint\",\"urlTemplate\":\"https:\\\/\\\/demourshop.com\\\/?s={search_term_string}\"},\"query-input\":{\"@type\":\"PropertyValueSpecification\",\"valueRequired\":true,\"valueName\":\"search_term_string\"}}],\"inLanguage\":\"en-GB\"},{\"@type\":\"Organization\",\"@id\":\"https:\\\/\\\/demourshop.com\\\/#organization\",\"name\":\"Demourshop\",\"url\":\"https:\\\/\\\/demourshop.com\\\/\",\"logo\":{\"@type\":\"ImageObject\",\"inLanguage\":\"en-GB\",\"@id\":\"https:\\\/\\\/demourshop.com\\\/#\\\/schema\\\/logo\\\/image\\\/\",\"url\":\"http:\\\/\\\/demourshop.com\\\/wp-content\\\/uploads\\\/2023\\\/08\\\/logo-wine-2-1-1.png\",\"contentUrl\":\"http:\\\/\\\/demourshop.com\\\/wp-content\\\/uploads\\\/2023\\\/08\\\/logo-wine-2-1-1.png\",\"width\":400,\"height\":145,\"caption\":\"Demourshop\"},\"image\":{\"@id\":\"https:\\\/\\\/demourshop.com\\\/#\\\/schema\\\/logo\\\/image\\\/\"}}]}<\/script>\n<!-- \/ Yoast SEO plugin. -->","yoast_head_json":{"title":"Blauer Zweigelt reserve 2018 - Demourshop","description":"Blauer Zweigelt Reserve 2018 \u2013 bouteille de vin rouge autrichien, c\u00e9page local, \u00e9l\u00e9gant et \u00e9pic\u00e9, domaine Weingut Leth. Livraison repide.","robots":{"index":"index","follow":"follow","max-snippet":"max-snippet:-1","max-image-preview":"max-image-preview:large","max-video-preview":"max-video-preview:-1"},"canonical":"https:\/\/demourshop.com\/en\/product\/blauer-zweigelt-reserve-2018\/","og_locale":"en_GB","og_type":"article","og_title":"Blauer Zweigelt reserve 2018 - Demourshop","og_description":"Blauer Zweigelt Reserve 2018 \u2013 bouteille de vin rouge autrichien, c\u00e9page local, \u00e9l\u00e9gant et \u00e9pic\u00e9, domaine Weingut Leth. Livraison repide.","og_url":"https:\/\/demourshop.com\/en\/product\/blauer-zweigelt-reserve-2018\/","og_site_name":"Demourshop","article_modified_time":"2025-05-27T07:49:33+00:00","og_image":[{"width":700,"height":700,"url":"https:\/\/demourshop.com\/wp-content\/uploads\/2024\/10\/Blauer-Zweigelt-reserve.png","type":"image\/png"}],"twitter_card":"summary_large_image","twitter_misc":{"Estimated reading time":"2 minutes"},"schema":{"@context":"https:\/\/schema.org","@graph":[{"@type":"WebPage","@id":"https:\/\/demourshop.com\/produit\/blauer-zweigelt-reserve-2018\/","url":"https:\/\/demourshop.com\/produit\/blauer-zweigelt-reserve-2018\/","name":"Blauer Zweigelt reserve 2018 - Demourshop","isPartOf":{"@id":"https:\/\/demourshop.com\/#website"},"primaryImageOfPage":{"@id":"https:\/\/demourshop.com\/produit\/blauer-zweigelt-reserve-2018\/#primaryimage"},"image":{"@id":"https:\/\/demourshop.com\/produit\/blauer-zweigelt-reserve-2018\/#primaryimage"},"thumbnailUrl":"http:\/\/demourshop.com\/wp-content\/uploads\/2024\/10\/Blauer-Zweigelt-reserve.png","datePublished":"2024-10-23T10:02:40+00:00","dateModified":"2025-05-27T07:49:33+00:00","description":"Blauer Zweigelt Reserve 2018 \u2013 bouteille de vin rouge autrichien, c\u00e9page local, \u00e9l\u00e9gant et \u00e9pic\u00e9, domaine Weingut Leth. Livraison repide.","breadcrumb":{"@id":"https:\/\/demourshop.com\/produit\/blauer-zweigelt-reserve-2018\/#breadcrumb"},"inLanguage":"en-GB","potentialAction":[{"@type":"ReadAction","target":["https:\/\/demourshop.com\/produit\/blauer-zweigelt-reserve-2018\/"]}]},{"@type":"ImageObject","inLanguage":"en-GB","@id":"https:\/\/demourshop.com\/produit\/blauer-zweigelt-reserve-2018\/#primaryimage","url":"http:\/\/demourshop.com\/wp-content\/uploads\/2024\/10\/Blauer-Zweigelt-reserve.png","contentUrl":"http:\/\/demourshop.com\/wp-content\/uploads\/2024\/10\/Blauer-Zweigelt-reserve.png","width":700,"height":700,"caption":"Blauer Zweigelt Reserve \u2013 bouteille de vin rouge autrichien, c\u00e9page Zweigelt, fruit\u00e9 et soyeux, du domaine Weingut Leth"},{"@type":"BreadcrumbList","@id":"https:\/\/demourshop.com\/produit\/blauer-zweigelt-reserve-2018\/#breadcrumb","itemListElement":[{"@type":"ListItem","position":1,"name":"Accueil","item":"https:\/\/demourshop.com\/"},{"@type":"ListItem","position":2,"name":"Boutique","item":"https:\/\/demourshop.com\/boutique\/"},{"@type":"ListItem","position":3,"name":"Blauer Zweigelt reserve 2018"}]},{"@type":"WebSite","@id":"https:\/\/demourshop.com\/#website","url":"https:\/\/demourshop.com\/","name":"Demourshop","description":"","publisher":{"@id":"https:\/\/demourshop.com\/#organization"},"potentialAction":[{"@type":"SearchAction","target":{"@type":"EntryPoint","urlTemplate":"https:\/\/demourshop.com\/?s={search_term_string}"},"query-input":{"@type":"PropertyValueSpecification","valueRequired":true,"valueName":"search_term_string"}}],"inLanguage":"en-GB"},{"@type":"Organization","@id":"https:\/\/demourshop.com\/#organization","name":"Demourshop","url":"https:\/\/demourshop.com\/","logo":{"@type":"ImageObject","inLanguage":"en-GB","@id":"https:\/\/demourshop.com\/#\/schema\/logo\/image\/","url":"http:\/\/demourshop.com\/wp-content\/uploads\/2023\/08\/logo-wine-2-1-1.png","contentUrl":"http:\/\/demourshop.com\/wp-content\/uploads\/2023\/08\/logo-wine-2-1-1.png","width":400,"height":145,"caption":"Demourshop"},"image":{"@id":"https:\/\/demourshop.com\/#\/schema\/logo\/image\/"}}]}},"_links":{"self":[{"href":"http:\/\/demourshop.com\/en\/wp-json\/wp\/v2\/product\/65267","targetHints":{"allow":["GET"]}}],"collection":[{"href":"http:\/\/demourshop.com\/en\/wp-json\/wp\/v2\/product"}],"about":[{"href":"http:\/\/demourshop.com\/en\/wp-json\/wp\/v2\/types\/product"}],"version-history":[{"count":6,"href":"http:\/\/demourshop.com\/en\/wp-json\/wp\/v2\/product\/65267\/revisions"}],"predecessor-version":[{"id":70290,"href":"http:\/\/demourshop.com\/en\/wp-json\/wp\/v2\/product\/65267\/revisions\/70290"}],"wp:featuredmedia":[{"embeddable":true,"href":"http:\/\/demourshop.com\/en\/wp-json\/wp\/v2\/media\/66905"}],"wp:attachment":[{"href":"http:\/\/demourshop.com\/en\/wp-json\/wp\/v2\/media?parent=65267"}],"wp:term":[{"taxonomy":"product_brand","embeddable":true,"href":"http:\/\/demourshop.com\/en\/wp-json\/wp\/v2\/product_brand?post=65267"},{"taxonomy":"product_cat","embeddable":true,"href":"http:\/\/demourshop.com\/en\/wp-json\/wp\/v2\/product_cat?post=65267"},{"taxonomy":"product_tag","embeddable":true,"href":"http:\/\/demourshop.com\/en\/wp-json\/wp\/v2\/product_tag?post=65267"}],"curies":[{"name":"wp","href":"https:\/\/api.w.org\/{rel}","templated":true}]}}