{"id":65251,"date":"2025-02-13T11:46:20","date_gmt":"2025-02-13T10:46:20","guid":{"rendered":"https:\/\/demourshop.com\/?post_type=product&#038;p=65251"},"modified":"2025-09-26T15:41:17","modified_gmt":"2025-09-26T13:41:17","slug":"domaine-octavie-touraine-2020","status":"publish","type":"product","link":"http:\/\/demourshop.com\/en\/product\/domaine-octavie-touraine-2020\/","title":{"rendered":"Domaine Octavie Touraine 2020"},"content":{"rendered":"<p>Servi l\u00e9g\u00e8rement frais, autour de 14\u202f\u00b0C, <strong>Domaine Octavie Touraine 2020<\/strong> s\u2019appr\u00e9cie en toute simplicit\u00e9. Il accompagne aussi bien des plats v\u00e9g\u00e9tariens que des viandes blanches ou des fromages l\u00e9gers. Ce vin rouge typique de Loire incarne le plaisir imm\u00e9diat, mais offre aussi une belle \u00e9volution apr\u00e8s 2 \u00e0 3 ans en bouteille. Il est id\u00e9al pour ceux qui recherchent un rouge de caract\u00e8re, sans exc\u00e8s de concentration.<\/p>","protected":false},"excerpt":{"rendered":"<p><strong>Domaine Octavie Touraine 2020<\/strong> \u2013 Rouge fruit\u00e9 et souple de Loire, 100\u202f% Gamay. Id\u00e9al pour charcuteries, volailles et plats l\u00e9gers.<\/p>","protected":false},"featured_media":69860,"template":"","meta":{"_acf_changed":false},"product_brand":[],"product_cat":[378,507,552,383,412,382,395,796,375,393],"product_tag":[],"class_list":{"0":"post-65251","1":"product","2":"type-product","3":"status-publish","4":"has-post-thumbnail","6":"product_cat-appellations-vin-en-ligne","7":"product_cat-cepages-vin-en-ligne","8":"product_cat-vin-par-couleur-en-ligne","9":"product_cat-vin-de-france-en-ligne","10":"product_cat-malbec-en-ligne","11":"product_cat-vin-par-pays-en-ligne","12":"product_cat-vin-agriculture-raisonnee","13":"product_cat-vin-touraine-en-ligne","14":"product_cat-vin-rouge-en-ligne","15":"product_cat-vins-par-methode-de-vinification","16":"pa_appellations-touraine","17":"pa_cepages-malbec","18":"pa_couleurs-rouge","19":"pa_formats-75cl","20":"pa_millesimes-176","21":"pa_pays-france","22":"pa_quantites-a-lunite","23":"pa_quantites-carton-de-3-bouteilles","24":"pa_quantites-carton-de-6-bouteilles","25":"pa_vinifications-raisonnee","27":"first","28":"instock","29":"taxable","30":"shipping-taxable","31":"purchasable","32":"product-type-simple"},"acf":[],"yoast_head":"<!-- This site is optimized with the Yoast SEO plugin v27.4 - https:\/\/yoast.com\/product\/yoast-seo-wordpress\/ -->\n<title>Domaine Octavie Touraine 2020 - Demourshop<\/title>\n<meta name=\"description\" content=\"Domaine Octavie Touraine 2020 \u2013 Gamay rouge fruit\u00e9 de Loire. L\u00e9ger et gourmand, parfait avec charcuteries, grillades ou fromages frais.\" \/>\n<meta name=\"robots\" content=\"index, follow, max-snippet:-1, max-image-preview:large, max-video-preview:-1\" \/>\n<link rel=\"canonical\" href=\"https:\/\/demourshop.com\/en\/product\/domaine-octavie-touraine-2020\/\" \/>\n<meta property=\"og:locale\" content=\"en_GB\" \/>\n<meta property=\"og:type\" content=\"article\" \/>\n<meta property=\"og:title\" content=\"Domaine Octavie Touraine 2020 - Demourshop\" \/>\n<meta property=\"og:description\" content=\"Domaine Octavie Touraine 2020 \u2013 Gamay rouge fruit\u00e9 de Loire. L\u00e9ger et gourmand, parfait avec charcuteries, grillades ou fromages frais.\" \/>\n<meta property=\"og:url\" content=\"https:\/\/demourshop.com\/en\/product\/domaine-octavie-touraine-2020\/\" \/>\n<meta property=\"og:site_name\" content=\"Demourshop\" \/>\n<meta property=\"article:modified_time\" content=\"2025-09-26T13:41:17+00:00\" \/>\n<meta property=\"og:image\" content=\"http:\/\/demourshop.com\/wp-content\/uploads\/2025\/02\/La-Closerie.png\" \/>\n\t<meta property=\"og:image:width\" content=\"700\" \/>\n\t<meta property=\"og:image:height\" content=\"700\" \/>\n\t<meta property=\"og:image:type\" content=\"image\/png\" \/>\n<meta name=\"twitter:card\" content=\"summary_large_image\" \/>\n<meta name=\"twitter:label1\" content=\"Estimated reading time\" \/>\n\t<meta name=\"twitter:data1\" content=\"2 minutes\" \/>\n<script type=\"application\/ld+json\" class=\"yoast-schema-graph\">{\"@context\":\"https:\\\/\\\/schema.org\",\"@graph\":[{\"@type\":\"WebPage\",\"@id\":\"https:\\\/\\\/demourshop.com\\\/produit\\\/domaine-octavie-touraine-2020\\\/\",\"url\":\"https:\\\/\\\/demourshop.com\\\/produit\\\/domaine-octavie-touraine-2020\\\/\",\"name\":\"Domaine Octavie Touraine 2020 - Demourshop\",\"isPartOf\":{\"@id\":\"https:\\\/\\\/demourshop.com\\\/#website\"},\"primaryImageOfPage\":{\"@id\":\"https:\\\/\\\/demourshop.com\\\/produit\\\/domaine-octavie-touraine-2020\\\/#primaryimage\"},\"image\":{\"@id\":\"https:\\\/\\\/demourshop.com\\\/produit\\\/domaine-octavie-touraine-2020\\\/#primaryimage\"},\"thumbnailUrl\":\"http:\\\/\\\/demourshop.com\\\/wp-content\\\/uploads\\\/2025\\\/02\\\/La-Closerie.png\",\"datePublished\":\"2025-02-13T10:46:20+00:00\",\"dateModified\":\"2025-09-26T13:41:17+00:00\",\"description\":\"Domaine Octavie Touraine 2020 \u2013 Gamay rouge fruit\u00e9 de Loire. L\u00e9ger et gourmand, parfait avec charcuteries, grillades ou fromages frais.\",\"breadcrumb\":{\"@id\":\"https:\\\/\\\/demourshop.com\\\/produit\\\/domaine-octavie-touraine-2020\\\/#breadcrumb\"},\"inLanguage\":\"en-GB\",\"potentialAction\":[{\"@type\":\"ReadAction\",\"target\":[\"https:\\\/\\\/demourshop.com\\\/produit\\\/domaine-octavie-touraine-2020\\\/\"]}]},{\"@type\":\"ImageObject\",\"inLanguage\":\"en-GB\",\"@id\":\"https:\\\/\\\/demourshop.com\\\/produit\\\/domaine-octavie-touraine-2020\\\/#primaryimage\",\"url\":\"http:\\\/\\\/demourshop.com\\\/wp-content\\\/uploads\\\/2025\\\/02\\\/La-Closerie.png\",\"contentUrl\":\"http:\\\/\\\/demourshop.com\\\/wp-content\\\/uploads\\\/2025\\\/02\\\/La-Closerie.png\",\"width\":700,\"height\":700,\"caption\":\"Domaine Octavie Touraine Gamay 2021 \u2013 vin rouge l\u00e9ger et fruit\u00e9 de Touraine, bouteille \u00e9l\u00e9gante et accessible du Val de Loire\"},{\"@type\":\"BreadcrumbList\",\"@id\":\"https:\\\/\\\/demourshop.com\\\/produit\\\/domaine-octavie-touraine-2020\\\/#breadcrumb\",\"itemListElement\":[{\"@type\":\"ListItem\",\"position\":1,\"name\":\"Accueil\",\"item\":\"https:\\\/\\\/demourshop.com\\\/\"},{\"@type\":\"ListItem\",\"position\":2,\"name\":\"Boutique\",\"item\":\"https:\\\/\\\/demourshop.com\\\/boutique\\\/\"},{\"@type\":\"ListItem\",\"position\":3,\"name\":\"Domaine Octavie Touraine 2020\"}]},{\"@type\":\"WebSite\",\"@id\":\"https:\\\/\\\/demourshop.com\\\/#website\",\"url\":\"https:\\\/\\\/demourshop.com\\\/\",\"name\":\"Demourshop\",\"description\":\"\",\"publisher\":{\"@id\":\"https:\\\/\\\/demourshop.com\\\/#organization\"},\"potentialAction\":[{\"@type\":\"SearchAction\",\"target\":{\"@type\":\"EntryPoint\",\"urlTemplate\":\"https:\\\/\\\/demourshop.com\\\/?s={search_term_string}\"},\"query-input\":{\"@type\":\"PropertyValueSpecification\",\"valueRequired\":true,\"valueName\":\"search_term_string\"}}],\"inLanguage\":\"en-GB\"},{\"@type\":\"Organization\",\"@id\":\"https:\\\/\\\/demourshop.com\\\/#organization\",\"name\":\"Demourshop\",\"url\":\"https:\\\/\\\/demourshop.com\\\/\",\"logo\":{\"@type\":\"ImageObject\",\"inLanguage\":\"en-GB\",\"@id\":\"https:\\\/\\\/demourshop.com\\\/#\\\/schema\\\/logo\\\/image\\\/\",\"url\":\"http:\\\/\\\/demourshop.com\\\/wp-content\\\/uploads\\\/2023\\\/08\\\/logo-wine-2-1-1.png\",\"contentUrl\":\"http:\\\/\\\/demourshop.com\\\/wp-content\\\/uploads\\\/2023\\\/08\\\/logo-wine-2-1-1.png\",\"width\":400,\"height\":145,\"caption\":\"Demourshop\"},\"image\":{\"@id\":\"https:\\\/\\\/demourshop.com\\\/#\\\/schema\\\/logo\\\/image\\\/\"}}]}<\/script>\n<!-- \/ Yoast SEO plugin. -->","yoast_head_json":{"title":"Domaine Octavie Touraine 2020 - Demourshop","description":"Domaine Octavie Touraine 2020 \u2013 Gamay rouge fruit\u00e9 de Loire. L\u00e9ger et gourmand, parfait avec charcuteries, grillades ou fromages frais.","robots":{"index":"index","follow":"follow","max-snippet":"max-snippet:-1","max-image-preview":"max-image-preview:large","max-video-preview":"max-video-preview:-1"},"canonical":"https:\/\/demourshop.com\/en\/product\/domaine-octavie-touraine-2020\/","og_locale":"en_GB","og_type":"article","og_title":"Domaine Octavie Touraine 2020 - Demourshop","og_description":"Domaine Octavie Touraine 2020 \u2013 Gamay rouge fruit\u00e9 de Loire. L\u00e9ger et gourmand, parfait avec charcuteries, grillades ou fromages frais.","og_url":"https:\/\/demourshop.com\/en\/product\/domaine-octavie-touraine-2020\/","og_site_name":"Demourshop","article_modified_time":"2025-09-26T13:41:17+00:00","og_image":[{"width":700,"height":700,"url":"http:\/\/demourshop.com\/wp-content\/uploads\/2025\/02\/La-Closerie.png","type":"image\/png"}],"twitter_card":"summary_large_image","twitter_misc":{"Estimated reading time":"2 minutes"},"schema":{"@context":"https:\/\/schema.org","@graph":[{"@type":"WebPage","@id":"https:\/\/demourshop.com\/produit\/domaine-octavie-touraine-2020\/","url":"https:\/\/demourshop.com\/produit\/domaine-octavie-touraine-2020\/","name":"Domaine Octavie Touraine 2020 - Demourshop","isPartOf":{"@id":"https:\/\/demourshop.com\/#website"},"primaryImageOfPage":{"@id":"https:\/\/demourshop.com\/produit\/domaine-octavie-touraine-2020\/#primaryimage"},"image":{"@id":"https:\/\/demourshop.com\/produit\/domaine-octavie-touraine-2020\/#primaryimage"},"thumbnailUrl":"http:\/\/demourshop.com\/wp-content\/uploads\/2025\/02\/La-Closerie.png","datePublished":"2025-02-13T10:46:20+00:00","dateModified":"2025-09-26T13:41:17+00:00","description":"Domaine Octavie Touraine 2020 \u2013 Gamay rouge fruit\u00e9 de Loire. L\u00e9ger et gourmand, parfait avec charcuteries, grillades ou fromages frais.","breadcrumb":{"@id":"https:\/\/demourshop.com\/produit\/domaine-octavie-touraine-2020\/#breadcrumb"},"inLanguage":"en-GB","potentialAction":[{"@type":"ReadAction","target":["https:\/\/demourshop.com\/produit\/domaine-octavie-touraine-2020\/"]}]},{"@type":"ImageObject","inLanguage":"en-GB","@id":"https:\/\/demourshop.com\/produit\/domaine-octavie-touraine-2020\/#primaryimage","url":"http:\/\/demourshop.com\/wp-content\/uploads\/2025\/02\/La-Closerie.png","contentUrl":"http:\/\/demourshop.com\/wp-content\/uploads\/2025\/02\/La-Closerie.png","width":700,"height":700,"caption":"Domaine Octavie Touraine Gamay 2021 \u2013 vin rouge l\u00e9ger et fruit\u00e9 de Touraine, bouteille \u00e9l\u00e9gante et accessible du Val de Loire"},{"@type":"BreadcrumbList","@id":"https:\/\/demourshop.com\/produit\/domaine-octavie-touraine-2020\/#breadcrumb","itemListElement":[{"@type":"ListItem","position":1,"name":"Accueil","item":"https:\/\/demourshop.com\/"},{"@type":"ListItem","position":2,"name":"Boutique","item":"https:\/\/demourshop.com\/boutique\/"},{"@type":"ListItem","position":3,"name":"Domaine Octavie Touraine 2020"}]},{"@type":"WebSite","@id":"https:\/\/demourshop.com\/#website","url":"https:\/\/demourshop.com\/","name":"Demourshop","description":"","publisher":{"@id":"https:\/\/demourshop.com\/#organization"},"potentialAction":[{"@type":"SearchAction","target":{"@type":"EntryPoint","urlTemplate":"https:\/\/demourshop.com\/?s={search_term_string}"},"query-input":{"@type":"PropertyValueSpecification","valueRequired":true,"valueName":"search_term_string"}}],"inLanguage":"en-GB"},{"@type":"Organization","@id":"https:\/\/demourshop.com\/#organization","name":"Demourshop","url":"https:\/\/demourshop.com\/","logo":{"@type":"ImageObject","inLanguage":"en-GB","@id":"https:\/\/demourshop.com\/#\/schema\/logo\/image\/","url":"http:\/\/demourshop.com\/wp-content\/uploads\/2023\/08\/logo-wine-2-1-1.png","contentUrl":"http:\/\/demourshop.com\/wp-content\/uploads\/2023\/08\/logo-wine-2-1-1.png","width":400,"height":145,"caption":"Demourshop"},"image":{"@id":"https:\/\/demourshop.com\/#\/schema\/logo\/image\/"}}]}},"_links":{"self":[{"href":"http:\/\/demourshop.com\/en\/wp-json\/wp\/v2\/product\/65251","targetHints":{"allow":["GET"]}}],"collection":[{"href":"http:\/\/demourshop.com\/en\/wp-json\/wp\/v2\/product"}],"about":[{"href":"http:\/\/demourshop.com\/en\/wp-json\/wp\/v2\/types\/product"}],"version-history":[{"count":7,"href":"http:\/\/demourshop.com\/en\/wp-json\/wp\/v2\/product\/65251\/revisions"}],"predecessor-version":[{"id":70320,"href":"http:\/\/demourshop.com\/en\/wp-json\/wp\/v2\/product\/65251\/revisions\/70320"}],"wp:featuredmedia":[{"embeddable":true,"href":"http:\/\/demourshop.com\/en\/wp-json\/wp\/v2\/media\/69860"}],"wp:attachment":[{"href":"http:\/\/demourshop.com\/en\/wp-json\/wp\/v2\/media?parent=65251"}],"wp:term":[{"taxonomy":"product_brand","embeddable":true,"href":"http:\/\/demourshop.com\/en\/wp-json\/wp\/v2\/product_brand?post=65251"},{"taxonomy":"product_cat","embeddable":true,"href":"http:\/\/demourshop.com\/en\/wp-json\/wp\/v2\/product_cat?post=65251"},{"taxonomy":"product_tag","embeddable":true,"href":"http:\/\/demourshop.com\/en\/wp-json\/wp\/v2\/product_tag?post=65251"}],"curies":[{"name":"wp","href":"https:\/\/api.w.org\/{rel}","templated":true}]}}