{"id":65237,"date":"2025-09-26T15:34:30","date_gmt":"2025-09-26T13:34:30","guid":{"rendered":"https:\/\/demourshop.com\/?post_type=product&#038;p=65237"},"modified":"2025-09-26T15:34:30","modified_gmt":"2025-09-26T13:34:30","slug":"domaine-de-montine-caprices","status":"publish","type":"product","link":"http:\/\/demourshop.com\/en\/product\/domaine-de-montine-caprices\/","title":{"rendered":"Domaine de Montine Caprices"},"content":{"rendered":"","protected":false},"excerpt":{"rendered":"<p>France &#8211; Rh\u00f4ne &#8211; Rouge<\/p>","protected":false},"featured_media":65567,"template":"","meta":{"_acf_changed":false},"product_brand":[],"product_cat":[395,393],"product_tag":[],"class_list":{"0":"post-65237","1":"product","2":"type-product","3":"status-publish","4":"has-post-thumbnail","6":"product_cat-vin-agriculture-raisonnee","7":"product_cat-vins-par-methode-de-vinification","8":"pa_appellations-cotes-du-rhone","9":"pa_cepages-grenache","10":"pa_cepages-syrah","11":"pa_couleurs-rouge","12":"pa_formats-75cl","13":"pa_millesimes-178","14":"pa_pays-france","15":"pa_quantites-a-lunite","16":"pa_vinifications-raisonnee","18":"first","19":"instock","20":"taxable","21":"shipping-taxable","22":"purchasable","23":"product-type-simple"},"acf":[],"yoast_head":"<!-- This site is optimized with the Yoast SEO plugin v27.4 - https:\/\/yoast.com\/product\/yoast-seo-wordpress\/ -->\n<title>Domaine de Montine Caprices - Demourshop<\/title>\n<meta name=\"description\" content=\"Le domaine de Montine Caprices 2018 est disponible d\u00e8s maintenant sur la boutique Demourshop. Vin d&#039;appellation C\u00f4tes du Rh\u00f4ne.\" \/>\n<meta name=\"robots\" content=\"index, follow, max-snippet:-1, max-image-preview:large, max-video-preview:-1\" \/>\n<link rel=\"canonical\" href=\"https:\/\/demourshop.com\/en\/product\/domaine-de-montine-caprices\/\" \/>\n<meta property=\"og:locale\" content=\"en_GB\" \/>\n<meta property=\"og:type\" content=\"article\" \/>\n<meta property=\"og:title\" content=\"Domaine de Montine Caprices - Demourshop\" \/>\n<meta property=\"og:description\" content=\"Le domaine de Montine Caprices 2018 est disponible d\u00e8s maintenant sur la boutique Demourshop. Vin d&#039;appellation C\u00f4tes du Rh\u00f4ne.\" \/>\n<meta property=\"og:url\" content=\"https:\/\/demourshop.com\/en\/product\/domaine-de-montine-caprices\/\" \/>\n<meta property=\"og:site_name\" content=\"Demourshop\" \/>\n<meta property=\"og:image\" content=\"http:\/\/demourshop.com\/wp-content\/uploads\/2024\/10\/dmtcp20_anv800.webp\" \/>\n\t<meta property=\"og:image:width\" content=\"275\" \/>\n\t<meta property=\"og:image:height\" content=\"385\" \/>\n\t<meta property=\"og:image:type\" content=\"image\/webp\" \/>\n<meta name=\"twitter:card\" content=\"summary_large_image\" \/>\n<meta name=\"twitter:label1\" content=\"Estimated reading time\" \/>\n\t<meta name=\"twitter:data1\" content=\"1 minute\" \/>\n<script type=\"application\/ld+json\" class=\"yoast-schema-graph\">{\"@context\":\"https:\\\/\\\/schema.org\",\"@graph\":[{\"@type\":\"WebPage\",\"@id\":\"https:\\\/\\\/demourshop.com\\\/produit\\\/domaine-de-montine-caprices\\\/\",\"url\":\"https:\\\/\\\/demourshop.com\\\/produit\\\/domaine-de-montine-caprices\\\/\",\"name\":\"Domaine de Montine Caprices - Demourshop\",\"isPartOf\":{\"@id\":\"https:\\\/\\\/demourshop.com\\\/#website\"},\"primaryImageOfPage\":{\"@id\":\"https:\\\/\\\/demourshop.com\\\/produit\\\/domaine-de-montine-caprices\\\/#primaryimage\"},\"image\":{\"@id\":\"https:\\\/\\\/demourshop.com\\\/produit\\\/domaine-de-montine-caprices\\\/#primaryimage\"},\"thumbnailUrl\":\"http:\\\/\\\/demourshop.com\\\/wp-content\\\/uploads\\\/2024\\\/10\\\/dmtcp20_anv800.webp\",\"datePublished\":\"2025-09-26T13:34:30+00:00\",\"description\":\"Le domaine de Montine Caprices 2018 est disponible d\u00e8s maintenant sur la boutique Demourshop. Vin d'appellation C\u00f4tes du Rh\u00f4ne.\",\"breadcrumb\":{\"@id\":\"https:\\\/\\\/demourshop.com\\\/produit\\\/domaine-de-montine-caprices\\\/#breadcrumb\"},\"inLanguage\":\"en-GB\",\"potentialAction\":[{\"@type\":\"ReadAction\",\"target\":[\"https:\\\/\\\/demourshop.com\\\/produit\\\/domaine-de-montine-caprices\\\/\"]}]},{\"@type\":\"ImageObject\",\"inLanguage\":\"en-GB\",\"@id\":\"https:\\\/\\\/demourshop.com\\\/produit\\\/domaine-de-montine-caprices\\\/#primaryimage\",\"url\":\"http:\\\/\\\/demourshop.com\\\/wp-content\\\/uploads\\\/2024\\\/10\\\/dmtcp20_anv800.webp\",\"contentUrl\":\"http:\\\/\\\/demourshop.com\\\/wp-content\\\/uploads\\\/2024\\\/10\\\/dmtcp20_anv800.webp\",\"width\":275,\"height\":385},{\"@type\":\"BreadcrumbList\",\"@id\":\"https:\\\/\\\/demourshop.com\\\/produit\\\/domaine-de-montine-caprices\\\/#breadcrumb\",\"itemListElement\":[{\"@type\":\"ListItem\",\"position\":1,\"name\":\"Accueil\",\"item\":\"https:\\\/\\\/demourshop.com\\\/\"},{\"@type\":\"ListItem\",\"position\":2,\"name\":\"Boutique\",\"item\":\"https:\\\/\\\/demourshop.com\\\/boutique\\\/\"},{\"@type\":\"ListItem\",\"position\":3,\"name\":\"Domaine de Montine Caprices\"}]},{\"@type\":\"WebSite\",\"@id\":\"https:\\\/\\\/demourshop.com\\\/#website\",\"url\":\"https:\\\/\\\/demourshop.com\\\/\",\"name\":\"Demourshop\",\"description\":\"\",\"publisher\":{\"@id\":\"https:\\\/\\\/demourshop.com\\\/#organization\"},\"potentialAction\":[{\"@type\":\"SearchAction\",\"target\":{\"@type\":\"EntryPoint\",\"urlTemplate\":\"https:\\\/\\\/demourshop.com\\\/?s={search_term_string}\"},\"query-input\":{\"@type\":\"PropertyValueSpecification\",\"valueRequired\":true,\"valueName\":\"search_term_string\"}}],\"inLanguage\":\"en-GB\"},{\"@type\":\"Organization\",\"@id\":\"https:\\\/\\\/demourshop.com\\\/#organization\",\"name\":\"Demourshop\",\"url\":\"https:\\\/\\\/demourshop.com\\\/\",\"logo\":{\"@type\":\"ImageObject\",\"inLanguage\":\"en-GB\",\"@id\":\"https:\\\/\\\/demourshop.com\\\/#\\\/schema\\\/logo\\\/image\\\/\",\"url\":\"http:\\\/\\\/demourshop.com\\\/wp-content\\\/uploads\\\/2023\\\/08\\\/logo-wine-2-1-1.png\",\"contentUrl\":\"http:\\\/\\\/demourshop.com\\\/wp-content\\\/uploads\\\/2023\\\/08\\\/logo-wine-2-1-1.png\",\"width\":400,\"height\":145,\"caption\":\"Demourshop\"},\"image\":{\"@id\":\"https:\\\/\\\/demourshop.com\\\/#\\\/schema\\\/logo\\\/image\\\/\"}}]}<\/script>\n<!-- \/ Yoast SEO plugin. -->","yoast_head_json":{"title":"Domaine de Montine Caprices - Demourshop","description":"Le domaine de Montine Caprices 2018 est disponible d\u00e8s maintenant sur la boutique Demourshop. Vin d'appellation C\u00f4tes du Rh\u00f4ne.","robots":{"index":"index","follow":"follow","max-snippet":"max-snippet:-1","max-image-preview":"max-image-preview:large","max-video-preview":"max-video-preview:-1"},"canonical":"https:\/\/demourshop.com\/en\/product\/domaine-de-montine-caprices\/","og_locale":"en_GB","og_type":"article","og_title":"Domaine de Montine Caprices - Demourshop","og_description":"Le domaine de Montine Caprices 2018 est disponible d\u00e8s maintenant sur la boutique Demourshop. Vin d'appellation C\u00f4tes du Rh\u00f4ne.","og_url":"https:\/\/demourshop.com\/en\/product\/domaine-de-montine-caprices\/","og_site_name":"Demourshop","og_image":[{"width":275,"height":385,"url":"http:\/\/demourshop.com\/wp-content\/uploads\/2024\/10\/dmtcp20_anv800.webp","type":"image\/webp"}],"twitter_card":"summary_large_image","twitter_misc":{"Estimated reading time":"1 minute"},"schema":{"@context":"https:\/\/schema.org","@graph":[{"@type":"WebPage","@id":"https:\/\/demourshop.com\/produit\/domaine-de-montine-caprices\/","url":"https:\/\/demourshop.com\/produit\/domaine-de-montine-caprices\/","name":"Domaine de Montine Caprices - Demourshop","isPartOf":{"@id":"https:\/\/demourshop.com\/#website"},"primaryImageOfPage":{"@id":"https:\/\/demourshop.com\/produit\/domaine-de-montine-caprices\/#primaryimage"},"image":{"@id":"https:\/\/demourshop.com\/produit\/domaine-de-montine-caprices\/#primaryimage"},"thumbnailUrl":"http:\/\/demourshop.com\/wp-content\/uploads\/2024\/10\/dmtcp20_anv800.webp","datePublished":"2025-09-26T13:34:30+00:00","description":"Le domaine de Montine Caprices 2018 est disponible d\u00e8s maintenant sur la boutique Demourshop. Vin d'appellation C\u00f4tes du Rh\u00f4ne.","breadcrumb":{"@id":"https:\/\/demourshop.com\/produit\/domaine-de-montine-caprices\/#breadcrumb"},"inLanguage":"en-GB","potentialAction":[{"@type":"ReadAction","target":["https:\/\/demourshop.com\/produit\/domaine-de-montine-caprices\/"]}]},{"@type":"ImageObject","inLanguage":"en-GB","@id":"https:\/\/demourshop.com\/produit\/domaine-de-montine-caprices\/#primaryimage","url":"http:\/\/demourshop.com\/wp-content\/uploads\/2024\/10\/dmtcp20_anv800.webp","contentUrl":"http:\/\/demourshop.com\/wp-content\/uploads\/2024\/10\/dmtcp20_anv800.webp","width":275,"height":385},{"@type":"BreadcrumbList","@id":"https:\/\/demourshop.com\/produit\/domaine-de-montine-caprices\/#breadcrumb","itemListElement":[{"@type":"ListItem","position":1,"name":"Accueil","item":"https:\/\/demourshop.com\/"},{"@type":"ListItem","position":2,"name":"Boutique","item":"https:\/\/demourshop.com\/boutique\/"},{"@type":"ListItem","position":3,"name":"Domaine de Montine Caprices"}]},{"@type":"WebSite","@id":"https:\/\/demourshop.com\/#website","url":"https:\/\/demourshop.com\/","name":"Demourshop","description":"","publisher":{"@id":"https:\/\/demourshop.com\/#organization"},"potentialAction":[{"@type":"SearchAction","target":{"@type":"EntryPoint","urlTemplate":"https:\/\/demourshop.com\/?s={search_term_string}"},"query-input":{"@type":"PropertyValueSpecification","valueRequired":true,"valueName":"search_term_string"}}],"inLanguage":"en-GB"},{"@type":"Organization","@id":"https:\/\/demourshop.com\/#organization","name":"Demourshop","url":"https:\/\/demourshop.com\/","logo":{"@type":"ImageObject","inLanguage":"en-GB","@id":"https:\/\/demourshop.com\/#\/schema\/logo\/image\/","url":"http:\/\/demourshop.com\/wp-content\/uploads\/2023\/08\/logo-wine-2-1-1.png","contentUrl":"http:\/\/demourshop.com\/wp-content\/uploads\/2023\/08\/logo-wine-2-1-1.png","width":400,"height":145,"caption":"Demourshop"},"image":{"@id":"https:\/\/demourshop.com\/#\/schema\/logo\/image\/"}}]}},"_links":{"self":[{"href":"http:\/\/demourshop.com\/en\/wp-json\/wp\/v2\/product\/65237","targetHints":{"allow":["GET"]}}],"collection":[{"href":"http:\/\/demourshop.com\/en\/wp-json\/wp\/v2\/product"}],"about":[{"href":"http:\/\/demourshop.com\/en\/wp-json\/wp\/v2\/types\/product"}],"version-history":[{"count":7,"href":"http:\/\/demourshop.com\/en\/wp-json\/wp\/v2\/product\/65237\/revisions"}],"predecessor-version":[{"id":69900,"href":"http:\/\/demourshop.com\/en\/wp-json\/wp\/v2\/product\/65237\/revisions\/69900"}],"wp:featuredmedia":[{"embeddable":true,"href":"http:\/\/demourshop.com\/en\/wp-json\/wp\/v2\/media\/65567"}],"wp:attachment":[{"href":"http:\/\/demourshop.com\/en\/wp-json\/wp\/v2\/media?parent=65237"}],"wp:term":[{"taxonomy":"product_brand","embeddable":true,"href":"http:\/\/demourshop.com\/en\/wp-json\/wp\/v2\/product_brand?post=65237"},{"taxonomy":"product_cat","embeddable":true,"href":"http:\/\/demourshop.com\/en\/wp-json\/wp\/v2\/product_cat?post=65237"},{"taxonomy":"product_tag","embeddable":true,"href":"http:\/\/demourshop.com\/en\/wp-json\/wp\/v2\/product_tag?post=65237"}],"curies":[{"name":"wp","href":"https:\/\/api.w.org\/{rel}","templated":true}]}}