{"id":65233,"date":"2024-11-26T11:11:08","date_gmt":"2024-11-26T10:11:08","guid":{"rendered":"https:\/\/demourshop.com\/?post_type=product&#038;p=65233"},"modified":"2025-09-26T15:57:31","modified_gmt":"2025-09-26T13:57:31","slug":"vallegre-reserva-2018","status":"publish","type":"product","link":"http:\/\/demourshop.com\/en\/product\/vallegre-reserva-2018\/","title":{"rendered":"Vallegre Reserva 2018"},"content":{"rendered":"<p>Ce <strong>Vallegre Reserva 2018<\/strong> est le compagnon id\u00e9al de vos repas gourmands. Il s\u2019accorde parfaitement avec une <strong>c\u00f4te de b\u0153uf grill\u00e9e<\/strong>, un <strong>magret de canard aux figues<\/strong> ou encore un <strong>rago\u00fbt de gibier<\/strong>. \u00c0 servir entre 14 et 16 \u00b0C, ce vin peut se d\u00e9guster d\u00e8s aujourd\u2019hui apr\u00e8s un carafage ou se conserver encore 4 \u00e0 5 ans en cave. Sa finesse et sa profondeur en font une excellente option \u00e0 offrir ou \u00e0 partager lors d\u2019un repas entre amis. Il s\u2019inscrit dans la lign\u00e9e des grands vins du Douro, entre expression du fruit, finesse du bois et potentiel de garde ma\u00eetris\u00e9.<\/p>","protected":false},"excerpt":{"rendered":"<p><strong>Vallegre Reserva 2018<\/strong> \u2013 Un rouge portugais \u00e9l\u00e9gant et structur\u00e9, fruit du terroir prestigieux du Douro.<\/p>","protected":false},"featured_media":69387,"template":"","meta":{"_acf_changed":false},"product_brand":[],"product_cat":[378,507,552,676,382,390,395,675,674,673,672,375,393],"product_tag":[],"class_list":{"0":"post-65233","1":"product","2":"type-product","3":"status-publish","4":"has-post-thumbnail","6":"product_cat-appellations-vin-en-ligne","7":"product_cat-cepages-vin-en-ligne","8":"product_cat-vin-par-couleur-en-ligne","9":"product_cat-vin-douro-en-ligne","10":"product_cat-vin-par-pays-en-ligne","11":"product_cat-vin-portugal-en-ligne","12":"product_cat-vin-agriculture-raisonnee","13":"product_cat-souzao-en-ligne","14":"product_cat-tinta-roriz-en-ligne","15":"product_cat-vin-touriga-franca-en-ligne","16":"product_cat-vin-touriga-nacional-en-ligne","17":"product_cat-vin-rouge-en-ligne","18":"product_cat-vins-par-methode-de-vinification","19":"pa_appellations-douro","20":"pa_cepages-sousao","21":"pa_cepages-tinta-roriz","22":"pa_cepages-touriga-franca","23":"pa_cepages-touriga-nacional","24":"pa_couleurs-rouge","25":"pa_formats-75cl","26":"pa_millesimes-178","27":"pa_pays-portugal","28":"pa_quantites-a-lunite","29":"pa_quantites-carton-de-3-bouteilles","30":"pa_quantites-carton-de-6-bouteilles","31":"pa_vinifications-raisonnee","33":"first","34":"instock","35":"taxable","36":"shipping-taxable","37":"purchasable","38":"product-type-simple"},"acf":[],"yoast_head":"<!-- This site is optimized with the Yoast SEO plugin v27.4 - https:\/\/yoast.com\/product\/yoast-seo-wordpress\/ -->\n<title>Vallegre Reserva 2018 - Demourshop<\/title>\n<meta name=\"description\" content=\"Vallegre Reserva 2018 : vin rouge du Douro, \u00e9l\u00e9gant et structur\u00e9, entre fruits noirs, \u00e9pices et fra\u00eecheur. \u00c0 d\u00e9guster ou garder 5 ans.\" \/>\n<meta name=\"robots\" content=\"index, follow, max-snippet:-1, max-image-preview:large, max-video-preview:-1\" \/>\n<link rel=\"canonical\" href=\"https:\/\/demourshop.com\/en\/product\/vallegre-reserva-2018\/\" \/>\n<meta property=\"og:locale\" content=\"en_GB\" \/>\n<meta property=\"og:type\" content=\"article\" \/>\n<meta property=\"og:title\" content=\"Vallegre Reserva 2018 - Demourshop\" \/>\n<meta property=\"og:description\" content=\"Vallegre Reserva 2018 : vin rouge du Douro, \u00e9l\u00e9gant et structur\u00e9, entre fruits noirs, \u00e9pices et fra\u00eecheur. \u00c0 d\u00e9guster ou garder 5 ans.\" \/>\n<meta property=\"og:url\" content=\"https:\/\/demourshop.com\/en\/product\/vallegre-reserva-2018\/\" \/>\n<meta property=\"og:site_name\" content=\"Demourshop\" \/>\n<meta property=\"article:modified_time\" content=\"2025-09-26T13:57:31+00:00\" \/>\n<meta property=\"og:image\" content=\"http:\/\/demourshop.com\/wp-content\/uploads\/2024\/11\/valegre-reserva-2018.png\" \/>\n\t<meta property=\"og:image:width\" content=\"700\" \/>\n\t<meta property=\"og:image:height\" content=\"700\" \/>\n\t<meta property=\"og:image:type\" content=\"image\/png\" \/>\n<meta name=\"twitter:card\" content=\"summary_large_image\" \/>\n<meta name=\"twitter:label1\" content=\"Estimated reading time\" \/>\n\t<meta name=\"twitter:data1\" content=\"2 minutes\" \/>\n<script type=\"application\/ld+json\" class=\"yoast-schema-graph\">{\"@context\":\"https:\\\/\\\/schema.org\",\"@graph\":[{\"@type\":\"WebPage\",\"@id\":\"https:\\\/\\\/demourshop.com\\\/produit\\\/vallegre-reserva-2018\\\/\",\"url\":\"https:\\\/\\\/demourshop.com\\\/produit\\\/vallegre-reserva-2018\\\/\",\"name\":\"Vallegre Reserva 2018 - Demourshop\",\"isPartOf\":{\"@id\":\"https:\\\/\\\/demourshop.com\\\/#website\"},\"primaryImageOfPage\":{\"@id\":\"https:\\\/\\\/demourshop.com\\\/produit\\\/vallegre-reserva-2018\\\/#primaryimage\"},\"image\":{\"@id\":\"https:\\\/\\\/demourshop.com\\\/produit\\\/vallegre-reserva-2018\\\/#primaryimage\"},\"thumbnailUrl\":\"http:\\\/\\\/demourshop.com\\\/wp-content\\\/uploads\\\/2024\\\/11\\\/valegre-reserva-2018.png\",\"datePublished\":\"2024-11-26T10:11:08+00:00\",\"dateModified\":\"2025-09-26T13:57:31+00:00\",\"description\":\"Vallegre Reserva 2018 : vin rouge du Douro, \u00e9l\u00e9gant et structur\u00e9, entre fruits noirs, \u00e9pices et fra\u00eecheur. \u00c0 d\u00e9guster ou garder 5 ans.\",\"breadcrumb\":{\"@id\":\"https:\\\/\\\/demourshop.com\\\/produit\\\/vallegre-reserva-2018\\\/#breadcrumb\"},\"inLanguage\":\"en-GB\",\"potentialAction\":[{\"@type\":\"ReadAction\",\"target\":[\"https:\\\/\\\/demourshop.com\\\/produit\\\/vallegre-reserva-2018\\\/\"]}]},{\"@type\":\"ImageObject\",\"inLanguage\":\"en-GB\",\"@id\":\"https:\\\/\\\/demourshop.com\\\/produit\\\/vallegre-reserva-2018\\\/#primaryimage\",\"url\":\"http:\\\/\\\/demourshop.com\\\/wp-content\\\/uploads\\\/2024\\\/11\\\/valegre-reserva-2018.png\",\"contentUrl\":\"http:\\\/\\\/demourshop.com\\\/wp-content\\\/uploads\\\/2024\\\/11\\\/valegre-reserva-2018.png\",\"width\":700,\"height\":700,\"caption\":\"Bouteille de Vallegre Reserva \u2013 vin rouge portugais du Douro, robe intense, fruits noirs, \u00e9pices, tanins souples.\"},{\"@type\":\"BreadcrumbList\",\"@id\":\"https:\\\/\\\/demourshop.com\\\/produit\\\/vallegre-reserva-2018\\\/#breadcrumb\",\"itemListElement\":[{\"@type\":\"ListItem\",\"position\":1,\"name\":\"Accueil\",\"item\":\"https:\\\/\\\/demourshop.com\\\/\"},{\"@type\":\"ListItem\",\"position\":2,\"name\":\"Boutique\",\"item\":\"https:\\\/\\\/demourshop.com\\\/boutique\\\/\"},{\"@type\":\"ListItem\",\"position\":3,\"name\":\"Vallegre Reserva 2018\"}]},{\"@type\":\"WebSite\",\"@id\":\"https:\\\/\\\/demourshop.com\\\/#website\",\"url\":\"https:\\\/\\\/demourshop.com\\\/\",\"name\":\"Demourshop\",\"description\":\"\",\"publisher\":{\"@id\":\"https:\\\/\\\/demourshop.com\\\/#organization\"},\"potentialAction\":[{\"@type\":\"SearchAction\",\"target\":{\"@type\":\"EntryPoint\",\"urlTemplate\":\"https:\\\/\\\/demourshop.com\\\/?s={search_term_string}\"},\"query-input\":{\"@type\":\"PropertyValueSpecification\",\"valueRequired\":true,\"valueName\":\"search_term_string\"}}],\"inLanguage\":\"en-GB\"},{\"@type\":\"Organization\",\"@id\":\"https:\\\/\\\/demourshop.com\\\/#organization\",\"name\":\"Demourshop\",\"url\":\"https:\\\/\\\/demourshop.com\\\/\",\"logo\":{\"@type\":\"ImageObject\",\"inLanguage\":\"en-GB\",\"@id\":\"https:\\\/\\\/demourshop.com\\\/#\\\/schema\\\/logo\\\/image\\\/\",\"url\":\"http:\\\/\\\/demourshop.com\\\/wp-content\\\/uploads\\\/2023\\\/08\\\/logo-wine-2-1-1.png\",\"contentUrl\":\"http:\\\/\\\/demourshop.com\\\/wp-content\\\/uploads\\\/2023\\\/08\\\/logo-wine-2-1-1.png\",\"width\":400,\"height\":145,\"caption\":\"Demourshop\"},\"image\":{\"@id\":\"https:\\\/\\\/demourshop.com\\\/#\\\/schema\\\/logo\\\/image\\\/\"}}]}<\/script>\n<!-- \/ Yoast SEO plugin. -->","yoast_head_json":{"title":"Vallegre Reserva 2018 - Demourshop","description":"Vallegre Reserva 2018 : vin rouge du Douro, \u00e9l\u00e9gant et structur\u00e9, entre fruits noirs, \u00e9pices et fra\u00eecheur. \u00c0 d\u00e9guster ou garder 5 ans.","robots":{"index":"index","follow":"follow","max-snippet":"max-snippet:-1","max-image-preview":"max-image-preview:large","max-video-preview":"max-video-preview:-1"},"canonical":"https:\/\/demourshop.com\/en\/product\/vallegre-reserva-2018\/","og_locale":"en_GB","og_type":"article","og_title":"Vallegre Reserva 2018 - Demourshop","og_description":"Vallegre Reserva 2018 : vin rouge du Douro, \u00e9l\u00e9gant et structur\u00e9, entre fruits noirs, \u00e9pices et fra\u00eecheur. \u00c0 d\u00e9guster ou garder 5 ans.","og_url":"https:\/\/demourshop.com\/en\/product\/vallegre-reserva-2018\/","og_site_name":"Demourshop","article_modified_time":"2025-09-26T13:57:31+00:00","og_image":[{"width":700,"height":700,"url":"http:\/\/demourshop.com\/wp-content\/uploads\/2024\/11\/valegre-reserva-2018.png","type":"image\/png"}],"twitter_card":"summary_large_image","twitter_misc":{"Estimated reading time":"2 minutes"},"schema":{"@context":"https:\/\/schema.org","@graph":[{"@type":"WebPage","@id":"https:\/\/demourshop.com\/produit\/vallegre-reserva-2018\/","url":"https:\/\/demourshop.com\/produit\/vallegre-reserva-2018\/","name":"Vallegre Reserva 2018 - Demourshop","isPartOf":{"@id":"https:\/\/demourshop.com\/#website"},"primaryImageOfPage":{"@id":"https:\/\/demourshop.com\/produit\/vallegre-reserva-2018\/#primaryimage"},"image":{"@id":"https:\/\/demourshop.com\/produit\/vallegre-reserva-2018\/#primaryimage"},"thumbnailUrl":"http:\/\/demourshop.com\/wp-content\/uploads\/2024\/11\/valegre-reserva-2018.png","datePublished":"2024-11-26T10:11:08+00:00","dateModified":"2025-09-26T13:57:31+00:00","description":"Vallegre Reserva 2018 : vin rouge du Douro, \u00e9l\u00e9gant et structur\u00e9, entre fruits noirs, \u00e9pices et fra\u00eecheur. \u00c0 d\u00e9guster ou garder 5 ans.","breadcrumb":{"@id":"https:\/\/demourshop.com\/produit\/vallegre-reserva-2018\/#breadcrumb"},"inLanguage":"en-GB","potentialAction":[{"@type":"ReadAction","target":["https:\/\/demourshop.com\/produit\/vallegre-reserva-2018\/"]}]},{"@type":"ImageObject","inLanguage":"en-GB","@id":"https:\/\/demourshop.com\/produit\/vallegre-reserva-2018\/#primaryimage","url":"http:\/\/demourshop.com\/wp-content\/uploads\/2024\/11\/valegre-reserva-2018.png","contentUrl":"http:\/\/demourshop.com\/wp-content\/uploads\/2024\/11\/valegre-reserva-2018.png","width":700,"height":700,"caption":"Bouteille de Vallegre Reserva \u2013 vin rouge portugais du Douro, robe intense, fruits noirs, \u00e9pices, tanins souples."},{"@type":"BreadcrumbList","@id":"https:\/\/demourshop.com\/produit\/vallegre-reserva-2018\/#breadcrumb","itemListElement":[{"@type":"ListItem","position":1,"name":"Accueil","item":"https:\/\/demourshop.com\/"},{"@type":"ListItem","position":2,"name":"Boutique","item":"https:\/\/demourshop.com\/boutique\/"},{"@type":"ListItem","position":3,"name":"Vallegre Reserva 2018"}]},{"@type":"WebSite","@id":"https:\/\/demourshop.com\/#website","url":"https:\/\/demourshop.com\/","name":"Demourshop","description":"","publisher":{"@id":"https:\/\/demourshop.com\/#organization"},"potentialAction":[{"@type":"SearchAction","target":{"@type":"EntryPoint","urlTemplate":"https:\/\/demourshop.com\/?s={search_term_string}"},"query-input":{"@type":"PropertyValueSpecification","valueRequired":true,"valueName":"search_term_string"}}],"inLanguage":"en-GB"},{"@type":"Organization","@id":"https:\/\/demourshop.com\/#organization","name":"Demourshop","url":"https:\/\/demourshop.com\/","logo":{"@type":"ImageObject","inLanguage":"en-GB","@id":"https:\/\/demourshop.com\/#\/schema\/logo\/image\/","url":"http:\/\/demourshop.com\/wp-content\/uploads\/2023\/08\/logo-wine-2-1-1.png","contentUrl":"http:\/\/demourshop.com\/wp-content\/uploads\/2023\/08\/logo-wine-2-1-1.png","width":400,"height":145,"caption":"Demourshop"},"image":{"@id":"https:\/\/demourshop.com\/#\/schema\/logo\/image\/"}}]}},"_links":{"self":[{"href":"http:\/\/demourshop.com\/en\/wp-json\/wp\/v2\/product\/65233","targetHints":{"allow":["GET"]}}],"collection":[{"href":"http:\/\/demourshop.com\/en\/wp-json\/wp\/v2\/product"}],"about":[{"href":"http:\/\/demourshop.com\/en\/wp-json\/wp\/v2\/types\/product"}],"version-history":[{"count":7,"href":"http:\/\/demourshop.com\/en\/wp-json\/wp\/v2\/product\/65233\/revisions"}],"predecessor-version":[{"id":70366,"href":"http:\/\/demourshop.com\/en\/wp-json\/wp\/v2\/product\/65233\/revisions\/70366"}],"wp:featuredmedia":[{"embeddable":true,"href":"http:\/\/demourshop.com\/en\/wp-json\/wp\/v2\/media\/69387"}],"wp:attachment":[{"href":"http:\/\/demourshop.com\/en\/wp-json\/wp\/v2\/media?parent=65233"}],"wp:term":[{"taxonomy":"product_brand","embeddable":true,"href":"http:\/\/demourshop.com\/en\/wp-json\/wp\/v2\/product_brand?post=65233"},{"taxonomy":"product_cat","embeddable":true,"href":"http:\/\/demourshop.com\/en\/wp-json\/wp\/v2\/product_cat?post=65233"},{"taxonomy":"product_tag","embeddable":true,"href":"http:\/\/demourshop.com\/en\/wp-json\/wp\/v2\/product_tag?post=65233"}],"curies":[{"name":"wp","href":"https:\/\/api.w.org\/{rel}","templated":true}]}}