{"id":65231,"date":"2024-11-26T11:28:45","date_gmt":"2024-11-26T10:28:45","guid":{"rendered":"https:\/\/demourshop.com\/?post_type=product&#038;p=65231"},"modified":"2025-05-28T10:16:26","modified_gmt":"2025-05-28T08:16:26","slug":"vallegre-reserva-2014","status":"publish","type":"product","link":"http:\/\/demourshop.com\/en\/product\/vallegre-reserva-2014\/","title":{"rendered":"Vallegre Reserva 2014"},"content":{"rendered":"<p>Le <strong>Vallegre Reserva 2014<\/strong> est un excellent choix pour les amateurs de vins portugais \u00e0 la recherche d\u2019un rouge g\u00e9n\u00e9reux, sans exc\u00e8s. Gr\u00e2ce \u00e0 son \u00e9levage en f\u00fbt parfaitement int\u00e9gr\u00e9, il conserve un fruit \u00e9clatant, une mati\u00e8re soyeuse et une personnalit\u00e9 affirm\u00e9e. Ce vin s&rsquo;appr\u00e9cie aujourd\u2019hui ou peut encore \u00e9voluer favorablement en cave pendant 2 \u00e0 4 ans. \u00c0 table, il s\u2019accordera merveilleusement avec une \u00e9paule d\u2019agneau confite, des viandes grill\u00e9es, des plats mijot\u00e9s ou encore une belle assiette de fromages affin\u00e9s. Son \u00e9l\u00e9gance et sa rondeur en font aussi une belle bouteille \u00e0 offrir. Il s\u2019agit d\u2019un ambassadeur id\u00e9al des vins du Douro, entre modernit\u00e9 et tradition.<\/p>","protected":false},"excerpt":{"rendered":"<p><strong>Vallegre Reserva 2014<\/strong> \u2013 Un vin rouge portugais intense et harmonieux, fruit du savoir-faire ancestral de la vall\u00e9e du Douro.<\/p>","protected":false},"featured_media":69387,"template":"","meta":{"_acf_changed":false},"product_brand":[],"product_cat":[378,507,552,676,382,390,395,675,674,673,672,375,393],"product_tag":[],"class_list":{"0":"post-65231","1":"product","2":"type-product","3":"status-publish","4":"has-post-thumbnail","6":"product_cat-appellations-vin-en-ligne","7":"product_cat-cepages-vin-en-ligne","8":"product_cat-vin-par-couleur-en-ligne","9":"product_cat-vin-douro-en-ligne","10":"product_cat-vin-par-pays-en-ligne","11":"product_cat-vin-portugal-en-ligne","12":"product_cat-vin-agriculture-raisonnee","13":"product_cat-souzao-en-ligne","14":"product_cat-tinta-roriz-en-ligne","15":"product_cat-vin-touriga-franca-en-ligne","16":"product_cat-vin-touriga-nacional-en-ligne","17":"product_cat-vin-rouge-en-ligne","18":"product_cat-vins-par-methode-de-vinification","19":"pa_appellations-douro","20":"pa_cepages-sousao","21":"pa_cepages-tinta-roriz","22":"pa_cepages-touriga-franca","23":"pa_cepages-touriga-nacional","24":"pa_couleurs-rouge","25":"pa_formats-75cl","26":"pa_millesimes-182","27":"pa_pays-portugal","28":"pa_quantites-a-lunite","29":"pa_quantites-carton-de-3-bouteilles","30":"pa_quantites-carton-de-6-bouteilles","32":"first","33":"instock","34":"taxable","35":"shipping-taxable","36":"purchasable","37":"product-type-simple"},"acf":[],"yoast_head":"<!-- This site is optimized with the Yoast SEO plugin v27.4 - https:\/\/yoast.com\/product\/yoast-seo-wordpress\/ -->\n<title>Vallegre Reserva 2014 - Demourshop<\/title>\n<meta name=\"description\" content=\"Vin rouge Vallegre Reserva 2014 du Douro : structure, \u00e9l\u00e9gance et \u00e9quilibre. Parfait avec viandes, plats mijot\u00e9s ou fromages affin\u00e9s.\" \/>\n<meta name=\"robots\" content=\"index, follow, max-snippet:-1, max-image-preview:large, max-video-preview:-1\" \/>\n<link rel=\"canonical\" href=\"https:\/\/demourshop.com\/en\/product\/vallegre-reserva-2014\/\" \/>\n<meta property=\"og:locale\" content=\"en_GB\" \/>\n<meta property=\"og:type\" content=\"article\" \/>\n<meta property=\"og:title\" content=\"Vallegre Reserva 2014 - Demourshop\" \/>\n<meta property=\"og:description\" content=\"Vin rouge Vallegre Reserva 2014 du Douro : structure, \u00e9l\u00e9gance et \u00e9quilibre. Parfait avec viandes, plats mijot\u00e9s ou fromages affin\u00e9s.\" \/>\n<meta property=\"og:url\" content=\"https:\/\/demourshop.com\/en\/product\/vallegre-reserva-2014\/\" \/>\n<meta property=\"og:site_name\" content=\"Demourshop\" \/>\n<meta property=\"article:modified_time\" content=\"2025-05-28T08:16:26+00:00\" \/>\n<meta property=\"og:image\" content=\"http:\/\/demourshop.com\/wp-content\/uploads\/2024\/11\/valegre-reserva-2018.png\" \/>\n\t<meta property=\"og:image:width\" content=\"700\" \/>\n\t<meta property=\"og:image:height\" content=\"700\" \/>\n\t<meta property=\"og:image:type\" content=\"image\/png\" \/>\n<meta name=\"twitter:card\" content=\"summary_large_image\" \/>\n<meta name=\"twitter:label1\" content=\"Estimated reading time\" \/>\n\t<meta name=\"twitter:data1\" content=\"3 minutes\" \/>\n<script type=\"application\/ld+json\" class=\"yoast-schema-graph\">{\"@context\":\"https:\\\/\\\/schema.org\",\"@graph\":[{\"@type\":\"WebPage\",\"@id\":\"https:\\\/\\\/demourshop.com\\\/produit\\\/vallegre-reserva-2014\\\/\",\"url\":\"https:\\\/\\\/demourshop.com\\\/produit\\\/vallegre-reserva-2014\\\/\",\"name\":\"Vallegre Reserva 2014 - Demourshop\",\"isPartOf\":{\"@id\":\"https:\\\/\\\/demourshop.com\\\/#website\"},\"primaryImageOfPage\":{\"@id\":\"https:\\\/\\\/demourshop.com\\\/produit\\\/vallegre-reserva-2014\\\/#primaryimage\"},\"image\":{\"@id\":\"https:\\\/\\\/demourshop.com\\\/produit\\\/vallegre-reserva-2014\\\/#primaryimage\"},\"thumbnailUrl\":\"http:\\\/\\\/demourshop.com\\\/wp-content\\\/uploads\\\/2024\\\/11\\\/valegre-reserva-2018.png\",\"datePublished\":\"2024-11-26T10:28:45+00:00\",\"dateModified\":\"2025-05-28T08:16:26+00:00\",\"description\":\"Vin rouge Vallegre Reserva 2014 du Douro : structure, \u00e9l\u00e9gance et \u00e9quilibre. Parfait avec viandes, plats mijot\u00e9s ou fromages affin\u00e9s.\",\"breadcrumb\":{\"@id\":\"https:\\\/\\\/demourshop.com\\\/produit\\\/vallegre-reserva-2014\\\/#breadcrumb\"},\"inLanguage\":\"en-GB\",\"potentialAction\":[{\"@type\":\"ReadAction\",\"target\":[\"https:\\\/\\\/demourshop.com\\\/produit\\\/vallegre-reserva-2014\\\/\"]}]},{\"@type\":\"ImageObject\",\"inLanguage\":\"en-GB\",\"@id\":\"https:\\\/\\\/demourshop.com\\\/produit\\\/vallegre-reserva-2014\\\/#primaryimage\",\"url\":\"http:\\\/\\\/demourshop.com\\\/wp-content\\\/uploads\\\/2024\\\/11\\\/valegre-reserva-2018.png\",\"contentUrl\":\"http:\\\/\\\/demourshop.com\\\/wp-content\\\/uploads\\\/2024\\\/11\\\/valegre-reserva-2018.png\",\"width\":700,\"height\":700,\"caption\":\"Bouteille de Vallegre Reserva \u2013 vin rouge portugais du Douro, robe intense, fruits noirs, \u00e9pices, tanins souples.\"},{\"@type\":\"BreadcrumbList\",\"@id\":\"https:\\\/\\\/demourshop.com\\\/produit\\\/vallegre-reserva-2014\\\/#breadcrumb\",\"itemListElement\":[{\"@type\":\"ListItem\",\"position\":1,\"name\":\"Accueil\",\"item\":\"https:\\\/\\\/demourshop.com\\\/\"},{\"@type\":\"ListItem\",\"position\":2,\"name\":\"Boutique\",\"item\":\"https:\\\/\\\/demourshop.com\\\/boutique\\\/\"},{\"@type\":\"ListItem\",\"position\":3,\"name\":\"Vallegre Reserva 2014\"}]},{\"@type\":\"WebSite\",\"@id\":\"https:\\\/\\\/demourshop.com\\\/#website\",\"url\":\"https:\\\/\\\/demourshop.com\\\/\",\"name\":\"Demourshop\",\"description\":\"\",\"publisher\":{\"@id\":\"https:\\\/\\\/demourshop.com\\\/#organization\"},\"potentialAction\":[{\"@type\":\"SearchAction\",\"target\":{\"@type\":\"EntryPoint\",\"urlTemplate\":\"https:\\\/\\\/demourshop.com\\\/?s={search_term_string}\"},\"query-input\":{\"@type\":\"PropertyValueSpecification\",\"valueRequired\":true,\"valueName\":\"search_term_string\"}}],\"inLanguage\":\"en-GB\"},{\"@type\":\"Organization\",\"@id\":\"https:\\\/\\\/demourshop.com\\\/#organization\",\"name\":\"Demourshop\",\"url\":\"https:\\\/\\\/demourshop.com\\\/\",\"logo\":{\"@type\":\"ImageObject\",\"inLanguage\":\"en-GB\",\"@id\":\"https:\\\/\\\/demourshop.com\\\/#\\\/schema\\\/logo\\\/image\\\/\",\"url\":\"http:\\\/\\\/demourshop.com\\\/wp-content\\\/uploads\\\/2023\\\/08\\\/logo-wine-2-1-1.png\",\"contentUrl\":\"http:\\\/\\\/demourshop.com\\\/wp-content\\\/uploads\\\/2023\\\/08\\\/logo-wine-2-1-1.png\",\"width\":400,\"height\":145,\"caption\":\"Demourshop\"},\"image\":{\"@id\":\"https:\\\/\\\/demourshop.com\\\/#\\\/schema\\\/logo\\\/image\\\/\"}}]}<\/script>\n<!-- \/ Yoast SEO plugin. -->","yoast_head_json":{"title":"Vallegre Reserva 2014 - Demourshop","description":"Vin rouge Vallegre Reserva 2014 du Douro : structure, \u00e9l\u00e9gance et \u00e9quilibre. Parfait avec viandes, plats mijot\u00e9s ou fromages affin\u00e9s.","robots":{"index":"index","follow":"follow","max-snippet":"max-snippet:-1","max-image-preview":"max-image-preview:large","max-video-preview":"max-video-preview:-1"},"canonical":"https:\/\/demourshop.com\/en\/product\/vallegre-reserva-2014\/","og_locale":"en_GB","og_type":"article","og_title":"Vallegre Reserva 2014 - Demourshop","og_description":"Vin rouge Vallegre Reserva 2014 du Douro : structure, \u00e9l\u00e9gance et \u00e9quilibre. Parfait avec viandes, plats mijot\u00e9s ou fromages affin\u00e9s.","og_url":"https:\/\/demourshop.com\/en\/product\/vallegre-reserva-2014\/","og_site_name":"Demourshop","article_modified_time":"2025-05-28T08:16:26+00:00","og_image":[{"width":700,"height":700,"url":"http:\/\/demourshop.com\/wp-content\/uploads\/2024\/11\/valegre-reserva-2018.png","type":"image\/png"}],"twitter_card":"summary_large_image","twitter_misc":{"Estimated reading time":"3 minutes"},"schema":{"@context":"https:\/\/schema.org","@graph":[{"@type":"WebPage","@id":"https:\/\/demourshop.com\/produit\/vallegre-reserva-2014\/","url":"https:\/\/demourshop.com\/produit\/vallegre-reserva-2014\/","name":"Vallegre Reserva 2014 - Demourshop","isPartOf":{"@id":"https:\/\/demourshop.com\/#website"},"primaryImageOfPage":{"@id":"https:\/\/demourshop.com\/produit\/vallegre-reserva-2014\/#primaryimage"},"image":{"@id":"https:\/\/demourshop.com\/produit\/vallegre-reserva-2014\/#primaryimage"},"thumbnailUrl":"http:\/\/demourshop.com\/wp-content\/uploads\/2024\/11\/valegre-reserva-2018.png","datePublished":"2024-11-26T10:28:45+00:00","dateModified":"2025-05-28T08:16:26+00:00","description":"Vin rouge Vallegre Reserva 2014 du Douro : structure, \u00e9l\u00e9gance et \u00e9quilibre. Parfait avec viandes, plats mijot\u00e9s ou fromages affin\u00e9s.","breadcrumb":{"@id":"https:\/\/demourshop.com\/produit\/vallegre-reserva-2014\/#breadcrumb"},"inLanguage":"en-GB","potentialAction":[{"@type":"ReadAction","target":["https:\/\/demourshop.com\/produit\/vallegre-reserva-2014\/"]}]},{"@type":"ImageObject","inLanguage":"en-GB","@id":"https:\/\/demourshop.com\/produit\/vallegre-reserva-2014\/#primaryimage","url":"http:\/\/demourshop.com\/wp-content\/uploads\/2024\/11\/valegre-reserva-2018.png","contentUrl":"http:\/\/demourshop.com\/wp-content\/uploads\/2024\/11\/valegre-reserva-2018.png","width":700,"height":700,"caption":"Bouteille de Vallegre Reserva \u2013 vin rouge portugais du Douro, robe intense, fruits noirs, \u00e9pices, tanins souples."},{"@type":"BreadcrumbList","@id":"https:\/\/demourshop.com\/produit\/vallegre-reserva-2014\/#breadcrumb","itemListElement":[{"@type":"ListItem","position":1,"name":"Accueil","item":"https:\/\/demourshop.com\/"},{"@type":"ListItem","position":2,"name":"Boutique","item":"https:\/\/demourshop.com\/boutique\/"},{"@type":"ListItem","position":3,"name":"Vallegre Reserva 2014"}]},{"@type":"WebSite","@id":"https:\/\/demourshop.com\/#website","url":"https:\/\/demourshop.com\/","name":"Demourshop","description":"","publisher":{"@id":"https:\/\/demourshop.com\/#organization"},"potentialAction":[{"@type":"SearchAction","target":{"@type":"EntryPoint","urlTemplate":"https:\/\/demourshop.com\/?s={search_term_string}"},"query-input":{"@type":"PropertyValueSpecification","valueRequired":true,"valueName":"search_term_string"}}],"inLanguage":"en-GB"},{"@type":"Organization","@id":"https:\/\/demourshop.com\/#organization","name":"Demourshop","url":"https:\/\/demourshop.com\/","logo":{"@type":"ImageObject","inLanguage":"en-GB","@id":"https:\/\/demourshop.com\/#\/schema\/logo\/image\/","url":"http:\/\/demourshop.com\/wp-content\/uploads\/2023\/08\/logo-wine-2-1-1.png","contentUrl":"http:\/\/demourshop.com\/wp-content\/uploads\/2023\/08\/logo-wine-2-1-1.png","width":400,"height":145,"caption":"Demourshop"},"image":{"@id":"https:\/\/demourshop.com\/#\/schema\/logo\/image\/"}}]}},"_links":{"self":[{"href":"http:\/\/demourshop.com\/en\/wp-json\/wp\/v2\/product\/65231","targetHints":{"allow":["GET"]}}],"collection":[{"href":"http:\/\/demourshop.com\/en\/wp-json\/wp\/v2\/product"}],"about":[{"href":"http:\/\/demourshop.com\/en\/wp-json\/wp\/v2\/types\/product"}],"version-history":[{"count":8,"href":"http:\/\/demourshop.com\/en\/wp-json\/wp\/v2\/product\/65231\/revisions"}],"predecessor-version":[{"id":70365,"href":"http:\/\/demourshop.com\/en\/wp-json\/wp\/v2\/product\/65231\/revisions\/70365"}],"wp:featuredmedia":[{"embeddable":true,"href":"http:\/\/demourshop.com\/en\/wp-json\/wp\/v2\/media\/69387"}],"wp:attachment":[{"href":"http:\/\/demourshop.com\/en\/wp-json\/wp\/v2\/media?parent=65231"}],"wp:term":[{"taxonomy":"product_brand","embeddable":true,"href":"http:\/\/demourshop.com\/en\/wp-json\/wp\/v2\/product_brand?post=65231"},{"taxonomy":"product_cat","embeddable":true,"href":"http:\/\/demourshop.com\/en\/wp-json\/wp\/v2\/product_cat?post=65231"},{"taxonomy":"product_tag","embeddable":true,"href":"http:\/\/demourshop.com\/en\/wp-json\/wp\/v2\/product_tag?post=65231"}],"curies":[{"name":"wp","href":"https:\/\/api.w.org\/{rel}","templated":true}]}}