{"id":65193,"date":"2024-11-29T15:05:58","date_gmt":"2024-11-29T14:05:58","guid":{"rendered":"https:\/\/demourshop.com\/?post_type=product&#038;p=65193"},"modified":"2025-05-27T10:52:23","modified_gmt":"2025-05-27T08:52:23","slug":"chianti-classico-querciabella-2019","status":"publish","type":"product","link":"http:\/\/demourshop.com\/en\/product\/chianti-classico-querciabella-2019\/","title":{"rendered":"Chianti Classico Querciabella 2019"},"content":{"rendered":"<p>Servez <strong>Chianti Classico Querciabella 2019<\/strong> entre 16 et 18\u00b0C. Il accompagnera parfaitement une bistecca alla fiorentina, des l\u00e9gumes grill\u00e9s, ou un plat de p\u00e2tes \u00e0 la truffe. Ce vin peut \u00eatre d\u00e9gust\u00e9 d\u00e8s aujourd\u2019hui ou conserv\u00e9 encore 5 \u00e0 8 ans. Gr\u00e2ce \u00e0 sa vinification soign\u00e9e et \u00e0 son \u00e9quilibre naturel, c\u2019est une valeur s\u00fbre pour les amateurs de Sangiovese expressifs et digestes.<\/p>","protected":false},"excerpt":{"rendered":"<p><strong>Chianti Classico Querciabella 2019<\/strong> \u2013 Vin bio toscan 100% Sangiovese. \u00c9l\u00e9gance, fra\u00eecheur et complexit\u00e9 au c\u0153ur du Chianti historique.<\/p>","protected":false},"featured_media":69486,"template":"","meta":{"_acf_changed":false},"product_brand":[],"product_cat":[378,394,507,723,552,384,382,416,375,393],"product_tag":[],"class_list":{"0":"post-65193","1":"product","2":"type-product","3":"status-publish","4":"has-post-thumbnail","6":"product_cat-appellations-vin-en-ligne","7":"product_cat-vin-bio-en-ligne","8":"product_cat-cepages-vin-en-ligne","9":"product_cat-chianti-classico-en-ligne","10":"product_cat-vin-par-couleur-en-ligne","11":"product_cat-vin-italie-en-ligne","12":"product_cat-vin-par-pays-en-ligne","13":"product_cat-sangiovese-en-ligne","14":"product_cat-vin-rouge-en-ligne","15":"product_cat-vins-par-methode-de-vinification","16":"pa_appellations-chianti-classico","17":"pa_cepages-sangiovese","18":"pa_couleurs-rouge","19":"pa_formats-75cl","20":"pa_millesimes-177","21":"pa_pays-italie","22":"pa_quantites-a-lunite","23":"pa_quantites-carton-de-3-bouteilles","24":"pa_quantites-carton-de-6-bouteilles","25":"pa_vinifications-bio","27":"first","28":"instock","29":"taxable","30":"shipping-taxable","31":"purchasable","32":"product-type-simple"},"acf":[],"yoast_head":"<!-- This site is optimized with the Yoast SEO plugin v27.4 - https:\/\/yoast.com\/product\/yoast-seo-wordpress\/ -->\n<title>Chianti Classico Querciabella 2019 - Demourshop<\/title>\n<meta name=\"description\" content=\"Chianti Classico Querciabella 2019 \u2013 100% Sangiovese bio. \u00c9l\u00e9gant, fruit\u00e9 et structur\u00e9. Grand vin toscan. Livraison rapide \u2013 prix domaine.\" \/>\n<meta name=\"robots\" content=\"index, follow, max-snippet:-1, max-image-preview:large, max-video-preview:-1\" \/>\n<link rel=\"canonical\" href=\"https:\/\/demourshop.com\/en\/product\/chianti-classico-querciabella-2019\/\" \/>\n<meta property=\"og:locale\" content=\"en_GB\" \/>\n<meta property=\"og:type\" content=\"article\" \/>\n<meta property=\"og:title\" content=\"Chianti Classico Querciabella 2019 - Demourshop\" \/>\n<meta property=\"og:description\" content=\"Chianti Classico Querciabella 2019 \u2013 100% Sangiovese bio. \u00c9l\u00e9gant, fruit\u00e9 et structur\u00e9. Grand vin toscan. Livraison rapide \u2013 prix domaine.\" \/>\n<meta property=\"og:url\" content=\"https:\/\/demourshop.com\/en\/product\/chianti-classico-querciabella-2019\/\" \/>\n<meta property=\"og:site_name\" content=\"Demourshop\" \/>\n<meta property=\"article:modified_time\" content=\"2025-05-27T08:52:23+00:00\" \/>\n<meta property=\"og:image\" content=\"https:\/\/demourshop.com\/wp-content\/uploads\/2024\/11\/Querciabella.png\" \/>\n\t<meta property=\"og:image:width\" content=\"700\" \/>\n\t<meta property=\"og:image:height\" content=\"700\" \/>\n\t<meta property=\"og:image:type\" content=\"image\/png\" \/>\n<meta name=\"twitter:card\" content=\"summary_large_image\" \/>\n<meta name=\"twitter:label1\" content=\"Estimated reading time\" \/>\n\t<meta name=\"twitter:data1\" content=\"2 minutes\" \/>\n<script type=\"application\/ld+json\" class=\"yoast-schema-graph\">{\"@context\":\"https:\\\/\\\/schema.org\",\"@graph\":[{\"@type\":\"WebPage\",\"@id\":\"https:\\\/\\\/demourshop.com\\\/produit\\\/chianti-classico-querciabella-2019\\\/\",\"url\":\"https:\\\/\\\/demourshop.com\\\/produit\\\/chianti-classico-querciabella-2019\\\/\",\"name\":\"Chianti Classico Querciabella 2019 - Demourshop\",\"isPartOf\":{\"@id\":\"https:\\\/\\\/demourshop.com\\\/#website\"},\"primaryImageOfPage\":{\"@id\":\"https:\\\/\\\/demourshop.com\\\/produit\\\/chianti-classico-querciabella-2019\\\/#primaryimage\"},\"image\":{\"@id\":\"https:\\\/\\\/demourshop.com\\\/produit\\\/chianti-classico-querciabella-2019\\\/#primaryimage\"},\"thumbnailUrl\":\"http:\\\/\\\/demourshop.com\\\/wp-content\\\/uploads\\\/2024\\\/11\\\/Querciabella.png\",\"datePublished\":\"2024-11-29T14:05:58+00:00\",\"dateModified\":\"2025-05-27T08:52:23+00:00\",\"description\":\"Chianti Classico Querciabella 2019 \u2013 100% Sangiovese bio. \u00c9l\u00e9gant, fruit\u00e9 et structur\u00e9. Grand vin toscan. Livraison rapide \u2013 prix domaine.\",\"breadcrumb\":{\"@id\":\"https:\\\/\\\/demourshop.com\\\/produit\\\/chianti-classico-querciabella-2019\\\/#breadcrumb\"},\"inLanguage\":\"en-GB\",\"potentialAction\":[{\"@type\":\"ReadAction\",\"target\":[\"https:\\\/\\\/demourshop.com\\\/produit\\\/chianti-classico-querciabella-2019\\\/\"]}]},{\"@type\":\"ImageObject\",\"inLanguage\":\"en-GB\",\"@id\":\"https:\\\/\\\/demourshop.com\\\/produit\\\/chianti-classico-querciabella-2019\\\/#primaryimage\",\"url\":\"http:\\\/\\\/demourshop.com\\\/wp-content\\\/uploads\\\/2024\\\/11\\\/Querciabella.png\",\"contentUrl\":\"http:\\\/\\\/demourshop.com\\\/wp-content\\\/uploads\\\/2024\\\/11\\\/Querciabella.png\",\"width\":700,\"height\":700,\"caption\":\"Chianti Classico Querciabella 2019, un vin rouge \u00e9l\u00e9gant de Toscane.\"},{\"@type\":\"BreadcrumbList\",\"@id\":\"https:\\\/\\\/demourshop.com\\\/produit\\\/chianti-classico-querciabella-2019\\\/#breadcrumb\",\"itemListElement\":[{\"@type\":\"ListItem\",\"position\":1,\"name\":\"Accueil\",\"item\":\"https:\\\/\\\/demourshop.com\\\/\"},{\"@type\":\"ListItem\",\"position\":2,\"name\":\"Boutique\",\"item\":\"https:\\\/\\\/demourshop.com\\\/boutique\\\/\"},{\"@type\":\"ListItem\",\"position\":3,\"name\":\"Chianti Classico Querciabella 2019\"}]},{\"@type\":\"WebSite\",\"@id\":\"https:\\\/\\\/demourshop.com\\\/#website\",\"url\":\"https:\\\/\\\/demourshop.com\\\/\",\"name\":\"Demourshop\",\"description\":\"\",\"publisher\":{\"@id\":\"https:\\\/\\\/demourshop.com\\\/#organization\"},\"potentialAction\":[{\"@type\":\"SearchAction\",\"target\":{\"@type\":\"EntryPoint\",\"urlTemplate\":\"https:\\\/\\\/demourshop.com\\\/?s={search_term_string}\"},\"query-input\":{\"@type\":\"PropertyValueSpecification\",\"valueRequired\":true,\"valueName\":\"search_term_string\"}}],\"inLanguage\":\"en-GB\"},{\"@type\":\"Organization\",\"@id\":\"https:\\\/\\\/demourshop.com\\\/#organization\",\"name\":\"Demourshop\",\"url\":\"https:\\\/\\\/demourshop.com\\\/\",\"logo\":{\"@type\":\"ImageObject\",\"inLanguage\":\"en-GB\",\"@id\":\"https:\\\/\\\/demourshop.com\\\/#\\\/schema\\\/logo\\\/image\\\/\",\"url\":\"http:\\\/\\\/demourshop.com\\\/wp-content\\\/uploads\\\/2023\\\/08\\\/logo-wine-2-1-1.png\",\"contentUrl\":\"http:\\\/\\\/demourshop.com\\\/wp-content\\\/uploads\\\/2023\\\/08\\\/logo-wine-2-1-1.png\",\"width\":400,\"height\":145,\"caption\":\"Demourshop\"},\"image\":{\"@id\":\"https:\\\/\\\/demourshop.com\\\/#\\\/schema\\\/logo\\\/image\\\/\"}}]}<\/script>\n<!-- \/ Yoast SEO plugin. -->","yoast_head_json":{"title":"Chianti Classico Querciabella 2019 - Demourshop","description":"Chianti Classico Querciabella 2019 \u2013 100% Sangiovese bio. \u00c9l\u00e9gant, fruit\u00e9 et structur\u00e9. Grand vin toscan. Livraison rapide \u2013 prix domaine.","robots":{"index":"index","follow":"follow","max-snippet":"max-snippet:-1","max-image-preview":"max-image-preview:large","max-video-preview":"max-video-preview:-1"},"canonical":"https:\/\/demourshop.com\/en\/product\/chianti-classico-querciabella-2019\/","og_locale":"en_GB","og_type":"article","og_title":"Chianti Classico Querciabella 2019 - Demourshop","og_description":"Chianti Classico Querciabella 2019 \u2013 100% Sangiovese bio. \u00c9l\u00e9gant, fruit\u00e9 et structur\u00e9. Grand vin toscan. Livraison rapide \u2013 prix domaine.","og_url":"https:\/\/demourshop.com\/en\/product\/chianti-classico-querciabella-2019\/","og_site_name":"Demourshop","article_modified_time":"2025-05-27T08:52:23+00:00","og_image":[{"width":700,"height":700,"url":"https:\/\/demourshop.com\/wp-content\/uploads\/2024\/11\/Querciabella.png","type":"image\/png"}],"twitter_card":"summary_large_image","twitter_misc":{"Estimated reading time":"2 minutes"},"schema":{"@context":"https:\/\/schema.org","@graph":[{"@type":"WebPage","@id":"https:\/\/demourshop.com\/produit\/chianti-classico-querciabella-2019\/","url":"https:\/\/demourshop.com\/produit\/chianti-classico-querciabella-2019\/","name":"Chianti Classico Querciabella 2019 - Demourshop","isPartOf":{"@id":"https:\/\/demourshop.com\/#website"},"primaryImageOfPage":{"@id":"https:\/\/demourshop.com\/produit\/chianti-classico-querciabella-2019\/#primaryimage"},"image":{"@id":"https:\/\/demourshop.com\/produit\/chianti-classico-querciabella-2019\/#primaryimage"},"thumbnailUrl":"http:\/\/demourshop.com\/wp-content\/uploads\/2024\/11\/Querciabella.png","datePublished":"2024-11-29T14:05:58+00:00","dateModified":"2025-05-27T08:52:23+00:00","description":"Chianti Classico Querciabella 2019 \u2013 100% Sangiovese bio. \u00c9l\u00e9gant, fruit\u00e9 et structur\u00e9. Grand vin toscan. Livraison rapide \u2013 prix domaine.","breadcrumb":{"@id":"https:\/\/demourshop.com\/produit\/chianti-classico-querciabella-2019\/#breadcrumb"},"inLanguage":"en-GB","potentialAction":[{"@type":"ReadAction","target":["https:\/\/demourshop.com\/produit\/chianti-classico-querciabella-2019\/"]}]},{"@type":"ImageObject","inLanguage":"en-GB","@id":"https:\/\/demourshop.com\/produit\/chianti-classico-querciabella-2019\/#primaryimage","url":"http:\/\/demourshop.com\/wp-content\/uploads\/2024\/11\/Querciabella.png","contentUrl":"http:\/\/demourshop.com\/wp-content\/uploads\/2024\/11\/Querciabella.png","width":700,"height":700,"caption":"Chianti Classico Querciabella 2019, un vin rouge \u00e9l\u00e9gant de Toscane."},{"@type":"BreadcrumbList","@id":"https:\/\/demourshop.com\/produit\/chianti-classico-querciabella-2019\/#breadcrumb","itemListElement":[{"@type":"ListItem","position":1,"name":"Accueil","item":"https:\/\/demourshop.com\/"},{"@type":"ListItem","position":2,"name":"Boutique","item":"https:\/\/demourshop.com\/boutique\/"},{"@type":"ListItem","position":3,"name":"Chianti Classico Querciabella 2019"}]},{"@type":"WebSite","@id":"https:\/\/demourshop.com\/#website","url":"https:\/\/demourshop.com\/","name":"Demourshop","description":"","publisher":{"@id":"https:\/\/demourshop.com\/#organization"},"potentialAction":[{"@type":"SearchAction","target":{"@type":"EntryPoint","urlTemplate":"https:\/\/demourshop.com\/?s={search_term_string}"},"query-input":{"@type":"PropertyValueSpecification","valueRequired":true,"valueName":"search_term_string"}}],"inLanguage":"en-GB"},{"@type":"Organization","@id":"https:\/\/demourshop.com\/#organization","name":"Demourshop","url":"https:\/\/demourshop.com\/","logo":{"@type":"ImageObject","inLanguage":"en-GB","@id":"https:\/\/demourshop.com\/#\/schema\/logo\/image\/","url":"http:\/\/demourshop.com\/wp-content\/uploads\/2023\/08\/logo-wine-2-1-1.png","contentUrl":"http:\/\/demourshop.com\/wp-content\/uploads\/2023\/08\/logo-wine-2-1-1.png","width":400,"height":145,"caption":"Demourshop"},"image":{"@id":"https:\/\/demourshop.com\/#\/schema\/logo\/image\/"}}]}},"_links":{"self":[{"href":"http:\/\/demourshop.com\/en\/wp-json\/wp\/v2\/product\/65193","targetHints":{"allow":["GET"]}}],"collection":[{"href":"http:\/\/demourshop.com\/en\/wp-json\/wp\/v2\/product"}],"about":[{"href":"http:\/\/demourshop.com\/en\/wp-json\/wp\/v2\/types\/product"}],"version-history":[{"count":6,"href":"http:\/\/demourshop.com\/en\/wp-json\/wp\/v2\/product\/65193\/revisions"}],"predecessor-version":[{"id":70303,"href":"http:\/\/demourshop.com\/en\/wp-json\/wp\/v2\/product\/65193\/revisions\/70303"}],"wp:featuredmedia":[{"embeddable":true,"href":"http:\/\/demourshop.com\/en\/wp-json\/wp\/v2\/media\/69486"}],"wp:attachment":[{"href":"http:\/\/demourshop.com\/en\/wp-json\/wp\/v2\/media?parent=65193"}],"wp:term":[{"taxonomy":"product_brand","embeddable":true,"href":"http:\/\/demourshop.com\/en\/wp-json\/wp\/v2\/product_brand?post=65193"},{"taxonomy":"product_cat","embeddable":true,"href":"http:\/\/demourshop.com\/en\/wp-json\/wp\/v2\/product_cat?post=65193"},{"taxonomy":"product_tag","embeddable":true,"href":"http:\/\/demourshop.com\/en\/wp-json\/wp\/v2\/product_tag?post=65193"}],"curies":[{"name":"wp","href":"https:\/\/api.w.org\/{rel}","templated":true}]}}