{"id":65189,"date":"2025-02-13T15:53:02","date_gmt":"2025-02-13T14:53:02","guid":{"rendered":"https:\/\/demourshop.com\/?post_type=product&#038;p=65189"},"modified":"2025-09-26T15:15:28","modified_gmt":"2025-09-26T13:15:28","slug":"albino-rocca-barbera-dalba-gepin-2015","status":"publish","type":"product","link":"http:\/\/demourshop.com\/en\/product\/albino-rocca-barbera-dalba-gepin-2015\/","title":{"rendered":"Gepin 2015"},"content":{"rendered":"<p>Servi autour de 14 \u00e0 16\u202f\u00b0C, ce vin offre un plaisir imm\u00e9diat mais saura aussi \u00e9voluer pendant 8 \u00e0 10 ans. <strong>Albino Rocca Gepin 2015<\/strong> incarne l\u2019excellence de la Barbera d\u2019Alba dans sa version la plus noble. Cette cuv\u00e9e confidentielle ravira les amateurs de vins italiens rac\u00e9s, capables d\u2019allier puissance, finesse et longueur. Un rouge de gastronomie, \u00e0 offrir ou \u00e0 conserver pour une belle occasion.<\/p>","protected":false},"excerpt":{"rendered":"<p><strong>Albino Rocca Gepin 2015<\/strong> \u2013 Barbera d\u2019Alba Superiore puissant, \u00e9l\u00e9gant et complexe. Un rouge de caract\u00e8re au grand potentiel de garde.<\/p>","protected":false},"featured_media":69694,"template":"","meta":{"_acf_changed":false},"product_brand":[],"product_cat":[378,805,804,507,552,384,382,395,375,393],"product_tag":[],"class_list":{"0":"post-65189","1":"product","2":"type-product","3":"status-publish","4":"has-post-thumbnail","6":"product_cat-appellations-vin-en-ligne","7":"product_cat-barbera-en-ligne","8":"product_cat-barbera-d-alba-en-ligne","9":"product_cat-cepages-vin-en-ligne","10":"product_cat-vin-par-couleur-en-ligne","11":"product_cat-vin-italie-en-ligne","12":"product_cat-vin-par-pays-en-ligne","13":"product_cat-vin-agriculture-raisonnee","14":"product_cat-vin-rouge-en-ligne","15":"product_cat-vins-par-methode-de-vinification","16":"pa_appellations-barbera-dalba","17":"pa_cepages-barbera","18":"pa_couleurs-rouge","19":"pa_formats-75cl","20":"pa_millesimes-181","21":"pa_pays-italie","22":"pa_quantites-a-lunite","23":"pa_quantites-carton-de-3-bouteilles","24":"pa_vinifications-raisonnee","26":"first","27":"instock","28":"taxable","29":"shipping-taxable","30":"purchasable","31":"product-type-simple"},"acf":[],"yoast_head":"<!-- This site is optimized with the Yoast SEO plugin v27.4 - https:\/\/yoast.com\/product\/yoast-seo-wordpress\/ -->\n<title>Gepin 2015 - Demourshop<\/title>\n<meta name=\"description\" content=\"Albino Rocca Gepin 2015 \u2013 Barbera d\u2019Alba Superiore intense et structur\u00e9. Grand rouge du Pi\u00e9mont \u00e0 garder ou savourer d\u00e8s maintenant.\" \/>\n<meta name=\"robots\" content=\"index, follow, max-snippet:-1, max-image-preview:large, max-video-preview:-1\" \/>\n<link rel=\"canonical\" href=\"https:\/\/demourshop.com\/en\/product\/albino-rocca-barbera-dalba-gepin-2015\/\" \/>\n<meta property=\"og:locale\" content=\"en_GB\" \/>\n<meta property=\"og:type\" content=\"article\" \/>\n<meta property=\"og:title\" content=\"Gepin 2015 - Demourshop\" \/>\n<meta property=\"og:description\" content=\"Albino Rocca Gepin 2015 \u2013 Barbera d\u2019Alba Superiore intense et structur\u00e9. Grand rouge du Pi\u00e9mont \u00e0 garder ou savourer d\u00e8s maintenant.\" \/>\n<meta property=\"og:url\" content=\"https:\/\/demourshop.com\/en\/product\/albino-rocca-barbera-dalba-gepin-2015\/\" \/>\n<meta property=\"og:site_name\" content=\"Demourshop\" \/>\n<meta property=\"article:modified_time\" content=\"2025-09-26T13:15:28+00:00\" \/>\n<meta property=\"og:image\" content=\"http:\/\/demourshop.com\/wp-content\/uploads\/2024\/12\/Gepin.png\" \/>\n\t<meta property=\"og:image:width\" content=\"700\" \/>\n\t<meta property=\"og:image:height\" content=\"700\" \/>\n\t<meta property=\"og:image:type\" content=\"image\/png\" \/>\n<meta name=\"twitter:card\" content=\"summary_large_image\" \/>\n<meta name=\"twitter:label1\" content=\"Estimated reading time\" \/>\n\t<meta name=\"twitter:data1\" content=\"2 minutes\" \/>\n<script type=\"application\/ld+json\" class=\"yoast-schema-graph\">{\"@context\":\"https:\\\/\\\/schema.org\",\"@graph\":[{\"@type\":\"WebPage\",\"@id\":\"https:\\\/\\\/demourshop.com\\\/produit\\\/albino-rocca-barbera-dalba-gepin-2015\\\/\",\"url\":\"https:\\\/\\\/demourshop.com\\\/produit\\\/albino-rocca-barbera-dalba-gepin-2015\\\/\",\"name\":\"Gepin 2015 - Demourshop\",\"isPartOf\":{\"@id\":\"https:\\\/\\\/demourshop.com\\\/#website\"},\"primaryImageOfPage\":{\"@id\":\"https:\\\/\\\/demourshop.com\\\/produit\\\/albino-rocca-barbera-dalba-gepin-2015\\\/#primaryimage\"},\"image\":{\"@id\":\"https:\\\/\\\/demourshop.com\\\/produit\\\/albino-rocca-barbera-dalba-gepin-2015\\\/#primaryimage\"},\"thumbnailUrl\":\"http:\\\/\\\/demourshop.com\\\/wp-content\\\/uploads\\\/2024\\\/12\\\/Gepin.png\",\"datePublished\":\"2025-02-13T14:53:02+00:00\",\"dateModified\":\"2025-09-26T13:15:28+00:00\",\"description\":\"Albino Rocca Gepin 2015 \u2013 Barbera d\u2019Alba Superiore intense et structur\u00e9. Grand rouge du Pi\u00e9mont \u00e0 garder ou savourer d\u00e8s maintenant.\",\"breadcrumb\":{\"@id\":\"https:\\\/\\\/demourshop.com\\\/produit\\\/albino-rocca-barbera-dalba-gepin-2015\\\/#breadcrumb\"},\"inLanguage\":\"en-GB\",\"potentialAction\":[{\"@type\":\"ReadAction\",\"target\":[\"https:\\\/\\\/demourshop.com\\\/produit\\\/albino-rocca-barbera-dalba-gepin-2015\\\/\"]}]},{\"@type\":\"ImageObject\",\"inLanguage\":\"en-GB\",\"@id\":\"https:\\\/\\\/demourshop.com\\\/produit\\\/albino-rocca-barbera-dalba-gepin-2015\\\/#primaryimage\",\"url\":\"http:\\\/\\\/demourshop.com\\\/wp-content\\\/uploads\\\/2024\\\/12\\\/Gepin.png\",\"contentUrl\":\"http:\\\/\\\/demourshop.com\\\/wp-content\\\/uploads\\\/2024\\\/12\\\/Gepin.png\",\"width\":700,\"height\":700,\"caption\":\"Gepin 2015, un vin rouge du Pi\u00e9mont, parfait pour les amateurs de Barbera d'Alba.\"},{\"@type\":\"BreadcrumbList\",\"@id\":\"https:\\\/\\\/demourshop.com\\\/produit\\\/albino-rocca-barbera-dalba-gepin-2015\\\/#breadcrumb\",\"itemListElement\":[{\"@type\":\"ListItem\",\"position\":1,\"name\":\"Accueil\",\"item\":\"https:\\\/\\\/demourshop.com\\\/\"},{\"@type\":\"ListItem\",\"position\":2,\"name\":\"Boutique\",\"item\":\"https:\\\/\\\/demourshop.com\\\/boutique\\\/\"},{\"@type\":\"ListItem\",\"position\":3,\"name\":\"Gepin 2015\"}]},{\"@type\":\"WebSite\",\"@id\":\"https:\\\/\\\/demourshop.com\\\/#website\",\"url\":\"https:\\\/\\\/demourshop.com\\\/\",\"name\":\"Demourshop\",\"description\":\"\",\"publisher\":{\"@id\":\"https:\\\/\\\/demourshop.com\\\/#organization\"},\"potentialAction\":[{\"@type\":\"SearchAction\",\"target\":{\"@type\":\"EntryPoint\",\"urlTemplate\":\"https:\\\/\\\/demourshop.com\\\/?s={search_term_string}\"},\"query-input\":{\"@type\":\"PropertyValueSpecification\",\"valueRequired\":true,\"valueName\":\"search_term_string\"}}],\"inLanguage\":\"en-GB\"},{\"@type\":\"Organization\",\"@id\":\"https:\\\/\\\/demourshop.com\\\/#organization\",\"name\":\"Demourshop\",\"url\":\"https:\\\/\\\/demourshop.com\\\/\",\"logo\":{\"@type\":\"ImageObject\",\"inLanguage\":\"en-GB\",\"@id\":\"https:\\\/\\\/demourshop.com\\\/#\\\/schema\\\/logo\\\/image\\\/\",\"url\":\"http:\\\/\\\/demourshop.com\\\/wp-content\\\/uploads\\\/2023\\\/08\\\/logo-wine-2-1-1.png\",\"contentUrl\":\"http:\\\/\\\/demourshop.com\\\/wp-content\\\/uploads\\\/2023\\\/08\\\/logo-wine-2-1-1.png\",\"width\":400,\"height\":145,\"caption\":\"Demourshop\"},\"image\":{\"@id\":\"https:\\\/\\\/demourshop.com\\\/#\\\/schema\\\/logo\\\/image\\\/\"}}]}<\/script>\n<!-- \/ Yoast SEO plugin. -->","yoast_head_json":{"title":"Gepin 2015 - Demourshop","description":"Albino Rocca Gepin 2015 \u2013 Barbera d\u2019Alba Superiore intense et structur\u00e9. Grand rouge du Pi\u00e9mont \u00e0 garder ou savourer d\u00e8s maintenant.","robots":{"index":"index","follow":"follow","max-snippet":"max-snippet:-1","max-image-preview":"max-image-preview:large","max-video-preview":"max-video-preview:-1"},"canonical":"https:\/\/demourshop.com\/en\/product\/albino-rocca-barbera-dalba-gepin-2015\/","og_locale":"en_GB","og_type":"article","og_title":"Gepin 2015 - Demourshop","og_description":"Albino Rocca Gepin 2015 \u2013 Barbera d\u2019Alba Superiore intense et structur\u00e9. Grand rouge du Pi\u00e9mont \u00e0 garder ou savourer d\u00e8s maintenant.","og_url":"https:\/\/demourshop.com\/en\/product\/albino-rocca-barbera-dalba-gepin-2015\/","og_site_name":"Demourshop","article_modified_time":"2025-09-26T13:15:28+00:00","og_image":[{"width":700,"height":700,"url":"http:\/\/demourshop.com\/wp-content\/uploads\/2024\/12\/Gepin.png","type":"image\/png"}],"twitter_card":"summary_large_image","twitter_misc":{"Estimated reading time":"2 minutes"},"schema":{"@context":"https:\/\/schema.org","@graph":[{"@type":"WebPage","@id":"https:\/\/demourshop.com\/produit\/albino-rocca-barbera-dalba-gepin-2015\/","url":"https:\/\/demourshop.com\/produit\/albino-rocca-barbera-dalba-gepin-2015\/","name":"Gepin 2015 - Demourshop","isPartOf":{"@id":"https:\/\/demourshop.com\/#website"},"primaryImageOfPage":{"@id":"https:\/\/demourshop.com\/produit\/albino-rocca-barbera-dalba-gepin-2015\/#primaryimage"},"image":{"@id":"https:\/\/demourshop.com\/produit\/albino-rocca-barbera-dalba-gepin-2015\/#primaryimage"},"thumbnailUrl":"http:\/\/demourshop.com\/wp-content\/uploads\/2024\/12\/Gepin.png","datePublished":"2025-02-13T14:53:02+00:00","dateModified":"2025-09-26T13:15:28+00:00","description":"Albino Rocca Gepin 2015 \u2013 Barbera d\u2019Alba Superiore intense et structur\u00e9. Grand rouge du Pi\u00e9mont \u00e0 garder ou savourer d\u00e8s maintenant.","breadcrumb":{"@id":"https:\/\/demourshop.com\/produit\/albino-rocca-barbera-dalba-gepin-2015\/#breadcrumb"},"inLanguage":"en-GB","potentialAction":[{"@type":"ReadAction","target":["https:\/\/demourshop.com\/produit\/albino-rocca-barbera-dalba-gepin-2015\/"]}]},{"@type":"ImageObject","inLanguage":"en-GB","@id":"https:\/\/demourshop.com\/produit\/albino-rocca-barbera-dalba-gepin-2015\/#primaryimage","url":"http:\/\/demourshop.com\/wp-content\/uploads\/2024\/12\/Gepin.png","contentUrl":"http:\/\/demourshop.com\/wp-content\/uploads\/2024\/12\/Gepin.png","width":700,"height":700,"caption":"Gepin 2015, un vin rouge du Pi\u00e9mont, parfait pour les amateurs de Barbera d'Alba."},{"@type":"BreadcrumbList","@id":"https:\/\/demourshop.com\/produit\/albino-rocca-barbera-dalba-gepin-2015\/#breadcrumb","itemListElement":[{"@type":"ListItem","position":1,"name":"Accueil","item":"https:\/\/demourshop.com\/"},{"@type":"ListItem","position":2,"name":"Boutique","item":"https:\/\/demourshop.com\/boutique\/"},{"@type":"ListItem","position":3,"name":"Gepin 2015"}]},{"@type":"WebSite","@id":"https:\/\/demourshop.com\/#website","url":"https:\/\/demourshop.com\/","name":"Demourshop","description":"","publisher":{"@id":"https:\/\/demourshop.com\/#organization"},"potentialAction":[{"@type":"SearchAction","target":{"@type":"EntryPoint","urlTemplate":"https:\/\/demourshop.com\/?s={search_term_string}"},"query-input":{"@type":"PropertyValueSpecification","valueRequired":true,"valueName":"search_term_string"}}],"inLanguage":"en-GB"},{"@type":"Organization","@id":"https:\/\/demourshop.com\/#organization","name":"Demourshop","url":"https:\/\/demourshop.com\/","logo":{"@type":"ImageObject","inLanguage":"en-GB","@id":"https:\/\/demourshop.com\/#\/schema\/logo\/image\/","url":"http:\/\/demourshop.com\/wp-content\/uploads\/2023\/08\/logo-wine-2-1-1.png","contentUrl":"http:\/\/demourshop.com\/wp-content\/uploads\/2023\/08\/logo-wine-2-1-1.png","width":400,"height":145,"caption":"Demourshop"},"image":{"@id":"https:\/\/demourshop.com\/#\/schema\/logo\/image\/"}}]}},"_links":{"self":[{"href":"http:\/\/demourshop.com\/en\/wp-json\/wp\/v2\/product\/65189","targetHints":{"allow":["GET"]}}],"collection":[{"href":"http:\/\/demourshop.com\/en\/wp-json\/wp\/v2\/product"}],"about":[{"href":"http:\/\/demourshop.com\/en\/wp-json\/wp\/v2\/types\/product"}],"version-history":[{"count":9,"href":"http:\/\/demourshop.com\/en\/wp-json\/wp\/v2\/product\/65189\/revisions"}],"predecessor-version":[{"id":70331,"href":"http:\/\/demourshop.com\/en\/wp-json\/wp\/v2\/product\/65189\/revisions\/70331"}],"wp:featuredmedia":[{"embeddable":true,"href":"http:\/\/demourshop.com\/en\/wp-json\/wp\/v2\/media\/69694"}],"wp:attachment":[{"href":"http:\/\/demourshop.com\/en\/wp-json\/wp\/v2\/media?parent=65189"}],"wp:term":[{"taxonomy":"product_brand","embeddable":true,"href":"http:\/\/demourshop.com\/en\/wp-json\/wp\/v2\/product_brand?post=65189"},{"taxonomy":"product_cat","embeddable":true,"href":"http:\/\/demourshop.com\/en\/wp-json\/wp\/v2\/product_cat?post=65189"},{"taxonomy":"product_tag","embeddable":true,"href":"http:\/\/demourshop.com\/en\/wp-json\/wp\/v2\/product_tag?post=65189"}],"curies":[{"name":"wp","href":"https:\/\/api.w.org\/{rel}","templated":true}]}}