{"id":65185,"date":"2025-02-13T17:01:45","date_gmt":"2025-02-13T16:01:45","guid":{"rendered":"https:\/\/demourshop.com\/?post_type=product&#038;p=65185"},"modified":"2025-09-26T15:12:15","modified_gmt":"2025-09-26T13:12:15","slug":"azienda-vignamato-rosso-piceno-2022","status":"publish","type":"product","link":"http:\/\/demourshop.com\/en\/product\/azienda-vignamato-rosso-piceno-2022\/","title":{"rendered":"Azienda vignamato Rosso Piceno 2022"},"content":{"rendered":"<p>Servez <strong>Azienda Vignamato Rosso Piceno 2022<\/strong> l\u00e9g\u00e8rement rafra\u00eechi \u00e0 15\u201316\u00b0C. Ce vin accompagne id\u00e9alement des plats simples comme des p\u00e2tes \u00e0 la sauce tomate, une pizza aux l\u00e9gumes grill\u00e9s ou une planche de charcuterie. Gr\u00e2ce \u00e0 sa structure l\u00e9g\u00e8re et son fruit\u00e9 croquant, il pla\u00eet autant aux amateurs confirm\u00e9s qu\u2019aux novices. Vous pouvez le boire d\u00e8s aujourd\u2019hui, ou le conserver 2 \u00e0 3 ans pour profiter de son \u00e9volution. Enfin, il offre un excellent rapport plaisir\/prix pour d\u00e9couvrir les vins rouges italiens du quotidien.<\/p>","protected":false},"excerpt":{"rendered":"<p><strong>Azienda Vignamato Rosso Piceno 2022<\/strong> \u2013 Vin rouge des Marches, souple et fruit\u00e9. Assemblage de Sangiovese et Montepulciano \u00e0 boire d\u00e8s aujourd\u2019hui.<\/p>","protected":false},"featured_media":69696,"template":"","meta":{"_acf_changed":false},"product_brand":[],"product_cat":[378,507,552,384,413,382,395,416,375,393],"product_tag":[],"class_list":{"0":"post-65185","1":"product","2":"type-product","3":"status-publish","4":"has-post-thumbnail","6":"product_cat-appellations-vin-en-ligne","7":"product_cat-cepages-vin-en-ligne","8":"product_cat-vin-par-couleur-en-ligne","9":"product_cat-vin-italie-en-ligne","10":"product_cat-montepulciano-en-ligne","11":"product_cat-vin-par-pays-en-ligne","12":"product_cat-vin-agriculture-raisonnee","13":"product_cat-sangiovese-en-ligne","14":"product_cat-vin-rouge-en-ligne","15":"product_cat-vins-par-methode-de-vinification","16":"pa_appellations-rosso-piceno","17":"pa_cepages-montepulciano","18":"pa_cepages-sangiovese","19":"pa_couleurs-rouge","20":"pa_formats-75cl","21":"pa_millesimes-174","22":"pa_pays-france","23":"pa_quantites-a-lunite","24":"pa_quantites-carton-de-3-bouteilles","25":"pa_quantites-carton-de-6-bouteilles","26":"pa_vinifications-raisonnee","28":"first","29":"instock","30":"taxable","31":"shipping-taxable","32":"purchasable","33":"product-type-simple"},"acf":[],"yoast_head":"<!-- This site is optimized with the Yoast SEO plugin v27.4 - https:\/\/yoast.com\/product\/yoast-seo-wordpress\/ -->\n<title>Azienda vignamato Rosso Piceno 2022 - Demourshop<\/title>\n<meta name=\"description\" content=\"Azienda Vignamato Rosso Piceno 2022 \u2013 Vin rouge italien souple et fruit\u00e9. Parfait avec des plats simples. Livraison rapide.\" \/>\n<meta name=\"robots\" content=\"index, follow, max-snippet:-1, max-image-preview:large, max-video-preview:-1\" \/>\n<link rel=\"canonical\" href=\"https:\/\/demourshop.com\/en\/product\/azienda-vignamato-rosso-piceno-2022\/\" \/>\n<meta property=\"og:locale\" content=\"en_GB\" \/>\n<meta property=\"og:type\" content=\"article\" \/>\n<meta property=\"og:title\" content=\"Azienda vignamato Rosso Piceno 2022 - Demourshop\" \/>\n<meta property=\"og:description\" content=\"Azienda Vignamato Rosso Piceno 2022 \u2013 Vin rouge italien souple et fruit\u00e9. Parfait avec des plats simples. Livraison rapide.\" \/>\n<meta property=\"og:url\" content=\"https:\/\/demourshop.com\/en\/product\/azienda-vignamato-rosso-piceno-2022\/\" \/>\n<meta property=\"og:site_name\" content=\"Demourshop\" \/>\n<meta property=\"article:modified_time\" content=\"2025-09-26T13:12:15+00:00\" \/>\n<meta property=\"og:image\" content=\"http:\/\/demourshop.com\/wp-content\/uploads\/2024\/12\/rosso-piceno.png\" \/>\n\t<meta property=\"og:image:width\" content=\"700\" \/>\n\t<meta property=\"og:image:height\" content=\"700\" \/>\n\t<meta property=\"og:image:type\" content=\"image\/png\" \/>\n<meta name=\"twitter:card\" content=\"summary_large_image\" \/>\n<meta name=\"twitter:label1\" content=\"Estimated reading time\" \/>\n\t<meta name=\"twitter:data1\" content=\"2 minutes\" \/>\n<script type=\"application\/ld+json\" class=\"yoast-schema-graph\">{\"@context\":\"https:\\\/\\\/schema.org\",\"@graph\":[{\"@type\":\"WebPage\",\"@id\":\"https:\\\/\\\/demourshop.com\\\/produit\\\/azienda-vignamato-rosso-piceno-2022\\\/\",\"url\":\"https:\\\/\\\/demourshop.com\\\/produit\\\/azienda-vignamato-rosso-piceno-2022\\\/\",\"name\":\"Azienda vignamato Rosso Piceno 2022 - Demourshop\",\"isPartOf\":{\"@id\":\"https:\\\/\\\/demourshop.com\\\/#website\"},\"primaryImageOfPage\":{\"@id\":\"https:\\\/\\\/demourshop.com\\\/produit\\\/azienda-vignamato-rosso-piceno-2022\\\/#primaryimage\"},\"image\":{\"@id\":\"https:\\\/\\\/demourshop.com\\\/produit\\\/azienda-vignamato-rosso-piceno-2022\\\/#primaryimage\"},\"thumbnailUrl\":\"http:\\\/\\\/demourshop.com\\\/wp-content\\\/uploads\\\/2024\\\/12\\\/rosso-piceno.png\",\"datePublished\":\"2025-02-13T16:01:45+00:00\",\"dateModified\":\"2025-09-26T13:12:15+00:00\",\"description\":\"Azienda Vignamato Rosso Piceno 2022 \u2013 Vin rouge italien souple et fruit\u00e9. Parfait avec des plats simples. Livraison rapide.\",\"breadcrumb\":{\"@id\":\"https:\\\/\\\/demourshop.com\\\/produit\\\/azienda-vignamato-rosso-piceno-2022\\\/#breadcrumb\"},\"inLanguage\":\"en-GB\",\"potentialAction\":[{\"@type\":\"ReadAction\",\"target\":[\"https:\\\/\\\/demourshop.com\\\/produit\\\/azienda-vignamato-rosso-piceno-2022\\\/\"]}]},{\"@type\":\"ImageObject\",\"inLanguage\":\"en-GB\",\"@id\":\"https:\\\/\\\/demourshop.com\\\/produit\\\/azienda-vignamato-rosso-piceno-2022\\\/#primaryimage\",\"url\":\"http:\\\/\\\/demourshop.com\\\/wp-content\\\/uploads\\\/2024\\\/12\\\/rosso-piceno.png\",\"contentUrl\":\"http:\\\/\\\/demourshop.com\\\/wp-content\\\/uploads\\\/2024\\\/12\\\/rosso-piceno.png\",\"width\":700,\"height\":700,\"caption\":\"Rosso Piceno 2022 de l'Azienda Vignamato, un vin rouge fruit\u00e9 et \u00e9quilibr\u00e9 des Marches.\"},{\"@type\":\"BreadcrumbList\",\"@id\":\"https:\\\/\\\/demourshop.com\\\/produit\\\/azienda-vignamato-rosso-piceno-2022\\\/#breadcrumb\",\"itemListElement\":[{\"@type\":\"ListItem\",\"position\":1,\"name\":\"Accueil\",\"item\":\"https:\\\/\\\/demourshop.com\\\/\"},{\"@type\":\"ListItem\",\"position\":2,\"name\":\"Boutique\",\"item\":\"https:\\\/\\\/demourshop.com\\\/boutique\\\/\"},{\"@type\":\"ListItem\",\"position\":3,\"name\":\"Azienda vignamato Rosso Piceno 2022\"}]},{\"@type\":\"WebSite\",\"@id\":\"https:\\\/\\\/demourshop.com\\\/#website\",\"url\":\"https:\\\/\\\/demourshop.com\\\/\",\"name\":\"Demourshop\",\"description\":\"\",\"publisher\":{\"@id\":\"https:\\\/\\\/demourshop.com\\\/#organization\"},\"potentialAction\":[{\"@type\":\"SearchAction\",\"target\":{\"@type\":\"EntryPoint\",\"urlTemplate\":\"https:\\\/\\\/demourshop.com\\\/?s={search_term_string}\"},\"query-input\":{\"@type\":\"PropertyValueSpecification\",\"valueRequired\":true,\"valueName\":\"search_term_string\"}}],\"inLanguage\":\"en-GB\"},{\"@type\":\"Organization\",\"@id\":\"https:\\\/\\\/demourshop.com\\\/#organization\",\"name\":\"Demourshop\",\"url\":\"https:\\\/\\\/demourshop.com\\\/\",\"logo\":{\"@type\":\"ImageObject\",\"inLanguage\":\"en-GB\",\"@id\":\"https:\\\/\\\/demourshop.com\\\/#\\\/schema\\\/logo\\\/image\\\/\",\"url\":\"http:\\\/\\\/demourshop.com\\\/wp-content\\\/uploads\\\/2023\\\/08\\\/logo-wine-2-1-1.png\",\"contentUrl\":\"http:\\\/\\\/demourshop.com\\\/wp-content\\\/uploads\\\/2023\\\/08\\\/logo-wine-2-1-1.png\",\"width\":400,\"height\":145,\"caption\":\"Demourshop\"},\"image\":{\"@id\":\"https:\\\/\\\/demourshop.com\\\/#\\\/schema\\\/logo\\\/image\\\/\"}}]}<\/script>\n<!-- \/ Yoast SEO plugin. -->","yoast_head_json":{"title":"Azienda vignamato Rosso Piceno 2022 - Demourshop","description":"Azienda Vignamato Rosso Piceno 2022 \u2013 Vin rouge italien souple et fruit\u00e9. Parfait avec des plats simples. Livraison rapide.","robots":{"index":"index","follow":"follow","max-snippet":"max-snippet:-1","max-image-preview":"max-image-preview:large","max-video-preview":"max-video-preview:-1"},"canonical":"https:\/\/demourshop.com\/en\/product\/azienda-vignamato-rosso-piceno-2022\/","og_locale":"en_GB","og_type":"article","og_title":"Azienda vignamato Rosso Piceno 2022 - Demourshop","og_description":"Azienda Vignamato Rosso Piceno 2022 \u2013 Vin rouge italien souple et fruit\u00e9. Parfait avec des plats simples. Livraison rapide.","og_url":"https:\/\/demourshop.com\/en\/product\/azienda-vignamato-rosso-piceno-2022\/","og_site_name":"Demourshop","article_modified_time":"2025-09-26T13:12:15+00:00","og_image":[{"width":700,"height":700,"url":"http:\/\/demourshop.com\/wp-content\/uploads\/2024\/12\/rosso-piceno.png","type":"image\/png"}],"twitter_card":"summary_large_image","twitter_misc":{"Estimated reading time":"2 minutes"},"schema":{"@context":"https:\/\/schema.org","@graph":[{"@type":"WebPage","@id":"https:\/\/demourshop.com\/produit\/azienda-vignamato-rosso-piceno-2022\/","url":"https:\/\/demourshop.com\/produit\/azienda-vignamato-rosso-piceno-2022\/","name":"Azienda vignamato Rosso Piceno 2022 - Demourshop","isPartOf":{"@id":"https:\/\/demourshop.com\/#website"},"primaryImageOfPage":{"@id":"https:\/\/demourshop.com\/produit\/azienda-vignamato-rosso-piceno-2022\/#primaryimage"},"image":{"@id":"https:\/\/demourshop.com\/produit\/azienda-vignamato-rosso-piceno-2022\/#primaryimage"},"thumbnailUrl":"http:\/\/demourshop.com\/wp-content\/uploads\/2024\/12\/rosso-piceno.png","datePublished":"2025-02-13T16:01:45+00:00","dateModified":"2025-09-26T13:12:15+00:00","description":"Azienda Vignamato Rosso Piceno 2022 \u2013 Vin rouge italien souple et fruit\u00e9. Parfait avec des plats simples. Livraison rapide.","breadcrumb":{"@id":"https:\/\/demourshop.com\/produit\/azienda-vignamato-rosso-piceno-2022\/#breadcrumb"},"inLanguage":"en-GB","potentialAction":[{"@type":"ReadAction","target":["https:\/\/demourshop.com\/produit\/azienda-vignamato-rosso-piceno-2022\/"]}]},{"@type":"ImageObject","inLanguage":"en-GB","@id":"https:\/\/demourshop.com\/produit\/azienda-vignamato-rosso-piceno-2022\/#primaryimage","url":"http:\/\/demourshop.com\/wp-content\/uploads\/2024\/12\/rosso-piceno.png","contentUrl":"http:\/\/demourshop.com\/wp-content\/uploads\/2024\/12\/rosso-piceno.png","width":700,"height":700,"caption":"Rosso Piceno 2022 de l'Azienda Vignamato, un vin rouge fruit\u00e9 et \u00e9quilibr\u00e9 des Marches."},{"@type":"BreadcrumbList","@id":"https:\/\/demourshop.com\/produit\/azienda-vignamato-rosso-piceno-2022\/#breadcrumb","itemListElement":[{"@type":"ListItem","position":1,"name":"Accueil","item":"https:\/\/demourshop.com\/"},{"@type":"ListItem","position":2,"name":"Boutique","item":"https:\/\/demourshop.com\/boutique\/"},{"@type":"ListItem","position":3,"name":"Azienda vignamato Rosso Piceno 2022"}]},{"@type":"WebSite","@id":"https:\/\/demourshop.com\/#website","url":"https:\/\/demourshop.com\/","name":"Demourshop","description":"","publisher":{"@id":"https:\/\/demourshop.com\/#organization"},"potentialAction":[{"@type":"SearchAction","target":{"@type":"EntryPoint","urlTemplate":"https:\/\/demourshop.com\/?s={search_term_string}"},"query-input":{"@type":"PropertyValueSpecification","valueRequired":true,"valueName":"search_term_string"}}],"inLanguage":"en-GB"},{"@type":"Organization","@id":"https:\/\/demourshop.com\/#organization","name":"Demourshop","url":"https:\/\/demourshop.com\/","logo":{"@type":"ImageObject","inLanguage":"en-GB","@id":"https:\/\/demourshop.com\/#\/schema\/logo\/image\/","url":"http:\/\/demourshop.com\/wp-content\/uploads\/2023\/08\/logo-wine-2-1-1.png","contentUrl":"http:\/\/demourshop.com\/wp-content\/uploads\/2023\/08\/logo-wine-2-1-1.png","width":400,"height":145,"caption":"Demourshop"},"image":{"@id":"https:\/\/demourshop.com\/#\/schema\/logo\/image\/"}}]}},"_links":{"self":[{"href":"http:\/\/demourshop.com\/en\/wp-json\/wp\/v2\/product\/65185","targetHints":{"allow":["GET"]}}],"collection":[{"href":"http:\/\/demourshop.com\/en\/wp-json\/wp\/v2\/product"}],"about":[{"href":"http:\/\/demourshop.com\/en\/wp-json\/wp\/v2\/types\/product"}],"version-history":[{"count":7,"href":"http:\/\/demourshop.com\/en\/wp-json\/wp\/v2\/product\/65185\/revisions"}],"predecessor-version":[{"id":70284,"href":"http:\/\/demourshop.com\/en\/wp-json\/wp\/v2\/product\/65185\/revisions\/70284"}],"wp:featuredmedia":[{"embeddable":true,"href":"http:\/\/demourshop.com\/en\/wp-json\/wp\/v2\/media\/69696"}],"wp:attachment":[{"href":"http:\/\/demourshop.com\/en\/wp-json\/wp\/v2\/media?parent=65185"}],"wp:term":[{"taxonomy":"product_brand","embeddable":true,"href":"http:\/\/demourshop.com\/en\/wp-json\/wp\/v2\/product_brand?post=65185"},{"taxonomy":"product_cat","embeddable":true,"href":"http:\/\/demourshop.com\/en\/wp-json\/wp\/v2\/product_cat?post=65185"},{"taxonomy":"product_tag","embeddable":true,"href":"http:\/\/demourshop.com\/en\/wp-json\/wp\/v2\/product_tag?post=65185"}],"curies":[{"name":"wp","href":"https:\/\/api.w.org\/{rel}","templated":true}]}}