{"id":65179,"date":"2024-11-25T16:46:35","date_gmt":"2024-11-25T15:46:35","guid":{"rendered":"https:\/\/demourshop.com\/?post_type=product&#038;p=65179"},"modified":"2026-04-04T11:38:11","modified_gmt":"2026-04-04T09:38:11","slug":"amarone-selezione-antonio-castagnedi-2018","status":"publish","type":"product","link":"http:\/\/demourshop.com\/en\/product\/amarone-selezione-antonio-castagnedi-2018\/","title":{"rendered":"Amarone Selezione Antonio Castagnedi 2018"},"content":{"rendered":"<p>\u00c0 servir entre 17 et 18\u00b0C, apr\u00e8s une a\u00e9ration d\u2019au moins une heure. <strong> Vin <\/strong>de garde, qui \u00e9voluera magnifiquement en cave. Il accompagnera \u00e0 merveille un agneau r\u00f4ti, une c\u00f4te de b\u0153uf, un plat truff\u00e9 ou un vieux parmesan. Ce vin de grande classe, produit en quantit\u00e9 limit\u00e9e, est un choix id\u00e9al pour un d\u00eener raffin\u00e9, une cave de connaisseur ou une belle id\u00e9e cadeau pour amateurs de vins italiens de caract\u00e8re. Une belle id\u00e9e de cadeau pour amateurs de vins italiens de caract\u00e8re comme <strong>Amarone Selezione Antonio Castagnedi 2018<\/strong>.<\/p>","protected":false},"excerpt":{"rendered":"<p><strong>Amarone Selezione Antonio Castagnedi 2018<\/strong> \u2013 Grand vin de la Valpolicella, puissant, \u00e9l\u00e9gant et velout\u00e9. Amarone de gastronomie et de garde.<\/p>","protected":false},"featured_media":69338,"template":"","meta":{"_acf_changed":false},"product_brand":[],"product_cat":[658,378,507,654,552,656,384,657,382,395,655,375,393],"product_tag":[],"class_list":{"0":"post-65179","1":"product","2":"type-product","3":"status-publish","4":"has-post-thumbnail","6":"product_cat-amarone-della-valpolicella-en-ligne","7":"product_cat-appellations-vin-en-ligne","8":"product_cat-cepages-vin-en-ligne","9":"product_cat-corvina-en-ligne","10":"product_cat-vin-par-couleur-en-ligne","11":"product_cat-croatina-en-ligne","12":"product_cat-vin-italie-en-ligne","13":"product_cat-oseleta-en-ligne","14":"product_cat-vin-par-pays-en-ligne","15":"product_cat-vin-agriculture-raisonnee","16":"product_cat-rondinella-en-ligne","17":"product_cat-vin-rouge-en-ligne","18":"product_cat-vins-par-methode-de-vinification","19":"pa_appellations-amarone-della-valpolicella","20":"pa_cepages-corvina","21":"pa_cepages-croatina","22":"pa_cepages-oseleta","23":"pa_cepages-rondinella","24":"pa_couleurs-rouge","25":"pa_formats-75cl","26":"pa_millesimes-178","27":"pa_pays-italie","28":"pa_quantites-a-lunite","29":"pa_quantites-carton-de-3-bouteilles","30":"pa_quantites-carton-de-6-bouteilles","31":"pa_vinifications-raisonnee","33":"first","34":"instock","35":"taxable","36":"shipping-taxable","37":"purchasable","38":"product-type-simple"},"acf":[],"yoast_head":"<!-- This site is optimized with the Yoast SEO plugin v27.4 - https:\/\/yoast.com\/product\/yoast-seo-wordpress\/ -->\n<title>Amarone Selezione Antonio Castagnedi 2018 - Demourshop<\/title>\n<meta name=\"description\" content=\"Amarone Selezione Antonio Castagnedi 2018 \u2013 Grand vin rouge italien. Puissant, \u00e9l\u00e9gant, velout\u00e9. Id\u00e9al gibier ou risotto. Livraison rapide \u2013 stock limit\u00e9.\" \/>\n<meta name=\"robots\" content=\"index, follow, max-snippet:-1, max-image-preview:large, max-video-preview:-1\" \/>\n<link rel=\"canonical\" href=\"http:\/\/demourshop.com\/en\/product\/amarone-selezione-antonio-castagnedi-2018\/\" \/>\n<meta property=\"og:locale\" content=\"en_GB\" \/>\n<meta property=\"og:type\" content=\"article\" \/>\n<meta property=\"og:title\" content=\"Amarone Selezione Antonio Castagnedi 2018 - Demourshop\" \/>\n<meta property=\"og:description\" content=\"Amarone Selezione Antonio Castagnedi 2018 \u2013 Grand vin rouge italien. Puissant, \u00e9l\u00e9gant, velout\u00e9. Id\u00e9al gibier ou risotto. Livraison rapide \u2013 stock limit\u00e9.\" \/>\n<meta property=\"og:url\" content=\"http:\/\/demourshop.com\/en\/product\/amarone-selezione-antonio-castagnedi-2018\/\" \/>\n<meta property=\"og:site_name\" content=\"Demourshop\" \/>\n<meta property=\"article:modified_time\" content=\"2026-04-04T09:38:11+00:00\" \/>\n<meta property=\"og:image\" content=\"http:\/\/demourshop.com\/wp-content\/uploads\/2024\/11\/AMARONE-2018.png\" \/>\n\t<meta property=\"og:image:width\" content=\"700\" \/>\n\t<meta property=\"og:image:height\" content=\"700\" \/>\n\t<meta property=\"og:image:type\" content=\"image\/png\" \/>\n<meta name=\"twitter:card\" content=\"summary_large_image\" \/>\n<meta name=\"twitter:label1\" content=\"Estimated reading time\" \/>\n\t<meta name=\"twitter:data1\" content=\"3 minutes\" \/>\n<script type=\"application\/ld+json\" class=\"yoast-schema-graph\">{\"@context\":\"https:\\\/\\\/schema.org\",\"@graph\":[{\"@type\":\"WebPage\",\"@id\":\"http:\\\/\\\/demourshop.com\\\/produit\\\/amarone-selezione-antonio-castagnedi-2018\\\/\",\"url\":\"http:\\\/\\\/demourshop.com\\\/produit\\\/amarone-selezione-antonio-castagnedi-2018\\\/\",\"name\":\"Amarone Selezione Antonio Castagnedi 2018 - Demourshop\",\"isPartOf\":{\"@id\":\"https:\\\/\\\/demourshop.com\\\/#website\"},\"primaryImageOfPage\":{\"@id\":\"http:\\\/\\\/demourshop.com\\\/produit\\\/amarone-selezione-antonio-castagnedi-2018\\\/#primaryimage\"},\"image\":{\"@id\":\"http:\\\/\\\/demourshop.com\\\/produit\\\/amarone-selezione-antonio-castagnedi-2018\\\/#primaryimage\"},\"thumbnailUrl\":\"http:\\\/\\\/demourshop.com\\\/wp-content\\\/uploads\\\/2024\\\/11\\\/AMARONE-2018.png\",\"datePublished\":\"2024-11-25T15:46:35+00:00\",\"dateModified\":\"2026-04-04T09:38:11+00:00\",\"description\":\"Amarone Selezione Antonio Castagnedi 2018 \u2013 Grand vin rouge italien. Puissant, \u00e9l\u00e9gant, velout\u00e9. Id\u00e9al gibier ou risotto. Livraison rapide \u2013 stock limit\u00e9.\",\"breadcrumb\":{\"@id\":\"http:\\\/\\\/demourshop.com\\\/produit\\\/amarone-selezione-antonio-castagnedi-2018\\\/#breadcrumb\"},\"inLanguage\":\"en-GB\",\"potentialAction\":[{\"@type\":\"ReadAction\",\"target\":[\"http:\\\/\\\/demourshop.com\\\/produit\\\/amarone-selezione-antonio-castagnedi-2018\\\/\"]}]},{\"@type\":\"ImageObject\",\"inLanguage\":\"en-GB\",\"@id\":\"http:\\\/\\\/demourshop.com\\\/produit\\\/amarone-selezione-antonio-castagnedi-2018\\\/#primaryimage\",\"url\":\"http:\\\/\\\/demourshop.com\\\/wp-content\\\/uploads\\\/2024\\\/11\\\/AMARONE-2018.png\",\"contentUrl\":\"http:\\\/\\\/demourshop.com\\\/wp-content\\\/uploads\\\/2024\\\/11\\\/AMARONE-2018.png\",\"width\":700,\"height\":700,\"caption\":\"Amarone Selezione Antonio Castagnedi 2018 \u2013 bouteille de vin rouge italien de la Valpolicella\"},{\"@type\":\"BreadcrumbList\",\"@id\":\"http:\\\/\\\/demourshop.com\\\/produit\\\/amarone-selezione-antonio-castagnedi-2018\\\/#breadcrumb\",\"itemListElement\":[{\"@type\":\"ListItem\",\"position\":1,\"name\":\"Accueil\",\"item\":\"https:\\\/\\\/demourshop.com\\\/\"},{\"@type\":\"ListItem\",\"position\":2,\"name\":\"Boutique\",\"item\":\"https:\\\/\\\/demourshop.com\\\/boutique\\\/\"},{\"@type\":\"ListItem\",\"position\":3,\"name\":\"Amarone Selezione Antonio Castagnedi 2018\"}]},{\"@type\":\"WebSite\",\"@id\":\"https:\\\/\\\/demourshop.com\\\/#website\",\"url\":\"https:\\\/\\\/demourshop.com\\\/\",\"name\":\"Demourshop\",\"description\":\"\",\"publisher\":{\"@id\":\"https:\\\/\\\/demourshop.com\\\/#organization\"},\"potentialAction\":[{\"@type\":\"SearchAction\",\"target\":{\"@type\":\"EntryPoint\",\"urlTemplate\":\"https:\\\/\\\/demourshop.com\\\/?s={search_term_string}\"},\"query-input\":{\"@type\":\"PropertyValueSpecification\",\"valueRequired\":true,\"valueName\":\"search_term_string\"}}],\"inLanguage\":\"en-GB\"},{\"@type\":\"Organization\",\"@id\":\"https:\\\/\\\/demourshop.com\\\/#organization\",\"name\":\"Demourshop\",\"url\":\"https:\\\/\\\/demourshop.com\\\/\",\"logo\":{\"@type\":\"ImageObject\",\"inLanguage\":\"en-GB\",\"@id\":\"https:\\\/\\\/demourshop.com\\\/#\\\/schema\\\/logo\\\/image\\\/\",\"url\":\"http:\\\/\\\/demourshop.com\\\/wp-content\\\/uploads\\\/2023\\\/08\\\/logo-wine-2-1-1.png\",\"contentUrl\":\"http:\\\/\\\/demourshop.com\\\/wp-content\\\/uploads\\\/2023\\\/08\\\/logo-wine-2-1-1.png\",\"width\":400,\"height\":145,\"caption\":\"Demourshop\"},\"image\":{\"@id\":\"https:\\\/\\\/demourshop.com\\\/#\\\/schema\\\/logo\\\/image\\\/\"}}]}<\/script>\n<!-- \/ Yoast SEO plugin. -->","yoast_head_json":{"title":"Amarone Selezione Antonio Castagnedi 2018 - Demourshop","description":"Amarone Selezione Antonio Castagnedi 2018 \u2013 Grand vin rouge italien. Puissant, \u00e9l\u00e9gant, velout\u00e9. Id\u00e9al gibier ou risotto. Livraison rapide \u2013 stock limit\u00e9.","robots":{"index":"index","follow":"follow","max-snippet":"max-snippet:-1","max-image-preview":"max-image-preview:large","max-video-preview":"max-video-preview:-1"},"canonical":"http:\/\/demourshop.com\/en\/product\/amarone-selezione-antonio-castagnedi-2018\/","og_locale":"en_GB","og_type":"article","og_title":"Amarone Selezione Antonio Castagnedi 2018 - Demourshop","og_description":"Amarone Selezione Antonio Castagnedi 2018 \u2013 Grand vin rouge italien. Puissant, \u00e9l\u00e9gant, velout\u00e9. Id\u00e9al gibier ou risotto. Livraison rapide \u2013 stock limit\u00e9.","og_url":"http:\/\/demourshop.com\/en\/product\/amarone-selezione-antonio-castagnedi-2018\/","og_site_name":"Demourshop","article_modified_time":"2026-04-04T09:38:11+00:00","og_image":[{"width":700,"height":700,"url":"http:\/\/demourshop.com\/wp-content\/uploads\/2024\/11\/AMARONE-2018.png","type":"image\/png"}],"twitter_card":"summary_large_image","twitter_misc":{"Estimated reading time":"3 minutes"},"schema":{"@context":"https:\/\/schema.org","@graph":[{"@type":"WebPage","@id":"http:\/\/demourshop.com\/produit\/amarone-selezione-antonio-castagnedi-2018\/","url":"http:\/\/demourshop.com\/produit\/amarone-selezione-antonio-castagnedi-2018\/","name":"Amarone Selezione Antonio Castagnedi 2018 - Demourshop","isPartOf":{"@id":"https:\/\/demourshop.com\/#website"},"primaryImageOfPage":{"@id":"http:\/\/demourshop.com\/produit\/amarone-selezione-antonio-castagnedi-2018\/#primaryimage"},"image":{"@id":"http:\/\/demourshop.com\/produit\/amarone-selezione-antonio-castagnedi-2018\/#primaryimage"},"thumbnailUrl":"http:\/\/demourshop.com\/wp-content\/uploads\/2024\/11\/AMARONE-2018.png","datePublished":"2024-11-25T15:46:35+00:00","dateModified":"2026-04-04T09:38:11+00:00","description":"Amarone Selezione Antonio Castagnedi 2018 \u2013 Grand vin rouge italien. Puissant, \u00e9l\u00e9gant, velout\u00e9. Id\u00e9al gibier ou risotto. Livraison rapide \u2013 stock limit\u00e9.","breadcrumb":{"@id":"http:\/\/demourshop.com\/produit\/amarone-selezione-antonio-castagnedi-2018\/#breadcrumb"},"inLanguage":"en-GB","potentialAction":[{"@type":"ReadAction","target":["http:\/\/demourshop.com\/produit\/amarone-selezione-antonio-castagnedi-2018\/"]}]},{"@type":"ImageObject","inLanguage":"en-GB","@id":"http:\/\/demourshop.com\/produit\/amarone-selezione-antonio-castagnedi-2018\/#primaryimage","url":"http:\/\/demourshop.com\/wp-content\/uploads\/2024\/11\/AMARONE-2018.png","contentUrl":"http:\/\/demourshop.com\/wp-content\/uploads\/2024\/11\/AMARONE-2018.png","width":700,"height":700,"caption":"Amarone Selezione Antonio Castagnedi 2018 \u2013 bouteille de vin rouge italien de la Valpolicella"},{"@type":"BreadcrumbList","@id":"http:\/\/demourshop.com\/produit\/amarone-selezione-antonio-castagnedi-2018\/#breadcrumb","itemListElement":[{"@type":"ListItem","position":1,"name":"Accueil","item":"https:\/\/demourshop.com\/"},{"@type":"ListItem","position":2,"name":"Boutique","item":"https:\/\/demourshop.com\/boutique\/"},{"@type":"ListItem","position":3,"name":"Amarone Selezione Antonio Castagnedi 2018"}]},{"@type":"WebSite","@id":"https:\/\/demourshop.com\/#website","url":"https:\/\/demourshop.com\/","name":"Demourshop","description":"","publisher":{"@id":"https:\/\/demourshop.com\/#organization"},"potentialAction":[{"@type":"SearchAction","target":{"@type":"EntryPoint","urlTemplate":"https:\/\/demourshop.com\/?s={search_term_string}"},"query-input":{"@type":"PropertyValueSpecification","valueRequired":true,"valueName":"search_term_string"}}],"inLanguage":"en-GB"},{"@type":"Organization","@id":"https:\/\/demourshop.com\/#organization","name":"Demourshop","url":"https:\/\/demourshop.com\/","logo":{"@type":"ImageObject","inLanguage":"en-GB","@id":"https:\/\/demourshop.com\/#\/schema\/logo\/image\/","url":"http:\/\/demourshop.com\/wp-content\/uploads\/2023\/08\/logo-wine-2-1-1.png","contentUrl":"http:\/\/demourshop.com\/wp-content\/uploads\/2023\/08\/logo-wine-2-1-1.png","width":400,"height":145,"caption":"Demourshop"},"image":{"@id":"https:\/\/demourshop.com\/#\/schema\/logo\/image\/"}}]}},"_links":{"self":[{"href":"http:\/\/demourshop.com\/en\/wp-json\/wp\/v2\/product\/65179","targetHints":{"allow":["GET"]}}],"collection":[{"href":"http:\/\/demourshop.com\/en\/wp-json\/wp\/v2\/product"}],"about":[{"href":"http:\/\/demourshop.com\/en\/wp-json\/wp\/v2\/types\/product"}],"version-history":[{"count":10,"href":"http:\/\/demourshop.com\/en\/wp-json\/wp\/v2\/product\/65179\/revisions"}],"predecessor-version":[{"id":70283,"href":"http:\/\/demourshop.com\/en\/wp-json\/wp\/v2\/product\/65179\/revisions\/70283"}],"wp:featuredmedia":[{"embeddable":true,"href":"http:\/\/demourshop.com\/en\/wp-json\/wp\/v2\/media\/69338"}],"wp:attachment":[{"href":"http:\/\/demourshop.com\/en\/wp-json\/wp\/v2\/media?parent=65179"}],"wp:term":[{"taxonomy":"product_brand","embeddable":true,"href":"http:\/\/demourshop.com\/en\/wp-json\/wp\/v2\/product_brand?post=65179"},{"taxonomy":"product_cat","embeddable":true,"href":"http:\/\/demourshop.com\/en\/wp-json\/wp\/v2\/product_cat?post=65179"},{"taxonomy":"product_tag","embeddable":true,"href":"http:\/\/demourshop.com\/en\/wp-json\/wp\/v2\/product_tag?post=65179"}],"curies":[{"name":"wp","href":"https:\/\/api.w.org\/{rel}","templated":true}]}}