{"id":65165,"date":"2025-02-13T12:10:36","date_gmt":"2025-02-13T11:10:36","guid":{"rendered":"https:\/\/demourshop.com\/?post_type=product&#038;p=65165"},"modified":"2026-02-16T10:43:09","modified_gmt":"2026-02-16T09:43:09","slug":"domaine-octavie-touraine-gamay-2021","status":"publish","type":"product","link":"http:\/\/demourshop.com\/en\/product\/domaine-octavie-touraine-gamay-2021\/","title":{"rendered":"Domaine Octavie Touraine Gamay 2021"},"content":{"rendered":"<p><strong>Domaine Octavie Touraine Gamay 2021<\/strong> est un vin id\u00e9al pour des moments de convivialit\u00e9. L\u00e9ger et expressif, il se d\u00e9guste aussi bien \u00e0 l\u2019ap\u00e9ritif qu\u2019au cours d\u2019un repas simple. Gr\u00e2ce \u00e0 sa vinification soign\u00e9e et \u00e0 la fra\u00eecheur naturelle du Gamay, il offre un \u00e9quilibre parfait entre fruit, l\u00e9g\u00e8ret\u00e9 et plaisir. Il est conseill\u00e9 de le servir entre 12 et 14\u00b0C. Ce vin peut \u00eatre appr\u00e9ci\u00e9 d\u00e8s maintenant, mais il se conservera joliment pendant 2 \u00e0 3 ans. Une belle expression du Gamay lig\u00e9rien \u00e0 d\u00e9couvrir sans attendre.<\/p>","protected":false},"excerpt":{"rendered":"<p><strong>Domaine Octavie Touraine Gamay 2021<\/strong> \u2013 Vin rouge l\u00e9ger et fruit\u00e9 du Val de Loire. Id\u00e9al pour viandes blanches et ap\u00e9ritifs conviviaux.<\/p>","protected":false},"featured_media":69860,"template":"","meta":{"_acf_changed":false},"product_brand":[],"product_cat":[378,507,552,383,410,382,395,796,375,393],"product_tag":[],"class_list":{"0":"post-65165","1":"product","2":"type-product","3":"status-publish","4":"has-post-thumbnail","6":"product_cat-appellations-vin-en-ligne","7":"product_cat-cepages-vin-en-ligne","8":"product_cat-vin-par-couleur-en-ligne","9":"product_cat-vin-de-france-en-ligne","10":"product_cat-gamay-en-ligne","11":"product_cat-vin-par-pays-en-ligne","12":"product_cat-vin-agriculture-raisonnee","13":"product_cat-vin-touraine-en-ligne","14":"product_cat-vin-rouge-en-ligne","15":"product_cat-vins-par-methode-de-vinification","16":"pa_appellations-touraine","17":"pa_cepages-gamay","18":"pa_couleurs-rouge","19":"pa_formats-75cl","20":"pa_millesimes-175","21":"pa_pays-france","22":"pa_quantites-a-lunite","23":"pa_vinifications-raisonnee","25":"first","26":"instock","27":"taxable","28":"shipping-taxable","29":"purchasable","30":"product-type-simple"},"acf":[],"yoast_head":"<!-- This site is optimized with the Yoast SEO plugin v27.4 - https:\/\/yoast.com\/product\/yoast-seo-wordpress\/ -->\n<title>Domaine Octavie Touraine Gamay 2021 - Demourshop<\/title>\n<meta name=\"description\" content=\"Domaine Octavie Touraine Gamay 2021 \u2013 Rouge l\u00e9ger, fruit\u00e9 et frais. Parfait pour ap\u00e9ritifs, grillades et repas d\u2019\u00e9t\u00e9. Livraison rapide \u2013 prix domaine.\" \/>\n<meta name=\"robots\" content=\"index, follow, max-snippet:-1, max-image-preview:large, max-video-preview:-1\" \/>\n<link rel=\"canonical\" href=\"https:\/\/demourshop.com\/en\/product\/domaine-octavie-touraine-gamay-2021\/\" \/>\n<meta property=\"og:locale\" content=\"en_GB\" \/>\n<meta property=\"og:type\" content=\"article\" \/>\n<meta property=\"og:title\" content=\"Domaine Octavie Touraine Gamay 2021 - Demourshop\" \/>\n<meta property=\"og:description\" content=\"Domaine Octavie Touraine Gamay 2021 \u2013 Rouge l\u00e9ger, fruit\u00e9 et frais. Parfait pour ap\u00e9ritifs, grillades et repas d\u2019\u00e9t\u00e9. Livraison rapide \u2013 prix domaine.\" \/>\n<meta property=\"og:url\" content=\"https:\/\/demourshop.com\/en\/product\/domaine-octavie-touraine-gamay-2021\/\" \/>\n<meta property=\"og:site_name\" content=\"Demourshop\" \/>\n<meta property=\"article:modified_time\" content=\"2026-02-16T09:43:09+00:00\" \/>\n<meta property=\"og:image\" content=\"http:\/\/demourshop.com\/wp-content\/uploads\/2025\/02\/La-Closerie.png\" \/>\n\t<meta property=\"og:image:width\" content=\"700\" \/>\n\t<meta property=\"og:image:height\" content=\"700\" \/>\n\t<meta property=\"og:image:type\" content=\"image\/png\" \/>\n<meta name=\"twitter:card\" content=\"summary_large_image\" \/>\n<meta name=\"twitter:label1\" content=\"Estimated reading time\" \/>\n\t<meta name=\"twitter:data1\" content=\"3 minutes\" \/>\n<script type=\"application\/ld+json\" class=\"yoast-schema-graph\">{\"@context\":\"https:\\\/\\\/schema.org\",\"@graph\":[{\"@type\":\"WebPage\",\"@id\":\"https:\\\/\\\/demourshop.com\\\/produit\\\/domaine-octavie-touraine-gamay-2021\\\/\",\"url\":\"https:\\\/\\\/demourshop.com\\\/produit\\\/domaine-octavie-touraine-gamay-2021\\\/\",\"name\":\"Domaine Octavie Touraine Gamay 2021 - Demourshop\",\"isPartOf\":{\"@id\":\"https:\\\/\\\/demourshop.com\\\/#website\"},\"primaryImageOfPage\":{\"@id\":\"https:\\\/\\\/demourshop.com\\\/produit\\\/domaine-octavie-touraine-gamay-2021\\\/#primaryimage\"},\"image\":{\"@id\":\"https:\\\/\\\/demourshop.com\\\/produit\\\/domaine-octavie-touraine-gamay-2021\\\/#primaryimage\"},\"thumbnailUrl\":\"http:\\\/\\\/demourshop.com\\\/wp-content\\\/uploads\\\/2025\\\/02\\\/La-Closerie.png\",\"datePublished\":\"2025-02-13T11:10:36+00:00\",\"dateModified\":\"2026-02-16T09:43:09+00:00\",\"description\":\"Domaine Octavie Touraine Gamay 2021 \u2013 Rouge l\u00e9ger, fruit\u00e9 et frais. Parfait pour ap\u00e9ritifs, grillades et repas d\u2019\u00e9t\u00e9. Livraison rapide \u2013 prix domaine.\",\"breadcrumb\":{\"@id\":\"https:\\\/\\\/demourshop.com\\\/produit\\\/domaine-octavie-touraine-gamay-2021\\\/#breadcrumb\"},\"inLanguage\":\"en-GB\",\"potentialAction\":[{\"@type\":\"ReadAction\",\"target\":[\"https:\\\/\\\/demourshop.com\\\/produit\\\/domaine-octavie-touraine-gamay-2021\\\/\"]}]},{\"@type\":\"ImageObject\",\"inLanguage\":\"en-GB\",\"@id\":\"https:\\\/\\\/demourshop.com\\\/produit\\\/domaine-octavie-touraine-gamay-2021\\\/#primaryimage\",\"url\":\"http:\\\/\\\/demourshop.com\\\/wp-content\\\/uploads\\\/2025\\\/02\\\/La-Closerie.png\",\"contentUrl\":\"http:\\\/\\\/demourshop.com\\\/wp-content\\\/uploads\\\/2025\\\/02\\\/La-Closerie.png\",\"width\":700,\"height\":700,\"caption\":\"Domaine Octavie Touraine Gamay 2021 \u2013 vin rouge l\u00e9ger et fruit\u00e9 de Touraine, bouteille \u00e9l\u00e9gante et accessible du Val de Loire\"},{\"@type\":\"BreadcrumbList\",\"@id\":\"https:\\\/\\\/demourshop.com\\\/produit\\\/domaine-octavie-touraine-gamay-2021\\\/#breadcrumb\",\"itemListElement\":[{\"@type\":\"ListItem\",\"position\":1,\"name\":\"Accueil\",\"item\":\"https:\\\/\\\/demourshop.com\\\/\"},{\"@type\":\"ListItem\",\"position\":2,\"name\":\"Boutique\",\"item\":\"https:\\\/\\\/demourshop.com\\\/boutique\\\/\"},{\"@type\":\"ListItem\",\"position\":3,\"name\":\"Domaine Octavie Touraine Gamay 2021\"}]},{\"@type\":\"WebSite\",\"@id\":\"https:\\\/\\\/demourshop.com\\\/#website\",\"url\":\"https:\\\/\\\/demourshop.com\\\/\",\"name\":\"Demourshop\",\"description\":\"\",\"publisher\":{\"@id\":\"https:\\\/\\\/demourshop.com\\\/#organization\"},\"potentialAction\":[{\"@type\":\"SearchAction\",\"target\":{\"@type\":\"EntryPoint\",\"urlTemplate\":\"https:\\\/\\\/demourshop.com\\\/?s={search_term_string}\"},\"query-input\":{\"@type\":\"PropertyValueSpecification\",\"valueRequired\":true,\"valueName\":\"search_term_string\"}}],\"inLanguage\":\"en-GB\"},{\"@type\":\"Organization\",\"@id\":\"https:\\\/\\\/demourshop.com\\\/#organization\",\"name\":\"Demourshop\",\"url\":\"https:\\\/\\\/demourshop.com\\\/\",\"logo\":{\"@type\":\"ImageObject\",\"inLanguage\":\"en-GB\",\"@id\":\"https:\\\/\\\/demourshop.com\\\/#\\\/schema\\\/logo\\\/image\\\/\",\"url\":\"http:\\\/\\\/demourshop.com\\\/wp-content\\\/uploads\\\/2023\\\/08\\\/logo-wine-2-1-1.png\",\"contentUrl\":\"http:\\\/\\\/demourshop.com\\\/wp-content\\\/uploads\\\/2023\\\/08\\\/logo-wine-2-1-1.png\",\"width\":400,\"height\":145,\"caption\":\"Demourshop\"},\"image\":{\"@id\":\"https:\\\/\\\/demourshop.com\\\/#\\\/schema\\\/logo\\\/image\\\/\"}}]}<\/script>\n<!-- \/ Yoast SEO plugin. -->","yoast_head_json":{"title":"Domaine Octavie Touraine Gamay 2021 - Demourshop","description":"Domaine Octavie Touraine Gamay 2021 \u2013 Rouge l\u00e9ger, fruit\u00e9 et frais. Parfait pour ap\u00e9ritifs, grillades et repas d\u2019\u00e9t\u00e9. Livraison rapide \u2013 prix domaine.","robots":{"index":"index","follow":"follow","max-snippet":"max-snippet:-1","max-image-preview":"max-image-preview:large","max-video-preview":"max-video-preview:-1"},"canonical":"https:\/\/demourshop.com\/en\/product\/domaine-octavie-touraine-gamay-2021\/","og_locale":"en_GB","og_type":"article","og_title":"Domaine Octavie Touraine Gamay 2021 - Demourshop","og_description":"Domaine Octavie Touraine Gamay 2021 \u2013 Rouge l\u00e9ger, fruit\u00e9 et frais. Parfait pour ap\u00e9ritifs, grillades et repas d\u2019\u00e9t\u00e9. Livraison rapide \u2013 prix domaine.","og_url":"https:\/\/demourshop.com\/en\/product\/domaine-octavie-touraine-gamay-2021\/","og_site_name":"Demourshop","article_modified_time":"2026-02-16T09:43:09+00:00","og_image":[{"width":700,"height":700,"url":"http:\/\/demourshop.com\/wp-content\/uploads\/2025\/02\/La-Closerie.png","type":"image\/png"}],"twitter_card":"summary_large_image","twitter_misc":{"Estimated reading time":"3 minutes"},"schema":{"@context":"https:\/\/schema.org","@graph":[{"@type":"WebPage","@id":"https:\/\/demourshop.com\/produit\/domaine-octavie-touraine-gamay-2021\/","url":"https:\/\/demourshop.com\/produit\/domaine-octavie-touraine-gamay-2021\/","name":"Domaine Octavie Touraine Gamay 2021 - Demourshop","isPartOf":{"@id":"https:\/\/demourshop.com\/#website"},"primaryImageOfPage":{"@id":"https:\/\/demourshop.com\/produit\/domaine-octavie-touraine-gamay-2021\/#primaryimage"},"image":{"@id":"https:\/\/demourshop.com\/produit\/domaine-octavie-touraine-gamay-2021\/#primaryimage"},"thumbnailUrl":"http:\/\/demourshop.com\/wp-content\/uploads\/2025\/02\/La-Closerie.png","datePublished":"2025-02-13T11:10:36+00:00","dateModified":"2026-02-16T09:43:09+00:00","description":"Domaine Octavie Touraine Gamay 2021 \u2013 Rouge l\u00e9ger, fruit\u00e9 et frais. Parfait pour ap\u00e9ritifs, grillades et repas d\u2019\u00e9t\u00e9. Livraison rapide \u2013 prix domaine.","breadcrumb":{"@id":"https:\/\/demourshop.com\/produit\/domaine-octavie-touraine-gamay-2021\/#breadcrumb"},"inLanguage":"en-GB","potentialAction":[{"@type":"ReadAction","target":["https:\/\/demourshop.com\/produit\/domaine-octavie-touraine-gamay-2021\/"]}]},{"@type":"ImageObject","inLanguage":"en-GB","@id":"https:\/\/demourshop.com\/produit\/domaine-octavie-touraine-gamay-2021\/#primaryimage","url":"http:\/\/demourshop.com\/wp-content\/uploads\/2025\/02\/La-Closerie.png","contentUrl":"http:\/\/demourshop.com\/wp-content\/uploads\/2025\/02\/La-Closerie.png","width":700,"height":700,"caption":"Domaine Octavie Touraine Gamay 2021 \u2013 vin rouge l\u00e9ger et fruit\u00e9 de Touraine, bouteille \u00e9l\u00e9gante et accessible du Val de Loire"},{"@type":"BreadcrumbList","@id":"https:\/\/demourshop.com\/produit\/domaine-octavie-touraine-gamay-2021\/#breadcrumb","itemListElement":[{"@type":"ListItem","position":1,"name":"Accueil","item":"https:\/\/demourshop.com\/"},{"@type":"ListItem","position":2,"name":"Boutique","item":"https:\/\/demourshop.com\/boutique\/"},{"@type":"ListItem","position":3,"name":"Domaine Octavie Touraine Gamay 2021"}]},{"@type":"WebSite","@id":"https:\/\/demourshop.com\/#website","url":"https:\/\/demourshop.com\/","name":"Demourshop","description":"","publisher":{"@id":"https:\/\/demourshop.com\/#organization"},"potentialAction":[{"@type":"SearchAction","target":{"@type":"EntryPoint","urlTemplate":"https:\/\/demourshop.com\/?s={search_term_string}"},"query-input":{"@type":"PropertyValueSpecification","valueRequired":true,"valueName":"search_term_string"}}],"inLanguage":"en-GB"},{"@type":"Organization","@id":"https:\/\/demourshop.com\/#organization","name":"Demourshop","url":"https:\/\/demourshop.com\/","logo":{"@type":"ImageObject","inLanguage":"en-GB","@id":"https:\/\/demourshop.com\/#\/schema\/logo\/image\/","url":"http:\/\/demourshop.com\/wp-content\/uploads\/2023\/08\/logo-wine-2-1-1.png","contentUrl":"http:\/\/demourshop.com\/wp-content\/uploads\/2023\/08\/logo-wine-2-1-1.png","width":400,"height":145,"caption":"Demourshop"},"image":{"@id":"https:\/\/demourshop.com\/#\/schema\/logo\/image\/"}}]}},"_links":{"self":[{"href":"http:\/\/demourshop.com\/en\/wp-json\/wp\/v2\/product\/65165","targetHints":{"allow":["GET"]}}],"collection":[{"href":"http:\/\/demourshop.com\/en\/wp-json\/wp\/v2\/product"}],"about":[{"href":"http:\/\/demourshop.com\/en\/wp-json\/wp\/v2\/types\/product"}],"version-history":[{"count":8,"href":"http:\/\/demourshop.com\/en\/wp-json\/wp\/v2\/product\/65165\/revisions"}],"predecessor-version":[{"id":70322,"href":"http:\/\/demourshop.com\/en\/wp-json\/wp\/v2\/product\/65165\/revisions\/70322"}],"wp:featuredmedia":[{"embeddable":true,"href":"http:\/\/demourshop.com\/en\/wp-json\/wp\/v2\/media\/69860"}],"wp:attachment":[{"href":"http:\/\/demourshop.com\/en\/wp-json\/wp\/v2\/media?parent=65165"}],"wp:term":[{"taxonomy":"product_brand","embeddable":true,"href":"http:\/\/demourshop.com\/en\/wp-json\/wp\/v2\/product_brand?post=65165"},{"taxonomy":"product_cat","embeddable":true,"href":"http:\/\/demourshop.com\/en\/wp-json\/wp\/v2\/product_cat?post=65165"},{"taxonomy":"product_tag","embeddable":true,"href":"http:\/\/demourshop.com\/en\/wp-json\/wp\/v2\/product_tag?post=65165"}],"curies":[{"name":"wp","href":"https:\/\/api.w.org\/{rel}","templated":true}]}}