{"id":65159,"date":"2025-02-14T08:44:45","date_gmt":"2025-02-14T07:44:45","guid":{"rendered":"https:\/\/demourshop.com\/?post_type=product&#038;p=65159"},"modified":"2025-10-10T15:47:27","modified_gmt":"2025-10-10T13:47:27","slug":"roble-ene-de-duero-2018","status":"publish","type":"product","link":"http:\/\/demourshop.com\/en\/product\/roble-ene-de-duero-2018\/","title":{"rendered":"Roble ene de duero 2018"},"content":{"rendered":"<p><strong>Roble E\u00f1e 2018<\/strong> refl\u00e8te tout le savoir-faire espagnol autour du Tempranillo. Avec son \u00e9levage en bois parfaitement int\u00e9gr\u00e9, ce vin rouge offre un plaisir imm\u00e9diat tout en conservant de la profondeur. Il s&rsquo;adresse aussi bien aux amateurs de grands classiques qu&rsquo;\u00e0 ceux qui recherchent des crus modernes et accessibles. \u00c0 ouvrir lors d\u2019un d\u00eener entre amis ou pour rehausser un plat typiquement m\u00e9diterran\u00e9en.<\/p>","protected":false},"excerpt":{"rendered":"<p><strong>Roble E\u00f1e de Duero 2018<\/strong> \u2013 Ribera del Duero structur\u00e9 et expressif. Tempranillo \u00e9lev\u00e9 6 mois en f\u00fbt. Parfait avec charcuterie et viandes grill\u00e9es.<\/p>","protected":false},"featured_media":69720,"template":"","meta":{"_acf_changed":false},"product_brand":[],"product_cat":[378,507,552,391,382,395,440,418,375,393],"product_tag":[],"class_list":{"0":"post-65159","1":"product","2":"type-product","3":"status-publish","4":"has-post-thumbnail","6":"product_cat-appellations-vin-en-ligne","7":"product_cat-cepages-vin-en-ligne","8":"product_cat-vin-par-couleur-en-ligne","9":"product_cat-vin-espagne-en-ligne","10":"product_cat-vin-par-pays-en-ligne","11":"product_cat-vin-agriculture-raisonnee","12":"product_cat-ribera-del-duero-en-ligne","13":"product_cat-tempranillo-en-ligne","14":"product_cat-vin-rouge-en-ligne","15":"product_cat-vins-par-methode-de-vinification","16":"pa_appellations-ribera-del-duero","17":"pa_cepages-tinto-fino","18":"pa_couleurs-rouge","19":"pa_formats-75cl","20":"pa_millesimes-178","21":"pa_pays-france","22":"pa_quantites-a-lunite","23":"pa_vinifications-raisonnee","25":"first","26":"instock","27":"taxable","28":"shipping-taxable","29":"purchasable","30":"product-type-simple"},"acf":[],"yoast_head":"<!-- This site is optimized with the Yoast SEO plugin v27.4 - https:\/\/yoast.com\/product\/yoast-seo-wordpress\/ -->\n<title>Roble ene de duero 2018 - Demourshop<\/title>\n<meta name=\"description\" content=\"Roble E\u00f1e de Duero 2018 \u2013 Tempranillo soyeux \u00e9lev\u00e9 en f\u00fbt. Ribera del Duero moderne, fruits rouges, \u00e9pices et tanins fondus. Parfait tapas &amp; grillades.\" \/>\n<meta name=\"robots\" content=\"index, follow, max-snippet:-1, max-image-preview:large, max-video-preview:-1\" \/>\n<link rel=\"canonical\" href=\"https:\/\/demourshop.com\/en\/product\/roble-ene-de-duero-2018\/\" \/>\n<meta property=\"og:locale\" content=\"en_GB\" \/>\n<meta property=\"og:type\" content=\"article\" \/>\n<meta property=\"og:title\" content=\"Roble ene de duero 2018 - Demourshop\" \/>\n<meta property=\"og:description\" content=\"Roble E\u00f1e de Duero 2018 \u2013 Tempranillo soyeux \u00e9lev\u00e9 en f\u00fbt. Ribera del Duero moderne, fruits rouges, \u00e9pices et tanins fondus. Parfait tapas &amp; grillades.\" \/>\n<meta property=\"og:url\" content=\"https:\/\/demourshop.com\/en\/product\/roble-ene-de-duero-2018\/\" \/>\n<meta property=\"og:site_name\" content=\"Demourshop\" \/>\n<meta property=\"article:modified_time\" content=\"2025-10-10T13:47:27+00:00\" \/>\n<meta property=\"og:image\" content=\"http:\/\/demourshop.com\/wp-content\/uploads\/2024\/11\/ENE-ROBLE.png\" \/>\n\t<meta property=\"og:image:width\" content=\"700\" \/>\n\t<meta property=\"og:image:height\" content=\"700\" \/>\n\t<meta property=\"og:image:type\" content=\"image\/png\" \/>\n<meta name=\"twitter:card\" content=\"summary_large_image\" \/>\n<meta name=\"twitter:label1\" content=\"Estimated reading time\" \/>\n\t<meta name=\"twitter:data1\" content=\"2 minutes\" \/>\n<script type=\"application\/ld+json\" class=\"yoast-schema-graph\">{\"@context\":\"https:\\\/\\\/schema.org\",\"@graph\":[{\"@type\":\"WebPage\",\"@id\":\"https:\\\/\\\/demourshop.com\\\/produit\\\/roble-ene-de-duero-2018\\\/\",\"url\":\"https:\\\/\\\/demourshop.com\\\/produit\\\/roble-ene-de-duero-2018\\\/\",\"name\":\"Roble ene de duero 2018 - Demourshop\",\"isPartOf\":{\"@id\":\"https:\\\/\\\/demourshop.com\\\/#website\"},\"primaryImageOfPage\":{\"@id\":\"https:\\\/\\\/demourshop.com\\\/produit\\\/roble-ene-de-duero-2018\\\/#primaryimage\"},\"image\":{\"@id\":\"https:\\\/\\\/demourshop.com\\\/produit\\\/roble-ene-de-duero-2018\\\/#primaryimage\"},\"thumbnailUrl\":\"http:\\\/\\\/demourshop.com\\\/wp-content\\\/uploads\\\/2024\\\/11\\\/ENE-ROBLE.png\",\"datePublished\":\"2025-02-14T07:44:45+00:00\",\"dateModified\":\"2025-10-10T13:47:27+00:00\",\"description\":\"Roble E\u00f1e de Duero 2018 \u2013 Tempranillo soyeux \u00e9lev\u00e9 en f\u00fbt. Ribera del Duero moderne, fruits rouges, \u00e9pices et tanins fondus. Parfait tapas & grillades.\",\"breadcrumb\":{\"@id\":\"https:\\\/\\\/demourshop.com\\\/produit\\\/roble-ene-de-duero-2018\\\/#breadcrumb\"},\"inLanguage\":\"en-GB\",\"potentialAction\":[{\"@type\":\"ReadAction\",\"target\":[\"https:\\\/\\\/demourshop.com\\\/produit\\\/roble-ene-de-duero-2018\\\/\"]}]},{\"@type\":\"ImageObject\",\"inLanguage\":\"en-GB\",\"@id\":\"https:\\\/\\\/demourshop.com\\\/produit\\\/roble-ene-de-duero-2018\\\/#primaryimage\",\"url\":\"http:\\\/\\\/demourshop.com\\\/wp-content\\\/uploads\\\/2024\\\/11\\\/ENE-ROBLE.png\",\"contentUrl\":\"http:\\\/\\\/demourshop.com\\\/wp-content\\\/uploads\\\/2024\\\/11\\\/ENE-ROBLE.png\",\"width\":700,\"height\":700,\"caption\":\"Roble Ene de Duero 2018, un vin rouge \u00e9l\u00e9gant et fruit\u00e9, marqu\u00e9 par des notes de fruits rouges m\u00fbrs et d\u2019\u00e9pices.\"},{\"@type\":\"BreadcrumbList\",\"@id\":\"https:\\\/\\\/demourshop.com\\\/produit\\\/roble-ene-de-duero-2018\\\/#breadcrumb\",\"itemListElement\":[{\"@type\":\"ListItem\",\"position\":1,\"name\":\"Accueil\",\"item\":\"https:\\\/\\\/demourshop.com\\\/\"},{\"@type\":\"ListItem\",\"position\":2,\"name\":\"Boutique\",\"item\":\"https:\\\/\\\/demourshop.com\\\/boutique\\\/\"},{\"@type\":\"ListItem\",\"position\":3,\"name\":\"Roble ene de duero 2018\"}]},{\"@type\":\"WebSite\",\"@id\":\"https:\\\/\\\/demourshop.com\\\/#website\",\"url\":\"https:\\\/\\\/demourshop.com\\\/\",\"name\":\"Demourshop\",\"description\":\"\",\"publisher\":{\"@id\":\"https:\\\/\\\/demourshop.com\\\/#organization\"},\"potentialAction\":[{\"@type\":\"SearchAction\",\"target\":{\"@type\":\"EntryPoint\",\"urlTemplate\":\"https:\\\/\\\/demourshop.com\\\/?s={search_term_string}\"},\"query-input\":{\"@type\":\"PropertyValueSpecification\",\"valueRequired\":true,\"valueName\":\"search_term_string\"}}],\"inLanguage\":\"en-GB\"},{\"@type\":\"Organization\",\"@id\":\"https:\\\/\\\/demourshop.com\\\/#organization\",\"name\":\"Demourshop\",\"url\":\"https:\\\/\\\/demourshop.com\\\/\",\"logo\":{\"@type\":\"ImageObject\",\"inLanguage\":\"en-GB\",\"@id\":\"https:\\\/\\\/demourshop.com\\\/#\\\/schema\\\/logo\\\/image\\\/\",\"url\":\"http:\\\/\\\/demourshop.com\\\/wp-content\\\/uploads\\\/2023\\\/08\\\/logo-wine-2-1-1.png\",\"contentUrl\":\"http:\\\/\\\/demourshop.com\\\/wp-content\\\/uploads\\\/2023\\\/08\\\/logo-wine-2-1-1.png\",\"width\":400,\"height\":145,\"caption\":\"Demourshop\"},\"image\":{\"@id\":\"https:\\\/\\\/demourshop.com\\\/#\\\/schema\\\/logo\\\/image\\\/\"}}]}<\/script>\n<!-- \/ Yoast SEO plugin. -->","yoast_head_json":{"title":"Roble ene de duero 2018 - Demourshop","description":"Roble E\u00f1e de Duero 2018 \u2013 Tempranillo soyeux \u00e9lev\u00e9 en f\u00fbt. Ribera del Duero moderne, fruits rouges, \u00e9pices et tanins fondus. Parfait tapas & grillades.","robots":{"index":"index","follow":"follow","max-snippet":"max-snippet:-1","max-image-preview":"max-image-preview:large","max-video-preview":"max-video-preview:-1"},"canonical":"https:\/\/demourshop.com\/en\/product\/roble-ene-de-duero-2018\/","og_locale":"en_GB","og_type":"article","og_title":"Roble ene de duero 2018 - Demourshop","og_description":"Roble E\u00f1e de Duero 2018 \u2013 Tempranillo soyeux \u00e9lev\u00e9 en f\u00fbt. Ribera del Duero moderne, fruits rouges, \u00e9pices et tanins fondus. Parfait tapas & grillades.","og_url":"https:\/\/demourshop.com\/en\/product\/roble-ene-de-duero-2018\/","og_site_name":"Demourshop","article_modified_time":"2025-10-10T13:47:27+00:00","og_image":[{"width":700,"height":700,"url":"http:\/\/demourshop.com\/wp-content\/uploads\/2024\/11\/ENE-ROBLE.png","type":"image\/png"}],"twitter_card":"summary_large_image","twitter_misc":{"Estimated reading time":"2 minutes"},"schema":{"@context":"https:\/\/schema.org","@graph":[{"@type":"WebPage","@id":"https:\/\/demourshop.com\/produit\/roble-ene-de-duero-2018\/","url":"https:\/\/demourshop.com\/produit\/roble-ene-de-duero-2018\/","name":"Roble ene de duero 2018 - Demourshop","isPartOf":{"@id":"https:\/\/demourshop.com\/#website"},"primaryImageOfPage":{"@id":"https:\/\/demourshop.com\/produit\/roble-ene-de-duero-2018\/#primaryimage"},"image":{"@id":"https:\/\/demourshop.com\/produit\/roble-ene-de-duero-2018\/#primaryimage"},"thumbnailUrl":"http:\/\/demourshop.com\/wp-content\/uploads\/2024\/11\/ENE-ROBLE.png","datePublished":"2025-02-14T07:44:45+00:00","dateModified":"2025-10-10T13:47:27+00:00","description":"Roble E\u00f1e de Duero 2018 \u2013 Tempranillo soyeux \u00e9lev\u00e9 en f\u00fbt. Ribera del Duero moderne, fruits rouges, \u00e9pices et tanins fondus. Parfait tapas & grillades.","breadcrumb":{"@id":"https:\/\/demourshop.com\/produit\/roble-ene-de-duero-2018\/#breadcrumb"},"inLanguage":"en-GB","potentialAction":[{"@type":"ReadAction","target":["https:\/\/demourshop.com\/produit\/roble-ene-de-duero-2018\/"]}]},{"@type":"ImageObject","inLanguage":"en-GB","@id":"https:\/\/demourshop.com\/produit\/roble-ene-de-duero-2018\/#primaryimage","url":"http:\/\/demourshop.com\/wp-content\/uploads\/2024\/11\/ENE-ROBLE.png","contentUrl":"http:\/\/demourshop.com\/wp-content\/uploads\/2024\/11\/ENE-ROBLE.png","width":700,"height":700,"caption":"Roble Ene de Duero 2018, un vin rouge \u00e9l\u00e9gant et fruit\u00e9, marqu\u00e9 par des notes de fruits rouges m\u00fbrs et d\u2019\u00e9pices."},{"@type":"BreadcrumbList","@id":"https:\/\/demourshop.com\/produit\/roble-ene-de-duero-2018\/#breadcrumb","itemListElement":[{"@type":"ListItem","position":1,"name":"Accueil","item":"https:\/\/demourshop.com\/"},{"@type":"ListItem","position":2,"name":"Boutique","item":"https:\/\/demourshop.com\/boutique\/"},{"@type":"ListItem","position":3,"name":"Roble ene de duero 2018"}]},{"@type":"WebSite","@id":"https:\/\/demourshop.com\/#website","url":"https:\/\/demourshop.com\/","name":"Demourshop","description":"","publisher":{"@id":"https:\/\/demourshop.com\/#organization"},"potentialAction":[{"@type":"SearchAction","target":{"@type":"EntryPoint","urlTemplate":"https:\/\/demourshop.com\/?s={search_term_string}"},"query-input":{"@type":"PropertyValueSpecification","valueRequired":true,"valueName":"search_term_string"}}],"inLanguage":"en-GB"},{"@type":"Organization","@id":"https:\/\/demourshop.com\/#organization","name":"Demourshop","url":"https:\/\/demourshop.com\/","logo":{"@type":"ImageObject","inLanguage":"en-GB","@id":"https:\/\/demourshop.com\/#\/schema\/logo\/image\/","url":"http:\/\/demourshop.com\/wp-content\/uploads\/2023\/08\/logo-wine-2-1-1.png","contentUrl":"http:\/\/demourshop.com\/wp-content\/uploads\/2023\/08\/logo-wine-2-1-1.png","width":400,"height":145,"caption":"Demourshop"},"image":{"@id":"https:\/\/demourshop.com\/#\/schema\/logo\/image\/"}}]}},"_links":{"self":[{"href":"http:\/\/demourshop.com\/en\/wp-json\/wp\/v2\/product\/65159","targetHints":{"allow":["GET"]}}],"collection":[{"href":"http:\/\/demourshop.com\/en\/wp-json\/wp\/v2\/product"}],"about":[{"href":"http:\/\/demourshop.com\/en\/wp-json\/wp\/v2\/types\/product"}],"version-history":[{"count":7,"href":"http:\/\/demourshop.com\/en\/wp-json\/wp\/v2\/product\/65159\/revisions"}],"predecessor-version":[{"id":70718,"href":"http:\/\/demourshop.com\/en\/wp-json\/wp\/v2\/product\/65159\/revisions\/70718"}],"wp:featuredmedia":[{"embeddable":true,"href":"http:\/\/demourshop.com\/en\/wp-json\/wp\/v2\/media\/69720"}],"wp:attachment":[{"href":"http:\/\/demourshop.com\/en\/wp-json\/wp\/v2\/media?parent=65159"}],"wp:term":[{"taxonomy":"product_brand","embeddable":true,"href":"http:\/\/demourshop.com\/en\/wp-json\/wp\/v2\/product_brand?post=65159"},{"taxonomy":"product_cat","embeddable":true,"href":"http:\/\/demourshop.com\/en\/wp-json\/wp\/v2\/product_cat?post=65159"},{"taxonomy":"product_tag","embeddable":true,"href":"http:\/\/demourshop.com\/en\/wp-json\/wp\/v2\/product_tag?post=65159"}],"curies":[{"name":"wp","href":"https:\/\/api.w.org\/{rel}","templated":true}]}}