{"id":65153,"date":"2025-02-12T14:45:51","date_gmt":"2025-02-12T13:45:51","guid":{"rendered":"https:\/\/demourshop.com\/?post_type=product&#038;p=65153"},"modified":"2025-10-20T16:06:21","modified_gmt":"2025-10-20T14:06:21","slug":"finca-sobreno-reserva-toro-2014","status":"publish","type":"product","link":"http:\/\/demourshop.com\/en\/product\/finca-sobreno-reserva-toro-2014\/","title":{"rendered":"Finca Sobreno reserva toro 2014"},"content":{"rendered":"<p>Servez ce vin entre 16 et 18\u202f\u00b0C apr\u00e8s une heure d\u2019a\u00e9ration. <strong>Finca Sobre\u00f1o Reserva Toro 2014<\/strong> peut se boire d\u00e8s maintenant pour sa rondeur, ou patienter encore 4 \u00e0 6 ans pour davantage de complexit\u00e9. C\u2019est une valeur s\u00fbre pour les amateurs de rouges espagnols profonds, denses et bien \u00e9lev\u00e9s. Avec sa g\u00e9n\u00e9rosit\u00e9 aromatique et sa belle tenue en bouche, il sublimera vos repas d\u2019hiver ou vos plats mijot\u00e9s.<\/p>","protected":false},"excerpt":{"rendered":"<p><strong>Finca Sobre\u00f1o Reserva Toro 2014<\/strong> \u2013 Puissant rouge espagnol 100\u202f% Tinta de Toro. Un vin profond, velout\u00e9 et g\u00e9n\u00e9reux. \u00c0 savourer.<\/p>","protected":false},"featured_media":69844,"template":"","meta":{"_acf_changed":false},"product_brand":[],"product_cat":[378,507,552,391,382,395,418,375,393],"product_tag":[],"class_list":{"0":"post-65153","1":"product","2":"type-product","3":"status-publish","4":"has-post-thumbnail","6":"product_cat-appellations-vin-en-ligne","7":"product_cat-cepages-vin-en-ligne","8":"product_cat-vin-par-couleur-en-ligne","9":"product_cat-vin-espagne-en-ligne","10":"product_cat-vin-par-pays-en-ligne","11":"product_cat-vin-agriculture-raisonnee","12":"product_cat-tempranillo-en-ligne","13":"product_cat-vin-rouge-en-ligne","14":"product_cat-vins-par-methode-de-vinification","15":"pa_appellations-toro","16":"pa_cepages-tempranillo","17":"pa_couleurs-rouge","18":"pa_formats-75cl","19":"pa_millesimes-182","20":"pa_pays-espagne","21":"pa_quantites-a-lunite","22":"pa_vinifications-raisonnee","24":"first","25":"instock","26":"taxable","27":"shipping-taxable","28":"purchasable","29":"product-type-simple"},"acf":[],"yoast_head":"<!-- This site is optimized with the Yoast SEO plugin v27.4 - https:\/\/yoast.com\/product\/yoast-seo-wordpress\/ -->\n<title>Finca Sobreno reserva toro 2014 - Demourshop<\/title>\n<meta name=\"description\" content=\"Finca Sobre\u00f1o Reserva Toro 2014 \u2013 Rouge espagnol intense et velout\u00e9 100\u202f% Tinta de Toro. Id\u00e9al viandes rouges, plats \u00e9pic\u00e9s. Livraison rapide.\" \/>\n<meta name=\"robots\" content=\"index, follow, max-snippet:-1, max-image-preview:large, max-video-preview:-1\" \/>\n<link rel=\"canonical\" href=\"https:\/\/demourshop.com\/en\/product\/finca-sobreno-reserva-toro-2014\/\" \/>\n<meta property=\"og:locale\" content=\"en_GB\" \/>\n<meta property=\"og:type\" content=\"article\" \/>\n<meta property=\"og:title\" content=\"Finca Sobreno reserva toro 2014 - Demourshop\" \/>\n<meta property=\"og:description\" content=\"Finca Sobre\u00f1o Reserva Toro 2014 \u2013 Rouge espagnol intense et velout\u00e9 100\u202f% Tinta de Toro. Id\u00e9al viandes rouges, plats \u00e9pic\u00e9s. Livraison rapide.\" \/>\n<meta property=\"og:url\" content=\"https:\/\/demourshop.com\/en\/product\/finca-sobreno-reserva-toro-2014\/\" \/>\n<meta property=\"og:site_name\" content=\"Demourshop\" \/>\n<meta property=\"article:modified_time\" content=\"2025-10-20T14:06:21+00:00\" \/>\n<meta property=\"og:image\" content=\"http:\/\/demourshop.com\/wp-content\/uploads\/2025\/01\/FINCA-2-OMBRE-1.png\" \/>\n\t<meta property=\"og:image:width\" content=\"700\" \/>\n\t<meta property=\"og:image:height\" content=\"700\" \/>\n\t<meta property=\"og:image:type\" content=\"image\/png\" \/>\n<meta name=\"twitter:card\" content=\"summary_large_image\" \/>\n<meta name=\"twitter:label1\" content=\"Estimated reading time\" \/>\n\t<meta name=\"twitter:data1\" content=\"2 minutes\" \/>\n<script type=\"application\/ld+json\" class=\"yoast-schema-graph\">{\"@context\":\"https:\\\/\\\/schema.org\",\"@graph\":[{\"@type\":\"WebPage\",\"@id\":\"https:\\\/\\\/demourshop.com\\\/produit\\\/finca-sobreno-reserva-toro-2014\\\/\",\"url\":\"https:\\\/\\\/demourshop.com\\\/produit\\\/finca-sobreno-reserva-toro-2014\\\/\",\"name\":\"Finca Sobreno reserva toro 2014 - Demourshop\",\"isPartOf\":{\"@id\":\"https:\\\/\\\/demourshop.com\\\/#website\"},\"primaryImageOfPage\":{\"@id\":\"https:\\\/\\\/demourshop.com\\\/produit\\\/finca-sobreno-reserva-toro-2014\\\/#primaryimage\"},\"image\":{\"@id\":\"https:\\\/\\\/demourshop.com\\\/produit\\\/finca-sobreno-reserva-toro-2014\\\/#primaryimage\"},\"thumbnailUrl\":\"http:\\\/\\\/demourshop.com\\\/wp-content\\\/uploads\\\/2025\\\/01\\\/FINCA-2-OMBRE-1.png\",\"datePublished\":\"2025-02-12T13:45:51+00:00\",\"dateModified\":\"2025-10-20T14:06:21+00:00\",\"description\":\"Finca Sobre\u00f1o Reserva Toro 2014 \u2013 Rouge espagnol intense et velout\u00e9 100\u202f% Tinta de Toro. Id\u00e9al viandes rouges, plats \u00e9pic\u00e9s. Livraison rapide.\",\"breadcrumb\":{\"@id\":\"https:\\\/\\\/demourshop.com\\\/produit\\\/finca-sobreno-reserva-toro-2014\\\/#breadcrumb\"},\"inLanguage\":\"en-GB\",\"potentialAction\":[{\"@type\":\"ReadAction\",\"target\":[\"https:\\\/\\\/demourshop.com\\\/produit\\\/finca-sobreno-reserva-toro-2014\\\/\"]}]},{\"@type\":\"ImageObject\",\"inLanguage\":\"en-GB\",\"@id\":\"https:\\\/\\\/demourshop.com\\\/produit\\\/finca-sobreno-reserva-toro-2014\\\/#primaryimage\",\"url\":\"http:\\\/\\\/demourshop.com\\\/wp-content\\\/uploads\\\/2025\\\/01\\\/FINCA-2-OMBRE-1.png\",\"contentUrl\":\"http:\\\/\\\/demourshop.com\\\/wp-content\\\/uploads\\\/2025\\\/01\\\/FINCA-2-OMBRE-1.png\",\"width\":700,\"height\":700,\"caption\":\"Finca Sobre\u00f1o Reserva Toro 2014 \u2013 bouteille de vin rouge espagnol, Tinta de Toro profond et \u00e9l\u00e9gant.\"},{\"@type\":\"BreadcrumbList\",\"@id\":\"https:\\\/\\\/demourshop.com\\\/produit\\\/finca-sobreno-reserva-toro-2014\\\/#breadcrumb\",\"itemListElement\":[{\"@type\":\"ListItem\",\"position\":1,\"name\":\"Accueil\",\"item\":\"https:\\\/\\\/demourshop.com\\\/\"},{\"@type\":\"ListItem\",\"position\":2,\"name\":\"Boutique\",\"item\":\"https:\\\/\\\/demourshop.com\\\/boutique\\\/\"},{\"@type\":\"ListItem\",\"position\":3,\"name\":\"Finca Sobreno reserva toro 2014\"}]},{\"@type\":\"WebSite\",\"@id\":\"https:\\\/\\\/demourshop.com\\\/#website\",\"url\":\"https:\\\/\\\/demourshop.com\\\/\",\"name\":\"Demourshop\",\"description\":\"\",\"publisher\":{\"@id\":\"https:\\\/\\\/demourshop.com\\\/#organization\"},\"potentialAction\":[{\"@type\":\"SearchAction\",\"target\":{\"@type\":\"EntryPoint\",\"urlTemplate\":\"https:\\\/\\\/demourshop.com\\\/?s={search_term_string}\"},\"query-input\":{\"@type\":\"PropertyValueSpecification\",\"valueRequired\":true,\"valueName\":\"search_term_string\"}}],\"inLanguage\":\"en-GB\"},{\"@type\":\"Organization\",\"@id\":\"https:\\\/\\\/demourshop.com\\\/#organization\",\"name\":\"Demourshop\",\"url\":\"https:\\\/\\\/demourshop.com\\\/\",\"logo\":{\"@type\":\"ImageObject\",\"inLanguage\":\"en-GB\",\"@id\":\"https:\\\/\\\/demourshop.com\\\/#\\\/schema\\\/logo\\\/image\\\/\",\"url\":\"http:\\\/\\\/demourshop.com\\\/wp-content\\\/uploads\\\/2023\\\/08\\\/logo-wine-2-1-1.png\",\"contentUrl\":\"http:\\\/\\\/demourshop.com\\\/wp-content\\\/uploads\\\/2023\\\/08\\\/logo-wine-2-1-1.png\",\"width\":400,\"height\":145,\"caption\":\"Demourshop\"},\"image\":{\"@id\":\"https:\\\/\\\/demourshop.com\\\/#\\\/schema\\\/logo\\\/image\\\/\"}}]}<\/script>\n<!-- \/ Yoast SEO plugin. -->","yoast_head_json":{"title":"Finca Sobreno reserva toro 2014 - Demourshop","description":"Finca Sobre\u00f1o Reserva Toro 2014 \u2013 Rouge espagnol intense et velout\u00e9 100\u202f% Tinta de Toro. Id\u00e9al viandes rouges, plats \u00e9pic\u00e9s. Livraison rapide.","robots":{"index":"index","follow":"follow","max-snippet":"max-snippet:-1","max-image-preview":"max-image-preview:large","max-video-preview":"max-video-preview:-1"},"canonical":"https:\/\/demourshop.com\/en\/product\/finca-sobreno-reserva-toro-2014\/","og_locale":"en_GB","og_type":"article","og_title":"Finca Sobreno reserva toro 2014 - Demourshop","og_description":"Finca Sobre\u00f1o Reserva Toro 2014 \u2013 Rouge espagnol intense et velout\u00e9 100\u202f% Tinta de Toro. Id\u00e9al viandes rouges, plats \u00e9pic\u00e9s. Livraison rapide.","og_url":"https:\/\/demourshop.com\/en\/product\/finca-sobreno-reserva-toro-2014\/","og_site_name":"Demourshop","article_modified_time":"2025-10-20T14:06:21+00:00","og_image":[{"width":700,"height":700,"url":"http:\/\/demourshop.com\/wp-content\/uploads\/2025\/01\/FINCA-2-OMBRE-1.png","type":"image\/png"}],"twitter_card":"summary_large_image","twitter_misc":{"Estimated reading time":"2 minutes"},"schema":{"@context":"https:\/\/schema.org","@graph":[{"@type":"WebPage","@id":"https:\/\/demourshop.com\/produit\/finca-sobreno-reserva-toro-2014\/","url":"https:\/\/demourshop.com\/produit\/finca-sobreno-reserva-toro-2014\/","name":"Finca Sobreno reserva toro 2014 - Demourshop","isPartOf":{"@id":"https:\/\/demourshop.com\/#website"},"primaryImageOfPage":{"@id":"https:\/\/demourshop.com\/produit\/finca-sobreno-reserva-toro-2014\/#primaryimage"},"image":{"@id":"https:\/\/demourshop.com\/produit\/finca-sobreno-reserva-toro-2014\/#primaryimage"},"thumbnailUrl":"http:\/\/demourshop.com\/wp-content\/uploads\/2025\/01\/FINCA-2-OMBRE-1.png","datePublished":"2025-02-12T13:45:51+00:00","dateModified":"2025-10-20T14:06:21+00:00","description":"Finca Sobre\u00f1o Reserva Toro 2014 \u2013 Rouge espagnol intense et velout\u00e9 100\u202f% Tinta de Toro. Id\u00e9al viandes rouges, plats \u00e9pic\u00e9s. Livraison rapide.","breadcrumb":{"@id":"https:\/\/demourshop.com\/produit\/finca-sobreno-reserva-toro-2014\/#breadcrumb"},"inLanguage":"en-GB","potentialAction":[{"@type":"ReadAction","target":["https:\/\/demourshop.com\/produit\/finca-sobreno-reserva-toro-2014\/"]}]},{"@type":"ImageObject","inLanguage":"en-GB","@id":"https:\/\/demourshop.com\/produit\/finca-sobreno-reserva-toro-2014\/#primaryimage","url":"http:\/\/demourshop.com\/wp-content\/uploads\/2025\/01\/FINCA-2-OMBRE-1.png","contentUrl":"http:\/\/demourshop.com\/wp-content\/uploads\/2025\/01\/FINCA-2-OMBRE-1.png","width":700,"height":700,"caption":"Finca Sobre\u00f1o Reserva Toro 2014 \u2013 bouteille de vin rouge espagnol, Tinta de Toro profond et \u00e9l\u00e9gant."},{"@type":"BreadcrumbList","@id":"https:\/\/demourshop.com\/produit\/finca-sobreno-reserva-toro-2014\/#breadcrumb","itemListElement":[{"@type":"ListItem","position":1,"name":"Accueil","item":"https:\/\/demourshop.com\/"},{"@type":"ListItem","position":2,"name":"Boutique","item":"https:\/\/demourshop.com\/boutique\/"},{"@type":"ListItem","position":3,"name":"Finca Sobreno reserva toro 2014"}]},{"@type":"WebSite","@id":"https:\/\/demourshop.com\/#website","url":"https:\/\/demourshop.com\/","name":"Demourshop","description":"","publisher":{"@id":"https:\/\/demourshop.com\/#organization"},"potentialAction":[{"@type":"SearchAction","target":{"@type":"EntryPoint","urlTemplate":"https:\/\/demourshop.com\/?s={search_term_string}"},"query-input":{"@type":"PropertyValueSpecification","valueRequired":true,"valueName":"search_term_string"}}],"inLanguage":"en-GB"},{"@type":"Organization","@id":"https:\/\/demourshop.com\/#organization","name":"Demourshop","url":"https:\/\/demourshop.com\/","logo":{"@type":"ImageObject","inLanguage":"en-GB","@id":"https:\/\/demourshop.com\/#\/schema\/logo\/image\/","url":"http:\/\/demourshop.com\/wp-content\/uploads\/2023\/08\/logo-wine-2-1-1.png","contentUrl":"http:\/\/demourshop.com\/wp-content\/uploads\/2023\/08\/logo-wine-2-1-1.png","width":400,"height":145,"caption":"Demourshop"},"image":{"@id":"https:\/\/demourshop.com\/#\/schema\/logo\/image\/"}}]}},"_links":{"self":[{"href":"http:\/\/demourshop.com\/en\/wp-json\/wp\/v2\/product\/65153","targetHints":{"allow":["GET"]}}],"collection":[{"href":"http:\/\/demourshop.com\/en\/wp-json\/wp\/v2\/product"}],"about":[{"href":"http:\/\/demourshop.com\/en\/wp-json\/wp\/v2\/types\/product"}],"version-history":[{"count":8,"href":"http:\/\/demourshop.com\/en\/wp-json\/wp\/v2\/product\/65153\/revisions"}],"predecessor-version":[{"id":70719,"href":"http:\/\/demourshop.com\/en\/wp-json\/wp\/v2\/product\/65153\/revisions\/70719"}],"wp:featuredmedia":[{"embeddable":true,"href":"http:\/\/demourshop.com\/en\/wp-json\/wp\/v2\/media\/69844"}],"wp:attachment":[{"href":"http:\/\/demourshop.com\/en\/wp-json\/wp\/v2\/media?parent=65153"}],"wp:term":[{"taxonomy":"product_brand","embeddable":true,"href":"http:\/\/demourshop.com\/en\/wp-json\/wp\/v2\/product_brand?post=65153"},{"taxonomy":"product_cat","embeddable":true,"href":"http:\/\/demourshop.com\/en\/wp-json\/wp\/v2\/product_cat?post=65153"},{"taxonomy":"product_tag","embeddable":true,"href":"http:\/\/demourshop.com\/en\/wp-json\/wp\/v2\/product_tag?post=65153"}],"curies":[{"name":"wp","href":"https:\/\/api.w.org\/{rel}","templated":true}]}}