{"id":65149,"date":"2025-02-12T15:43:00","date_gmt":"2025-02-12T14:43:00","guid":{"rendered":"https:\/\/demourshop.com\/?post_type=product&#038;p=65149"},"modified":"2025-10-20T16:09:08","modified_gmt":"2025-10-20T14:09:08","slug":"finca-red-skull-2019","status":"publish","type":"product","link":"http:\/\/demourshop.com\/en\/product\/finca-red-skull-2019\/","title":{"rendered":"Finca red skull 2019"},"content":{"rendered":"<p>Servi entre 16 et 18\u202f\u00b0C, ce rouge espagnol est id\u00e9al pour les repas conviviaux, les soir\u00e9es barbecue ou les amateurs de sensations fortes. <strong>Finca Red Skull 2019<\/strong> peut se boire jeune pour sa fougue, ou patienter 3 \u00e0 5 ans en cave pour davantage de complexit\u00e9. Avec son identit\u00e9 visuelle percutante et son profil g\u00e9n\u00e9reux, il s\u00e9duit aussi bien les connaisseurs que les curieux. Une valeur s\u00fbre pour \u00e9tonner vos invit\u00e9s autour d\u2019un bon repas.<\/p>","protected":false},"excerpt":{"rendered":"<p><strong>Finca Red Skull 2019<\/strong> \u2013 Rouge espagnol audacieux et concentr\u00e9. Un vin moderne, expressif et intense, \u00e0 d\u00e9couvrir absolument !<\/p>","protected":false},"featured_media":69848,"template":"","meta":{"_acf_changed":false},"product_brand":[],"product_cat":[552,391,783,382,395,375,393],"product_tag":[],"class_list":{"0":"post-65149","1":"product","2":"type-product","3":"status-publish","4":"has-post-thumbnail","6":"product_cat-vin-par-couleur-en-ligne","7":"product_cat-vin-espagne-en-ligne","8":"product_cat-vin-jumilla-en-ligne","9":"product_cat-vin-par-pays-en-ligne","10":"product_cat-vin-agriculture-raisonnee","11":"product_cat-vin-rouge-en-ligne","12":"product_cat-vins-par-methode-de-vinification","13":"pa_appellations-jumilia","14":"pa_cepages-mourvedre","15":"pa_couleurs-rouge","16":"pa_formats-75cl","17":"pa_millesimes-177","18":"pa_pays-espagne","19":"pa_quantites-a-lunite","20":"pa_vinifications-raisonnee","22":"first","23":"instock","24":"taxable","25":"shipping-taxable","26":"purchasable","27":"product-type-simple"},"acf":[],"yoast_head":"<!-- This site is optimized with the Yoast SEO plugin v27.4 - https:\/\/yoast.com\/product\/yoast-seo-wordpress\/ -->\n<title>Finca red skull 2019 - Demourshop<\/title>\n<meta name=\"description\" content=\"Finca Red Skull 2019 \u2013 Vin rouge espagnol intense et moderne. Tempranillo, Syrah, \u00e9levage partiel en barriques. Id\u00e9al grillades et plats \u00e9pic\u00e9s.\" \/>\n<meta name=\"robots\" content=\"index, follow, max-snippet:-1, max-image-preview:large, max-video-preview:-1\" \/>\n<link rel=\"canonical\" href=\"http:\/\/demourshop.com\/en\/product\/finca-red-skull-2019\/\" \/>\n<meta property=\"og:locale\" content=\"en_GB\" \/>\n<meta property=\"og:type\" content=\"article\" \/>\n<meta property=\"og:title\" content=\"Finca red skull 2019 - Demourshop\" \/>\n<meta property=\"og:description\" content=\"Finca Red Skull 2019 \u2013 Vin rouge espagnol intense et moderne. Tempranillo, Syrah, \u00e9levage partiel en barriques. Id\u00e9al grillades et plats \u00e9pic\u00e9s.\" \/>\n<meta property=\"og:url\" content=\"http:\/\/demourshop.com\/en\/product\/finca-red-skull-2019\/\" \/>\n<meta property=\"og:site_name\" content=\"Demourshop\" \/>\n<meta property=\"article:modified_time\" content=\"2025-10-20T14:09:08+00:00\" \/>\n<meta property=\"og:image\" content=\"http:\/\/demourshop.com\/wp-content\/uploads\/2025\/02\/Red-skull.png\" \/>\n\t<meta property=\"og:image:width\" content=\"700\" \/>\n\t<meta property=\"og:image:height\" content=\"700\" \/>\n\t<meta property=\"og:image:type\" content=\"image\/png\" \/>\n<meta name=\"twitter:card\" content=\"summary_large_image\" \/>\n<meta name=\"twitter:label1\" content=\"Estimated reading time\" \/>\n\t<meta name=\"twitter:data1\" content=\"2 minutes\" \/>\n<script type=\"application\/ld+json\" class=\"yoast-schema-graph\">{\"@context\":\"https:\\\/\\\/schema.org\",\"@graph\":[{\"@type\":\"WebPage\",\"@id\":\"http:\\\/\\\/demourshop.com\\\/en\\\/product\\\/finca-red-skull-2019\\\/\",\"url\":\"http:\\\/\\\/demourshop.com\\\/en\\\/product\\\/finca-red-skull-2019\\\/\",\"name\":\"Finca red skull 2019 - Demourshop\",\"isPartOf\":{\"@id\":\"http:\\\/\\\/demourshop.com\\\/#website\"},\"primaryImageOfPage\":{\"@id\":\"http:\\\/\\\/demourshop.com\\\/en\\\/product\\\/finca-red-skull-2019\\\/#primaryimage\"},\"image\":{\"@id\":\"http:\\\/\\\/demourshop.com\\\/en\\\/product\\\/finca-red-skull-2019\\\/#primaryimage\"},\"thumbnailUrl\":\"http:\\\/\\\/demourshop.com\\\/wp-content\\\/uploads\\\/2025\\\/02\\\/Red-skull.png\",\"datePublished\":\"2025-02-12T14:43:00+00:00\",\"dateModified\":\"2025-10-20T14:09:08+00:00\",\"description\":\"Finca Red Skull 2019 \u2013 Vin rouge espagnol intense et moderne. Tempranillo, Syrah, \u00e9levage partiel en barriques. Id\u00e9al grillades et plats \u00e9pic\u00e9s.\",\"breadcrumb\":{\"@id\":\"http:\\\/\\\/demourshop.com\\\/en\\\/product\\\/finca-red-skull-2019\\\/#breadcrumb\"},\"inLanguage\":\"en-GB\",\"potentialAction\":[{\"@type\":\"ReadAction\",\"target\":[\"http:\\\/\\\/demourshop.com\\\/en\\\/product\\\/finca-red-skull-2019\\\/\"]}]},{\"@type\":\"ImageObject\",\"inLanguage\":\"en-GB\",\"@id\":\"http:\\\/\\\/demourshop.com\\\/en\\\/product\\\/finca-red-skull-2019\\\/#primaryimage\",\"url\":\"http:\\\/\\\/demourshop.com\\\/wp-content\\\/uploads\\\/2025\\\/02\\\/Red-skull.png\",\"contentUrl\":\"http:\\\/\\\/demourshop.com\\\/wp-content\\\/uploads\\\/2025\\\/02\\\/Red-skull.png\",\"width\":700,\"height\":700,\"caption\":\"Finca Red Skull 2019, un vin rouge intense et charpent\u00e9 de la r\u00e9gion de Jumilla, Espagne.\"},{\"@type\":\"BreadcrumbList\",\"@id\":\"http:\\\/\\\/demourshop.com\\\/en\\\/product\\\/finca-red-skull-2019\\\/#breadcrumb\",\"itemListElement\":[{\"@type\":\"ListItem\",\"position\":1,\"name\":\"Accueil\",\"item\":\"http:\\\/\\\/demourshop.com\\\/\"},{\"@type\":\"ListItem\",\"position\":2,\"name\":\"Boutique\",\"item\":\"https:\\\/\\\/demourshop.com\\\/boutique\\\/\"},{\"@type\":\"ListItem\",\"position\":3,\"name\":\"Finca red skull 2019\"}]},{\"@type\":\"WebSite\",\"@id\":\"http:\\\/\\\/demourshop.com\\\/#website\",\"url\":\"http:\\\/\\\/demourshop.com\\\/\",\"name\":\"Demourshop\",\"description\":\"\",\"publisher\":{\"@id\":\"http:\\\/\\\/demourshop.com\\\/#organization\"},\"potentialAction\":[{\"@type\":\"SearchAction\",\"target\":{\"@type\":\"EntryPoint\",\"urlTemplate\":\"http:\\\/\\\/demourshop.com\\\/?s={search_term_string}\"},\"query-input\":{\"@type\":\"PropertyValueSpecification\",\"valueRequired\":true,\"valueName\":\"search_term_string\"}}],\"inLanguage\":\"en-GB\"},{\"@type\":\"Organization\",\"@id\":\"http:\\\/\\\/demourshop.com\\\/#organization\",\"name\":\"Demourshop\",\"url\":\"http:\\\/\\\/demourshop.com\\\/\",\"logo\":{\"@type\":\"ImageObject\",\"inLanguage\":\"en-GB\",\"@id\":\"http:\\\/\\\/demourshop.com\\\/#\\\/schema\\\/logo\\\/image\\\/\",\"url\":\"http:\\\/\\\/demourshop.com\\\/wp-content\\\/uploads\\\/2023\\\/08\\\/logo-wine-2-1-1.png\",\"contentUrl\":\"http:\\\/\\\/demourshop.com\\\/wp-content\\\/uploads\\\/2023\\\/08\\\/logo-wine-2-1-1.png\",\"width\":400,\"height\":145,\"caption\":\"Demourshop\"},\"image\":{\"@id\":\"http:\\\/\\\/demourshop.com\\\/#\\\/schema\\\/logo\\\/image\\\/\"}}]}<\/script>\n<!-- \/ Yoast SEO plugin. -->","yoast_head_json":{"title":"Finca red skull 2019 - Demourshop","description":"Finca Red Skull 2019 \u2013 Vin rouge espagnol intense et moderne. Tempranillo, Syrah, \u00e9levage partiel en barriques. Id\u00e9al grillades et plats \u00e9pic\u00e9s.","robots":{"index":"index","follow":"follow","max-snippet":"max-snippet:-1","max-image-preview":"max-image-preview:large","max-video-preview":"max-video-preview:-1"},"canonical":"http:\/\/demourshop.com\/en\/product\/finca-red-skull-2019\/","og_locale":"en_GB","og_type":"article","og_title":"Finca red skull 2019 - Demourshop","og_description":"Finca Red Skull 2019 \u2013 Vin rouge espagnol intense et moderne. Tempranillo, Syrah, \u00e9levage partiel en barriques. Id\u00e9al grillades et plats \u00e9pic\u00e9s.","og_url":"http:\/\/demourshop.com\/en\/product\/finca-red-skull-2019\/","og_site_name":"Demourshop","article_modified_time":"2025-10-20T14:09:08+00:00","og_image":[{"width":700,"height":700,"url":"http:\/\/demourshop.com\/wp-content\/uploads\/2025\/02\/Red-skull.png","type":"image\/png"}],"twitter_card":"summary_large_image","twitter_misc":{"Estimated reading time":"2 minutes"},"schema":{"@context":"https:\/\/schema.org","@graph":[{"@type":"WebPage","@id":"http:\/\/demourshop.com\/en\/product\/finca-red-skull-2019\/","url":"http:\/\/demourshop.com\/en\/product\/finca-red-skull-2019\/","name":"Finca red skull 2019 - Demourshop","isPartOf":{"@id":"http:\/\/demourshop.com\/#website"},"primaryImageOfPage":{"@id":"http:\/\/demourshop.com\/en\/product\/finca-red-skull-2019\/#primaryimage"},"image":{"@id":"http:\/\/demourshop.com\/en\/product\/finca-red-skull-2019\/#primaryimage"},"thumbnailUrl":"http:\/\/demourshop.com\/wp-content\/uploads\/2025\/02\/Red-skull.png","datePublished":"2025-02-12T14:43:00+00:00","dateModified":"2025-10-20T14:09:08+00:00","description":"Finca Red Skull 2019 \u2013 Vin rouge espagnol intense et moderne. Tempranillo, Syrah, \u00e9levage partiel en barriques. Id\u00e9al grillades et plats \u00e9pic\u00e9s.","breadcrumb":{"@id":"http:\/\/demourshop.com\/en\/product\/finca-red-skull-2019\/#breadcrumb"},"inLanguage":"en-GB","potentialAction":[{"@type":"ReadAction","target":["http:\/\/demourshop.com\/en\/product\/finca-red-skull-2019\/"]}]},{"@type":"ImageObject","inLanguage":"en-GB","@id":"http:\/\/demourshop.com\/en\/product\/finca-red-skull-2019\/#primaryimage","url":"http:\/\/demourshop.com\/wp-content\/uploads\/2025\/02\/Red-skull.png","contentUrl":"http:\/\/demourshop.com\/wp-content\/uploads\/2025\/02\/Red-skull.png","width":700,"height":700,"caption":"Finca Red Skull 2019, un vin rouge intense et charpent\u00e9 de la r\u00e9gion de Jumilla, Espagne."},{"@type":"BreadcrumbList","@id":"http:\/\/demourshop.com\/en\/product\/finca-red-skull-2019\/#breadcrumb","itemListElement":[{"@type":"ListItem","position":1,"name":"Accueil","item":"http:\/\/demourshop.com\/"},{"@type":"ListItem","position":2,"name":"Boutique","item":"https:\/\/demourshop.com\/boutique\/"},{"@type":"ListItem","position":3,"name":"Finca red skull 2019"}]},{"@type":"WebSite","@id":"http:\/\/demourshop.com\/#website","url":"http:\/\/demourshop.com\/","name":"Demourshop","description":"","publisher":{"@id":"http:\/\/demourshop.com\/#organization"},"potentialAction":[{"@type":"SearchAction","target":{"@type":"EntryPoint","urlTemplate":"http:\/\/demourshop.com\/?s={search_term_string}"},"query-input":{"@type":"PropertyValueSpecification","valueRequired":true,"valueName":"search_term_string"}}],"inLanguage":"en-GB"},{"@type":"Organization","@id":"http:\/\/demourshop.com\/#organization","name":"Demourshop","url":"http:\/\/demourshop.com\/","logo":{"@type":"ImageObject","inLanguage":"en-GB","@id":"http:\/\/demourshop.com\/#\/schema\/logo\/image\/","url":"http:\/\/demourshop.com\/wp-content\/uploads\/2023\/08\/logo-wine-2-1-1.png","contentUrl":"http:\/\/demourshop.com\/wp-content\/uploads\/2023\/08\/logo-wine-2-1-1.png","width":400,"height":145,"caption":"Demourshop"},"image":{"@id":"http:\/\/demourshop.com\/#\/schema\/logo\/image\/"}}]}},"_links":{"self":[{"href":"http:\/\/demourshop.com\/en\/wp-json\/wp\/v2\/product\/65149","targetHints":{"allow":["GET"]}}],"collection":[{"href":"http:\/\/demourshop.com\/en\/wp-json\/wp\/v2\/product"}],"about":[{"href":"http:\/\/demourshop.com\/en\/wp-json\/wp\/v2\/types\/product"}],"version-history":[{"count":8,"href":"http:\/\/demourshop.com\/en\/wp-json\/wp\/v2\/product\/65149\/revisions"}],"predecessor-version":[{"id":70722,"href":"http:\/\/demourshop.com\/en\/wp-json\/wp\/v2\/product\/65149\/revisions\/70722"}],"wp:featuredmedia":[{"embeddable":true,"href":"http:\/\/demourshop.com\/en\/wp-json\/wp\/v2\/media\/69848"}],"wp:attachment":[{"href":"http:\/\/demourshop.com\/en\/wp-json\/wp\/v2\/media?parent=65149"}],"wp:term":[{"taxonomy":"product_brand","embeddable":true,"href":"http:\/\/demourshop.com\/en\/wp-json\/wp\/v2\/product_brand?post=65149"},{"taxonomy":"product_cat","embeddable":true,"href":"http:\/\/demourshop.com\/en\/wp-json\/wp\/v2\/product_cat?post=65149"},{"taxonomy":"product_tag","embeddable":true,"href":"http:\/\/demourshop.com\/en\/wp-json\/wp\/v2\/product_tag?post=65149"}],"curies":[{"name":"wp","href":"https:\/\/api.w.org\/{rel}","templated":true}]}}