{"id":65147,"date":"2024-10-23T12:43:10","date_gmt":"2024-10-23T10:43:10","guid":{"rendered":"https:\/\/demourshop.com\/?post_type=product&#038;p=65147"},"modified":"2025-10-20T16:07:27","modified_gmt":"2025-10-20T14:07:27","slug":"aleno-joven-2015","status":"publish","type":"product","link":"http:\/\/demourshop.com\/en\/product\/aleno-joven-2015\/","title":{"rendered":"Aleno Joven 2015"},"content":{"rendered":"<p><strong>Aleno Joven<\/strong> est un vin rouge espagnol produit dans la r\u00e9gion de <strong>Castilla y Le\u00f3n<\/strong>, au c\u0153ur du plateau ib\u00e9rique. Ce vin est \u00e9labor\u00e9 par La Legua, domaine familial situ\u00e9 pr\u00e8s de Valladolid. Les vignes sont plant\u00e9es \u00e0 environ 750 m\u00e8tres d\u2019altitude sur des sols alluviaux m\u00ealant galets, argiles et calcaires, conf\u00e9rant au vin fra\u00eecheur et \u00e9quilibre. Avec un rendement ma\u00eetris\u00e9 autour de 5 000 kg\/ha, le domaine met l\u2019accent sur une production raisonn\u00e9e et authentique. Cette cuv\u00e9e \u00ab\u00a0joven\u00a0\u00bb (jeune) est vinifi\u00e9e pour exprimer le fruit pur du c\u00e9page Tempranillo, sans \u00e9levage sous bois, dans un style accessible et gourmand.<\/p>","protected":false},"excerpt":{"rendered":"<p><strong>Aleno Joven 2015<\/strong> \u2013 100\u202f% Tempranillo. Vin espagnol souple, fruit\u00e9 et gourmand. \u00c0 boire jeune pour un plaisir imm\u00e9diat \u00e0 petit prix.<\/p>","protected":false},"featured_media":66899,"template":"","meta":{"_acf_changed":false},"product_brand":[],"product_cat":[378,507,598,552,391,382,395,418,375,393],"product_tag":[],"class_list":{"0":"post-65147","1":"product","2":"type-product","3":"status-publish","4":"has-post-thumbnail","6":"product_cat-appellations-vin-en-ligne","7":"product_cat-cepages-vin-en-ligne","8":"product_cat-vin-cigales-en-ligne","9":"product_cat-vin-par-couleur-en-ligne","10":"product_cat-vin-espagne-en-ligne","11":"product_cat-vin-par-pays-en-ligne","12":"product_cat-vin-agriculture-raisonnee","13":"product_cat-tempranillo-en-ligne","14":"product_cat-vin-rouge-en-ligne","15":"product_cat-vins-par-methode-de-vinification","16":"pa_appellations-cigales","17":"pa_cepages-tempranillo","18":"pa_couleurs-rouge","19":"pa_formats-75cl","20":"pa_millesimes-181","21":"pa_pays-espagne","22":"pa_quantites-a-lunite","23":"pa_quantites-carton-de-3-bouteilles","24":"pa_quantites-carton-de-6-bouteilles","25":"pa_vinifications-raisonnee","27":"first","28":"instock","29":"taxable","30":"shipping-taxable","31":"purchasable","32":"product-type-simple"},"acf":[],"yoast_head":"<!-- This site is optimized with the Yoast SEO plugin v27.4 - https:\/\/yoast.com\/product\/yoast-seo-wordpress\/ -->\n<title>Aleno Joven 2015 - Demourshop<\/title>\n<meta name=\"description\" content=\"Aleno Joven 2015 \u2013 Vin espagnol 100 % Tempranillo, souple, fruit\u00e9 et facile \u00e0 boire. Id\u00e9al pour tapas et grillades. Livraison rapide \u2013 prix propri\u00e9t\u00e9.\" \/>\n<meta name=\"robots\" content=\"index, follow, max-snippet:-1, max-image-preview:large, max-video-preview:-1\" \/>\n<link rel=\"canonical\" href=\"https:\/\/demourshop.com\/en\/product\/aleno-joven-2015\/\" \/>\n<meta property=\"og:locale\" content=\"en_GB\" \/>\n<meta property=\"og:type\" content=\"article\" \/>\n<meta property=\"og:title\" content=\"Aleno Joven 2015 - Demourshop\" \/>\n<meta property=\"og:description\" content=\"Aleno Joven 2015 \u2013 Vin espagnol 100 % Tempranillo, souple, fruit\u00e9 et facile \u00e0 boire. Id\u00e9al pour tapas et grillades. Livraison rapide \u2013 prix propri\u00e9t\u00e9.\" \/>\n<meta property=\"og:url\" content=\"https:\/\/demourshop.com\/en\/product\/aleno-joven-2015\/\" \/>\n<meta property=\"og:site_name\" content=\"Demourshop\" \/>\n<meta property=\"article:modified_time\" content=\"2025-10-20T14:07:27+00:00\" \/>\n<meta property=\"og:image\" content=\"https:\/\/demourshop.com\/wp-content\/uploads\/2024\/10\/Aleno-Joven-2015-1.png\" \/>\n\t<meta property=\"og:image:width\" content=\"700\" \/>\n\t<meta property=\"og:image:height\" content=\"700\" \/>\n\t<meta property=\"og:image:type\" content=\"image\/png\" \/>\n<meta name=\"twitter:card\" content=\"summary_large_image\" \/>\n<meta name=\"twitter:label1\" content=\"Estimated reading time\" \/>\n\t<meta name=\"twitter:data1\" content=\"3 minutes\" \/>\n<script type=\"application\/ld+json\" class=\"yoast-schema-graph\">{\"@context\":\"https:\\\/\\\/schema.org\",\"@graph\":[{\"@type\":\"WebPage\",\"@id\":\"https:\\\/\\\/demourshop.com\\\/produit\\\/aleno-joven-2015\\\/\",\"url\":\"https:\\\/\\\/demourshop.com\\\/produit\\\/aleno-joven-2015\\\/\",\"name\":\"Aleno Joven 2015 - Demourshop\",\"isPartOf\":{\"@id\":\"https:\\\/\\\/demourshop.com\\\/#website\"},\"primaryImageOfPage\":{\"@id\":\"https:\\\/\\\/demourshop.com\\\/produit\\\/aleno-joven-2015\\\/#primaryimage\"},\"image\":{\"@id\":\"https:\\\/\\\/demourshop.com\\\/produit\\\/aleno-joven-2015\\\/#primaryimage\"},\"thumbnailUrl\":\"http:\\\/\\\/demourshop.com\\\/wp-content\\\/uploads\\\/2024\\\/10\\\/Aleno-Joven-2015-1.png\",\"datePublished\":\"2024-10-23T10:43:10+00:00\",\"dateModified\":\"2025-10-20T14:07:27+00:00\",\"description\":\"Aleno Joven 2015 \u2013 Vin espagnol 100 % Tempranillo, souple, fruit\u00e9 et facile \u00e0 boire. Id\u00e9al pour tapas et grillades. Livraison rapide \u2013 prix propri\u00e9t\u00e9.\",\"breadcrumb\":{\"@id\":\"https:\\\/\\\/demourshop.com\\\/produit\\\/aleno-joven-2015\\\/#breadcrumb\"},\"inLanguage\":\"en-GB\",\"potentialAction\":[{\"@type\":\"ReadAction\",\"target\":[\"https:\\\/\\\/demourshop.com\\\/produit\\\/aleno-joven-2015\\\/\"]}]},{\"@type\":\"ImageObject\",\"inLanguage\":\"en-GB\",\"@id\":\"https:\\\/\\\/demourshop.com\\\/produit\\\/aleno-joven-2015\\\/#primaryimage\",\"url\":\"http:\\\/\\\/demourshop.com\\\/wp-content\\\/uploads\\\/2024\\\/10\\\/Aleno-Joven-2015-1.png\",\"contentUrl\":\"http:\\\/\\\/demourshop.com\\\/wp-content\\\/uploads\\\/2024\\\/10\\\/Aleno-Joven-2015-1.png\",\"width\":700,\"height\":700},{\"@type\":\"BreadcrumbList\",\"@id\":\"https:\\\/\\\/demourshop.com\\\/produit\\\/aleno-joven-2015\\\/#breadcrumb\",\"itemListElement\":[{\"@type\":\"ListItem\",\"position\":1,\"name\":\"Accueil\",\"item\":\"https:\\\/\\\/demourshop.com\\\/\"},{\"@type\":\"ListItem\",\"position\":2,\"name\":\"Boutique\",\"item\":\"https:\\\/\\\/demourshop.com\\\/boutique\\\/\"},{\"@type\":\"ListItem\",\"position\":3,\"name\":\"Aleno Joven 2015\"}]},{\"@type\":\"WebSite\",\"@id\":\"https:\\\/\\\/demourshop.com\\\/#website\",\"url\":\"https:\\\/\\\/demourshop.com\\\/\",\"name\":\"Demourshop\",\"description\":\"\",\"publisher\":{\"@id\":\"https:\\\/\\\/demourshop.com\\\/#organization\"},\"potentialAction\":[{\"@type\":\"SearchAction\",\"target\":{\"@type\":\"EntryPoint\",\"urlTemplate\":\"https:\\\/\\\/demourshop.com\\\/?s={search_term_string}\"},\"query-input\":{\"@type\":\"PropertyValueSpecification\",\"valueRequired\":true,\"valueName\":\"search_term_string\"}}],\"inLanguage\":\"en-GB\"},{\"@type\":\"Organization\",\"@id\":\"https:\\\/\\\/demourshop.com\\\/#organization\",\"name\":\"Demourshop\",\"url\":\"https:\\\/\\\/demourshop.com\\\/\",\"logo\":{\"@type\":\"ImageObject\",\"inLanguage\":\"en-GB\",\"@id\":\"https:\\\/\\\/demourshop.com\\\/#\\\/schema\\\/logo\\\/image\\\/\",\"url\":\"http:\\\/\\\/demourshop.com\\\/wp-content\\\/uploads\\\/2023\\\/08\\\/logo-wine-2-1-1.png\",\"contentUrl\":\"http:\\\/\\\/demourshop.com\\\/wp-content\\\/uploads\\\/2023\\\/08\\\/logo-wine-2-1-1.png\",\"width\":400,\"height\":145,\"caption\":\"Demourshop\"},\"image\":{\"@id\":\"https:\\\/\\\/demourshop.com\\\/#\\\/schema\\\/logo\\\/image\\\/\"}}]}<\/script>\n<!-- \/ Yoast SEO plugin. -->","yoast_head_json":{"title":"Aleno Joven 2015 - Demourshop","description":"Aleno Joven 2015 \u2013 Vin espagnol 100 % Tempranillo, souple, fruit\u00e9 et facile \u00e0 boire. Id\u00e9al pour tapas et grillades. Livraison rapide \u2013 prix propri\u00e9t\u00e9.","robots":{"index":"index","follow":"follow","max-snippet":"max-snippet:-1","max-image-preview":"max-image-preview:large","max-video-preview":"max-video-preview:-1"},"canonical":"https:\/\/demourshop.com\/en\/product\/aleno-joven-2015\/","og_locale":"en_GB","og_type":"article","og_title":"Aleno Joven 2015 - Demourshop","og_description":"Aleno Joven 2015 \u2013 Vin espagnol 100 % Tempranillo, souple, fruit\u00e9 et facile \u00e0 boire. Id\u00e9al pour tapas et grillades. Livraison rapide \u2013 prix propri\u00e9t\u00e9.","og_url":"https:\/\/demourshop.com\/en\/product\/aleno-joven-2015\/","og_site_name":"Demourshop","article_modified_time":"2025-10-20T14:07:27+00:00","og_image":[{"width":700,"height":700,"url":"https:\/\/demourshop.com\/wp-content\/uploads\/2024\/10\/Aleno-Joven-2015-1.png","type":"image\/png"}],"twitter_card":"summary_large_image","twitter_misc":{"Estimated reading time":"3 minutes"},"schema":{"@context":"https:\/\/schema.org","@graph":[{"@type":"WebPage","@id":"https:\/\/demourshop.com\/produit\/aleno-joven-2015\/","url":"https:\/\/demourshop.com\/produit\/aleno-joven-2015\/","name":"Aleno Joven 2015 - Demourshop","isPartOf":{"@id":"https:\/\/demourshop.com\/#website"},"primaryImageOfPage":{"@id":"https:\/\/demourshop.com\/produit\/aleno-joven-2015\/#primaryimage"},"image":{"@id":"https:\/\/demourshop.com\/produit\/aleno-joven-2015\/#primaryimage"},"thumbnailUrl":"http:\/\/demourshop.com\/wp-content\/uploads\/2024\/10\/Aleno-Joven-2015-1.png","datePublished":"2024-10-23T10:43:10+00:00","dateModified":"2025-10-20T14:07:27+00:00","description":"Aleno Joven 2015 \u2013 Vin espagnol 100 % Tempranillo, souple, fruit\u00e9 et facile \u00e0 boire. Id\u00e9al pour tapas et grillades. Livraison rapide \u2013 prix propri\u00e9t\u00e9.","breadcrumb":{"@id":"https:\/\/demourshop.com\/produit\/aleno-joven-2015\/#breadcrumb"},"inLanguage":"en-GB","potentialAction":[{"@type":"ReadAction","target":["https:\/\/demourshop.com\/produit\/aleno-joven-2015\/"]}]},{"@type":"ImageObject","inLanguage":"en-GB","@id":"https:\/\/demourshop.com\/produit\/aleno-joven-2015\/#primaryimage","url":"http:\/\/demourshop.com\/wp-content\/uploads\/2024\/10\/Aleno-Joven-2015-1.png","contentUrl":"http:\/\/demourshop.com\/wp-content\/uploads\/2024\/10\/Aleno-Joven-2015-1.png","width":700,"height":700},{"@type":"BreadcrumbList","@id":"https:\/\/demourshop.com\/produit\/aleno-joven-2015\/#breadcrumb","itemListElement":[{"@type":"ListItem","position":1,"name":"Accueil","item":"https:\/\/demourshop.com\/"},{"@type":"ListItem","position":2,"name":"Boutique","item":"https:\/\/demourshop.com\/boutique\/"},{"@type":"ListItem","position":3,"name":"Aleno Joven 2015"}]},{"@type":"WebSite","@id":"https:\/\/demourshop.com\/#website","url":"https:\/\/demourshop.com\/","name":"Demourshop","description":"","publisher":{"@id":"https:\/\/demourshop.com\/#organization"},"potentialAction":[{"@type":"SearchAction","target":{"@type":"EntryPoint","urlTemplate":"https:\/\/demourshop.com\/?s={search_term_string}"},"query-input":{"@type":"PropertyValueSpecification","valueRequired":true,"valueName":"search_term_string"}}],"inLanguage":"en-GB"},{"@type":"Organization","@id":"https:\/\/demourshop.com\/#organization","name":"Demourshop","url":"https:\/\/demourshop.com\/","logo":{"@type":"ImageObject","inLanguage":"en-GB","@id":"https:\/\/demourshop.com\/#\/schema\/logo\/image\/","url":"http:\/\/demourshop.com\/wp-content\/uploads\/2023\/08\/logo-wine-2-1-1.png","contentUrl":"http:\/\/demourshop.com\/wp-content\/uploads\/2023\/08\/logo-wine-2-1-1.png","width":400,"height":145,"caption":"Demourshop"},"image":{"@id":"https:\/\/demourshop.com\/#\/schema\/logo\/image\/"}}]}},"_links":{"self":[{"href":"http:\/\/demourshop.com\/en\/wp-json\/wp\/v2\/product\/65147","targetHints":{"allow":["GET"]}}],"collection":[{"href":"http:\/\/demourshop.com\/en\/wp-json\/wp\/v2\/product"}],"about":[{"href":"http:\/\/demourshop.com\/en\/wp-json\/wp\/v2\/types\/product"}],"version-history":[{"count":11,"href":"http:\/\/demourshop.com\/en\/wp-json\/wp\/v2\/product\/65147\/revisions"}],"predecessor-version":[{"id":70717,"href":"http:\/\/demourshop.com\/en\/wp-json\/wp\/v2\/product\/65147\/revisions\/70717"}],"wp:featuredmedia":[{"embeddable":true,"href":"http:\/\/demourshop.com\/en\/wp-json\/wp\/v2\/media\/66899"}],"wp:attachment":[{"href":"http:\/\/demourshop.com\/en\/wp-json\/wp\/v2\/media?parent=65147"}],"wp:term":[{"taxonomy":"product_brand","embeddable":true,"href":"http:\/\/demourshop.com\/en\/wp-json\/wp\/v2\/product_brand?post=65147"},{"taxonomy":"product_cat","embeddable":true,"href":"http:\/\/demourshop.com\/en\/wp-json\/wp\/v2\/product_cat?post=65147"},{"taxonomy":"product_tag","embeddable":true,"href":"http:\/\/demourshop.com\/en\/wp-json\/wp\/v2\/product_tag?post=65147"}],"curies":[{"name":"wp","href":"https:\/\/api.w.org\/{rel}","templated":true}]}}