{"id":65145,"date":"2024-11-25T14:23:17","date_gmt":"2024-11-25T13:23:17","guid":{"rendered":"https:\/\/demourshop.com\/?post_type=product&#038;p=65145"},"modified":"2025-05-16T15:05:15","modified_gmt":"2025-05-16T13:05:15","slug":"domaine-du-monteillet-fortis-2016","status":"publish","type":"product","link":"http:\/\/demourshop.com\/en\/product\/domaine-du-monteillet-fortis-2016\/","title":{"rendered":"Fortis Montez 2016 \u2013 C\u00f4te-R\u00f4tie par St\u00e9phane Montez"},"content":{"rendered":"<p>\u00c0 servir entre 16 et 18\u00b0C apr\u00e8s une a\u00e9ration d&rsquo;une heure en carafe. Ce vin s&rsquo;accorde parfaitement avec des viandes rouges grill\u00e9es, du gibier ou des plats en sauce. Il peut \u00eatre d\u00e9gust\u00e9 d\u00e8s maintenant ou conserv\u00e9 en cave pendant 10 \u00e0 15 ans pour d\u00e9velopper toute sa complexit\u00e9. Un grand vin de la Vall\u00e9e du Rh\u00f4ne, \u00e0 la fois puissant et raffin\u00e9.<\/p>","protected":false},"excerpt":{"rendered":"<p><strong>C\u00f4te-R\u00f4tie Fortis 2016<\/strong> \u2013 Un vin rouge puissant et \u00e9l\u00e9gant de St\u00e9phane Montez. Syrah expressive et raffin\u00e9e. Livraison rapide \u2013 prix domaine.<\/p>","protected":false},"featured_media":69328,"template":"","meta":{"_acf_changed":false},"product_brand":[],"product_cat":[378,507,434,552,383,382,395,417,375,393,407],"product_tag":[],"class_list":{"0":"post-65145","1":"product","2":"type-product","3":"status-publish","4":"has-post-thumbnail","6":"product_cat-appellations-vin-en-ligne","7":"product_cat-cepages-vin-en-ligne","8":"product_cat-cote-rotie-en-ligne","9":"product_cat-vin-par-couleur-en-ligne","10":"product_cat-vin-de-france-en-ligne","11":"product_cat-vin-par-pays-en-ligne","12":"product_cat-vin-agriculture-raisonnee","13":"product_cat-syrah-en-ligne","14":"product_cat-vin-rouge-en-ligne","15":"product_cat-vins-par-methode-de-vinification","16":"product_cat-viognier-en-ligne","17":"pa_appellations-cote-rotie","18":"pa_cepages-syrah","19":"pa_cepages-viognier","20":"pa_couleurs-rouge","21":"pa_formats-75cl","22":"pa_millesimes-180","23":"pa_pays-france","24":"pa_quantites-a-lunite","25":"pa_quantites-carton-de-3-bouteilles","26":"pa_quantites-carton-de-6-bouteilles","27":"pa_vinifications-raisonnee","29":"first","30":"instock","31":"taxable","32":"shipping-taxable","33":"purchasable","34":"product-type-simple"},"acf":[],"yoast_head":"<!-- This site is optimized with the Yoast SEO plugin v27.4 - https:\/\/yoast.com\/product\/yoast-seo-wordpress\/ -->\n<title>Fortis Montez 2016 \u2013 C\u00f4te-R\u00f4tie par St\u00e9phane Montez - Demourshop<\/title>\n<meta name=\"description\" content=\"C\u00f4te-R\u00f4tie Fortis 2016 \u2013 Un vin rouge puissant et \u00e9l\u00e9gant de St\u00e9phane Montez. Syrah expressive et raffin\u00e9e. Livraison rapide \u2013 prix domaine.\" \/>\n<meta name=\"robots\" content=\"index, follow, max-snippet:-1, max-image-preview:large, max-video-preview:-1\" \/>\n<link rel=\"canonical\" href=\"https:\/\/demourshop.com\/en\/product\/domaine-du-monteillet-fortis-2016\/\" \/>\n<meta property=\"og:locale\" content=\"en_GB\" \/>\n<meta property=\"og:type\" content=\"article\" \/>\n<meta property=\"og:title\" content=\"Fortis Montez 2016 \u2013 C\u00f4te-R\u00f4tie par St\u00e9phane Montez - Demourshop\" \/>\n<meta property=\"og:description\" content=\"C\u00f4te-R\u00f4tie Fortis 2016 \u2013 Un vin rouge puissant et \u00e9l\u00e9gant de St\u00e9phane Montez. Syrah expressive et raffin\u00e9e. Livraison rapide \u2013 prix domaine.\" \/>\n<meta property=\"og:url\" content=\"https:\/\/demourshop.com\/en\/product\/domaine-du-monteillet-fortis-2016\/\" \/>\n<meta property=\"og:site_name\" content=\"Demourshop\" \/>\n<meta property=\"article:modified_time\" content=\"2025-05-16T13:05:15+00:00\" \/>\n<meta property=\"og:image\" content=\"https:\/\/demourshop.com\/wp-content\/uploads\/2024\/11\/Fortis.png\" \/>\n\t<meta property=\"og:image:width\" content=\"700\" \/>\n\t<meta property=\"og:image:height\" content=\"700\" \/>\n\t<meta property=\"og:image:type\" content=\"image\/png\" \/>\n<meta name=\"twitter:card\" content=\"summary_large_image\" \/>\n<meta name=\"twitter:label1\" content=\"Estimated reading time\" \/>\n\t<meta name=\"twitter:data1\" content=\"2 minutes\" \/>\n<script type=\"application\/ld+json\" class=\"yoast-schema-graph\">{\"@context\":\"https:\\\/\\\/schema.org\",\"@graph\":[{\"@type\":\"WebPage\",\"@id\":\"https:\\\/\\\/demourshop.com\\\/produit\\\/domaine-du-monteillet-fortis-2016\\\/\",\"url\":\"https:\\\/\\\/demourshop.com\\\/produit\\\/domaine-du-monteillet-fortis-2016\\\/\",\"name\":\"Fortis Montez 2016 \u2013 C\u00f4te-R\u00f4tie par St\u00e9phane Montez - Demourshop\",\"isPartOf\":{\"@id\":\"https:\\\/\\\/demourshop.com\\\/#website\"},\"primaryImageOfPage\":{\"@id\":\"https:\\\/\\\/demourshop.com\\\/produit\\\/domaine-du-monteillet-fortis-2016\\\/#primaryimage\"},\"image\":{\"@id\":\"https:\\\/\\\/demourshop.com\\\/produit\\\/domaine-du-monteillet-fortis-2016\\\/#primaryimage\"},\"thumbnailUrl\":\"http:\\\/\\\/demourshop.com\\\/wp-content\\\/uploads\\\/2024\\\/11\\\/Fortis.png\",\"datePublished\":\"2024-11-25T13:23:17+00:00\",\"dateModified\":\"2025-05-16T13:05:15+00:00\",\"description\":\"C\u00f4te-R\u00f4tie Fortis 2016 \u2013 Un vin rouge puissant et \u00e9l\u00e9gant de St\u00e9phane Montez. Syrah expressive et raffin\u00e9e. Livraison rapide \u2013 prix domaine.\",\"breadcrumb\":{\"@id\":\"https:\\\/\\\/demourshop.com\\\/produit\\\/domaine-du-monteillet-fortis-2016\\\/#breadcrumb\"},\"inLanguage\":\"en-GB\",\"potentialAction\":[{\"@type\":\"ReadAction\",\"target\":[\"https:\\\/\\\/demourshop.com\\\/produit\\\/domaine-du-monteillet-fortis-2016\\\/\"]}]},{\"@type\":\"ImageObject\",\"inLanguage\":\"en-GB\",\"@id\":\"https:\\\/\\\/demourshop.com\\\/produit\\\/domaine-du-monteillet-fortis-2016\\\/#primaryimage\",\"url\":\"http:\\\/\\\/demourshop.com\\\/wp-content\\\/uploads\\\/2024\\\/11\\\/Fortis.png\",\"contentUrl\":\"http:\\\/\\\/demourshop.com\\\/wp-content\\\/uploads\\\/2024\\\/11\\\/Fortis.png\",\"width\":700,\"height\":700,\"caption\":\"Domaine du Monteillet C\u00f4te-R\u00f4tie Fortis 2016 vin rouge\"},{\"@type\":\"BreadcrumbList\",\"@id\":\"https:\\\/\\\/demourshop.com\\\/produit\\\/domaine-du-monteillet-fortis-2016\\\/#breadcrumb\",\"itemListElement\":[{\"@type\":\"ListItem\",\"position\":1,\"name\":\"Accueil\",\"item\":\"https:\\\/\\\/demourshop.com\\\/\"},{\"@type\":\"ListItem\",\"position\":2,\"name\":\"Boutique\",\"item\":\"https:\\\/\\\/demourshop.com\\\/boutique\\\/\"},{\"@type\":\"ListItem\",\"position\":3,\"name\":\"Fortis Montez 2016 \u2013 C\u00f4te-R\u00f4tie par St\u00e9phane Montez\"}]},{\"@type\":\"WebSite\",\"@id\":\"https:\\\/\\\/demourshop.com\\\/#website\",\"url\":\"https:\\\/\\\/demourshop.com\\\/\",\"name\":\"Demourshop\",\"description\":\"\",\"publisher\":{\"@id\":\"https:\\\/\\\/demourshop.com\\\/#organization\"},\"potentialAction\":[{\"@type\":\"SearchAction\",\"target\":{\"@type\":\"EntryPoint\",\"urlTemplate\":\"https:\\\/\\\/demourshop.com\\\/?s={search_term_string}\"},\"query-input\":{\"@type\":\"PropertyValueSpecification\",\"valueRequired\":true,\"valueName\":\"search_term_string\"}}],\"inLanguage\":\"en-GB\"},{\"@type\":\"Organization\",\"@id\":\"https:\\\/\\\/demourshop.com\\\/#organization\",\"name\":\"Demourshop\",\"url\":\"https:\\\/\\\/demourshop.com\\\/\",\"logo\":{\"@type\":\"ImageObject\",\"inLanguage\":\"en-GB\",\"@id\":\"https:\\\/\\\/demourshop.com\\\/#\\\/schema\\\/logo\\\/image\\\/\",\"url\":\"http:\\\/\\\/demourshop.com\\\/wp-content\\\/uploads\\\/2023\\\/08\\\/logo-wine-2-1-1.png\",\"contentUrl\":\"http:\\\/\\\/demourshop.com\\\/wp-content\\\/uploads\\\/2023\\\/08\\\/logo-wine-2-1-1.png\",\"width\":400,\"height\":145,\"caption\":\"Demourshop\"},\"image\":{\"@id\":\"https:\\\/\\\/demourshop.com\\\/#\\\/schema\\\/logo\\\/image\\\/\"}}]}<\/script>\n<!-- \/ Yoast SEO plugin. -->","yoast_head_json":{"title":"Fortis Montez 2016 \u2013 C\u00f4te-R\u00f4tie par St\u00e9phane Montez - Demourshop","description":"C\u00f4te-R\u00f4tie Fortis 2016 \u2013 Un vin rouge puissant et \u00e9l\u00e9gant de St\u00e9phane Montez. Syrah expressive et raffin\u00e9e. Livraison rapide \u2013 prix domaine.","robots":{"index":"index","follow":"follow","max-snippet":"max-snippet:-1","max-image-preview":"max-image-preview:large","max-video-preview":"max-video-preview:-1"},"canonical":"https:\/\/demourshop.com\/en\/product\/domaine-du-monteillet-fortis-2016\/","og_locale":"en_GB","og_type":"article","og_title":"Fortis Montez 2016 \u2013 C\u00f4te-R\u00f4tie par St\u00e9phane Montez - Demourshop","og_description":"C\u00f4te-R\u00f4tie Fortis 2016 \u2013 Un vin rouge puissant et \u00e9l\u00e9gant de St\u00e9phane Montez. Syrah expressive et raffin\u00e9e. Livraison rapide \u2013 prix domaine.","og_url":"https:\/\/demourshop.com\/en\/product\/domaine-du-monteillet-fortis-2016\/","og_site_name":"Demourshop","article_modified_time":"2025-05-16T13:05:15+00:00","og_image":[{"width":700,"height":700,"url":"https:\/\/demourshop.com\/wp-content\/uploads\/2024\/11\/Fortis.png","type":"image\/png"}],"twitter_card":"summary_large_image","twitter_misc":{"Estimated reading time":"2 minutes"},"schema":{"@context":"https:\/\/schema.org","@graph":[{"@type":"WebPage","@id":"https:\/\/demourshop.com\/produit\/domaine-du-monteillet-fortis-2016\/","url":"https:\/\/demourshop.com\/produit\/domaine-du-monteillet-fortis-2016\/","name":"Fortis Montez 2016 \u2013 C\u00f4te-R\u00f4tie par St\u00e9phane Montez - Demourshop","isPartOf":{"@id":"https:\/\/demourshop.com\/#website"},"primaryImageOfPage":{"@id":"https:\/\/demourshop.com\/produit\/domaine-du-monteillet-fortis-2016\/#primaryimage"},"image":{"@id":"https:\/\/demourshop.com\/produit\/domaine-du-monteillet-fortis-2016\/#primaryimage"},"thumbnailUrl":"http:\/\/demourshop.com\/wp-content\/uploads\/2024\/11\/Fortis.png","datePublished":"2024-11-25T13:23:17+00:00","dateModified":"2025-05-16T13:05:15+00:00","description":"C\u00f4te-R\u00f4tie Fortis 2016 \u2013 Un vin rouge puissant et \u00e9l\u00e9gant de St\u00e9phane Montez. Syrah expressive et raffin\u00e9e. Livraison rapide \u2013 prix domaine.","breadcrumb":{"@id":"https:\/\/demourshop.com\/produit\/domaine-du-monteillet-fortis-2016\/#breadcrumb"},"inLanguage":"en-GB","potentialAction":[{"@type":"ReadAction","target":["https:\/\/demourshop.com\/produit\/domaine-du-monteillet-fortis-2016\/"]}]},{"@type":"ImageObject","inLanguage":"en-GB","@id":"https:\/\/demourshop.com\/produit\/domaine-du-monteillet-fortis-2016\/#primaryimage","url":"http:\/\/demourshop.com\/wp-content\/uploads\/2024\/11\/Fortis.png","contentUrl":"http:\/\/demourshop.com\/wp-content\/uploads\/2024\/11\/Fortis.png","width":700,"height":700,"caption":"Domaine du Monteillet C\u00f4te-R\u00f4tie Fortis 2016 vin rouge"},{"@type":"BreadcrumbList","@id":"https:\/\/demourshop.com\/produit\/domaine-du-monteillet-fortis-2016\/#breadcrumb","itemListElement":[{"@type":"ListItem","position":1,"name":"Accueil","item":"https:\/\/demourshop.com\/"},{"@type":"ListItem","position":2,"name":"Boutique","item":"https:\/\/demourshop.com\/boutique\/"},{"@type":"ListItem","position":3,"name":"Fortis Montez 2016 \u2013 C\u00f4te-R\u00f4tie par St\u00e9phane Montez"}]},{"@type":"WebSite","@id":"https:\/\/demourshop.com\/#website","url":"https:\/\/demourshop.com\/","name":"Demourshop","description":"","publisher":{"@id":"https:\/\/demourshop.com\/#organization"},"potentialAction":[{"@type":"SearchAction","target":{"@type":"EntryPoint","urlTemplate":"https:\/\/demourshop.com\/?s={search_term_string}"},"query-input":{"@type":"PropertyValueSpecification","valueRequired":true,"valueName":"search_term_string"}}],"inLanguage":"en-GB"},{"@type":"Organization","@id":"https:\/\/demourshop.com\/#organization","name":"Demourshop","url":"https:\/\/demourshop.com\/","logo":{"@type":"ImageObject","inLanguage":"en-GB","@id":"https:\/\/demourshop.com\/#\/schema\/logo\/image\/","url":"http:\/\/demourshop.com\/wp-content\/uploads\/2023\/08\/logo-wine-2-1-1.png","contentUrl":"http:\/\/demourshop.com\/wp-content\/uploads\/2023\/08\/logo-wine-2-1-1.png","width":400,"height":145,"caption":"Demourshop"},"image":{"@id":"https:\/\/demourshop.com\/#\/schema\/logo\/image\/"}}]}},"_links":{"self":[{"href":"http:\/\/demourshop.com\/en\/wp-json\/wp\/v2\/product\/65145","targetHints":{"allow":["GET"]}}],"collection":[{"href":"http:\/\/demourshop.com\/en\/wp-json\/wp\/v2\/product"}],"about":[{"href":"http:\/\/demourshop.com\/en\/wp-json\/wp\/v2\/types\/product"}],"version-history":[{"count":7,"href":"http:\/\/demourshop.com\/en\/wp-json\/wp\/v2\/product\/65145\/revisions"}],"predecessor-version":[{"id":70234,"href":"http:\/\/demourshop.com\/en\/wp-json\/wp\/v2\/product\/65145\/revisions\/70234"}],"wp:featuredmedia":[{"embeddable":true,"href":"http:\/\/demourshop.com\/en\/wp-json\/wp\/v2\/media\/69328"}],"wp:attachment":[{"href":"http:\/\/demourshop.com\/en\/wp-json\/wp\/v2\/media?parent=65145"}],"wp:term":[{"taxonomy":"product_brand","embeddable":true,"href":"http:\/\/demourshop.com\/en\/wp-json\/wp\/v2\/product_brand?post=65145"},{"taxonomy":"product_cat","embeddable":true,"href":"http:\/\/demourshop.com\/en\/wp-json\/wp\/v2\/product_cat?post=65145"},{"taxonomy":"product_tag","embeddable":true,"href":"http:\/\/demourshop.com\/en\/wp-json\/wp\/v2\/product_tag?post=65145"}],"curies":[{"name":"wp","href":"https:\/\/api.w.org\/{rel}","templated":true}]}}