{"id":65133,"date":"2024-10-09T16:41:41","date_gmt":"2024-10-09T14:41:41","guid":{"rendered":"https:\/\/demourshop.com\/?post_type=product&#038;p=65133"},"modified":"2025-05-27T10:57:08","modified_gmt":"2025-05-27T08:57:08","slug":"clos-la-riviere-saint-chinian","status":"publish","type":"product","link":"http:\/\/demourshop.com\/en\/product\/clos-la-riviere-saint-chinian\/","title":{"rendered":"Clos la Rivi\u00e8re Saint-Chinian"},"content":{"rendered":"<p>Clos la Rivi\u00e8re Saint-Chinian <\/p>\n<p>\u00c0 d\u00e9guster entre 16 et 18\u00b0C avec une cuisine de terroir : daube, c\u00f4telettes d\u2019agneau, tajine ou fromages affin\u00e9s. <strongClos la Rivi\u00e8re, Les Schistes de Paul<\/strong> peut se boire jeune apr\u00e8s une a\u00e9ration, mais se r\u00e9v\u00e8le pleinement apr\u00e8s 3 \u00e0 5 ans de garde. Il incarne avec justesse la richesse et la sinc\u00e9rit\u00e9 des vins de Saint-Chinian, sur un terroir embl\u00e9matique qui forge des cuv\u00e9es puissantes et \u00e9l\u00e9gantes.<\/p>","protected":false},"excerpt":{"rendered":"<p><strong>Clos La Rivi\u00e8re \u2013 Les Schistes de Paul<\/strong> : Saint-Chinian structur\u00e9 et intense. Carignan et Syrah sur terroir de schistes. Vin du Sud raffin\u00e9.<\/p>","protected":false},"featured_media":69834,"template":"","meta":{"_acf_changed":false},"product_brand":[],"product_cat":[378,572,507,552,383,411,571,382,395,441,417,375,393],"product_tag":[],"class_list":{"0":"post-65133","1":"product","2":"type-product","3":"status-publish","4":"has-post-thumbnail","6":"product_cat-appellations-vin-en-ligne","7":"product_cat-carignan-ligne","8":"product_cat-cepages-vin-en-ligne","9":"product_cat-vin-par-couleur-en-ligne","10":"product_cat-vin-de-france-en-ligne","11":"product_cat-grenache-en-ligne","12":"product_cat-mourvedre-en-ligne","13":"product_cat-vin-par-pays-en-ligne","14":"product_cat-vin-agriculture-raisonnee","15":"product_cat-vin-saint-chinian-en-ligne","16":"product_cat-syrah-en-ligne","17":"product_cat-vin-rouge-en-ligne","18":"product_cat-vins-par-methode-de-vinification","19":"pa_appellations-saint-chinian","20":"pa_cepages-mourvedre","21":"pa_cepages-syrah","22":"pa_couleurs-rouge","23":"pa_formats-75cl","24":"pa_millesimes-177","25":"pa_pays-france","26":"pa_quantites-a-lunite","27":"pa_quantites-carton-de-3-bouteilles","28":"pa_vinifications-raisonnee","30":"first","31":"instock","32":"taxable","33":"shipping-taxable","34":"purchasable","35":"product-type-simple"},"acf":[],"yoast_head":"<!-- This site is optimized with the Yoast SEO plugin v27.4 - https:\/\/yoast.com\/product\/yoast-seo-wordpress\/ -->\n<title>Clos la Rivi\u00e8re Saint-Chinian - Demourshop<\/title>\n<meta name=\"description\" content=\"Clos la Rivi\u00e8re Saint-Chinian. Saint-Chinian intense et min\u00e9ral. Carignan &amp; Syrah sur schistes. Livraison rapide \u2013 vin de terroir du Sud.\" \/>\n<meta name=\"robots\" content=\"index, follow, max-snippet:-1, max-image-preview:large, max-video-preview:-1\" \/>\n<link rel=\"canonical\" href=\"https:\/\/demourshop.com\/en\/product\/clos-la-riviere-saint-chinian\/\" \/>\n<meta property=\"og:locale\" content=\"en_GB\" \/>\n<meta property=\"og:type\" content=\"article\" \/>\n<meta property=\"og:title\" content=\"Clos la Rivi\u00e8re Saint-Chinian - Demourshop\" \/>\n<meta property=\"og:description\" content=\"Clos la Rivi\u00e8re Saint-Chinian. Saint-Chinian intense et min\u00e9ral. Carignan &amp; Syrah sur schistes. Livraison rapide \u2013 vin de terroir du Sud.\" \/>\n<meta property=\"og:url\" content=\"https:\/\/demourshop.com\/en\/product\/clos-la-riviere-saint-chinian\/\" \/>\n<meta property=\"og:site_name\" content=\"Demourshop\" \/>\n<meta property=\"article:modified_time\" content=\"2025-05-27T08:57:08+00:00\" \/>\n<meta property=\"og:image\" content=\"https:\/\/demourshop.com\/wp-content\/uploads\/2024\/10\/Clos-de-Paul.png\" \/>\n\t<meta property=\"og:image:width\" content=\"700\" \/>\n\t<meta property=\"og:image:height\" content=\"700\" \/>\n\t<meta property=\"og:image:type\" content=\"image\/png\" \/>\n<meta name=\"twitter:card\" content=\"summary_large_image\" \/>\n<meta name=\"twitter:label1\" content=\"Estimated reading time\" \/>\n\t<meta name=\"twitter:data1\" content=\"2 minutes\" \/>\n<script type=\"application\/ld+json\" class=\"yoast-schema-graph\">{\"@context\":\"https:\\\/\\\/schema.org\",\"@graph\":[{\"@type\":\"WebPage\",\"@id\":\"https:\\\/\\\/demourshop.com\\\/produit\\\/clos-la-riviere-saint-chinian\\\/\",\"url\":\"https:\\\/\\\/demourshop.com\\\/produit\\\/clos-la-riviere-saint-chinian\\\/\",\"name\":\"Clos la Rivi\u00e8re Saint-Chinian - Demourshop\",\"isPartOf\":{\"@id\":\"https:\\\/\\\/demourshop.com\\\/#website\"},\"primaryImageOfPage\":{\"@id\":\"https:\\\/\\\/demourshop.com\\\/produit\\\/clos-la-riviere-saint-chinian\\\/#primaryimage\"},\"image\":{\"@id\":\"https:\\\/\\\/demourshop.com\\\/produit\\\/clos-la-riviere-saint-chinian\\\/#primaryimage\"},\"thumbnailUrl\":\"http:\\\/\\\/demourshop.com\\\/wp-content\\\/uploads\\\/2024\\\/10\\\/Clos-de-Paul.png\",\"datePublished\":\"2024-10-09T14:41:41+00:00\",\"dateModified\":\"2025-05-27T08:57:08+00:00\",\"description\":\"Clos la Rivi\u00e8re Saint-Chinian. Saint-Chinian intense et min\u00e9ral. Carignan & Syrah sur schistes. Livraison rapide \u2013 vin de terroir du Sud.\",\"breadcrumb\":{\"@id\":\"https:\\\/\\\/demourshop.com\\\/produit\\\/clos-la-riviere-saint-chinian\\\/#breadcrumb\"},\"inLanguage\":\"en-GB\",\"potentialAction\":[{\"@type\":\"ReadAction\",\"target\":[\"https:\\\/\\\/demourshop.com\\\/produit\\\/clos-la-riviere-saint-chinian\\\/\"]}]},{\"@type\":\"ImageObject\",\"inLanguage\":\"en-GB\",\"@id\":\"https:\\\/\\\/demourshop.com\\\/produit\\\/clos-la-riviere-saint-chinian\\\/#primaryimage\",\"url\":\"http:\\\/\\\/demourshop.com\\\/wp-content\\\/uploads\\\/2024\\\/10\\\/Clos-de-Paul.png\",\"contentUrl\":\"http:\\\/\\\/demourshop.com\\\/wp-content\\\/uploads\\\/2024\\\/10\\\/Clos-de-Paul.png\",\"width\":700,\"height\":700,\"caption\":\"1595156516\"},{\"@type\":\"BreadcrumbList\",\"@id\":\"https:\\\/\\\/demourshop.com\\\/produit\\\/clos-la-riviere-saint-chinian\\\/#breadcrumb\",\"itemListElement\":[{\"@type\":\"ListItem\",\"position\":1,\"name\":\"Accueil\",\"item\":\"https:\\\/\\\/demourshop.com\\\/\"},{\"@type\":\"ListItem\",\"position\":2,\"name\":\"Boutique\",\"item\":\"https:\\\/\\\/demourshop.com\\\/boutique\\\/\"},{\"@type\":\"ListItem\",\"position\":3,\"name\":\"Clos la Rivi\u00e8re Saint-Chinian\"}]},{\"@type\":\"WebSite\",\"@id\":\"https:\\\/\\\/demourshop.com\\\/#website\",\"url\":\"https:\\\/\\\/demourshop.com\\\/\",\"name\":\"Demourshop\",\"description\":\"\",\"publisher\":{\"@id\":\"https:\\\/\\\/demourshop.com\\\/#organization\"},\"potentialAction\":[{\"@type\":\"SearchAction\",\"target\":{\"@type\":\"EntryPoint\",\"urlTemplate\":\"https:\\\/\\\/demourshop.com\\\/?s={search_term_string}\"},\"query-input\":{\"@type\":\"PropertyValueSpecification\",\"valueRequired\":true,\"valueName\":\"search_term_string\"}}],\"inLanguage\":\"en-GB\"},{\"@type\":\"Organization\",\"@id\":\"https:\\\/\\\/demourshop.com\\\/#organization\",\"name\":\"Demourshop\",\"url\":\"https:\\\/\\\/demourshop.com\\\/\",\"logo\":{\"@type\":\"ImageObject\",\"inLanguage\":\"en-GB\",\"@id\":\"https:\\\/\\\/demourshop.com\\\/#\\\/schema\\\/logo\\\/image\\\/\",\"url\":\"http:\\\/\\\/demourshop.com\\\/wp-content\\\/uploads\\\/2023\\\/08\\\/logo-wine-2-1-1.png\",\"contentUrl\":\"http:\\\/\\\/demourshop.com\\\/wp-content\\\/uploads\\\/2023\\\/08\\\/logo-wine-2-1-1.png\",\"width\":400,\"height\":145,\"caption\":\"Demourshop\"},\"image\":{\"@id\":\"https:\\\/\\\/demourshop.com\\\/#\\\/schema\\\/logo\\\/image\\\/\"}}]}<\/script>\n<!-- \/ Yoast SEO plugin. -->","yoast_head_json":{"title":"Clos la Rivi\u00e8re Saint-Chinian - Demourshop","description":"Clos la Rivi\u00e8re Saint-Chinian. Saint-Chinian intense et min\u00e9ral. Carignan & Syrah sur schistes. Livraison rapide \u2013 vin de terroir du Sud.","robots":{"index":"index","follow":"follow","max-snippet":"max-snippet:-1","max-image-preview":"max-image-preview:large","max-video-preview":"max-video-preview:-1"},"canonical":"https:\/\/demourshop.com\/en\/product\/clos-la-riviere-saint-chinian\/","og_locale":"en_GB","og_type":"article","og_title":"Clos la Rivi\u00e8re Saint-Chinian - Demourshop","og_description":"Clos la Rivi\u00e8re Saint-Chinian. Saint-Chinian intense et min\u00e9ral. Carignan & Syrah sur schistes. Livraison rapide \u2013 vin de terroir du Sud.","og_url":"https:\/\/demourshop.com\/en\/product\/clos-la-riviere-saint-chinian\/","og_site_name":"Demourshop","article_modified_time":"2025-05-27T08:57:08+00:00","og_image":[{"width":700,"height":700,"url":"https:\/\/demourshop.com\/wp-content\/uploads\/2024\/10\/Clos-de-Paul.png","type":"image\/png"}],"twitter_card":"summary_large_image","twitter_misc":{"Estimated reading time":"2 minutes"},"schema":{"@context":"https:\/\/schema.org","@graph":[{"@type":"WebPage","@id":"https:\/\/demourshop.com\/produit\/clos-la-riviere-saint-chinian\/","url":"https:\/\/demourshop.com\/produit\/clos-la-riviere-saint-chinian\/","name":"Clos la Rivi\u00e8re Saint-Chinian - Demourshop","isPartOf":{"@id":"https:\/\/demourshop.com\/#website"},"primaryImageOfPage":{"@id":"https:\/\/demourshop.com\/produit\/clos-la-riviere-saint-chinian\/#primaryimage"},"image":{"@id":"https:\/\/demourshop.com\/produit\/clos-la-riviere-saint-chinian\/#primaryimage"},"thumbnailUrl":"http:\/\/demourshop.com\/wp-content\/uploads\/2024\/10\/Clos-de-Paul.png","datePublished":"2024-10-09T14:41:41+00:00","dateModified":"2025-05-27T08:57:08+00:00","description":"Clos la Rivi\u00e8re Saint-Chinian. Saint-Chinian intense et min\u00e9ral. Carignan & Syrah sur schistes. Livraison rapide \u2013 vin de terroir du Sud.","breadcrumb":{"@id":"https:\/\/demourshop.com\/produit\/clos-la-riviere-saint-chinian\/#breadcrumb"},"inLanguage":"en-GB","potentialAction":[{"@type":"ReadAction","target":["https:\/\/demourshop.com\/produit\/clos-la-riviere-saint-chinian\/"]}]},{"@type":"ImageObject","inLanguage":"en-GB","@id":"https:\/\/demourshop.com\/produit\/clos-la-riviere-saint-chinian\/#primaryimage","url":"http:\/\/demourshop.com\/wp-content\/uploads\/2024\/10\/Clos-de-Paul.png","contentUrl":"http:\/\/demourshop.com\/wp-content\/uploads\/2024\/10\/Clos-de-Paul.png","width":700,"height":700,"caption":"1595156516"},{"@type":"BreadcrumbList","@id":"https:\/\/demourshop.com\/produit\/clos-la-riviere-saint-chinian\/#breadcrumb","itemListElement":[{"@type":"ListItem","position":1,"name":"Accueil","item":"https:\/\/demourshop.com\/"},{"@type":"ListItem","position":2,"name":"Boutique","item":"https:\/\/demourshop.com\/boutique\/"},{"@type":"ListItem","position":3,"name":"Clos la Rivi\u00e8re Saint-Chinian"}]},{"@type":"WebSite","@id":"https:\/\/demourshop.com\/#website","url":"https:\/\/demourshop.com\/","name":"Demourshop","description":"","publisher":{"@id":"https:\/\/demourshop.com\/#organization"},"potentialAction":[{"@type":"SearchAction","target":{"@type":"EntryPoint","urlTemplate":"https:\/\/demourshop.com\/?s={search_term_string}"},"query-input":{"@type":"PropertyValueSpecification","valueRequired":true,"valueName":"search_term_string"}}],"inLanguage":"en-GB"},{"@type":"Organization","@id":"https:\/\/demourshop.com\/#organization","name":"Demourshop","url":"https:\/\/demourshop.com\/","logo":{"@type":"ImageObject","inLanguage":"en-GB","@id":"https:\/\/demourshop.com\/#\/schema\/logo\/image\/","url":"http:\/\/demourshop.com\/wp-content\/uploads\/2023\/08\/logo-wine-2-1-1.png","contentUrl":"http:\/\/demourshop.com\/wp-content\/uploads\/2023\/08\/logo-wine-2-1-1.png","width":400,"height":145,"caption":"Demourshop"},"image":{"@id":"https:\/\/demourshop.com\/#\/schema\/logo\/image\/"}}]}},"_links":{"self":[{"href":"http:\/\/demourshop.com\/en\/wp-json\/wp\/v2\/product\/65133","targetHints":{"allow":["GET"]}}],"collection":[{"href":"http:\/\/demourshop.com\/en\/wp-json\/wp\/v2\/product"}],"about":[{"href":"http:\/\/demourshop.com\/en\/wp-json\/wp\/v2\/types\/product"}],"version-history":[{"count":10,"href":"http:\/\/demourshop.com\/en\/wp-json\/wp\/v2\/product\/65133\/revisions"}],"predecessor-version":[{"id":70305,"href":"http:\/\/demourshop.com\/en\/wp-json\/wp\/v2\/product\/65133\/revisions\/70305"}],"wp:featuredmedia":[{"embeddable":true,"href":"http:\/\/demourshop.com\/en\/wp-json\/wp\/v2\/media\/69834"}],"wp:attachment":[{"href":"http:\/\/demourshop.com\/en\/wp-json\/wp\/v2\/media?parent=65133"}],"wp:term":[{"taxonomy":"product_brand","embeddable":true,"href":"http:\/\/demourshop.com\/en\/wp-json\/wp\/v2\/product_brand?post=65133"},{"taxonomy":"product_cat","embeddable":true,"href":"http:\/\/demourshop.com\/en\/wp-json\/wp\/v2\/product_cat?post=65133"},{"taxonomy":"product_tag","embeddable":true,"href":"http:\/\/demourshop.com\/en\/wp-json\/wp\/v2\/product_tag?post=65133"}],"curies":[{"name":"wp","href":"https:\/\/api.w.org\/{rel}","templated":true}]}}