{"id":65104,"date":"2024-11-29T12:59:34","date_gmt":"2024-11-29T11:59:34","guid":{"rendered":"https:\/\/demourshop.com\/?post_type=product&#038;p=65104"},"modified":"2026-03-12T16:38:08","modified_gmt":"2026-03-12T15:38:08","slug":"cadiot-cabernet-franc","status":"publish","type":"product","link":"http:\/\/demourshop.com\/en\/product\/cadiot-cabernet-franc\/","title":{"rendered":"Cadiot Cabernet franc"},"content":{"rendered":"<p>\u00c0 servir entre 16 et 17\u00b0C. <strong>Cadiot Cabernet Franc<\/strong> accompagne parfaitement une cuisine de bistrot : volaille r\u00f4tie, l\u00e9gumes grill\u00e9s, viandes blanches ou encore plats \u00e0 base de champignons. C\u2019est \u00e9galement un bon compagnon des plateaux de fromages doux. \u00c0 boire d\u00e8s aujourd\u2019hui ou \u00e0 garder 3 \u00e0 5 ans. Ce vin est une belle porte d\u2019entr\u00e9e pour d\u00e9couvrir le c\u00e9page dans un style accessible et pur. Une cuv\u00e9e qui allie p\u00e9dagogie, plaisir imm\u00e9diat et \u00e9l\u00e9gance.<\/p>","protected":false},"excerpt":{"rendered":"<p><strong>Cadiot Cabernet Franc<\/strong> \u2013 Rouge de Bordeaux 100% Cabernet Franc. Frais, \u00e9pic\u00e9, \u00e9l\u00e9gant. Un vin de c\u00e9page sign\u00e9 De Mour.<\/p>","protected":false},"featured_media":69469,"template":"","meta":{"_acf_changed":false},"product_brand":[],"product_cat":[378,633,465,507,552,383,396,382,375,393,160],"product_tag":[],"class_list":{"0":"post-65104","1":"product","2":"type-product","3":"status-publish","4":"has-post-thumbnail","6":"product_cat-appellations-vin-en-ligne","7":"product_cat-bordeaux-en-ligne","8":"product_cat-cabernet-franc-en-ligne","9":"product_cat-cepages-vin-en-ligne","10":"product_cat-vin-par-couleur-en-ligne","11":"product_cat-vin-de-france-en-ligne","12":"product_cat-vin-hve-en-ligne","13":"product_cat-vin-par-pays-en-ligne","14":"product_cat-vin-rouge-en-ligne","15":"product_cat-vins-par-methode-de-vinification","16":"product_cat-vins-de-proprietes-en-ligne","17":"pa_appellations-bordeaux","18":"pa_cepages-cabernet-franc","19":"pa_couleurs-rouge","20":"pa_formats-75cl","21":"pa_millesimes-178","22":"pa_pays-france","23":"pa_propriete-bordeaux","24":"pa_quantites-a-lunite","25":"pa_quantites-carton-de-3-bouteilles","26":"pa_quantites-carton-de-6-bouteilles","27":"pa_vinifications-raisonnee","29":"first","30":"instock","31":"taxable","32":"shipping-taxable","33":"purchasable","34":"product-type-simple"},"acf":[],"yoast_head":"<!-- This site is optimized with the Yoast SEO plugin v27.4 - https:\/\/yoast.com\/product\/yoast-seo-wordpress\/ -->\n<title>Cadiot Cabernet franc - Demourshop<\/title>\n<meta name=\"description\" content=\"Cadiot Cabernet Franc \u2013 Vin rouge 100% Cabernet Franc par De Mour. Frais, \u00e9pic\u00e9, digeste. Id\u00e9al cuisine bistrot. Livraison rapide \u2013 prix propri\u00e9t\u00e9.\" \/>\n<meta name=\"robots\" content=\"index, follow, max-snippet:-1, max-image-preview:large, max-video-preview:-1\" \/>\n<link rel=\"canonical\" href=\"https:\/\/demourshop.com\/en\/product\/cadiot-cabernet-franc\/\" \/>\n<meta property=\"og:locale\" content=\"en_GB\" \/>\n<meta property=\"og:type\" content=\"article\" \/>\n<meta property=\"og:title\" content=\"Cadiot Cabernet franc - Demourshop\" \/>\n<meta property=\"og:description\" content=\"Cadiot Cabernet Franc \u2013 Vin rouge 100% Cabernet Franc par De Mour. Frais, \u00e9pic\u00e9, digeste. Id\u00e9al cuisine bistrot. Livraison rapide \u2013 prix propri\u00e9t\u00e9.\" \/>\n<meta property=\"og:url\" content=\"https:\/\/demourshop.com\/en\/product\/cadiot-cabernet-franc\/\" \/>\n<meta property=\"og:site_name\" content=\"Demourshop\" \/>\n<meta property=\"article:modified_time\" content=\"2026-03-12T15:38:08+00:00\" \/>\n<meta property=\"og:image\" content=\"http:\/\/demourshop.com\/wp-content\/uploads\/2024\/11\/Cadiot-CF.png\" \/>\n\t<meta property=\"og:image:width\" content=\"700\" \/>\n\t<meta property=\"og:image:height\" content=\"700\" \/>\n\t<meta property=\"og:image:type\" content=\"image\/png\" \/>\n<meta name=\"twitter:card\" content=\"summary_large_image\" \/>\n<meta name=\"twitter:label1\" content=\"Estimated reading time\" \/>\n\t<meta name=\"twitter:data1\" content=\"2 minutes\" \/>\n<script type=\"application\/ld+json\" class=\"yoast-schema-graph\">{\"@context\":\"https:\\\/\\\/schema.org\",\"@graph\":[{\"@type\":\"WebPage\",\"@id\":\"https:\\\/\\\/demourshop.com\\\/produit\\\/cadiot-cabernet-franc\\\/\",\"url\":\"https:\\\/\\\/demourshop.com\\\/produit\\\/cadiot-cabernet-franc\\\/\",\"name\":\"Cadiot Cabernet franc - Demourshop\",\"isPartOf\":{\"@id\":\"https:\\\/\\\/demourshop.com\\\/#website\"},\"primaryImageOfPage\":{\"@id\":\"https:\\\/\\\/demourshop.com\\\/produit\\\/cadiot-cabernet-franc\\\/#primaryimage\"},\"image\":{\"@id\":\"https:\\\/\\\/demourshop.com\\\/produit\\\/cadiot-cabernet-franc\\\/#primaryimage\"},\"thumbnailUrl\":\"http:\\\/\\\/demourshop.com\\\/wp-content\\\/uploads\\\/2024\\\/11\\\/Cadiot-CF.png\",\"datePublished\":\"2024-11-29T11:59:34+00:00\",\"dateModified\":\"2026-03-12T15:38:08+00:00\",\"description\":\"Cadiot Cabernet Franc \u2013 Vin rouge 100% Cabernet Franc par De Mour. Frais, \u00e9pic\u00e9, digeste. Id\u00e9al cuisine bistrot. Livraison rapide \u2013 prix propri\u00e9t\u00e9.\",\"breadcrumb\":{\"@id\":\"https:\\\/\\\/demourshop.com\\\/produit\\\/cadiot-cabernet-franc\\\/#breadcrumb\"},\"inLanguage\":\"en-GB\",\"potentialAction\":[{\"@type\":\"ReadAction\",\"target\":[\"https:\\\/\\\/demourshop.com\\\/produit\\\/cadiot-cabernet-franc\\\/\"]}]},{\"@type\":\"ImageObject\",\"inLanguage\":\"en-GB\",\"@id\":\"https:\\\/\\\/demourshop.com\\\/produit\\\/cadiot-cabernet-franc\\\/#primaryimage\",\"url\":\"http:\\\/\\\/demourshop.com\\\/wp-content\\\/uploads\\\/2024\\\/11\\\/Cadiot-CF.png\",\"contentUrl\":\"http:\\\/\\\/demourshop.com\\\/wp-content\\\/uploads\\\/2024\\\/11\\\/Cadiot-CF.png\",\"width\":700,\"height\":700,\"caption\":\"Un Cabernet Franc \u00e9l\u00e9gant, alliant fra\u00eecheur et finesse.\"},{\"@type\":\"BreadcrumbList\",\"@id\":\"https:\\\/\\\/demourshop.com\\\/produit\\\/cadiot-cabernet-franc\\\/#breadcrumb\",\"itemListElement\":[{\"@type\":\"ListItem\",\"position\":1,\"name\":\"Accueil\",\"item\":\"https:\\\/\\\/demourshop.com\\\/\"},{\"@type\":\"ListItem\",\"position\":2,\"name\":\"Boutique\",\"item\":\"https:\\\/\\\/demourshop.com\\\/boutique\\\/\"},{\"@type\":\"ListItem\",\"position\":3,\"name\":\"Cadiot Cabernet franc\"}]},{\"@type\":\"WebSite\",\"@id\":\"https:\\\/\\\/demourshop.com\\\/#website\",\"url\":\"https:\\\/\\\/demourshop.com\\\/\",\"name\":\"Demourshop\",\"description\":\"\",\"publisher\":{\"@id\":\"https:\\\/\\\/demourshop.com\\\/#organization\"},\"potentialAction\":[{\"@type\":\"SearchAction\",\"target\":{\"@type\":\"EntryPoint\",\"urlTemplate\":\"https:\\\/\\\/demourshop.com\\\/?s={search_term_string}\"},\"query-input\":{\"@type\":\"PropertyValueSpecification\",\"valueRequired\":true,\"valueName\":\"search_term_string\"}}],\"inLanguage\":\"en-GB\"},{\"@type\":\"Organization\",\"@id\":\"https:\\\/\\\/demourshop.com\\\/#organization\",\"name\":\"Demourshop\",\"url\":\"https:\\\/\\\/demourshop.com\\\/\",\"logo\":{\"@type\":\"ImageObject\",\"inLanguage\":\"en-GB\",\"@id\":\"https:\\\/\\\/demourshop.com\\\/#\\\/schema\\\/logo\\\/image\\\/\",\"url\":\"http:\\\/\\\/demourshop.com\\\/wp-content\\\/uploads\\\/2023\\\/08\\\/logo-wine-2-1-1.png\",\"contentUrl\":\"http:\\\/\\\/demourshop.com\\\/wp-content\\\/uploads\\\/2023\\\/08\\\/logo-wine-2-1-1.png\",\"width\":400,\"height\":145,\"caption\":\"Demourshop\"},\"image\":{\"@id\":\"https:\\\/\\\/demourshop.com\\\/#\\\/schema\\\/logo\\\/image\\\/\"}}]}<\/script>\n<!-- \/ Yoast SEO plugin. -->","yoast_head_json":{"title":"Cadiot Cabernet franc - Demourshop","description":"Cadiot Cabernet Franc \u2013 Vin rouge 100% Cabernet Franc par De Mour. Frais, \u00e9pic\u00e9, digeste. Id\u00e9al cuisine bistrot. Livraison rapide \u2013 prix propri\u00e9t\u00e9.","robots":{"index":"index","follow":"follow","max-snippet":"max-snippet:-1","max-image-preview":"max-image-preview:large","max-video-preview":"max-video-preview:-1"},"canonical":"https:\/\/demourshop.com\/en\/product\/cadiot-cabernet-franc\/","og_locale":"en_GB","og_type":"article","og_title":"Cadiot Cabernet franc - Demourshop","og_description":"Cadiot Cabernet Franc \u2013 Vin rouge 100% Cabernet Franc par De Mour. Frais, \u00e9pic\u00e9, digeste. Id\u00e9al cuisine bistrot. Livraison rapide \u2013 prix propri\u00e9t\u00e9.","og_url":"https:\/\/demourshop.com\/en\/product\/cadiot-cabernet-franc\/","og_site_name":"Demourshop","article_modified_time":"2026-03-12T15:38:08+00:00","og_image":[{"width":700,"height":700,"url":"http:\/\/demourshop.com\/wp-content\/uploads\/2024\/11\/Cadiot-CF.png","type":"image\/png"}],"twitter_card":"summary_large_image","twitter_misc":{"Estimated reading time":"2 minutes"},"schema":{"@context":"https:\/\/schema.org","@graph":[{"@type":"WebPage","@id":"https:\/\/demourshop.com\/produit\/cadiot-cabernet-franc\/","url":"https:\/\/demourshop.com\/produit\/cadiot-cabernet-franc\/","name":"Cadiot Cabernet franc - Demourshop","isPartOf":{"@id":"https:\/\/demourshop.com\/#website"},"primaryImageOfPage":{"@id":"https:\/\/demourshop.com\/produit\/cadiot-cabernet-franc\/#primaryimage"},"image":{"@id":"https:\/\/demourshop.com\/produit\/cadiot-cabernet-franc\/#primaryimage"},"thumbnailUrl":"http:\/\/demourshop.com\/wp-content\/uploads\/2024\/11\/Cadiot-CF.png","datePublished":"2024-11-29T11:59:34+00:00","dateModified":"2026-03-12T15:38:08+00:00","description":"Cadiot Cabernet Franc \u2013 Vin rouge 100% Cabernet Franc par De Mour. Frais, \u00e9pic\u00e9, digeste. Id\u00e9al cuisine bistrot. Livraison rapide \u2013 prix propri\u00e9t\u00e9.","breadcrumb":{"@id":"https:\/\/demourshop.com\/produit\/cadiot-cabernet-franc\/#breadcrumb"},"inLanguage":"en-GB","potentialAction":[{"@type":"ReadAction","target":["https:\/\/demourshop.com\/produit\/cadiot-cabernet-franc\/"]}]},{"@type":"ImageObject","inLanguage":"en-GB","@id":"https:\/\/demourshop.com\/produit\/cadiot-cabernet-franc\/#primaryimage","url":"http:\/\/demourshop.com\/wp-content\/uploads\/2024\/11\/Cadiot-CF.png","contentUrl":"http:\/\/demourshop.com\/wp-content\/uploads\/2024\/11\/Cadiot-CF.png","width":700,"height":700,"caption":"Un Cabernet Franc \u00e9l\u00e9gant, alliant fra\u00eecheur et finesse."},{"@type":"BreadcrumbList","@id":"https:\/\/demourshop.com\/produit\/cadiot-cabernet-franc\/#breadcrumb","itemListElement":[{"@type":"ListItem","position":1,"name":"Accueil","item":"https:\/\/demourshop.com\/"},{"@type":"ListItem","position":2,"name":"Boutique","item":"https:\/\/demourshop.com\/boutique\/"},{"@type":"ListItem","position":3,"name":"Cadiot Cabernet franc"}]},{"@type":"WebSite","@id":"https:\/\/demourshop.com\/#website","url":"https:\/\/demourshop.com\/","name":"Demourshop","description":"","publisher":{"@id":"https:\/\/demourshop.com\/#organization"},"potentialAction":[{"@type":"SearchAction","target":{"@type":"EntryPoint","urlTemplate":"https:\/\/demourshop.com\/?s={search_term_string}"},"query-input":{"@type":"PropertyValueSpecification","valueRequired":true,"valueName":"search_term_string"}}],"inLanguage":"en-GB"},{"@type":"Organization","@id":"https:\/\/demourshop.com\/#organization","name":"Demourshop","url":"https:\/\/demourshop.com\/","logo":{"@type":"ImageObject","inLanguage":"en-GB","@id":"https:\/\/demourshop.com\/#\/schema\/logo\/image\/","url":"http:\/\/demourshop.com\/wp-content\/uploads\/2023\/08\/logo-wine-2-1-1.png","contentUrl":"http:\/\/demourshop.com\/wp-content\/uploads\/2023\/08\/logo-wine-2-1-1.png","width":400,"height":145,"caption":"Demourshop"},"image":{"@id":"https:\/\/demourshop.com\/#\/schema\/logo\/image\/"}}]}},"_links":{"self":[{"href":"http:\/\/demourshop.com\/en\/wp-json\/wp\/v2\/product\/65104","targetHints":{"allow":["GET"]}}],"collection":[{"href":"http:\/\/demourshop.com\/en\/wp-json\/wp\/v2\/product"}],"about":[{"href":"http:\/\/demourshop.com\/en\/wp-json\/wp\/v2\/types\/product"}],"version-history":[{"count":8,"href":"http:\/\/demourshop.com\/en\/wp-json\/wp\/v2\/product\/65104\/revisions"}],"predecessor-version":[{"id":70627,"href":"http:\/\/demourshop.com\/en\/wp-json\/wp\/v2\/product\/65104\/revisions\/70627"}],"wp:featuredmedia":[{"embeddable":true,"href":"http:\/\/demourshop.com\/en\/wp-json\/wp\/v2\/media\/69469"}],"wp:attachment":[{"href":"http:\/\/demourshop.com\/en\/wp-json\/wp\/v2\/media?parent=65104"}],"wp:term":[{"taxonomy":"product_brand","embeddable":true,"href":"http:\/\/demourshop.com\/en\/wp-json\/wp\/v2\/product_brand?post=65104"},{"taxonomy":"product_cat","embeddable":true,"href":"http:\/\/demourshop.com\/en\/wp-json\/wp\/v2\/product_cat?post=65104"},{"taxonomy":"product_tag","embeddable":true,"href":"http:\/\/demourshop.com\/en\/wp-json\/wp\/v2\/product_tag?post=65104"}],"curies":[{"name":"wp","href":"https:\/\/api.w.org\/{rel}","templated":true}]}}