{"id":65100,"date":"2024-10-09T16:54:03","date_gmt":"2024-10-09T14:54:03","guid":{"rendered":"https:\/\/demourshop.com\/?post_type=product&#038;p=65100"},"modified":"2026-03-12T16:38:40","modified_gmt":"2026-03-12T15:38:40","slug":"cadiot-cabernet-sauvignon","status":"publish","type":"product","link":"http:\/\/demourshop.com\/en\/product\/cadiot-cabernet-sauvignon\/","title":{"rendered":"Cadiot Cabernet Sauvignon"},"content":{"rendered":"<p>Servez <strong>Cadiot Cabernet Sauvignon<\/strong> entre 16 et 18\u00b0C apr\u00e8s une a\u00e9ration d\u2019une heure. Il accompagne parfaitement un carr\u00e9 d\u2019agneau, une entrec\u00f4te grill\u00e9e, un chili maison ou des fromages \u00e0 p\u00e2te dure. Gr\u00e2ce \u00e0 sa structure \u00e9quilibr\u00e9e, ce vin peut se boire d\u00e8s maintenant, mais il gagnera en complexit\u00e9 apr\u00e8s 3 \u00e0 5 ans en cave. Un vin de caract\u00e8re, accessible, et r\u00e9solument contemporain dans son expression.<\/p>","protected":false},"excerpt":{"rendered":"<p><strong>Cadiot Cabernet Sauvignon<\/strong> \u2013 100% Cabernet sign\u00e9 De Mour. Un vin droit, structur\u00e9 et rac\u00e9. \u00c9quilibre parfait entre puissance et finesse.<\/p>","protected":false},"featured_media":69471,"template":"","meta":{"_acf_changed":false},"product_brand":[],"product_cat":[378,633,464,507,552,383,396,382,375,393,160],"product_tag":[],"class_list":{"0":"post-65100","1":"product","2":"type-product","3":"status-publish","4":"has-post-thumbnail","6":"product_cat-appellations-vin-en-ligne","7":"product_cat-bordeaux-en-ligne","8":"product_cat-cabernet-sauvignon-en-ligne","9":"product_cat-cepages-vin-en-ligne","10":"product_cat-vin-par-couleur-en-ligne","11":"product_cat-vin-de-france-en-ligne","12":"product_cat-vin-hve-en-ligne","13":"product_cat-vin-par-pays-en-ligne","14":"product_cat-vin-rouge-en-ligne","15":"product_cat-vins-par-methode-de-vinification","16":"product_cat-vins-de-proprietes-en-ligne","17":"pa_appellations-bordeaux","18":"pa_cepages-cabernet-sauvignon","19":"pa_couleurs-rouge","20":"pa_formats-75cl","21":"pa_millesimes-178","22":"pa_pays-france","23":"pa_propriete-bordeaux","24":"pa_quantites-a-lunite","25":"pa_quantites-carton-de-3-bouteilles","26":"pa_quantites-carton-de-6-bouteilles","27":"pa_vinifications-raisonnee","29":"first","30":"instock","31":"taxable","32":"shipping-taxable","33":"purchasable","34":"product-type-simple"},"acf":[],"yoast_head":"<!-- This site is optimized with the Yoast SEO plugin v27.4 - https:\/\/yoast.com\/product\/yoast-seo-wordpress\/ -->\n<title>Cadiot Cabernet Sauvignon - Demourshop<\/title>\n<meta name=\"description\" content=\"Cadiot Cabernet Sauvignon \u2013 100% Cabernet sign\u00e9 De Mour. Rouge droit, structur\u00e9 et fruit\u00e9. Parfait pour grillades. Livraison rapide \u2013 vin de caract\u00e8re.\" \/>\n<meta name=\"robots\" content=\"index, follow, max-snippet:-1, max-image-preview:large, max-video-preview:-1\" \/>\n<link rel=\"canonical\" href=\"https:\/\/demourshop.com\/en\/product\/cadiot-cabernet-sauvignon\/\" \/>\n<meta property=\"og:locale\" content=\"en_GB\" \/>\n<meta property=\"og:type\" content=\"article\" \/>\n<meta property=\"og:title\" content=\"Cadiot Cabernet Sauvignon - Demourshop\" \/>\n<meta property=\"og:description\" content=\"Cadiot Cabernet Sauvignon \u2013 100% Cabernet sign\u00e9 De Mour. Rouge droit, structur\u00e9 et fruit\u00e9. Parfait pour grillades. Livraison rapide \u2013 vin de caract\u00e8re.\" \/>\n<meta property=\"og:url\" content=\"https:\/\/demourshop.com\/en\/product\/cadiot-cabernet-sauvignon\/\" \/>\n<meta property=\"og:site_name\" content=\"Demourshop\" \/>\n<meta property=\"article:modified_time\" content=\"2026-03-12T15:38:40+00:00\" \/>\n<meta property=\"og:image\" content=\"https:\/\/demourshop.com\/wp-content\/uploads\/2024\/10\/Cadiot-CS.png\" \/>\n\t<meta property=\"og:image:width\" content=\"700\" \/>\n\t<meta property=\"og:image:height\" content=\"700\" \/>\n\t<meta property=\"og:image:type\" content=\"image\/png\" \/>\n<meta name=\"twitter:card\" content=\"summary_large_image\" \/>\n<meta name=\"twitter:label1\" content=\"Estimated reading time\" \/>\n\t<meta name=\"twitter:data1\" content=\"3 minutes\" \/>\n<script type=\"application\/ld+json\" class=\"yoast-schema-graph\">{\"@context\":\"https:\\\/\\\/schema.org\",\"@graph\":[{\"@type\":\"WebPage\",\"@id\":\"https:\\\/\\\/demourshop.com\\\/produit\\\/cadiot-cabernet-sauvignon\\\/\",\"url\":\"https:\\\/\\\/demourshop.com\\\/produit\\\/cadiot-cabernet-sauvignon\\\/\",\"name\":\"Cadiot Cabernet Sauvignon - Demourshop\",\"isPartOf\":{\"@id\":\"https:\\\/\\\/demourshop.com\\\/#website\"},\"primaryImageOfPage\":{\"@id\":\"https:\\\/\\\/demourshop.com\\\/produit\\\/cadiot-cabernet-sauvignon\\\/#primaryimage\"},\"image\":{\"@id\":\"https:\\\/\\\/demourshop.com\\\/produit\\\/cadiot-cabernet-sauvignon\\\/#primaryimage\"},\"thumbnailUrl\":\"http:\\\/\\\/demourshop.com\\\/wp-content\\\/uploads\\\/2024\\\/10\\\/Cadiot-CS.png\",\"datePublished\":\"2024-10-09T14:54:03+00:00\",\"dateModified\":\"2026-03-12T15:38:40+00:00\",\"description\":\"Cadiot Cabernet Sauvignon \u2013 100% Cabernet sign\u00e9 De Mour. Rouge droit, structur\u00e9 et fruit\u00e9. Parfait pour grillades. Livraison rapide \u2013 vin de caract\u00e8re.\",\"breadcrumb\":{\"@id\":\"https:\\\/\\\/demourshop.com\\\/produit\\\/cadiot-cabernet-sauvignon\\\/#breadcrumb\"},\"inLanguage\":\"en-GB\",\"potentialAction\":[{\"@type\":\"ReadAction\",\"target\":[\"https:\\\/\\\/demourshop.com\\\/produit\\\/cadiot-cabernet-sauvignon\\\/\"]}]},{\"@type\":\"ImageObject\",\"inLanguage\":\"en-GB\",\"@id\":\"https:\\\/\\\/demourshop.com\\\/produit\\\/cadiot-cabernet-sauvignon\\\/#primaryimage\",\"url\":\"http:\\\/\\\/demourshop.com\\\/wp-content\\\/uploads\\\/2024\\\/10\\\/Cadiot-CS.png\",\"contentUrl\":\"http:\\\/\\\/demourshop.com\\\/wp-content\\\/uploads\\\/2024\\\/10\\\/Cadiot-CS.png\",\"width\":700,\"height\":700,\"caption\":\"Cadiot Cabernet Sauvignon \u2013 bouteille de vin rouge 100% Cabernet Sauvignon de Bordeaux, droit, structur\u00e9 et \u00e9quilibr\u00e9, produit par De Mour\"},{\"@type\":\"BreadcrumbList\",\"@id\":\"https:\\\/\\\/demourshop.com\\\/produit\\\/cadiot-cabernet-sauvignon\\\/#breadcrumb\",\"itemListElement\":[{\"@type\":\"ListItem\",\"position\":1,\"name\":\"Accueil\",\"item\":\"https:\\\/\\\/demourshop.com\\\/\"},{\"@type\":\"ListItem\",\"position\":2,\"name\":\"Boutique\",\"item\":\"https:\\\/\\\/demourshop.com\\\/boutique\\\/\"},{\"@type\":\"ListItem\",\"position\":3,\"name\":\"Cadiot Cabernet Sauvignon\"}]},{\"@type\":\"WebSite\",\"@id\":\"https:\\\/\\\/demourshop.com\\\/#website\",\"url\":\"https:\\\/\\\/demourshop.com\\\/\",\"name\":\"Demourshop\",\"description\":\"\",\"publisher\":{\"@id\":\"https:\\\/\\\/demourshop.com\\\/#organization\"},\"potentialAction\":[{\"@type\":\"SearchAction\",\"target\":{\"@type\":\"EntryPoint\",\"urlTemplate\":\"https:\\\/\\\/demourshop.com\\\/?s={search_term_string}\"},\"query-input\":{\"@type\":\"PropertyValueSpecification\",\"valueRequired\":true,\"valueName\":\"search_term_string\"}}],\"inLanguage\":\"en-GB\"},{\"@type\":\"Organization\",\"@id\":\"https:\\\/\\\/demourshop.com\\\/#organization\",\"name\":\"Demourshop\",\"url\":\"https:\\\/\\\/demourshop.com\\\/\",\"logo\":{\"@type\":\"ImageObject\",\"inLanguage\":\"en-GB\",\"@id\":\"https:\\\/\\\/demourshop.com\\\/#\\\/schema\\\/logo\\\/image\\\/\",\"url\":\"http:\\\/\\\/demourshop.com\\\/wp-content\\\/uploads\\\/2023\\\/08\\\/logo-wine-2-1-1.png\",\"contentUrl\":\"http:\\\/\\\/demourshop.com\\\/wp-content\\\/uploads\\\/2023\\\/08\\\/logo-wine-2-1-1.png\",\"width\":400,\"height\":145,\"caption\":\"Demourshop\"},\"image\":{\"@id\":\"https:\\\/\\\/demourshop.com\\\/#\\\/schema\\\/logo\\\/image\\\/\"}}]}<\/script>\n<!-- \/ Yoast SEO plugin. -->","yoast_head_json":{"title":"Cadiot Cabernet Sauvignon - Demourshop","description":"Cadiot Cabernet Sauvignon \u2013 100% Cabernet sign\u00e9 De Mour. Rouge droit, structur\u00e9 et fruit\u00e9. Parfait pour grillades. Livraison rapide \u2013 vin de caract\u00e8re.","robots":{"index":"index","follow":"follow","max-snippet":"max-snippet:-1","max-image-preview":"max-image-preview:large","max-video-preview":"max-video-preview:-1"},"canonical":"https:\/\/demourshop.com\/en\/product\/cadiot-cabernet-sauvignon\/","og_locale":"en_GB","og_type":"article","og_title":"Cadiot Cabernet Sauvignon - Demourshop","og_description":"Cadiot Cabernet Sauvignon \u2013 100% Cabernet sign\u00e9 De Mour. Rouge droit, structur\u00e9 et fruit\u00e9. Parfait pour grillades. Livraison rapide \u2013 vin de caract\u00e8re.","og_url":"https:\/\/demourshop.com\/en\/product\/cadiot-cabernet-sauvignon\/","og_site_name":"Demourshop","article_modified_time":"2026-03-12T15:38:40+00:00","og_image":[{"width":700,"height":700,"url":"https:\/\/demourshop.com\/wp-content\/uploads\/2024\/10\/Cadiot-CS.png","type":"image\/png"}],"twitter_card":"summary_large_image","twitter_misc":{"Estimated reading time":"3 minutes"},"schema":{"@context":"https:\/\/schema.org","@graph":[{"@type":"WebPage","@id":"https:\/\/demourshop.com\/produit\/cadiot-cabernet-sauvignon\/","url":"https:\/\/demourshop.com\/produit\/cadiot-cabernet-sauvignon\/","name":"Cadiot Cabernet Sauvignon - Demourshop","isPartOf":{"@id":"https:\/\/demourshop.com\/#website"},"primaryImageOfPage":{"@id":"https:\/\/demourshop.com\/produit\/cadiot-cabernet-sauvignon\/#primaryimage"},"image":{"@id":"https:\/\/demourshop.com\/produit\/cadiot-cabernet-sauvignon\/#primaryimage"},"thumbnailUrl":"http:\/\/demourshop.com\/wp-content\/uploads\/2024\/10\/Cadiot-CS.png","datePublished":"2024-10-09T14:54:03+00:00","dateModified":"2026-03-12T15:38:40+00:00","description":"Cadiot Cabernet Sauvignon \u2013 100% Cabernet sign\u00e9 De Mour. Rouge droit, structur\u00e9 et fruit\u00e9. Parfait pour grillades. Livraison rapide \u2013 vin de caract\u00e8re.","breadcrumb":{"@id":"https:\/\/demourshop.com\/produit\/cadiot-cabernet-sauvignon\/#breadcrumb"},"inLanguage":"en-GB","potentialAction":[{"@type":"ReadAction","target":["https:\/\/demourshop.com\/produit\/cadiot-cabernet-sauvignon\/"]}]},{"@type":"ImageObject","inLanguage":"en-GB","@id":"https:\/\/demourshop.com\/produit\/cadiot-cabernet-sauvignon\/#primaryimage","url":"http:\/\/demourshop.com\/wp-content\/uploads\/2024\/10\/Cadiot-CS.png","contentUrl":"http:\/\/demourshop.com\/wp-content\/uploads\/2024\/10\/Cadiot-CS.png","width":700,"height":700,"caption":"Cadiot Cabernet Sauvignon \u2013 bouteille de vin rouge 100% Cabernet Sauvignon de Bordeaux, droit, structur\u00e9 et \u00e9quilibr\u00e9, produit par De Mour"},{"@type":"BreadcrumbList","@id":"https:\/\/demourshop.com\/produit\/cadiot-cabernet-sauvignon\/#breadcrumb","itemListElement":[{"@type":"ListItem","position":1,"name":"Accueil","item":"https:\/\/demourshop.com\/"},{"@type":"ListItem","position":2,"name":"Boutique","item":"https:\/\/demourshop.com\/boutique\/"},{"@type":"ListItem","position":3,"name":"Cadiot Cabernet Sauvignon"}]},{"@type":"WebSite","@id":"https:\/\/demourshop.com\/#website","url":"https:\/\/demourshop.com\/","name":"Demourshop","description":"","publisher":{"@id":"https:\/\/demourshop.com\/#organization"},"potentialAction":[{"@type":"SearchAction","target":{"@type":"EntryPoint","urlTemplate":"https:\/\/demourshop.com\/?s={search_term_string}"},"query-input":{"@type":"PropertyValueSpecification","valueRequired":true,"valueName":"search_term_string"}}],"inLanguage":"en-GB"},{"@type":"Organization","@id":"https:\/\/demourshop.com\/#organization","name":"Demourshop","url":"https:\/\/demourshop.com\/","logo":{"@type":"ImageObject","inLanguage":"en-GB","@id":"https:\/\/demourshop.com\/#\/schema\/logo\/image\/","url":"http:\/\/demourshop.com\/wp-content\/uploads\/2023\/08\/logo-wine-2-1-1.png","contentUrl":"http:\/\/demourshop.com\/wp-content\/uploads\/2023\/08\/logo-wine-2-1-1.png","width":400,"height":145,"caption":"Demourshop"},"image":{"@id":"https:\/\/demourshop.com\/#\/schema\/logo\/image\/"}}]}},"_links":{"self":[{"href":"http:\/\/demourshop.com\/en\/wp-json\/wp\/v2\/product\/65100","targetHints":{"allow":["GET"]}}],"collection":[{"href":"http:\/\/demourshop.com\/en\/wp-json\/wp\/v2\/product"}],"about":[{"href":"http:\/\/demourshop.com\/en\/wp-json\/wp\/v2\/types\/product"}],"version-history":[{"count":10,"href":"http:\/\/demourshop.com\/en\/wp-json\/wp\/v2\/product\/65100\/revisions"}],"predecessor-version":[{"id":70630,"href":"http:\/\/demourshop.com\/en\/wp-json\/wp\/v2\/product\/65100\/revisions\/70630"}],"wp:featuredmedia":[{"embeddable":true,"href":"http:\/\/demourshop.com\/en\/wp-json\/wp\/v2\/media\/69471"}],"wp:attachment":[{"href":"http:\/\/demourshop.com\/en\/wp-json\/wp\/v2\/media?parent=65100"}],"wp:term":[{"taxonomy":"product_brand","embeddable":true,"href":"http:\/\/demourshop.com\/en\/wp-json\/wp\/v2\/product_brand?post=65100"},{"taxonomy":"product_cat","embeddable":true,"href":"http:\/\/demourshop.com\/en\/wp-json\/wp\/v2\/product_cat?post=65100"},{"taxonomy":"product_tag","embeddable":true,"href":"http:\/\/demourshop.com\/en\/wp-json\/wp\/v2\/product_tag?post=65100"}],"curies":[{"name":"wp","href":"https:\/\/api.w.org\/{rel}","templated":true}]}}