{"id":65094,"date":"2026-02-23T09:15:33","date_gmt":"2026-02-23T08:15:33","guid":{"rendered":"https:\/\/demourshop.com\/?post_type=product&#038;p=65094"},"modified":"2026-02-23T10:13:29","modified_gmt":"2026-02-23T09:13:29","slug":"marlborough-sauvignon-blanc-2021","status":"publish","type":"product","link":"http:\/\/demourshop.com\/en\/product\/marlborough-sauvignon-blanc-2021\/","title":{"rendered":"Marlborough Sauvignon blanc 2021"},"content":{"rendered":"<p data-start=\"86\" data-end=\"348\">Le <strong data-start=\"89\" data-end=\"132\">Babich Marlborough Sauvignon Blanc 2021<\/strong> incarne parfaitement le style embl\u00e9matique de la r\u00e9gion de <span class=\"hover:entity-accent entity-underline inline cursor-pointer align-baseline\"><span class=\"whitespace-normal\">Marlborough<\/span><\/span>, mondialement reconnue pour ses sauvignons blancs d\u2019une fra\u00eecheur \u00e9clatante et d\u2019une intensit\u00e9 aromatique remarquable.\u00a0\u00c9quilibr\u00e9 et aromatique, c\u2019est un vin id\u00e9al \u00e0 l\u2019ap\u00e9ritif, mais aussi pour accompagner des fruits de mer, des poissons grill\u00e9s ou une cuisine fra\u00eeche et l\u00e9g\u00e8rement \u00e9pic\u00e9e. Un sauvignon blanc moderne, pr\u00e9cis et lumineux, qui refl\u00e8te tout le savoir-faire de la maison Babich et le caract\u00e8re unique de son terroir.<\/p>","protected":false},"excerpt":{"rendered":"<p><strong>Babich Marlborough Sauvignon Blanc 2021<\/strong> \u2013 Vin blanc \u00e9l\u00e9gant de Nouvelle-Z\u00e9lande. L\u00e9ger, fruit\u00e9, floral. Id\u00e9al \u00e0 boire l\u00e9g\u00e8rement frais.<\/p>","protected":false},"featured_media":69693,"template":"","meta":{"_acf_changed":false},"product_brand":[],"product_cat":[378,507,552,727,389,382,395,405,374,393],"product_tag":[],"class_list":{"0":"post-65094","1":"product","2":"type-product","3":"status-publish","4":"has-post-thumbnail","6":"product_cat-appellations-vin-en-ligne","7":"product_cat-cepages-vin-en-ligne","8":"product_cat-vin-par-couleur-en-ligne","9":"product_cat-vin-marlborough-en-ligne","10":"product_cat-vin-nouvelle-zelande-en-ligne","11":"product_cat-vin-par-pays-en-ligne","12":"product_cat-vin-agriculture-raisonnee","13":"product_cat-sauvignon-blanc-en-ligne","14":"product_cat-vin-blanc-en-ligne","15":"product_cat-vins-par-methode-de-vinification","16":"pa_cepages-sauvignon-blanc","17":"pa_couleurs-blanc","18":"pa_formats-75cl","19":"pa_millesimes-175","20":"pa_pays-nouvelle-zelande","21":"pa_quantites-a-lunite","22":"pa_vinifications-raisonnee","24":"first","25":"instock","26":"taxable","27":"shipping-taxable","28":"purchasable","29":"product-type-simple"},"acf":[],"yoast_head":"<!-- This site is optimized with the Yoast SEO plugin v27.4 - https:\/\/yoast.com\/product\/yoast-seo-wordpress\/ -->\n<title>Marlborough Sauvignon blanc 2021 - Demourshop<\/title>\n<meta name=\"description\" content=\"Le Babich Marlborough Sauvignon Blanc 2021 incarne parfaitement le style embl\u00e9matique de sa r\u00e9gion. C\u2019est un vin id\u00e9al pour accompagner des fruits de mer.\" \/>\n<meta name=\"robots\" content=\"index, follow, max-snippet:-1, max-image-preview:large, max-video-preview:-1\" \/>\n<link rel=\"canonical\" href=\"https:\/\/demourshop.com\/en\/product\/marlborough-sauvignon-blanc-2021\/\" \/>\n<meta property=\"og:locale\" content=\"en_GB\" \/>\n<meta property=\"og:type\" content=\"article\" \/>\n<meta property=\"og:title\" content=\"Marlborough Sauvignon blanc 2021 - Demourshop\" \/>\n<meta property=\"og:description\" content=\"Le Babich Marlborough Sauvignon Blanc 2021 incarne parfaitement le style embl\u00e9matique de sa r\u00e9gion. C\u2019est un vin id\u00e9al pour accompagner des fruits de mer.\" \/>\n<meta property=\"og:url\" content=\"https:\/\/demourshop.com\/en\/product\/marlborough-sauvignon-blanc-2021\/\" \/>\n<meta property=\"og:site_name\" content=\"Demourshop\" \/>\n<meta property=\"article:modified_time\" content=\"2026-02-23T09:13:29+00:00\" \/>\n<meta property=\"og:image\" content=\"http:\/\/demourshop.com\/wp-content\/uploads\/2024\/12\/Babich.png\" \/>\n\t<meta property=\"og:image:width\" content=\"700\" \/>\n\t<meta property=\"og:image:height\" content=\"700\" \/>\n\t<meta property=\"og:image:type\" content=\"image\/png\" \/>\n<meta name=\"twitter:card\" content=\"summary_large_image\" \/>\n<meta name=\"twitter:label1\" content=\"Estimated reading time\" \/>\n\t<meta name=\"twitter:data1\" content=\"2 minutes\" \/>\n<script type=\"application\/ld+json\" class=\"yoast-schema-graph\">{\"@context\":\"https:\\\/\\\/schema.org\",\"@graph\":[{\"@type\":\"WebPage\",\"@id\":\"https:\\\/\\\/demourshop.com\\\/produit\\\/marlborough-sauvignon-blanc-2021\\\/\",\"url\":\"https:\\\/\\\/demourshop.com\\\/produit\\\/marlborough-sauvignon-blanc-2021\\\/\",\"name\":\"Marlborough Sauvignon blanc 2021 - Demourshop\",\"isPartOf\":{\"@id\":\"https:\\\/\\\/demourshop.com\\\/#website\"},\"primaryImageOfPage\":{\"@id\":\"https:\\\/\\\/demourshop.com\\\/produit\\\/marlborough-sauvignon-blanc-2021\\\/#primaryimage\"},\"image\":{\"@id\":\"https:\\\/\\\/demourshop.com\\\/produit\\\/marlborough-sauvignon-blanc-2021\\\/#primaryimage\"},\"thumbnailUrl\":\"http:\\\/\\\/demourshop.com\\\/wp-content\\\/uploads\\\/2024\\\/12\\\/Babich.png\",\"datePublished\":\"2026-02-23T08:15:33+00:00\",\"dateModified\":\"2026-02-23T09:13:29+00:00\",\"description\":\"Le Babich Marlborough Sauvignon Blanc 2021 incarne parfaitement le style embl\u00e9matique de sa r\u00e9gion. C\u2019est un vin id\u00e9al pour accompagner des fruits de mer.\",\"breadcrumb\":{\"@id\":\"https:\\\/\\\/demourshop.com\\\/produit\\\/marlborough-sauvignon-blanc-2021\\\/#breadcrumb\"},\"inLanguage\":\"en-GB\",\"potentialAction\":[{\"@type\":\"ReadAction\",\"target\":[\"https:\\\/\\\/demourshop.com\\\/produit\\\/marlborough-sauvignon-blanc-2021\\\/\"]}]},{\"@type\":\"ImageObject\",\"inLanguage\":\"en-GB\",\"@id\":\"https:\\\/\\\/demourshop.com\\\/produit\\\/marlborough-sauvignon-blanc-2021\\\/#primaryimage\",\"url\":\"http:\\\/\\\/demourshop.com\\\/wp-content\\\/uploads\\\/2024\\\/12\\\/Babich.png\",\"contentUrl\":\"http:\\\/\\\/demourshop.com\\\/wp-content\\\/uploads\\\/2024\\\/12\\\/Babich.png\",\"width\":700,\"height\":700},{\"@type\":\"BreadcrumbList\",\"@id\":\"https:\\\/\\\/demourshop.com\\\/produit\\\/marlborough-sauvignon-blanc-2021\\\/#breadcrumb\",\"itemListElement\":[{\"@type\":\"ListItem\",\"position\":1,\"name\":\"Accueil\",\"item\":\"https:\\\/\\\/demourshop.com\\\/\"},{\"@type\":\"ListItem\",\"position\":2,\"name\":\"Boutique\",\"item\":\"https:\\\/\\\/demourshop.com\\\/boutique\\\/\"},{\"@type\":\"ListItem\",\"position\":3,\"name\":\"Marlborough Sauvignon blanc 2021\"}]},{\"@type\":\"WebSite\",\"@id\":\"https:\\\/\\\/demourshop.com\\\/#website\",\"url\":\"https:\\\/\\\/demourshop.com\\\/\",\"name\":\"Demourshop\",\"description\":\"\",\"publisher\":{\"@id\":\"https:\\\/\\\/demourshop.com\\\/#organization\"},\"potentialAction\":[{\"@type\":\"SearchAction\",\"target\":{\"@type\":\"EntryPoint\",\"urlTemplate\":\"https:\\\/\\\/demourshop.com\\\/?s={search_term_string}\"},\"query-input\":{\"@type\":\"PropertyValueSpecification\",\"valueRequired\":true,\"valueName\":\"search_term_string\"}}],\"inLanguage\":\"en-GB\"},{\"@type\":\"Organization\",\"@id\":\"https:\\\/\\\/demourshop.com\\\/#organization\",\"name\":\"Demourshop\",\"url\":\"https:\\\/\\\/demourshop.com\\\/\",\"logo\":{\"@type\":\"ImageObject\",\"inLanguage\":\"en-GB\",\"@id\":\"https:\\\/\\\/demourshop.com\\\/#\\\/schema\\\/logo\\\/image\\\/\",\"url\":\"http:\\\/\\\/demourshop.com\\\/wp-content\\\/uploads\\\/2023\\\/08\\\/logo-wine-2-1-1.png\",\"contentUrl\":\"http:\\\/\\\/demourshop.com\\\/wp-content\\\/uploads\\\/2023\\\/08\\\/logo-wine-2-1-1.png\",\"width\":400,\"height\":145,\"caption\":\"Demourshop\"},\"image\":{\"@id\":\"https:\\\/\\\/demourshop.com\\\/#\\\/schema\\\/logo\\\/image\\\/\"}}]}<\/script>\n<!-- \/ Yoast SEO plugin. -->","yoast_head_json":{"title":"Marlborough Sauvignon blanc 2021 - Demourshop","description":"Le Babich Marlborough Sauvignon Blanc 2021 incarne parfaitement le style embl\u00e9matique de sa r\u00e9gion. C\u2019est un vin id\u00e9al pour accompagner des fruits de mer.","robots":{"index":"index","follow":"follow","max-snippet":"max-snippet:-1","max-image-preview":"max-image-preview:large","max-video-preview":"max-video-preview:-1"},"canonical":"https:\/\/demourshop.com\/en\/product\/marlborough-sauvignon-blanc-2021\/","og_locale":"en_GB","og_type":"article","og_title":"Marlborough Sauvignon blanc 2021 - Demourshop","og_description":"Le Babich Marlborough Sauvignon Blanc 2021 incarne parfaitement le style embl\u00e9matique de sa r\u00e9gion. C\u2019est un vin id\u00e9al pour accompagner des fruits de mer.","og_url":"https:\/\/demourshop.com\/en\/product\/marlborough-sauvignon-blanc-2021\/","og_site_name":"Demourshop","article_modified_time":"2026-02-23T09:13:29+00:00","og_image":[{"width":700,"height":700,"url":"http:\/\/demourshop.com\/wp-content\/uploads\/2024\/12\/Babich.png","type":"image\/png"}],"twitter_card":"summary_large_image","twitter_misc":{"Estimated reading time":"2 minutes"},"schema":{"@context":"https:\/\/schema.org","@graph":[{"@type":"WebPage","@id":"https:\/\/demourshop.com\/produit\/marlborough-sauvignon-blanc-2021\/","url":"https:\/\/demourshop.com\/produit\/marlborough-sauvignon-blanc-2021\/","name":"Marlborough Sauvignon blanc 2021 - Demourshop","isPartOf":{"@id":"https:\/\/demourshop.com\/#website"},"primaryImageOfPage":{"@id":"https:\/\/demourshop.com\/produit\/marlborough-sauvignon-blanc-2021\/#primaryimage"},"image":{"@id":"https:\/\/demourshop.com\/produit\/marlborough-sauvignon-blanc-2021\/#primaryimage"},"thumbnailUrl":"http:\/\/demourshop.com\/wp-content\/uploads\/2024\/12\/Babich.png","datePublished":"2026-02-23T08:15:33+00:00","dateModified":"2026-02-23T09:13:29+00:00","description":"Le Babich Marlborough Sauvignon Blanc 2021 incarne parfaitement le style embl\u00e9matique de sa r\u00e9gion. C\u2019est un vin id\u00e9al pour accompagner des fruits de mer.","breadcrumb":{"@id":"https:\/\/demourshop.com\/produit\/marlborough-sauvignon-blanc-2021\/#breadcrumb"},"inLanguage":"en-GB","potentialAction":[{"@type":"ReadAction","target":["https:\/\/demourshop.com\/produit\/marlborough-sauvignon-blanc-2021\/"]}]},{"@type":"ImageObject","inLanguage":"en-GB","@id":"https:\/\/demourshop.com\/produit\/marlborough-sauvignon-blanc-2021\/#primaryimage","url":"http:\/\/demourshop.com\/wp-content\/uploads\/2024\/12\/Babich.png","contentUrl":"http:\/\/demourshop.com\/wp-content\/uploads\/2024\/12\/Babich.png","width":700,"height":700},{"@type":"BreadcrumbList","@id":"https:\/\/demourshop.com\/produit\/marlborough-sauvignon-blanc-2021\/#breadcrumb","itemListElement":[{"@type":"ListItem","position":1,"name":"Accueil","item":"https:\/\/demourshop.com\/"},{"@type":"ListItem","position":2,"name":"Boutique","item":"https:\/\/demourshop.com\/boutique\/"},{"@type":"ListItem","position":3,"name":"Marlborough Sauvignon blanc 2021"}]},{"@type":"WebSite","@id":"https:\/\/demourshop.com\/#website","url":"https:\/\/demourshop.com\/","name":"Demourshop","description":"","publisher":{"@id":"https:\/\/demourshop.com\/#organization"},"potentialAction":[{"@type":"SearchAction","target":{"@type":"EntryPoint","urlTemplate":"https:\/\/demourshop.com\/?s={search_term_string}"},"query-input":{"@type":"PropertyValueSpecification","valueRequired":true,"valueName":"search_term_string"}}],"inLanguage":"en-GB"},{"@type":"Organization","@id":"https:\/\/demourshop.com\/#organization","name":"Demourshop","url":"https:\/\/demourshop.com\/","logo":{"@type":"ImageObject","inLanguage":"en-GB","@id":"https:\/\/demourshop.com\/#\/schema\/logo\/image\/","url":"http:\/\/demourshop.com\/wp-content\/uploads\/2023\/08\/logo-wine-2-1-1.png","contentUrl":"http:\/\/demourshop.com\/wp-content\/uploads\/2023\/08\/logo-wine-2-1-1.png","width":400,"height":145,"caption":"Demourshop"},"image":{"@id":"https:\/\/demourshop.com\/#\/schema\/logo\/image\/"}}]}},"_links":{"self":[{"href":"http:\/\/demourshop.com\/en\/wp-json\/wp\/v2\/product\/65094","targetHints":{"allow":["GET"]}}],"collection":[{"href":"http:\/\/demourshop.com\/en\/wp-json\/wp\/v2\/product"}],"about":[{"href":"http:\/\/demourshop.com\/en\/wp-json\/wp\/v2\/types\/product"}],"version-history":[{"count":5,"href":"http:\/\/demourshop.com\/en\/wp-json\/wp\/v2\/product\/65094\/revisions"}],"predecessor-version":[{"id":70972,"href":"http:\/\/demourshop.com\/en\/wp-json\/wp\/v2\/product\/65094\/revisions\/70972"}],"wp:featuredmedia":[{"embeddable":true,"href":"http:\/\/demourshop.com\/en\/wp-json\/wp\/v2\/media\/69693"}],"wp:attachment":[{"href":"http:\/\/demourshop.com\/en\/wp-json\/wp\/v2\/media?parent=65094"}],"wp:term":[{"taxonomy":"product_brand","embeddable":true,"href":"http:\/\/demourshop.com\/en\/wp-json\/wp\/v2\/product_brand?post=65094"},{"taxonomy":"product_cat","embeddable":true,"href":"http:\/\/demourshop.com\/en\/wp-json\/wp\/v2\/product_cat?post=65094"},{"taxonomy":"product_tag","embeddable":true,"href":"http:\/\/demourshop.com\/en\/wp-json\/wp\/v2\/product_tag?post=65094"}],"curies":[{"name":"wp","href":"https:\/\/api.w.org\/{rel}","templated":true}]}}