{"id":65092,"date":"2024-11-29T15:52:48","date_gmt":"2024-11-29T14:52:48","guid":{"rendered":"https:\/\/demourshop.com\/?post_type=product&#038;p=65092"},"modified":"2026-02-23T10:06:50","modified_gmt":"2026-02-23T09:06:50","slug":"babich-marlborough-pinot-noir-2017","status":"publish","type":"product","link":"http:\/\/demourshop.com\/en\/product\/babich-marlborough-pinot-noir-2017\/","title":{"rendered":"Babich Marlborough pinot noir 2017"},"content":{"rendered":"<p>Servez <strong>Babich Marlborough Pinot Noir 2017<\/strong> entre 14 et 16\u00b0C pour en appr\u00e9cier toute la finesse. Il accompagnera parfaitement des viandes blanches, une volaille r\u00f4tie, un saumon grill\u00e9 ou des plats v\u00e9g\u00e9tariens aux champignons. Ce Pinot Noir est \u00e0 boire d\u00e8s maintenant, mais peut aussi vieillir 2 \u00e0 4 ans en cave. L\u00e9ger mais savoureux, c\u2019est un excellent choix pour ceux qui recherchent un vin rouge \u00e9l\u00e9gant, accessible et original. Il d\u00e9montre \u00e0 merveille que la Nouvelle-Z\u00e9lande sait aussi faire de grands rouges subtils.<\/p>","protected":false},"excerpt":{"rendered":"<p><strong>Babich Marlborough Pinot Noir 2017<\/strong> \u2013 Vin rouge \u00e9l\u00e9gant de Nouvelle-Z\u00e9lande. L\u00e9ger, fruit\u00e9, floral. Id\u00e9al \u00e0 boire l\u00e9g\u00e8rement frais.<\/p>","protected":false},"featured_media":69804,"template":"","meta":{"_acf_changed":false},"product_brand":[],"product_cat":[378,507,552,727,389,382,415,395,375,393],"product_tag":[],"class_list":{"0":"post-65092","1":"product","2":"type-product","3":"status-publish","4":"has-post-thumbnail","6":"product_cat-appellations-vin-en-ligne","7":"product_cat-cepages-vin-en-ligne","8":"product_cat-vin-par-couleur-en-ligne","9":"product_cat-vin-marlborough-en-ligne","10":"product_cat-vin-nouvelle-zelande-en-ligne","11":"product_cat-vin-par-pays-en-ligne","12":"product_cat-pinot-noir-en-ligne","13":"product_cat-vin-agriculture-raisonnee","14":"product_cat-vin-rouge-en-ligne","15":"product_cat-vins-par-methode-de-vinification","16":"pa_appellations-marlborough","17":"pa_cepages-pinot-noir","18":"pa_couleurs-rouge","19":"pa_formats-75cl","20":"pa_millesimes-179","21":"pa_pays-nouvelle-zelande","22":"pa_quantites-a-lunite","23":"pa_quantites-carton-de-3-bouteilles","24":"pa_quantites-carton-de-6-bouteilles","25":"pa_vinifications-raisonnee","27":"first","28":"instock","29":"taxable","30":"shipping-taxable","31":"purchasable","32":"product-type-simple"},"acf":[],"yoast_head":"<!-- This site is optimized with the Yoast SEO plugin v27.4 - https:\/\/yoast.com\/product\/yoast-seo-wordpress\/ -->\n<title>Babich Marlborough pinot noir 2017 - Demourshop<\/title>\n<meta name=\"description\" content=\"Babich Marlborough Pinot Noir 2017 \u2013 Pinot noir n\u00e9o-z\u00e9landais souple, floral et digeste. Id\u00e9al viandes blanches ou saumon. Livraison rapide \u2013 stock limit\u00e9.\" \/>\n<meta name=\"robots\" content=\"index, follow, max-snippet:-1, max-image-preview:large, max-video-preview:-1\" \/>\n<link rel=\"canonical\" href=\"https:\/\/demourshop.com\/en\/product\/babich-marlborough-pinot-noir-2017\/\" \/>\n<meta property=\"og:locale\" content=\"en_GB\" \/>\n<meta property=\"og:type\" content=\"article\" \/>\n<meta property=\"og:title\" content=\"Babich Marlborough pinot noir 2017 - Demourshop\" \/>\n<meta property=\"og:description\" content=\"Babich Marlborough Pinot Noir 2017 \u2013 Pinot noir n\u00e9o-z\u00e9landais souple, floral et digeste. Id\u00e9al viandes blanches ou saumon. Livraison rapide \u2013 stock limit\u00e9.\" \/>\n<meta property=\"og:url\" content=\"https:\/\/demourshop.com\/en\/product\/babich-marlborough-pinot-noir-2017\/\" \/>\n<meta property=\"og:site_name\" content=\"Demourshop\" \/>\n<meta property=\"article:modified_time\" content=\"2026-02-23T09:06:50+00:00\" \/>\n<meta property=\"og:image\" content=\"http:\/\/demourshop.com\/wp-content\/uploads\/2024\/11\/Babich-PN.png\" \/>\n\t<meta property=\"og:image:width\" content=\"700\" \/>\n\t<meta property=\"og:image:height\" content=\"700\" \/>\n\t<meta property=\"og:image:type\" content=\"image\/png\" \/>\n<meta name=\"twitter:card\" content=\"summary_large_image\" \/>\n<meta name=\"twitter:label1\" content=\"Estimated reading time\" \/>\n\t<meta name=\"twitter:data1\" content=\"2 minutes\" \/>\n<script type=\"application\/ld+json\" class=\"yoast-schema-graph\">{\"@context\":\"https:\\\/\\\/schema.org\",\"@graph\":[{\"@type\":\"WebPage\",\"@id\":\"https:\\\/\\\/demourshop.com\\\/produit\\\/babich-marlborough-pinot-noir-2017\\\/\",\"url\":\"https:\\\/\\\/demourshop.com\\\/produit\\\/babich-marlborough-pinot-noir-2017\\\/\",\"name\":\"Babich Marlborough pinot noir 2017 - Demourshop\",\"isPartOf\":{\"@id\":\"https:\\\/\\\/demourshop.com\\\/#website\"},\"primaryImageOfPage\":{\"@id\":\"https:\\\/\\\/demourshop.com\\\/produit\\\/babich-marlborough-pinot-noir-2017\\\/#primaryimage\"},\"image\":{\"@id\":\"https:\\\/\\\/demourshop.com\\\/produit\\\/babich-marlborough-pinot-noir-2017\\\/#primaryimage\"},\"thumbnailUrl\":\"http:\\\/\\\/demourshop.com\\\/wp-content\\\/uploads\\\/2024\\\/11\\\/Babich-PN.png\",\"datePublished\":\"2024-11-29T14:52:48+00:00\",\"dateModified\":\"2026-02-23T09:06:50+00:00\",\"description\":\"Babich Marlborough Pinot Noir 2017 \u2013 Pinot noir n\u00e9o-z\u00e9landais souple, floral et digeste. Id\u00e9al viandes blanches ou saumon. Livraison rapide \u2013 stock limit\u00e9.\",\"breadcrumb\":{\"@id\":\"https:\\\/\\\/demourshop.com\\\/produit\\\/babich-marlborough-pinot-noir-2017\\\/#breadcrumb\"},\"inLanguage\":\"en-GB\",\"potentialAction\":[{\"@type\":\"ReadAction\",\"target\":[\"https:\\\/\\\/demourshop.com\\\/produit\\\/babich-marlborough-pinot-noir-2017\\\/\"]}]},{\"@type\":\"ImageObject\",\"inLanguage\":\"en-GB\",\"@id\":\"https:\\\/\\\/demourshop.com\\\/produit\\\/babich-marlborough-pinot-noir-2017\\\/#primaryimage\",\"url\":\"http:\\\/\\\/demourshop.com\\\/wp-content\\\/uploads\\\/2024\\\/11\\\/Babich-PN.png\",\"contentUrl\":\"http:\\\/\\\/demourshop.com\\\/wp-content\\\/uploads\\\/2024\\\/11\\\/Babich-PN.png\",\"width\":700,\"height\":700,\"caption\":\"Babich Marlborough Pinot Noir 2017, un vin rouge \u00e9l\u00e9gant de Nouvelle-Z\u00e9lande.\"},{\"@type\":\"BreadcrumbList\",\"@id\":\"https:\\\/\\\/demourshop.com\\\/produit\\\/babich-marlborough-pinot-noir-2017\\\/#breadcrumb\",\"itemListElement\":[{\"@type\":\"ListItem\",\"position\":1,\"name\":\"Accueil\",\"item\":\"https:\\\/\\\/demourshop.com\\\/\"},{\"@type\":\"ListItem\",\"position\":2,\"name\":\"Boutique\",\"item\":\"https:\\\/\\\/demourshop.com\\\/boutique\\\/\"},{\"@type\":\"ListItem\",\"position\":3,\"name\":\"Babich Marlborough pinot noir 2017\"}]},{\"@type\":\"WebSite\",\"@id\":\"https:\\\/\\\/demourshop.com\\\/#website\",\"url\":\"https:\\\/\\\/demourshop.com\\\/\",\"name\":\"Demourshop\",\"description\":\"\",\"publisher\":{\"@id\":\"https:\\\/\\\/demourshop.com\\\/#organization\"},\"potentialAction\":[{\"@type\":\"SearchAction\",\"target\":{\"@type\":\"EntryPoint\",\"urlTemplate\":\"https:\\\/\\\/demourshop.com\\\/?s={search_term_string}\"},\"query-input\":{\"@type\":\"PropertyValueSpecification\",\"valueRequired\":true,\"valueName\":\"search_term_string\"}}],\"inLanguage\":\"en-GB\"},{\"@type\":\"Organization\",\"@id\":\"https:\\\/\\\/demourshop.com\\\/#organization\",\"name\":\"Demourshop\",\"url\":\"https:\\\/\\\/demourshop.com\\\/\",\"logo\":{\"@type\":\"ImageObject\",\"inLanguage\":\"en-GB\",\"@id\":\"https:\\\/\\\/demourshop.com\\\/#\\\/schema\\\/logo\\\/image\\\/\",\"url\":\"http:\\\/\\\/demourshop.com\\\/wp-content\\\/uploads\\\/2023\\\/08\\\/logo-wine-2-1-1.png\",\"contentUrl\":\"http:\\\/\\\/demourshop.com\\\/wp-content\\\/uploads\\\/2023\\\/08\\\/logo-wine-2-1-1.png\",\"width\":400,\"height\":145,\"caption\":\"Demourshop\"},\"image\":{\"@id\":\"https:\\\/\\\/demourshop.com\\\/#\\\/schema\\\/logo\\\/image\\\/\"}}]}<\/script>\n<!-- \/ Yoast SEO plugin. -->","yoast_head_json":{"title":"Babich Marlborough pinot noir 2017 - Demourshop","description":"Babich Marlborough Pinot Noir 2017 \u2013 Pinot noir n\u00e9o-z\u00e9landais souple, floral et digeste. Id\u00e9al viandes blanches ou saumon. Livraison rapide \u2013 stock limit\u00e9.","robots":{"index":"index","follow":"follow","max-snippet":"max-snippet:-1","max-image-preview":"max-image-preview:large","max-video-preview":"max-video-preview:-1"},"canonical":"https:\/\/demourshop.com\/en\/product\/babich-marlborough-pinot-noir-2017\/","og_locale":"en_GB","og_type":"article","og_title":"Babich Marlborough pinot noir 2017 - Demourshop","og_description":"Babich Marlborough Pinot Noir 2017 \u2013 Pinot noir n\u00e9o-z\u00e9landais souple, floral et digeste. Id\u00e9al viandes blanches ou saumon. Livraison rapide \u2013 stock limit\u00e9.","og_url":"https:\/\/demourshop.com\/en\/product\/babich-marlborough-pinot-noir-2017\/","og_site_name":"Demourshop","article_modified_time":"2026-02-23T09:06:50+00:00","og_image":[{"width":700,"height":700,"url":"http:\/\/demourshop.com\/wp-content\/uploads\/2024\/11\/Babich-PN.png","type":"image\/png"}],"twitter_card":"summary_large_image","twitter_misc":{"Estimated reading time":"2 minutes"},"schema":{"@context":"https:\/\/schema.org","@graph":[{"@type":"WebPage","@id":"https:\/\/demourshop.com\/produit\/babich-marlborough-pinot-noir-2017\/","url":"https:\/\/demourshop.com\/produit\/babich-marlborough-pinot-noir-2017\/","name":"Babich Marlborough pinot noir 2017 - Demourshop","isPartOf":{"@id":"https:\/\/demourshop.com\/#website"},"primaryImageOfPage":{"@id":"https:\/\/demourshop.com\/produit\/babich-marlborough-pinot-noir-2017\/#primaryimage"},"image":{"@id":"https:\/\/demourshop.com\/produit\/babich-marlborough-pinot-noir-2017\/#primaryimage"},"thumbnailUrl":"http:\/\/demourshop.com\/wp-content\/uploads\/2024\/11\/Babich-PN.png","datePublished":"2024-11-29T14:52:48+00:00","dateModified":"2026-02-23T09:06:50+00:00","description":"Babich Marlborough Pinot Noir 2017 \u2013 Pinot noir n\u00e9o-z\u00e9landais souple, floral et digeste. Id\u00e9al viandes blanches ou saumon. Livraison rapide \u2013 stock limit\u00e9.","breadcrumb":{"@id":"https:\/\/demourshop.com\/produit\/babich-marlborough-pinot-noir-2017\/#breadcrumb"},"inLanguage":"en-GB","potentialAction":[{"@type":"ReadAction","target":["https:\/\/demourshop.com\/produit\/babich-marlborough-pinot-noir-2017\/"]}]},{"@type":"ImageObject","inLanguage":"en-GB","@id":"https:\/\/demourshop.com\/produit\/babich-marlborough-pinot-noir-2017\/#primaryimage","url":"http:\/\/demourshop.com\/wp-content\/uploads\/2024\/11\/Babich-PN.png","contentUrl":"http:\/\/demourshop.com\/wp-content\/uploads\/2024\/11\/Babich-PN.png","width":700,"height":700,"caption":"Babich Marlborough Pinot Noir 2017, un vin rouge \u00e9l\u00e9gant de Nouvelle-Z\u00e9lande."},{"@type":"BreadcrumbList","@id":"https:\/\/demourshop.com\/produit\/babich-marlborough-pinot-noir-2017\/#breadcrumb","itemListElement":[{"@type":"ListItem","position":1,"name":"Accueil","item":"https:\/\/demourshop.com\/"},{"@type":"ListItem","position":2,"name":"Boutique","item":"https:\/\/demourshop.com\/boutique\/"},{"@type":"ListItem","position":3,"name":"Babich Marlborough pinot noir 2017"}]},{"@type":"WebSite","@id":"https:\/\/demourshop.com\/#website","url":"https:\/\/demourshop.com\/","name":"Demourshop","description":"","publisher":{"@id":"https:\/\/demourshop.com\/#organization"},"potentialAction":[{"@type":"SearchAction","target":{"@type":"EntryPoint","urlTemplate":"https:\/\/demourshop.com\/?s={search_term_string}"},"query-input":{"@type":"PropertyValueSpecification","valueRequired":true,"valueName":"search_term_string"}}],"inLanguage":"en-GB"},{"@type":"Organization","@id":"https:\/\/demourshop.com\/#organization","name":"Demourshop","url":"https:\/\/demourshop.com\/","logo":{"@type":"ImageObject","inLanguage":"en-GB","@id":"https:\/\/demourshop.com\/#\/schema\/logo\/image\/","url":"http:\/\/demourshop.com\/wp-content\/uploads\/2023\/08\/logo-wine-2-1-1.png","contentUrl":"http:\/\/demourshop.com\/wp-content\/uploads\/2023\/08\/logo-wine-2-1-1.png","width":400,"height":145,"caption":"Demourshop"},"image":{"@id":"https:\/\/demourshop.com\/#\/schema\/logo\/image\/"}}]}},"_links":{"self":[{"href":"http:\/\/demourshop.com\/en\/wp-json\/wp\/v2\/product\/65092","targetHints":{"allow":["GET"]}}],"collection":[{"href":"http:\/\/demourshop.com\/en\/wp-json\/wp\/v2\/product"}],"about":[{"href":"http:\/\/demourshop.com\/en\/wp-json\/wp\/v2\/types\/product"}],"version-history":[{"count":7,"href":"http:\/\/demourshop.com\/en\/wp-json\/wp\/v2\/product\/65092\/revisions"}],"predecessor-version":[{"id":70971,"href":"http:\/\/demourshop.com\/en\/wp-json\/wp\/v2\/product\/65092\/revisions\/70971"}],"wp:featuredmedia":[{"embeddable":true,"href":"http:\/\/demourshop.com\/en\/wp-json\/wp\/v2\/media\/69804"}],"wp:attachment":[{"href":"http:\/\/demourshop.com\/en\/wp-json\/wp\/v2\/media?parent=65092"}],"wp:term":[{"taxonomy":"product_brand","embeddable":true,"href":"http:\/\/demourshop.com\/en\/wp-json\/wp\/v2\/product_brand?post=65092"},{"taxonomy":"product_cat","embeddable":true,"href":"http:\/\/demourshop.com\/en\/wp-json\/wp\/v2\/product_cat?post=65092"},{"taxonomy":"product_tag","embeddable":true,"href":"http:\/\/demourshop.com\/en\/wp-json\/wp\/v2\/product_tag?post=65092"}],"curies":[{"name":"wp","href":"https:\/\/api.w.org\/{rel}","templated":true}]}}