{"id":65090,"date":"2025-02-13T09:49:07","date_gmt":"2025-02-13T08:49:07","guid":{"rendered":"https:\/\/demourshop.com\/?post_type=product&#038;p=65090"},"modified":"2026-02-23T10:14:22","modified_gmt":"2026-02-23T09:14:22","slug":"babich-hawkes-bay-syrah-2018","status":"publish","type":"product","link":"http:\/\/demourshop.com\/en\/product\/babich-hawkes-bay-syrah-2018\/","title":{"rendered":"Babich Hawke&rsquo;s Bay Syrah 2018"},"content":{"rendered":"<p>Servez <strong>Babich Hawke&rsquo;s Bay Syrah 2018<\/strong> entre 16 et 18\u00b0C. Il accompagne id\u00e9alement des viandes grill\u00e9es, un tajine d\u2019agneau, un magret de canard ou encore un burger gourmet. Ce vin rouge pr\u00e9sente un excellent \u00e9quilibre entre concentration et fra\u00eecheur, ce qui le rend accessible et gastronomique. \u00c0 boire d\u00e8s maintenant ou \u00e0 conserver encore 3 \u00e0 5 ans pour en appr\u00e9cier l\u2019\u00e9volution. Un choix original et raffin\u00e9 pour d\u00e9couvrir la Nouvelle-Z\u00e9lande au-del\u00e0 des Sauvignon Blancs !<\/p>","protected":false},"excerpt":{"rendered":"<p><strong>Babich Hawke&rsquo;s Bay Syrah 2018<\/strong> \u2013 Syrah n\u00e9o-z\u00e9landaise \u00e9l\u00e9gante et \u00e9pic\u00e9e. Belle fra\u00eecheur, tanins soyeux. \u00c0 d\u00e9couvrir sans tarder.<\/p>","protected":false},"featured_media":69852,"template":"","meta":{"_acf_changed":false},"product_brand":[],"product_cat":[378,507,552,786,389,382,395,417,375,393],"product_tag":[],"class_list":{"0":"post-65090","1":"product","2":"type-product","3":"status-publish","4":"has-post-thumbnail","6":"product_cat-appellations-vin-en-ligne","7":"product_cat-cepages-vin-en-ligne","8":"product_cat-vin-par-couleur-en-ligne","9":"product_cat-hawkes-bay-vin","10":"product_cat-vin-nouvelle-zelande-en-ligne","11":"product_cat-vin-par-pays-en-ligne","12":"product_cat-vin-agriculture-raisonnee","13":"product_cat-syrah-en-ligne","14":"product_cat-vin-rouge-en-ligne","15":"product_cat-vins-par-methode-de-vinification","16":"pa_appellations-hawbes-bay","17":"pa_cepages-syrah","18":"pa_couleurs-rouge","19":"pa_formats-75cl","20":"pa_millesimes-178","21":"pa_pays-nouvelle-zelande","22":"pa_quantites-a-lunite","23":"pa_quantites-carton-de-3-bouteilles","24":"pa_quantites-carton-de-6-bouteilles","25":"pa_vinifications-raisonnee","27":"first","28":"instock","29":"taxable","30":"shipping-taxable","31":"purchasable","32":"product-type-simple"},"acf":[],"yoast_head":"<!-- This site is optimized with the Yoast SEO plugin v27.4 - https:\/\/yoast.com\/product\/yoast-seo-wordpress\/ -->\n<title>Babich Hawke&#039;s Bay Syrah 2018 - Demourshop<\/title>\n<meta name=\"description\" content=\"Babich Hawke&#039;s Bay Syrah 2018 \u2013 bouteille de vin rouge n\u00e9o-z\u00e9landais, c\u00e9page Syrah, \u00e9l\u00e9gante et \u00e9pic\u00e9e. Livraison rapide \u00e0 domicile.\" \/>\n<meta name=\"robots\" content=\"index, follow, max-snippet:-1, max-image-preview:large, max-video-preview:-1\" \/>\n<link rel=\"canonical\" href=\"https:\/\/demourshop.com\/en\/product\/babich-hawkes-bay-syrah-2018\/\" \/>\n<meta property=\"og:locale\" content=\"en_GB\" \/>\n<meta property=\"og:type\" content=\"article\" \/>\n<meta property=\"og:title\" content=\"Babich Hawke&#039;s Bay Syrah 2018 - Demourshop\" \/>\n<meta property=\"og:description\" content=\"Babich Hawke&#039;s Bay Syrah 2018 \u2013 bouteille de vin rouge n\u00e9o-z\u00e9landais, c\u00e9page Syrah, \u00e9l\u00e9gante et \u00e9pic\u00e9e. Livraison rapide \u00e0 domicile.\" \/>\n<meta property=\"og:url\" content=\"https:\/\/demourshop.com\/en\/product\/babich-hawkes-bay-syrah-2018\/\" \/>\n<meta property=\"og:site_name\" content=\"Demourshop\" \/>\n<meta property=\"article:modified_time\" content=\"2026-02-23T09:14:22+00:00\" \/>\n<meta property=\"og:image\" content=\"http:\/\/demourshop.com\/wp-content\/uploads\/2025\/02\/bABICH-SYRAH.png\" \/>\n\t<meta property=\"og:image:width\" content=\"700\" \/>\n\t<meta property=\"og:image:height\" content=\"700\" \/>\n\t<meta property=\"og:image:type\" content=\"image\/png\" \/>\n<meta name=\"twitter:card\" content=\"summary_large_image\" \/>\n<meta name=\"twitter:label1\" content=\"Estimated reading time\" \/>\n\t<meta name=\"twitter:data1\" content=\"2 minutes\" \/>\n<script type=\"application\/ld+json\" class=\"yoast-schema-graph\">{\"@context\":\"https:\\\/\\\/schema.org\",\"@graph\":[{\"@type\":\"WebPage\",\"@id\":\"https:\\\/\\\/demourshop.com\\\/produit\\\/babich-hawkes-bay-syrah-2018\\\/\",\"url\":\"https:\\\/\\\/demourshop.com\\\/produit\\\/babich-hawkes-bay-syrah-2018\\\/\",\"name\":\"Babich Hawke's Bay Syrah 2018 - Demourshop\",\"isPartOf\":{\"@id\":\"https:\\\/\\\/demourshop.com\\\/#website\"},\"primaryImageOfPage\":{\"@id\":\"https:\\\/\\\/demourshop.com\\\/produit\\\/babich-hawkes-bay-syrah-2018\\\/#primaryimage\"},\"image\":{\"@id\":\"https:\\\/\\\/demourshop.com\\\/produit\\\/babich-hawkes-bay-syrah-2018\\\/#primaryimage\"},\"thumbnailUrl\":\"http:\\\/\\\/demourshop.com\\\/wp-content\\\/uploads\\\/2025\\\/02\\\/bABICH-SYRAH.png\",\"datePublished\":\"2025-02-13T08:49:07+00:00\",\"dateModified\":\"2026-02-23T09:14:22+00:00\",\"description\":\"Babich Hawke's Bay Syrah 2018 \u2013 bouteille de vin rouge n\u00e9o-z\u00e9landais, c\u00e9page Syrah, \u00e9l\u00e9gante et \u00e9pic\u00e9e. Livraison rapide \u00e0 domicile.\",\"breadcrumb\":{\"@id\":\"https:\\\/\\\/demourshop.com\\\/produit\\\/babich-hawkes-bay-syrah-2018\\\/#breadcrumb\"},\"inLanguage\":\"en-GB\",\"potentialAction\":[{\"@type\":\"ReadAction\",\"target\":[\"https:\\\/\\\/demourshop.com\\\/produit\\\/babich-hawkes-bay-syrah-2018\\\/\"]}]},{\"@type\":\"ImageObject\",\"inLanguage\":\"en-GB\",\"@id\":\"https:\\\/\\\/demourshop.com\\\/produit\\\/babich-hawkes-bay-syrah-2018\\\/#primaryimage\",\"url\":\"http:\\\/\\\/demourshop.com\\\/wp-content\\\/uploads\\\/2025\\\/02\\\/bABICH-SYRAH.png\",\"contentUrl\":\"http:\\\/\\\/demourshop.com\\\/wp-content\\\/uploads\\\/2025\\\/02\\\/bABICH-SYRAH.png\",\"width\":700,\"height\":700,\"caption\":\"Babich Hawke's Bay Syrah 2018, un vin rouge complexe et \u00e9l\u00e9gant de Nouvelle-Z\u00e9lande.\"},{\"@type\":\"BreadcrumbList\",\"@id\":\"https:\\\/\\\/demourshop.com\\\/produit\\\/babich-hawkes-bay-syrah-2018\\\/#breadcrumb\",\"itemListElement\":[{\"@type\":\"ListItem\",\"position\":1,\"name\":\"Accueil\",\"item\":\"https:\\\/\\\/demourshop.com\\\/\"},{\"@type\":\"ListItem\",\"position\":2,\"name\":\"Boutique\",\"item\":\"https:\\\/\\\/demourshop.com\\\/boutique\\\/\"},{\"@type\":\"ListItem\",\"position\":3,\"name\":\"Babich Hawke&rsquo;s Bay Syrah 2018\"}]},{\"@type\":\"WebSite\",\"@id\":\"https:\\\/\\\/demourshop.com\\\/#website\",\"url\":\"https:\\\/\\\/demourshop.com\\\/\",\"name\":\"Demourshop\",\"description\":\"\",\"publisher\":{\"@id\":\"https:\\\/\\\/demourshop.com\\\/#organization\"},\"potentialAction\":[{\"@type\":\"SearchAction\",\"target\":{\"@type\":\"EntryPoint\",\"urlTemplate\":\"https:\\\/\\\/demourshop.com\\\/?s={search_term_string}\"},\"query-input\":{\"@type\":\"PropertyValueSpecification\",\"valueRequired\":true,\"valueName\":\"search_term_string\"}}],\"inLanguage\":\"en-GB\"},{\"@type\":\"Organization\",\"@id\":\"https:\\\/\\\/demourshop.com\\\/#organization\",\"name\":\"Demourshop\",\"url\":\"https:\\\/\\\/demourshop.com\\\/\",\"logo\":{\"@type\":\"ImageObject\",\"inLanguage\":\"en-GB\",\"@id\":\"https:\\\/\\\/demourshop.com\\\/#\\\/schema\\\/logo\\\/image\\\/\",\"url\":\"http:\\\/\\\/demourshop.com\\\/wp-content\\\/uploads\\\/2023\\\/08\\\/logo-wine-2-1-1.png\",\"contentUrl\":\"http:\\\/\\\/demourshop.com\\\/wp-content\\\/uploads\\\/2023\\\/08\\\/logo-wine-2-1-1.png\",\"width\":400,\"height\":145,\"caption\":\"Demourshop\"},\"image\":{\"@id\":\"https:\\\/\\\/demourshop.com\\\/#\\\/schema\\\/logo\\\/image\\\/\"}}]}<\/script>\n<!-- \/ Yoast SEO plugin. -->","yoast_head_json":{"title":"Babich Hawke's Bay Syrah 2018 - Demourshop","description":"Babich Hawke's Bay Syrah 2018 \u2013 bouteille de vin rouge n\u00e9o-z\u00e9landais, c\u00e9page Syrah, \u00e9l\u00e9gante et \u00e9pic\u00e9e. Livraison rapide \u00e0 domicile.","robots":{"index":"index","follow":"follow","max-snippet":"max-snippet:-1","max-image-preview":"max-image-preview:large","max-video-preview":"max-video-preview:-1"},"canonical":"https:\/\/demourshop.com\/en\/product\/babich-hawkes-bay-syrah-2018\/","og_locale":"en_GB","og_type":"article","og_title":"Babich Hawke's Bay Syrah 2018 - Demourshop","og_description":"Babich Hawke's Bay Syrah 2018 \u2013 bouteille de vin rouge n\u00e9o-z\u00e9landais, c\u00e9page Syrah, \u00e9l\u00e9gante et \u00e9pic\u00e9e. Livraison rapide \u00e0 domicile.","og_url":"https:\/\/demourshop.com\/en\/product\/babich-hawkes-bay-syrah-2018\/","og_site_name":"Demourshop","article_modified_time":"2026-02-23T09:14:22+00:00","og_image":[{"width":700,"height":700,"url":"http:\/\/demourshop.com\/wp-content\/uploads\/2025\/02\/bABICH-SYRAH.png","type":"image\/png"}],"twitter_card":"summary_large_image","twitter_misc":{"Estimated reading time":"2 minutes"},"schema":{"@context":"https:\/\/schema.org","@graph":[{"@type":"WebPage","@id":"https:\/\/demourshop.com\/produit\/babich-hawkes-bay-syrah-2018\/","url":"https:\/\/demourshop.com\/produit\/babich-hawkes-bay-syrah-2018\/","name":"Babich Hawke's Bay Syrah 2018 - Demourshop","isPartOf":{"@id":"https:\/\/demourshop.com\/#website"},"primaryImageOfPage":{"@id":"https:\/\/demourshop.com\/produit\/babich-hawkes-bay-syrah-2018\/#primaryimage"},"image":{"@id":"https:\/\/demourshop.com\/produit\/babich-hawkes-bay-syrah-2018\/#primaryimage"},"thumbnailUrl":"http:\/\/demourshop.com\/wp-content\/uploads\/2025\/02\/bABICH-SYRAH.png","datePublished":"2025-02-13T08:49:07+00:00","dateModified":"2026-02-23T09:14:22+00:00","description":"Babich Hawke's Bay Syrah 2018 \u2013 bouteille de vin rouge n\u00e9o-z\u00e9landais, c\u00e9page Syrah, \u00e9l\u00e9gante et \u00e9pic\u00e9e. Livraison rapide \u00e0 domicile.","breadcrumb":{"@id":"https:\/\/demourshop.com\/produit\/babich-hawkes-bay-syrah-2018\/#breadcrumb"},"inLanguage":"en-GB","potentialAction":[{"@type":"ReadAction","target":["https:\/\/demourshop.com\/produit\/babich-hawkes-bay-syrah-2018\/"]}]},{"@type":"ImageObject","inLanguage":"en-GB","@id":"https:\/\/demourshop.com\/produit\/babich-hawkes-bay-syrah-2018\/#primaryimage","url":"http:\/\/demourshop.com\/wp-content\/uploads\/2025\/02\/bABICH-SYRAH.png","contentUrl":"http:\/\/demourshop.com\/wp-content\/uploads\/2025\/02\/bABICH-SYRAH.png","width":700,"height":700,"caption":"Babich Hawke's Bay Syrah 2018, un vin rouge complexe et \u00e9l\u00e9gant de Nouvelle-Z\u00e9lande."},{"@type":"BreadcrumbList","@id":"https:\/\/demourshop.com\/produit\/babich-hawkes-bay-syrah-2018\/#breadcrumb","itemListElement":[{"@type":"ListItem","position":1,"name":"Accueil","item":"https:\/\/demourshop.com\/"},{"@type":"ListItem","position":2,"name":"Boutique","item":"https:\/\/demourshop.com\/boutique\/"},{"@type":"ListItem","position":3,"name":"Babich Hawke&rsquo;s Bay Syrah 2018"}]},{"@type":"WebSite","@id":"https:\/\/demourshop.com\/#website","url":"https:\/\/demourshop.com\/","name":"Demourshop","description":"","publisher":{"@id":"https:\/\/demourshop.com\/#organization"},"potentialAction":[{"@type":"SearchAction","target":{"@type":"EntryPoint","urlTemplate":"https:\/\/demourshop.com\/?s={search_term_string}"},"query-input":{"@type":"PropertyValueSpecification","valueRequired":true,"valueName":"search_term_string"}}],"inLanguage":"en-GB"},{"@type":"Organization","@id":"https:\/\/demourshop.com\/#organization","name":"Demourshop","url":"https:\/\/demourshop.com\/","logo":{"@type":"ImageObject","inLanguage":"en-GB","@id":"https:\/\/demourshop.com\/#\/schema\/logo\/image\/","url":"http:\/\/demourshop.com\/wp-content\/uploads\/2023\/08\/logo-wine-2-1-1.png","contentUrl":"http:\/\/demourshop.com\/wp-content\/uploads\/2023\/08\/logo-wine-2-1-1.png","width":400,"height":145,"caption":"Demourshop"},"image":{"@id":"https:\/\/demourshop.com\/#\/schema\/logo\/image\/"}}]}},"_links":{"self":[{"href":"http:\/\/demourshop.com\/en\/wp-json\/wp\/v2\/product\/65090","targetHints":{"allow":["GET"]}}],"collection":[{"href":"http:\/\/demourshop.com\/en\/wp-json\/wp\/v2\/product"}],"about":[{"href":"http:\/\/demourshop.com\/en\/wp-json\/wp\/v2\/types\/product"}],"version-history":[{"count":11,"href":"http:\/\/demourshop.com\/en\/wp-json\/wp\/v2\/product\/65090\/revisions"}],"predecessor-version":[{"id":70973,"href":"http:\/\/demourshop.com\/en\/wp-json\/wp\/v2\/product\/65090\/revisions\/70973"}],"wp:featuredmedia":[{"embeddable":true,"href":"http:\/\/demourshop.com\/en\/wp-json\/wp\/v2\/media\/69852"}],"wp:attachment":[{"href":"http:\/\/demourshop.com\/en\/wp-json\/wp\/v2\/media?parent=65090"}],"wp:term":[{"taxonomy":"product_brand","embeddable":true,"href":"http:\/\/demourshop.com\/en\/wp-json\/wp\/v2\/product_brand?post=65090"},{"taxonomy":"product_cat","embeddable":true,"href":"http:\/\/demourshop.com\/en\/wp-json\/wp\/v2\/product_cat?post=65090"},{"taxonomy":"product_tag","embeddable":true,"href":"http:\/\/demourshop.com\/en\/wp-json\/wp\/v2\/product_tag?post=65090"}],"curies":[{"name":"wp","href":"https:\/\/api.w.org\/{rel}","templated":true}]}}