{"id":65085,"date":"2025-01-31T16:00:04","date_gmt":"2025-01-31T15:00:04","guid":{"rendered":"https:\/\/demourshop.com\/?post_type=product&#038;p=65085"},"modified":"2025-09-26T14:41:22","modified_gmt":"2025-09-26T12:41:22","slug":"les-faitieres-2020","status":"publish","type":"product","link":"http:\/\/demourshop.com\/en\/product\/les-faitieres-2020\/","title":{"rendered":"Les Faiti\u00e8res 2020"},"content":{"rendered":"<p><strong>Les Fa\u00eeti\u00e8res 2020<\/strong> est une excellente introduction aux rouges alsaciens. Les Faiti\u00e8res 2020 L\u00e9ger, mais expressif, il s\u2019appr\u00e9cie l\u00e9g\u00e8rement rafra\u00eechi \u00e0 14\u202f\u00b0C. Sa structure d\u00e9licate lui permet de s\u00e9duire aussi bien les novices que les connaisseurs \u00e0 la recherche d\u2019un vin rouge accessible. Il peut se conserver <strong>jusqu\u2019\u00e0 5 ans<\/strong>, mais s\u2019exprime pleinement d\u00e8s aujourd\u2019hui. Une cuv\u00e9e id\u00e9ale pour accompagner des repas l\u00e9gers, des pique-niques gourmands ou des soir\u00e9es conviviales autour de tapas.<\/p>","protected":false},"excerpt":{"rendered":"<p><strong>Les Fa\u00eeti\u00e8res 2020<\/strong> \u2013 Pinot Noir souple et fruit\u00e9 d\u2019Alsace. Belle fra\u00eecheur, notes de cassis, tanins soyeux. Id\u00e9al viandes blanches et charcuterie.<\/p>","protected":false},"featured_media":69798,"template":"","meta":{"_acf_changed":false},"product_brand":[],"product_cat":[423,378,507,552,383,382,415,395,375,393],"product_tag":[],"class_list":{"0":"post-65085","1":"product","2":"type-product","3":"status-publish","4":"has-post-thumbnail","6":"product_cat-vin-alsace-en-ligne","7":"product_cat-appellations-vin-en-ligne","8":"product_cat-cepages-vin-en-ligne","9":"product_cat-vin-par-couleur-en-ligne","10":"product_cat-vin-de-france-en-ligne","11":"product_cat-vin-par-pays-en-ligne","12":"product_cat-pinot-noir-en-ligne","13":"product_cat-vin-agriculture-raisonnee","14":"product_cat-vin-rouge-en-ligne","15":"product_cat-vins-par-methode-de-vinification","16":"pa_appellations-alsace","17":"pa_cepages-pinot-noir","18":"pa_couleurs-rouge","19":"pa_formats-75cl","20":"pa_millesimes-176","21":"pa_pays-france","22":"pa_quantites-a-lunite","23":"pa_quantites-carton-de-3-bouteilles","24":"pa_quantites-carton-de-6-bouteilles","25":"pa_vinifications-raisonnee","27":"first","28":"instock","29":"taxable","30":"shipping-taxable","31":"purchasable","32":"product-type-simple"},"acf":[],"yoast_head":"<!-- This site is optimized with the Yoast SEO plugin v27.4 - https:\/\/yoast.com\/product\/yoast-seo-wordpress\/ -->\n<title>Les Faiti\u00e8res 2020 - Demourshop<\/title>\n<meta name=\"description\" content=\"Les Fa\u00eeti\u00e8res 2020 \u2013 Pinot Noir d\u2019Alsace souple et fruit\u00e9. Notes de cassis, tanins doux. Id\u00e9al viandes blanches, ap\u00e9ros, cuisine l\u00e9g\u00e8re.Les Faiti\u00e8res 2020\" \/>\n<meta name=\"robots\" content=\"index, follow, max-snippet:-1, max-image-preview:large, max-video-preview:-1\" \/>\n<link rel=\"canonical\" href=\"https:\/\/demourshop.com\/en\/product\/les-faitieres-2020\/\" \/>\n<meta property=\"og:locale\" content=\"en_GB\" \/>\n<meta property=\"og:type\" content=\"article\" \/>\n<meta property=\"og:title\" content=\"Les Faiti\u00e8res 2020 - Demourshop\" \/>\n<meta property=\"og:description\" content=\"Les Fa\u00eeti\u00e8res 2020 \u2013 Pinot Noir d\u2019Alsace souple et fruit\u00e9. Notes de cassis, tanins doux. Id\u00e9al viandes blanches, ap\u00e9ros, cuisine l\u00e9g\u00e8re.Les Faiti\u00e8res 2020\" \/>\n<meta property=\"og:url\" content=\"https:\/\/demourshop.com\/en\/product\/les-faitieres-2020\/\" \/>\n<meta property=\"og:site_name\" content=\"Demourshop\" \/>\n<meta property=\"article:modified_time\" content=\"2025-09-26T12:41:22+00:00\" \/>\n<meta property=\"og:image\" content=\"http:\/\/demourshop.com\/wp-content\/uploads\/2025\/01\/Faitiere.png\" \/>\n\t<meta property=\"og:image:width\" content=\"700\" \/>\n\t<meta property=\"og:image:height\" content=\"700\" \/>\n\t<meta property=\"og:image:type\" content=\"image\/png\" \/>\n<meta name=\"twitter:card\" content=\"summary_large_image\" \/>\n<meta name=\"twitter:label1\" content=\"Estimated reading time\" \/>\n\t<meta name=\"twitter:data1\" content=\"2 minutes\" \/>\n<script type=\"application\/ld+json\" class=\"yoast-schema-graph\">{\"@context\":\"https:\\\/\\\/schema.org\",\"@graph\":[{\"@type\":\"WebPage\",\"@id\":\"https:\\\/\\\/demourshop.com\\\/produit\\\/les-faitieres-2020\\\/\",\"url\":\"https:\\\/\\\/demourshop.com\\\/produit\\\/les-faitieres-2020\\\/\",\"name\":\"Les Faiti\u00e8res 2020 - Demourshop\",\"isPartOf\":{\"@id\":\"https:\\\/\\\/demourshop.com\\\/#website\"},\"primaryImageOfPage\":{\"@id\":\"https:\\\/\\\/demourshop.com\\\/produit\\\/les-faitieres-2020\\\/#primaryimage\"},\"image\":{\"@id\":\"https:\\\/\\\/demourshop.com\\\/produit\\\/les-faitieres-2020\\\/#primaryimage\"},\"thumbnailUrl\":\"http:\\\/\\\/demourshop.com\\\/wp-content\\\/uploads\\\/2025\\\/01\\\/Faitiere.png\",\"datePublished\":\"2025-01-31T15:00:04+00:00\",\"dateModified\":\"2025-09-26T12:41:22+00:00\",\"description\":\"Les Fa\u00eeti\u00e8res 2020 \u2013 Pinot Noir d\u2019Alsace souple et fruit\u00e9. Notes de cassis, tanins doux. Id\u00e9al viandes blanches, ap\u00e9ros, cuisine l\u00e9g\u00e8re.Les Faiti\u00e8res 2020\",\"breadcrumb\":{\"@id\":\"https:\\\/\\\/demourshop.com\\\/produit\\\/les-faitieres-2020\\\/#breadcrumb\"},\"inLanguage\":\"en-GB\",\"potentialAction\":[{\"@type\":\"ReadAction\",\"target\":[\"https:\\\/\\\/demourshop.com\\\/produit\\\/les-faitieres-2020\\\/\"]}]},{\"@type\":\"ImageObject\",\"inLanguage\":\"en-GB\",\"@id\":\"https:\\\/\\\/demourshop.com\\\/produit\\\/les-faitieres-2020\\\/#primaryimage\",\"url\":\"http:\\\/\\\/demourshop.com\\\/wp-content\\\/uploads\\\/2025\\\/01\\\/Faitiere.png\",\"contentUrl\":\"http:\\\/\\\/demourshop.com\\\/wp-content\\\/uploads\\\/2025\\\/01\\\/Faitiere.png\",\"width\":700,\"height\":700,\"caption\":\"Les Faiti\u00e8res 2020, un vin rouge d'Alsace \u00e0 d\u00e9guster \u00e0 14\u00b0C.\"},{\"@type\":\"BreadcrumbList\",\"@id\":\"https:\\\/\\\/demourshop.com\\\/produit\\\/les-faitieres-2020\\\/#breadcrumb\",\"itemListElement\":[{\"@type\":\"ListItem\",\"position\":1,\"name\":\"Accueil\",\"item\":\"https:\\\/\\\/demourshop.com\\\/\"},{\"@type\":\"ListItem\",\"position\":2,\"name\":\"Boutique\",\"item\":\"https:\\\/\\\/demourshop.com\\\/boutique\\\/\"},{\"@type\":\"ListItem\",\"position\":3,\"name\":\"Les Faiti\u00e8res 2020\"}]},{\"@type\":\"WebSite\",\"@id\":\"https:\\\/\\\/demourshop.com\\\/#website\",\"url\":\"https:\\\/\\\/demourshop.com\\\/\",\"name\":\"Demourshop\",\"description\":\"\",\"publisher\":{\"@id\":\"https:\\\/\\\/demourshop.com\\\/#organization\"},\"potentialAction\":[{\"@type\":\"SearchAction\",\"target\":{\"@type\":\"EntryPoint\",\"urlTemplate\":\"https:\\\/\\\/demourshop.com\\\/?s={search_term_string}\"},\"query-input\":{\"@type\":\"PropertyValueSpecification\",\"valueRequired\":true,\"valueName\":\"search_term_string\"}}],\"inLanguage\":\"en-GB\"},{\"@type\":\"Organization\",\"@id\":\"https:\\\/\\\/demourshop.com\\\/#organization\",\"name\":\"Demourshop\",\"url\":\"https:\\\/\\\/demourshop.com\\\/\",\"logo\":{\"@type\":\"ImageObject\",\"inLanguage\":\"en-GB\",\"@id\":\"https:\\\/\\\/demourshop.com\\\/#\\\/schema\\\/logo\\\/image\\\/\",\"url\":\"http:\\\/\\\/demourshop.com\\\/wp-content\\\/uploads\\\/2023\\\/08\\\/logo-wine-2-1-1.png\",\"contentUrl\":\"http:\\\/\\\/demourshop.com\\\/wp-content\\\/uploads\\\/2023\\\/08\\\/logo-wine-2-1-1.png\",\"width\":400,\"height\":145,\"caption\":\"Demourshop\"},\"image\":{\"@id\":\"https:\\\/\\\/demourshop.com\\\/#\\\/schema\\\/logo\\\/image\\\/\"}}]}<\/script>\n<!-- \/ Yoast SEO plugin. -->","yoast_head_json":{"title":"Les Faiti\u00e8res 2020 - Demourshop","description":"Les Fa\u00eeti\u00e8res 2020 \u2013 Pinot Noir d\u2019Alsace souple et fruit\u00e9. Notes de cassis, tanins doux. Id\u00e9al viandes blanches, ap\u00e9ros, cuisine l\u00e9g\u00e8re.Les Faiti\u00e8res 2020","robots":{"index":"index","follow":"follow","max-snippet":"max-snippet:-1","max-image-preview":"max-image-preview:large","max-video-preview":"max-video-preview:-1"},"canonical":"https:\/\/demourshop.com\/en\/product\/les-faitieres-2020\/","og_locale":"en_GB","og_type":"article","og_title":"Les Faiti\u00e8res 2020 - Demourshop","og_description":"Les Fa\u00eeti\u00e8res 2020 \u2013 Pinot Noir d\u2019Alsace souple et fruit\u00e9. Notes de cassis, tanins doux. Id\u00e9al viandes blanches, ap\u00e9ros, cuisine l\u00e9g\u00e8re.Les Faiti\u00e8res 2020","og_url":"https:\/\/demourshop.com\/en\/product\/les-faitieres-2020\/","og_site_name":"Demourshop","article_modified_time":"2025-09-26T12:41:22+00:00","og_image":[{"width":700,"height":700,"url":"http:\/\/demourshop.com\/wp-content\/uploads\/2025\/01\/Faitiere.png","type":"image\/png"}],"twitter_card":"summary_large_image","twitter_misc":{"Estimated reading time":"2 minutes"},"schema":{"@context":"https:\/\/schema.org","@graph":[{"@type":"WebPage","@id":"https:\/\/demourshop.com\/produit\/les-faitieres-2020\/","url":"https:\/\/demourshop.com\/produit\/les-faitieres-2020\/","name":"Les Faiti\u00e8res 2020 - Demourshop","isPartOf":{"@id":"https:\/\/demourshop.com\/#website"},"primaryImageOfPage":{"@id":"https:\/\/demourshop.com\/produit\/les-faitieres-2020\/#primaryimage"},"image":{"@id":"https:\/\/demourshop.com\/produit\/les-faitieres-2020\/#primaryimage"},"thumbnailUrl":"http:\/\/demourshop.com\/wp-content\/uploads\/2025\/01\/Faitiere.png","datePublished":"2025-01-31T15:00:04+00:00","dateModified":"2025-09-26T12:41:22+00:00","description":"Les Fa\u00eeti\u00e8res 2020 \u2013 Pinot Noir d\u2019Alsace souple et fruit\u00e9. Notes de cassis, tanins doux. Id\u00e9al viandes blanches, ap\u00e9ros, cuisine l\u00e9g\u00e8re.Les Faiti\u00e8res 2020","breadcrumb":{"@id":"https:\/\/demourshop.com\/produit\/les-faitieres-2020\/#breadcrumb"},"inLanguage":"en-GB","potentialAction":[{"@type":"ReadAction","target":["https:\/\/demourshop.com\/produit\/les-faitieres-2020\/"]}]},{"@type":"ImageObject","inLanguage":"en-GB","@id":"https:\/\/demourshop.com\/produit\/les-faitieres-2020\/#primaryimage","url":"http:\/\/demourshop.com\/wp-content\/uploads\/2025\/01\/Faitiere.png","contentUrl":"http:\/\/demourshop.com\/wp-content\/uploads\/2025\/01\/Faitiere.png","width":700,"height":700,"caption":"Les Faiti\u00e8res 2020, un vin rouge d'Alsace \u00e0 d\u00e9guster \u00e0 14\u00b0C."},{"@type":"BreadcrumbList","@id":"https:\/\/demourshop.com\/produit\/les-faitieres-2020\/#breadcrumb","itemListElement":[{"@type":"ListItem","position":1,"name":"Accueil","item":"https:\/\/demourshop.com\/"},{"@type":"ListItem","position":2,"name":"Boutique","item":"https:\/\/demourshop.com\/boutique\/"},{"@type":"ListItem","position":3,"name":"Les Faiti\u00e8res 2020"}]},{"@type":"WebSite","@id":"https:\/\/demourshop.com\/#website","url":"https:\/\/demourshop.com\/","name":"Demourshop","description":"","publisher":{"@id":"https:\/\/demourshop.com\/#organization"},"potentialAction":[{"@type":"SearchAction","target":{"@type":"EntryPoint","urlTemplate":"https:\/\/demourshop.com\/?s={search_term_string}"},"query-input":{"@type":"PropertyValueSpecification","valueRequired":true,"valueName":"search_term_string"}}],"inLanguage":"en-GB"},{"@type":"Organization","@id":"https:\/\/demourshop.com\/#organization","name":"Demourshop","url":"https:\/\/demourshop.com\/","logo":{"@type":"ImageObject","inLanguage":"en-GB","@id":"https:\/\/demourshop.com\/#\/schema\/logo\/image\/","url":"http:\/\/demourshop.com\/wp-content\/uploads\/2023\/08\/logo-wine-2-1-1.png","contentUrl":"http:\/\/demourshop.com\/wp-content\/uploads\/2023\/08\/logo-wine-2-1-1.png","width":400,"height":145,"caption":"Demourshop"},"image":{"@id":"https:\/\/demourshop.com\/#\/schema\/logo\/image\/"}}]}},"_links":{"self":[{"href":"http:\/\/demourshop.com\/en\/wp-json\/wp\/v2\/product\/65085","targetHints":{"allow":["GET"]}}],"collection":[{"href":"http:\/\/demourshop.com\/en\/wp-json\/wp\/v2\/product"}],"about":[{"href":"http:\/\/demourshop.com\/en\/wp-json\/wp\/v2\/types\/product"}],"version-history":[{"count":8,"href":"http:\/\/demourshop.com\/en\/wp-json\/wp\/v2\/product\/65085\/revisions"}],"predecessor-version":[{"id":70701,"href":"http:\/\/demourshop.com\/en\/wp-json\/wp\/v2\/product\/65085\/revisions\/70701"}],"wp:featuredmedia":[{"embeddable":true,"href":"http:\/\/demourshop.com\/en\/wp-json\/wp\/v2\/media\/69798"}],"wp:attachment":[{"href":"http:\/\/demourshop.com\/en\/wp-json\/wp\/v2\/media?parent=65085"}],"wp:term":[{"taxonomy":"product_brand","embeddable":true,"href":"http:\/\/demourshop.com\/en\/wp-json\/wp\/v2\/product_brand?post=65085"},{"taxonomy":"product_cat","embeddable":true,"href":"http:\/\/demourshop.com\/en\/wp-json\/wp\/v2\/product_cat?post=65085"},{"taxonomy":"product_tag","embeddable":true,"href":"http:\/\/demourshop.com\/en\/wp-json\/wp\/v2\/product_tag?post=65085"}],"curies":[{"name":"wp","href":"https:\/\/api.w.org\/{rel}","templated":true}]}}