{"id":48432,"date":"2023-11-03T11:42:45","date_gmt":"2023-11-03T10:42:45","guid":{"rendered":"https:\/\/demourshop.com\/?post_type=product&#038;p=48432"},"modified":"2025-11-13T15:29:51","modified_gmt":"2025-11-13T14:29:51","slug":"milady-de-larigaudiere","status":"publish","type":"product","link":"http:\/\/demourshop.com\/en\/product\/milady-de-larigaudiere\/","title":{"rendered":"Milady de Larigaudi\u00e8re"},"content":{"rendered":"<p>\u00c0 servir autour de 17 \u00b0C avec une viande rouge tendre, un magret de canard ou un plat truff\u00e9, <strong>Milady de Larigaudi\u00e8re 2018<\/strong> s\u00e9duit par son \u00e9quilibre entre finesse et structure. Un vin harmonieux pouvant \u00eatre d\u00e9gust\u00e9 d\u00e8s maintenant, qui refl\u00e8te \u00e0 merveille l\u2019esprit classique de l\u2019appellation.<\/p>","protected":false},"excerpt":{"rendered":"<p><strong>Milady de Larigaudi\u00e8re 2018<\/strong> \u2013 \u00e9quilibre entre finesse et structure. Un vin harmonieux qui refl\u00e8te \u00e0 merveille l\u2019esprit classique de l\u2019appellation. Livraison rapide.<\/p>","protected":false},"featured_media":69713,"template":"","meta":{"_acf_changed":false},"product_brand":[],"product_cat":[378,464,507,552,383,381,409,382,395,375,393,160],"product_tag":[],"class_list":{"0":"post-48432","1":"product","2":"type-product","3":"status-publish","4":"has-post-thumbnail","6":"product_cat-appellations-vin-en-ligne","7":"product_cat-cabernet-sauvignon-en-ligne","8":"product_cat-cepages-vin-en-ligne","9":"product_cat-vin-par-couleur-en-ligne","10":"product_cat-vin-de-france-en-ligne","11":"product_cat-margaux-en-ligne","12":"product_cat-merlot-en-ligne","13":"product_cat-vin-par-pays-en-ligne","14":"product_cat-vin-agriculture-raisonnee","15":"product_cat-vin-rouge-en-ligne","16":"product_cat-vins-par-methode-de-vinification","17":"product_cat-vins-de-proprietes-en-ligne","19":"first","20":"instock","21":"taxable","22":"shipping-taxable","23":"purchasable","24":"product-type-simple"},"acf":[],"yoast_head":"<!-- This site is optimized with the Yoast SEO plugin v27.4 - https:\/\/yoast.com\/product\/yoast-seo-wordpress\/ -->\n<title>Milady de Larigaudi\u00e8re - Demourshop<\/title>\n<meta name=\"description\" content=\"Milady de Larigaudi\u00e8re 2018 \u2013 \u00e9quilibre entre finesse et structure. Un vin harmonieux qui refl\u00e8te \u00e0 merveille l\u2019esprit classique de l\u2019appellation.\" \/>\n<meta name=\"robots\" content=\"index, follow, max-snippet:-1, max-image-preview:large, max-video-preview:-1\" \/>\n<link rel=\"canonical\" href=\"https:\/\/demourshop.com\/en\/product\/milady-de-larigaudiere\/\" \/>\n<meta property=\"og:locale\" content=\"en_GB\" \/>\n<meta property=\"og:type\" content=\"article\" \/>\n<meta property=\"og:title\" content=\"Milady de Larigaudi\u00e8re - Demourshop\" \/>\n<meta property=\"og:description\" content=\"Milady de Larigaudi\u00e8re 2018 \u2013 \u00e9quilibre entre finesse et structure. Un vin harmonieux qui refl\u00e8te \u00e0 merveille l\u2019esprit classique de l\u2019appellation.\" \/>\n<meta property=\"og:url\" content=\"https:\/\/demourshop.com\/en\/product\/milady-de-larigaudiere\/\" \/>\n<meta property=\"og:site_name\" content=\"Demourshop\" \/>\n<meta property=\"article:modified_time\" content=\"2025-11-13T14:29:51+00:00\" \/>\n<meta property=\"og:image\" content=\"https:\/\/demourshop.com\/wp-content\/uploads\/2023\/11\/Milady.png\" \/>\n\t<meta property=\"og:image:width\" content=\"700\" \/>\n\t<meta property=\"og:image:height\" content=\"700\" \/>\n\t<meta property=\"og:image:type\" content=\"image\/png\" \/>\n<meta name=\"twitter:card\" content=\"summary_large_image\" \/>\n<meta name=\"twitter:label1\" content=\"Estimated reading time\" \/>\n\t<meta name=\"twitter:data1\" content=\"2 minutes\" \/>\n<script type=\"application\/ld+json\" class=\"yoast-schema-graph\">{\"@context\":\"https:\\\/\\\/schema.org\",\"@graph\":[{\"@type\":\"WebPage\",\"@id\":\"https:\\\/\\\/demourshop.com\\\/produit\\\/milady-de-larigaudiere\\\/\",\"url\":\"https:\\\/\\\/demourshop.com\\\/produit\\\/milady-de-larigaudiere\\\/\",\"name\":\"Milady de Larigaudi\u00e8re - Demourshop\",\"isPartOf\":{\"@id\":\"https:\\\/\\\/demourshop.com\\\/#website\"},\"primaryImageOfPage\":{\"@id\":\"https:\\\/\\\/demourshop.com\\\/produit\\\/milady-de-larigaudiere\\\/#primaryimage\"},\"image\":{\"@id\":\"https:\\\/\\\/demourshop.com\\\/produit\\\/milady-de-larigaudiere\\\/#primaryimage\"},\"thumbnailUrl\":\"http:\\\/\\\/demourshop.com\\\/wp-content\\\/uploads\\\/2023\\\/11\\\/Milady.png\",\"datePublished\":\"2023-11-03T10:42:45+00:00\",\"dateModified\":\"2025-11-13T14:29:51+00:00\",\"description\":\"Milady de Larigaudi\u00e8re 2018 \u2013 \u00e9quilibre entre finesse et structure. Un vin harmonieux qui refl\u00e8te \u00e0 merveille l\u2019esprit classique de l\u2019appellation.\",\"breadcrumb\":{\"@id\":\"https:\\\/\\\/demourshop.com\\\/produit\\\/milady-de-larigaudiere\\\/#breadcrumb\"},\"inLanguage\":\"en-GB\",\"potentialAction\":[{\"@type\":\"ReadAction\",\"target\":[\"https:\\\/\\\/demourshop.com\\\/produit\\\/milady-de-larigaudiere\\\/\"]}]},{\"@type\":\"ImageObject\",\"inLanguage\":\"en-GB\",\"@id\":\"https:\\\/\\\/demourshop.com\\\/produit\\\/milady-de-larigaudiere\\\/#primaryimage\",\"url\":\"http:\\\/\\\/demourshop.com\\\/wp-content\\\/uploads\\\/2023\\\/11\\\/Milady.png\",\"contentUrl\":\"http:\\\/\\\/demourshop.com\\\/wp-content\\\/uploads\\\/2023\\\/11\\\/Milady.png\",\"width\":700,\"height\":700},{\"@type\":\"BreadcrumbList\",\"@id\":\"https:\\\/\\\/demourshop.com\\\/produit\\\/milady-de-larigaudiere\\\/#breadcrumb\",\"itemListElement\":[{\"@type\":\"ListItem\",\"position\":1,\"name\":\"Accueil\",\"item\":\"https:\\\/\\\/demourshop.com\\\/\"},{\"@type\":\"ListItem\",\"position\":2,\"name\":\"Boutique\",\"item\":\"https:\\\/\\\/demourshop.com\\\/boutique\\\/\"},{\"@type\":\"ListItem\",\"position\":3,\"name\":\"Milady de Larigaudi\u00e8re\"}]},{\"@type\":\"WebSite\",\"@id\":\"https:\\\/\\\/demourshop.com\\\/#website\",\"url\":\"https:\\\/\\\/demourshop.com\\\/\",\"name\":\"Demourshop\",\"description\":\"\",\"publisher\":{\"@id\":\"https:\\\/\\\/demourshop.com\\\/#organization\"},\"potentialAction\":[{\"@type\":\"SearchAction\",\"target\":{\"@type\":\"EntryPoint\",\"urlTemplate\":\"https:\\\/\\\/demourshop.com\\\/?s={search_term_string}\"},\"query-input\":{\"@type\":\"PropertyValueSpecification\",\"valueRequired\":true,\"valueName\":\"search_term_string\"}}],\"inLanguage\":\"en-GB\"},{\"@type\":\"Organization\",\"@id\":\"https:\\\/\\\/demourshop.com\\\/#organization\",\"name\":\"Demourshop\",\"url\":\"https:\\\/\\\/demourshop.com\\\/\",\"logo\":{\"@type\":\"ImageObject\",\"inLanguage\":\"en-GB\",\"@id\":\"https:\\\/\\\/demourshop.com\\\/#\\\/schema\\\/logo\\\/image\\\/\",\"url\":\"http:\\\/\\\/demourshop.com\\\/wp-content\\\/uploads\\\/2023\\\/08\\\/logo-wine-2-1-1.png\",\"contentUrl\":\"http:\\\/\\\/demourshop.com\\\/wp-content\\\/uploads\\\/2023\\\/08\\\/logo-wine-2-1-1.png\",\"width\":400,\"height\":145,\"caption\":\"Demourshop\"},\"image\":{\"@id\":\"https:\\\/\\\/demourshop.com\\\/#\\\/schema\\\/logo\\\/image\\\/\"}}]}<\/script>\n<!-- \/ Yoast SEO plugin. -->","yoast_head_json":{"title":"Milady de Larigaudi\u00e8re - Demourshop","description":"Milady de Larigaudi\u00e8re 2018 \u2013 \u00e9quilibre entre finesse et structure. Un vin harmonieux qui refl\u00e8te \u00e0 merveille l\u2019esprit classique de l\u2019appellation.","robots":{"index":"index","follow":"follow","max-snippet":"max-snippet:-1","max-image-preview":"max-image-preview:large","max-video-preview":"max-video-preview:-1"},"canonical":"https:\/\/demourshop.com\/en\/product\/milady-de-larigaudiere\/","og_locale":"en_GB","og_type":"article","og_title":"Milady de Larigaudi\u00e8re - Demourshop","og_description":"Milady de Larigaudi\u00e8re 2018 \u2013 \u00e9quilibre entre finesse et structure. Un vin harmonieux qui refl\u00e8te \u00e0 merveille l\u2019esprit classique de l\u2019appellation.","og_url":"https:\/\/demourshop.com\/en\/product\/milady-de-larigaudiere\/","og_site_name":"Demourshop","article_modified_time":"2025-11-13T14:29:51+00:00","og_image":[{"width":700,"height":700,"url":"https:\/\/demourshop.com\/wp-content\/uploads\/2023\/11\/Milady.png","type":"image\/png"}],"twitter_card":"summary_large_image","twitter_misc":{"Estimated reading time":"2 minutes"},"schema":{"@context":"https:\/\/schema.org","@graph":[{"@type":"WebPage","@id":"https:\/\/demourshop.com\/produit\/milady-de-larigaudiere\/","url":"https:\/\/demourshop.com\/produit\/milady-de-larigaudiere\/","name":"Milady de Larigaudi\u00e8re - Demourshop","isPartOf":{"@id":"https:\/\/demourshop.com\/#website"},"primaryImageOfPage":{"@id":"https:\/\/demourshop.com\/produit\/milady-de-larigaudiere\/#primaryimage"},"image":{"@id":"https:\/\/demourshop.com\/produit\/milady-de-larigaudiere\/#primaryimage"},"thumbnailUrl":"http:\/\/demourshop.com\/wp-content\/uploads\/2023\/11\/Milady.png","datePublished":"2023-11-03T10:42:45+00:00","dateModified":"2025-11-13T14:29:51+00:00","description":"Milady de Larigaudi\u00e8re 2018 \u2013 \u00e9quilibre entre finesse et structure. Un vin harmonieux qui refl\u00e8te \u00e0 merveille l\u2019esprit classique de l\u2019appellation.","breadcrumb":{"@id":"https:\/\/demourshop.com\/produit\/milady-de-larigaudiere\/#breadcrumb"},"inLanguage":"en-GB","potentialAction":[{"@type":"ReadAction","target":["https:\/\/demourshop.com\/produit\/milady-de-larigaudiere\/"]}]},{"@type":"ImageObject","inLanguage":"en-GB","@id":"https:\/\/demourshop.com\/produit\/milady-de-larigaudiere\/#primaryimage","url":"http:\/\/demourshop.com\/wp-content\/uploads\/2023\/11\/Milady.png","contentUrl":"http:\/\/demourshop.com\/wp-content\/uploads\/2023\/11\/Milady.png","width":700,"height":700},{"@type":"BreadcrumbList","@id":"https:\/\/demourshop.com\/produit\/milady-de-larigaudiere\/#breadcrumb","itemListElement":[{"@type":"ListItem","position":1,"name":"Accueil","item":"https:\/\/demourshop.com\/"},{"@type":"ListItem","position":2,"name":"Boutique","item":"https:\/\/demourshop.com\/boutique\/"},{"@type":"ListItem","position":3,"name":"Milady de Larigaudi\u00e8re"}]},{"@type":"WebSite","@id":"https:\/\/demourshop.com\/#website","url":"https:\/\/demourshop.com\/","name":"Demourshop","description":"","publisher":{"@id":"https:\/\/demourshop.com\/#organization"},"potentialAction":[{"@type":"SearchAction","target":{"@type":"EntryPoint","urlTemplate":"https:\/\/demourshop.com\/?s={search_term_string}"},"query-input":{"@type":"PropertyValueSpecification","valueRequired":true,"valueName":"search_term_string"}}],"inLanguage":"en-GB"},{"@type":"Organization","@id":"https:\/\/demourshop.com\/#organization","name":"Demourshop","url":"https:\/\/demourshop.com\/","logo":{"@type":"ImageObject","inLanguage":"en-GB","@id":"https:\/\/demourshop.com\/#\/schema\/logo\/image\/","url":"http:\/\/demourshop.com\/wp-content\/uploads\/2023\/08\/logo-wine-2-1-1.png","contentUrl":"http:\/\/demourshop.com\/wp-content\/uploads\/2023\/08\/logo-wine-2-1-1.png","width":400,"height":145,"caption":"Demourshop"},"image":{"@id":"https:\/\/demourshop.com\/#\/schema\/logo\/image\/"}}]}},"_links":{"self":[{"href":"http:\/\/demourshop.com\/en\/wp-json\/wp\/v2\/product\/48432","targetHints":{"allow":["GET"]}}],"collection":[{"href":"http:\/\/demourshop.com\/en\/wp-json\/wp\/v2\/product"}],"about":[{"href":"http:\/\/demourshop.com\/en\/wp-json\/wp\/v2\/types\/product"}],"version-history":[{"count":3,"href":"http:\/\/demourshop.com\/en\/wp-json\/wp\/v2\/product\/48432\/revisions"}],"predecessor-version":[{"id":70777,"href":"http:\/\/demourshop.com\/en\/wp-json\/wp\/v2\/product\/48432\/revisions\/70777"}],"wp:featuredmedia":[{"embeddable":true,"href":"http:\/\/demourshop.com\/en\/wp-json\/wp\/v2\/media\/69713"}],"wp:attachment":[{"href":"http:\/\/demourshop.com\/en\/wp-json\/wp\/v2\/media?parent=48432"}],"wp:term":[{"taxonomy":"product_brand","embeddable":true,"href":"http:\/\/demourshop.com\/en\/wp-json\/wp\/v2\/product_brand?post=48432"},{"taxonomy":"product_cat","embeddable":true,"href":"http:\/\/demourshop.com\/en\/wp-json\/wp\/v2\/product_cat?post=48432"},{"taxonomy":"product_tag","embeddable":true,"href":"http:\/\/demourshop.com\/en\/wp-json\/wp\/v2\/product_tag?post=48432"}],"curies":[{"name":"wp","href":"https:\/\/api.w.org\/{rel}","templated":true}]}}