{"id":46752,"date":"2023-08-23T15:55:19","date_gmt":"2023-08-23T13:55:19","guid":{"rendered":"https:\/\/demourshop.com\/?post_type=product&#038;p=46752"},"modified":"2025-09-26T15:40:48","modified_gmt":"2025-09-26T13:40:48","slug":"domaine-de-lancien-relais","status":"publish","type":"product","link":"http:\/\/demourshop.com\/en\/product\/domaine-de-lancien-relais\/","title":{"rendered":"Domaine de l&rsquo;Ancien Relais"},"content":{"rendered":"<p>\u00c0 table, les vins du domaine r\u00e9v\u00e8lent toute leur polyvalence : Saint-Amour avec un magret de canard, Beaujolais-Villages avec une planche ap\u00e9ritive, ou Chardonnay sur un poisson grill\u00e9. Leur style gourmand et leur accessibilit\u00e9 en font des partenaires parfaits pour une cuisine de saison. Le Domaine de l\u2019Ancien Relais incarne l\u2019\u00e9l\u00e9gance discr\u00e8te des grands Beaujolais, \u00e0 red\u00e9couvrir absolument.<\/p>","protected":false},"excerpt":{"rendered":"<p><strong>Domaine de l\u2019Ancien Relais<\/strong> \u2013 Vignoble familial \u00e0 Saint-Amour-Bellevue. Beaujolais typiques et \u00e9l\u00e9gants. Cave du XIVe si\u00e8cle.<\/p>","protected":false},"featured_media":69728,"template":"","meta":{"_acf_changed":false},"product_brand":[],"product_cat":[378,507,552,383,410,382,395,734,375,393],"product_tag":[],"class_list":{"0":"post-46752","1":"product","2":"type-product","3":"status-publish","4":"has-post-thumbnail","6":"product_cat-appellations-vin-en-ligne","7":"product_cat-cepages-vin-en-ligne","8":"product_cat-vin-par-couleur-en-ligne","9":"product_cat-vin-de-france-en-ligne","10":"product_cat-gamay-en-ligne","11":"product_cat-vin-par-pays-en-ligne","12":"product_cat-vin-agriculture-raisonnee","13":"product_cat-saint-amour-en-ligne","14":"product_cat-vin-rouge-en-ligne","15":"product_cat-vins-par-methode-de-vinification","16":"pa_appellations-saint-amour","17":"pa_cepages-gamay","18":"pa_couleurs-rouge","19":"pa_formats-75cl","20":"pa_millesimes-182","21":"pa_pays-france","22":"pa_quantites-a-lunite","23":"pa_quantites-carton-de-3-bouteilles","24":"pa_quantites-carton-de-6-bouteilles","25":"pa_vinifications-raisonnee","27":"first","28":"instock","29":"taxable","30":"shipping-taxable","31":"purchasable","32":"product-type-simple"},"acf":[],"yoast_head":"<!-- This site is optimized with the Yoast SEO plugin v27.4 - https:\/\/yoast.com\/product\/yoast-seo-wordpress\/ -->\n<title>Domaine de l&#039;Ancien Relais - Demourshop<\/title>\n<meta name=\"description\" content=\"Domaine de l\u2019Ancien Relais \u2013 vins de Saint-Amour et Beaujolais. Gamay &amp; Chardonnay \u00e9l\u00e9gants. Domaine historique \u00e0 d\u00e9couvrir. Livraison rapide.\" \/>\n<meta name=\"robots\" content=\"index, follow, max-snippet:-1, max-image-preview:large, max-video-preview:-1\" \/>\n<link rel=\"canonical\" href=\"http:\/\/demourshop.com\/en\/product\/domaine-de-lancien-relais\/\" \/>\n<meta property=\"og:locale\" content=\"en_GB\" \/>\n<meta property=\"og:type\" content=\"article\" \/>\n<meta property=\"og:title\" content=\"Domaine de l&#039;Ancien Relais - Demourshop\" \/>\n<meta property=\"og:description\" content=\"Domaine de l\u2019Ancien Relais \u2013 vins de Saint-Amour et Beaujolais. Gamay &amp; Chardonnay \u00e9l\u00e9gants. Domaine historique \u00e0 d\u00e9couvrir. Livraison rapide.\" \/>\n<meta property=\"og:url\" content=\"http:\/\/demourshop.com\/en\/product\/domaine-de-lancien-relais\/\" \/>\n<meta property=\"og:site_name\" content=\"Demourshop\" \/>\n<meta property=\"article:modified_time\" content=\"2025-09-26T13:40:48+00:00\" \/>\n<meta property=\"og:image\" content=\"http:\/\/demourshop.com\/wp-content\/uploads\/2023\/08\/saint-amour.png\" \/>\n\t<meta property=\"og:image:width\" content=\"700\" \/>\n\t<meta property=\"og:image:height\" content=\"700\" \/>\n\t<meta property=\"og:image:type\" content=\"image\/png\" \/>\n<meta name=\"twitter:card\" content=\"summary_large_image\" \/>\n<meta name=\"twitter:label1\" content=\"Estimated reading time\" \/>\n\t<meta name=\"twitter:data1\" content=\"2 minutes\" \/>\n<script type=\"application\/ld+json\" class=\"yoast-schema-graph\">{\"@context\":\"https:\\\/\\\/schema.org\",\"@graph\":[{\"@type\":\"WebPage\",\"@id\":\"http:\\\/\\\/demourshop.com\\\/produit\\\/domaine-de-lancien-relais\\\/\",\"url\":\"http:\\\/\\\/demourshop.com\\\/produit\\\/domaine-de-lancien-relais\\\/\",\"name\":\"Domaine de l'Ancien Relais - Demourshop\",\"isPartOf\":{\"@id\":\"https:\\\/\\\/demourshop.com\\\/#website\"},\"primaryImageOfPage\":{\"@id\":\"http:\\\/\\\/demourshop.com\\\/produit\\\/domaine-de-lancien-relais\\\/#primaryimage\"},\"image\":{\"@id\":\"http:\\\/\\\/demourshop.com\\\/produit\\\/domaine-de-lancien-relais\\\/#primaryimage\"},\"thumbnailUrl\":\"http:\\\/\\\/demourshop.com\\\/wp-content\\\/uploads\\\/2023\\\/08\\\/saint-amour.png\",\"datePublished\":\"2023-08-23T13:55:19+00:00\",\"dateModified\":\"2025-09-26T13:40:48+00:00\",\"description\":\"Domaine de l\u2019Ancien Relais \u2013 vins de Saint-Amour et Beaujolais. Gamay & Chardonnay \u00e9l\u00e9gants. Domaine historique \u00e0 d\u00e9couvrir. Livraison rapide.\",\"breadcrumb\":{\"@id\":\"http:\\\/\\\/demourshop.com\\\/produit\\\/domaine-de-lancien-relais\\\/#breadcrumb\"},\"inLanguage\":\"en-GB\",\"potentialAction\":[{\"@type\":\"ReadAction\",\"target\":[\"http:\\\/\\\/demourshop.com\\\/produit\\\/domaine-de-lancien-relais\\\/\"]}]},{\"@type\":\"ImageObject\",\"inLanguage\":\"en-GB\",\"@id\":\"http:\\\/\\\/demourshop.com\\\/produit\\\/domaine-de-lancien-relais\\\/#primaryimage\",\"url\":\"http:\\\/\\\/demourshop.com\\\/wp-content\\\/uploads\\\/2023\\\/08\\\/saint-amour.png\",\"contentUrl\":\"http:\\\/\\\/demourshop.com\\\/wp-content\\\/uploads\\\/2023\\\/08\\\/saint-amour.png\",\"width\":700,\"height\":700,\"caption\":\"Bouteille Domaine de l\u2019Ancien Relais \u2013 vin rouge Saint-Amour, Gamay fruit\u00e9 et \u00e9l\u00e9gant du Beaujolais\"},{\"@type\":\"BreadcrumbList\",\"@id\":\"http:\\\/\\\/demourshop.com\\\/produit\\\/domaine-de-lancien-relais\\\/#breadcrumb\",\"itemListElement\":[{\"@type\":\"ListItem\",\"position\":1,\"name\":\"Accueil\",\"item\":\"https:\\\/\\\/demourshop.com\\\/\"},{\"@type\":\"ListItem\",\"position\":2,\"name\":\"Boutique\",\"item\":\"https:\\\/\\\/demourshop.com\\\/boutique\\\/\"},{\"@type\":\"ListItem\",\"position\":3,\"name\":\"Domaine de l&rsquo;Ancien Relais\"}]},{\"@type\":\"WebSite\",\"@id\":\"https:\\\/\\\/demourshop.com\\\/#website\",\"url\":\"https:\\\/\\\/demourshop.com\\\/\",\"name\":\"Demourshop\",\"description\":\"\",\"publisher\":{\"@id\":\"https:\\\/\\\/demourshop.com\\\/#organization\"},\"potentialAction\":[{\"@type\":\"SearchAction\",\"target\":{\"@type\":\"EntryPoint\",\"urlTemplate\":\"https:\\\/\\\/demourshop.com\\\/?s={search_term_string}\"},\"query-input\":{\"@type\":\"PropertyValueSpecification\",\"valueRequired\":true,\"valueName\":\"search_term_string\"}}],\"inLanguage\":\"en-GB\"},{\"@type\":\"Organization\",\"@id\":\"https:\\\/\\\/demourshop.com\\\/#organization\",\"name\":\"Demourshop\",\"url\":\"https:\\\/\\\/demourshop.com\\\/\",\"logo\":{\"@type\":\"ImageObject\",\"inLanguage\":\"en-GB\",\"@id\":\"https:\\\/\\\/demourshop.com\\\/#\\\/schema\\\/logo\\\/image\\\/\",\"url\":\"http:\\\/\\\/demourshop.com\\\/wp-content\\\/uploads\\\/2023\\\/08\\\/logo-wine-2-1-1.png\",\"contentUrl\":\"http:\\\/\\\/demourshop.com\\\/wp-content\\\/uploads\\\/2023\\\/08\\\/logo-wine-2-1-1.png\",\"width\":400,\"height\":145,\"caption\":\"Demourshop\"},\"image\":{\"@id\":\"https:\\\/\\\/demourshop.com\\\/#\\\/schema\\\/logo\\\/image\\\/\"}}]}<\/script>\n<!-- \/ Yoast SEO plugin. -->","yoast_head_json":{"title":"Domaine de l'Ancien Relais - Demourshop","description":"Domaine de l\u2019Ancien Relais \u2013 vins de Saint-Amour et Beaujolais. Gamay & Chardonnay \u00e9l\u00e9gants. Domaine historique \u00e0 d\u00e9couvrir. Livraison rapide.","robots":{"index":"index","follow":"follow","max-snippet":"max-snippet:-1","max-image-preview":"max-image-preview:large","max-video-preview":"max-video-preview:-1"},"canonical":"http:\/\/demourshop.com\/en\/product\/domaine-de-lancien-relais\/","og_locale":"en_GB","og_type":"article","og_title":"Domaine de l'Ancien Relais - Demourshop","og_description":"Domaine de l\u2019Ancien Relais \u2013 vins de Saint-Amour et Beaujolais. Gamay & Chardonnay \u00e9l\u00e9gants. Domaine historique \u00e0 d\u00e9couvrir. Livraison rapide.","og_url":"http:\/\/demourshop.com\/en\/product\/domaine-de-lancien-relais\/","og_site_name":"Demourshop","article_modified_time":"2025-09-26T13:40:48+00:00","og_image":[{"width":700,"height":700,"url":"http:\/\/demourshop.com\/wp-content\/uploads\/2023\/08\/saint-amour.png","type":"image\/png"}],"twitter_card":"summary_large_image","twitter_misc":{"Estimated reading time":"2 minutes"},"schema":{"@context":"https:\/\/schema.org","@graph":[{"@type":"WebPage","@id":"http:\/\/demourshop.com\/produit\/domaine-de-lancien-relais\/","url":"http:\/\/demourshop.com\/produit\/domaine-de-lancien-relais\/","name":"Domaine de l'Ancien Relais - Demourshop","isPartOf":{"@id":"https:\/\/demourshop.com\/#website"},"primaryImageOfPage":{"@id":"http:\/\/demourshop.com\/produit\/domaine-de-lancien-relais\/#primaryimage"},"image":{"@id":"http:\/\/demourshop.com\/produit\/domaine-de-lancien-relais\/#primaryimage"},"thumbnailUrl":"http:\/\/demourshop.com\/wp-content\/uploads\/2023\/08\/saint-amour.png","datePublished":"2023-08-23T13:55:19+00:00","dateModified":"2025-09-26T13:40:48+00:00","description":"Domaine de l\u2019Ancien Relais \u2013 vins de Saint-Amour et Beaujolais. Gamay & Chardonnay \u00e9l\u00e9gants. Domaine historique \u00e0 d\u00e9couvrir. Livraison rapide.","breadcrumb":{"@id":"http:\/\/demourshop.com\/produit\/domaine-de-lancien-relais\/#breadcrumb"},"inLanguage":"en-GB","potentialAction":[{"@type":"ReadAction","target":["http:\/\/demourshop.com\/produit\/domaine-de-lancien-relais\/"]}]},{"@type":"ImageObject","inLanguage":"en-GB","@id":"http:\/\/demourshop.com\/produit\/domaine-de-lancien-relais\/#primaryimage","url":"http:\/\/demourshop.com\/wp-content\/uploads\/2023\/08\/saint-amour.png","contentUrl":"http:\/\/demourshop.com\/wp-content\/uploads\/2023\/08\/saint-amour.png","width":700,"height":700,"caption":"Bouteille Domaine de l\u2019Ancien Relais \u2013 vin rouge Saint-Amour, Gamay fruit\u00e9 et \u00e9l\u00e9gant du Beaujolais"},{"@type":"BreadcrumbList","@id":"http:\/\/demourshop.com\/produit\/domaine-de-lancien-relais\/#breadcrumb","itemListElement":[{"@type":"ListItem","position":1,"name":"Accueil","item":"https:\/\/demourshop.com\/"},{"@type":"ListItem","position":2,"name":"Boutique","item":"https:\/\/demourshop.com\/boutique\/"},{"@type":"ListItem","position":3,"name":"Domaine de l&rsquo;Ancien Relais"}]},{"@type":"WebSite","@id":"https:\/\/demourshop.com\/#website","url":"https:\/\/demourshop.com\/","name":"Demourshop","description":"","publisher":{"@id":"https:\/\/demourshop.com\/#organization"},"potentialAction":[{"@type":"SearchAction","target":{"@type":"EntryPoint","urlTemplate":"https:\/\/demourshop.com\/?s={search_term_string}"},"query-input":{"@type":"PropertyValueSpecification","valueRequired":true,"valueName":"search_term_string"}}],"inLanguage":"en-GB"},{"@type":"Organization","@id":"https:\/\/demourshop.com\/#organization","name":"Demourshop","url":"https:\/\/demourshop.com\/","logo":{"@type":"ImageObject","inLanguage":"en-GB","@id":"https:\/\/demourshop.com\/#\/schema\/logo\/image\/","url":"http:\/\/demourshop.com\/wp-content\/uploads\/2023\/08\/logo-wine-2-1-1.png","contentUrl":"http:\/\/demourshop.com\/wp-content\/uploads\/2023\/08\/logo-wine-2-1-1.png","width":400,"height":145,"caption":"Demourshop"},"image":{"@id":"https:\/\/demourshop.com\/#\/schema\/logo\/image\/"}}]}},"_links":{"self":[{"href":"http:\/\/demourshop.com\/en\/wp-json\/wp\/v2\/product\/46752","targetHints":{"allow":["GET"]}}],"collection":[{"href":"http:\/\/demourshop.com\/en\/wp-json\/wp\/v2\/product"}],"about":[{"href":"http:\/\/demourshop.com\/en\/wp-json\/wp\/v2\/types\/product"}],"version-history":[{"count":7,"href":"http:\/\/demourshop.com\/en\/wp-json\/wp\/v2\/product\/46752\/revisions"}],"predecessor-version":[{"id":70306,"href":"http:\/\/demourshop.com\/en\/wp-json\/wp\/v2\/product\/46752\/revisions\/70306"}],"wp:featuredmedia":[{"embeddable":true,"href":"http:\/\/demourshop.com\/en\/wp-json\/wp\/v2\/media\/69728"}],"wp:attachment":[{"href":"http:\/\/demourshop.com\/en\/wp-json\/wp\/v2\/media?parent=46752"}],"wp:term":[{"taxonomy":"product_brand","embeddable":true,"href":"http:\/\/demourshop.com\/en\/wp-json\/wp\/v2\/product_brand?post=46752"},{"taxonomy":"product_cat","embeddable":true,"href":"http:\/\/demourshop.com\/en\/wp-json\/wp\/v2\/product_cat?post=46752"},{"taxonomy":"product_tag","embeddable":true,"href":"http:\/\/demourshop.com\/en\/wp-json\/wp\/v2\/product_tag?post=46752"}],"curies":[{"name":"wp","href":"https:\/\/api.w.org\/{rel}","templated":true}]}}