{"id":38859,"date":"2024-10-01T11:11:59","date_gmt":"2024-10-01T09:11:59","guid":{"rendered":"https:\/\/wpbingosite.com\/wordpress\/rummen\/?post_type=product&#038;p=38859"},"modified":"2025-12-18T12:54:44","modified_gmt":"2025-12-18T11:54:44","slug":"chateau-haut-breton-larigaudiere-2016","status":"publish","type":"product","link":"http:\/\/demourshop.com\/en\/product\/chateau-haut-breton-larigaudiere-2016\/","title":{"rendered":"Ch\u00e2teau Haut-Breton Larigaudi\u00e8re 2016"},"content":{"rendered":"<p>&lt;p&gt;&lt;strong&gt;Ch&acirc;teau Haut Breton Larigaudi&egrave;re 2016&lt;\/strong&gt; est est issu d&rsquo;un savoir-faire et d&rsquo;un terroir d&rsquo;exception. Gr&acirc;ce &agrave; son profil &eacute;quilibr&eacute; et &agrave; son &eacute;levage soign&eacute;, il s&rsquo;ouvrira magnifiquement avec le temps tout en restant accessible aux palais exigeants. Un grand Margaux &agrave; d&eacute;couvrir sans attendre.&lt;\/p&gt;<\/p>","protected":false},"excerpt":{"rendered":"<p>Margaux AOC 2016 structur\u00e9, \u00e9l\u00e9gant et \u00e9quilibr\u00e9. Le Ch\u00e2teau Haut-Breton Larigaudi\u00e8re 2016 est un grand vin de garde \u00e0 prix propri\u00e9t\u00e9. Livraison rapide.<\/p>","protected":false},"featured_media":64933,"template":"","meta":{"_acf_changed":false},"product_brand":[],"product_cat":[378,464,507,552,383,396,381,409,382,420,375,393,160],"product_tag":[],"class_list":{"0":"post-38859","1":"product","2":"type-product","3":"status-publish","4":"has-post-thumbnail","6":"product_cat-appellations-vin-en-ligne","7":"product_cat-cabernet-sauvignon-en-ligne","8":"product_cat-cepages-vin-en-ligne","9":"product_cat-vin-par-couleur-en-ligne","10":"product_cat-vin-de-france-en-ligne","11":"product_cat-vin-hve-en-ligne","12":"product_cat-margaux-en-ligne","13":"product_cat-merlot-en-ligne","14":"product_cat-vin-par-pays-en-ligne","15":"product_cat-petit-verdot-en-ligne","16":"product_cat-vin-rouge-en-ligne","17":"product_cat-vins-par-methode-de-vinification","18":"product_cat-vins-de-proprietes-en-ligne","19":"pa_appellations-margaux","20":"pa_cepages-cabernet-sauvignon","21":"pa_cepages-merlot","22":"pa_cepages-petit-verdot","23":"pa_couleurs-rouge","24":"pa_formats-75cl","25":"pa_millesimes-180","26":"pa_millesimes-177","27":"pa_millesimes-176","28":"pa_millesimes-175","29":"pa_millesimes-174","30":"pa_millesimes-617","31":"pa_millesimes-853","32":"pa_pays-france","33":"pa_propriete-margaux","34":"pa_quantites-a-lunite","35":"pa_quantites-carton-de-3-bouteilles","36":"pa_quantites-carton-de-6-bouteilles","37":"pa_vinifications-hve","39":"first","40":"instock","41":"taxable","42":"shipping-taxable","43":"purchasable","44":"product-type-simple"},"acf":[],"yoast_head":"<!-- This site is optimized with the Yoast SEO plugin v27.4 - https:\/\/yoast.com\/product\/yoast-seo-wordpress\/ -->\n<title>Ch\u00e2teau Haut-Breton Larigaudi\u00e8re 2016 - Demourshop<\/title>\n<meta name=\"description\" content=\"D\u00e9couvrez le Ch\u00e2teau Haut-Breton Larigaudi\u00e8re un vin rouge de l&#039;appellation Margaux. Ce cru est disponible sur la boutique Demourshop.\" \/>\n<meta name=\"robots\" content=\"index, follow, max-snippet:-1, max-image-preview:large, max-video-preview:-1\" \/>\n<link rel=\"canonical\" href=\"https:\/\/demourshop.com\/en\/product\/chateau-haut-breton-larigaudiere-2016\/\" \/>\n<meta property=\"og:locale\" content=\"en_GB\" \/>\n<meta property=\"og:type\" content=\"article\" \/>\n<meta property=\"og:title\" content=\"Ch\u00e2teau Haut-Breton Larigaudi\u00e8re 2016 - Demourshop\" \/>\n<meta property=\"og:description\" content=\"D\u00e9couvrez le Ch\u00e2teau Haut-Breton Larigaudi\u00e8re un vin rouge de l&#039;appellation Margaux. Ce cru est disponible sur la boutique Demourshop.\" \/>\n<meta property=\"og:url\" content=\"https:\/\/demourshop.com\/en\/product\/chateau-haut-breton-larigaudiere-2016\/\" \/>\n<meta property=\"og:site_name\" content=\"Demourshop\" \/>\n<meta property=\"article:modified_time\" content=\"2025-12-18T11:54:44+00:00\" \/>\n<meta property=\"og:image\" content=\"https:\/\/demourshop.com\/wp-content\/uploads\/2022\/08\/png-hbl.png\" \/>\n\t<meta property=\"og:image:width\" content=\"1080\" \/>\n\t<meta property=\"og:image:height\" content=\"1080\" \/>\n\t<meta property=\"og:image:type\" content=\"image\/png\" \/>\n<meta name=\"twitter:card\" content=\"summary_large_image\" \/>\n<meta name=\"twitter:label1\" content=\"Estimated reading time\" \/>\n\t<meta name=\"twitter:data1\" content=\"3 minutes\" \/>\n<script type=\"application\/ld+json\" class=\"yoast-schema-graph\">{\"@context\":\"https:\\\/\\\/schema.org\",\"@graph\":[{\"@type\":\"WebPage\",\"@id\":\"https:\\\/\\\/demourshop.com\\\/produit\\\/chateau-haut-breton-larigaudiere-2016\\\/\",\"url\":\"https:\\\/\\\/demourshop.com\\\/produit\\\/chateau-haut-breton-larigaudiere-2016\\\/\",\"name\":\"Ch\u00e2teau Haut-Breton Larigaudi\u00e8re 2016 - Demourshop\",\"isPartOf\":{\"@id\":\"https:\\\/\\\/demourshop.com\\\/#website\"},\"primaryImageOfPage\":{\"@id\":\"https:\\\/\\\/demourshop.com\\\/produit\\\/chateau-haut-breton-larigaudiere-2016\\\/#primaryimage\"},\"image\":{\"@id\":\"https:\\\/\\\/demourshop.com\\\/produit\\\/chateau-haut-breton-larigaudiere-2016\\\/#primaryimage\"},\"thumbnailUrl\":\"http:\\\/\\\/demourshop.com\\\/wp-content\\\/uploads\\\/2022\\\/08\\\/png-hbl.png\",\"datePublished\":\"2024-10-01T09:11:59+00:00\",\"dateModified\":\"2025-12-18T11:54:44+00:00\",\"description\":\"D\u00e9couvrez le Ch\u00e2teau Haut-Breton Larigaudi\u00e8re un vin rouge de l'appellation Margaux. Ce cru est disponible sur la boutique Demourshop.\",\"breadcrumb\":{\"@id\":\"https:\\\/\\\/demourshop.com\\\/produit\\\/chateau-haut-breton-larigaudiere-2016\\\/#breadcrumb\"},\"inLanguage\":\"en-GB\",\"potentialAction\":[{\"@type\":\"ReadAction\",\"target\":[\"https:\\\/\\\/demourshop.com\\\/produit\\\/chateau-haut-breton-larigaudiere-2016\\\/\"]}]},{\"@type\":\"ImageObject\",\"inLanguage\":\"en-GB\",\"@id\":\"https:\\\/\\\/demourshop.com\\\/produit\\\/chateau-haut-breton-larigaudiere-2016\\\/#primaryimage\",\"url\":\"http:\\\/\\\/demourshop.com\\\/wp-content\\\/uploads\\\/2022\\\/08\\\/png-hbl.png\",\"contentUrl\":\"http:\\\/\\\/demourshop.com\\\/wp-content\\\/uploads\\\/2022\\\/08\\\/png-hbl.png\",\"width\":1080,\"height\":1080},{\"@type\":\"BreadcrumbList\",\"@id\":\"https:\\\/\\\/demourshop.com\\\/produit\\\/chateau-haut-breton-larigaudiere-2016\\\/#breadcrumb\",\"itemListElement\":[{\"@type\":\"ListItem\",\"position\":1,\"name\":\"Accueil\",\"item\":\"https:\\\/\\\/demourshop.com\\\/\"},{\"@type\":\"ListItem\",\"position\":2,\"name\":\"Boutique\",\"item\":\"https:\\\/\\\/demourshop.com\\\/boutique\\\/\"},{\"@type\":\"ListItem\",\"position\":3,\"name\":\"Ch\u00e2teau Haut-Breton Larigaudi\u00e8re 2016\"}]},{\"@type\":\"WebSite\",\"@id\":\"https:\\\/\\\/demourshop.com\\\/#website\",\"url\":\"https:\\\/\\\/demourshop.com\\\/\",\"name\":\"Demourshop\",\"description\":\"\",\"publisher\":{\"@id\":\"https:\\\/\\\/demourshop.com\\\/#organization\"},\"potentialAction\":[{\"@type\":\"SearchAction\",\"target\":{\"@type\":\"EntryPoint\",\"urlTemplate\":\"https:\\\/\\\/demourshop.com\\\/?s={search_term_string}\"},\"query-input\":{\"@type\":\"PropertyValueSpecification\",\"valueRequired\":true,\"valueName\":\"search_term_string\"}}],\"inLanguage\":\"en-GB\"},{\"@type\":\"Organization\",\"@id\":\"https:\\\/\\\/demourshop.com\\\/#organization\",\"name\":\"Demourshop\",\"url\":\"https:\\\/\\\/demourshop.com\\\/\",\"logo\":{\"@type\":\"ImageObject\",\"inLanguage\":\"en-GB\",\"@id\":\"https:\\\/\\\/demourshop.com\\\/#\\\/schema\\\/logo\\\/image\\\/\",\"url\":\"http:\\\/\\\/demourshop.com\\\/wp-content\\\/uploads\\\/2023\\\/08\\\/logo-wine-2-1-1.png\",\"contentUrl\":\"http:\\\/\\\/demourshop.com\\\/wp-content\\\/uploads\\\/2023\\\/08\\\/logo-wine-2-1-1.png\",\"width\":400,\"height\":145,\"caption\":\"Demourshop\"},\"image\":{\"@id\":\"https:\\\/\\\/demourshop.com\\\/#\\\/schema\\\/logo\\\/image\\\/\"}}]}<\/script>\n<!-- \/ Yoast SEO plugin. -->","yoast_head_json":{"title":"Ch\u00e2teau Haut-Breton Larigaudi\u00e8re 2016 - Demourshop","description":"D\u00e9couvrez le Ch\u00e2teau Haut-Breton Larigaudi\u00e8re un vin rouge de l'appellation Margaux. Ce cru est disponible sur la boutique Demourshop.","robots":{"index":"index","follow":"follow","max-snippet":"max-snippet:-1","max-image-preview":"max-image-preview:large","max-video-preview":"max-video-preview:-1"},"canonical":"https:\/\/demourshop.com\/en\/product\/chateau-haut-breton-larigaudiere-2016\/","og_locale":"en_GB","og_type":"article","og_title":"Ch\u00e2teau Haut-Breton Larigaudi\u00e8re 2016 - Demourshop","og_description":"D\u00e9couvrez le Ch\u00e2teau Haut-Breton Larigaudi\u00e8re un vin rouge de l'appellation Margaux. Ce cru est disponible sur la boutique Demourshop.","og_url":"https:\/\/demourshop.com\/en\/product\/chateau-haut-breton-larigaudiere-2016\/","og_site_name":"Demourshop","article_modified_time":"2025-12-18T11:54:44+00:00","og_image":[{"width":1080,"height":1080,"url":"https:\/\/demourshop.com\/wp-content\/uploads\/2022\/08\/png-hbl.png","type":"image\/png"}],"twitter_card":"summary_large_image","twitter_misc":{"Estimated reading time":"3 minutes"},"schema":{"@context":"https:\/\/schema.org","@graph":[{"@type":"WebPage","@id":"https:\/\/demourshop.com\/produit\/chateau-haut-breton-larigaudiere-2016\/","url":"https:\/\/demourshop.com\/produit\/chateau-haut-breton-larigaudiere-2016\/","name":"Ch\u00e2teau Haut-Breton Larigaudi\u00e8re 2016 - Demourshop","isPartOf":{"@id":"https:\/\/demourshop.com\/#website"},"primaryImageOfPage":{"@id":"https:\/\/demourshop.com\/produit\/chateau-haut-breton-larigaudiere-2016\/#primaryimage"},"image":{"@id":"https:\/\/demourshop.com\/produit\/chateau-haut-breton-larigaudiere-2016\/#primaryimage"},"thumbnailUrl":"http:\/\/demourshop.com\/wp-content\/uploads\/2022\/08\/png-hbl.png","datePublished":"2024-10-01T09:11:59+00:00","dateModified":"2025-12-18T11:54:44+00:00","description":"D\u00e9couvrez le Ch\u00e2teau Haut-Breton Larigaudi\u00e8re un vin rouge de l'appellation Margaux. Ce cru est disponible sur la boutique Demourshop.","breadcrumb":{"@id":"https:\/\/demourshop.com\/produit\/chateau-haut-breton-larigaudiere-2016\/#breadcrumb"},"inLanguage":"en-GB","potentialAction":[{"@type":"ReadAction","target":["https:\/\/demourshop.com\/produit\/chateau-haut-breton-larigaudiere-2016\/"]}]},{"@type":"ImageObject","inLanguage":"en-GB","@id":"https:\/\/demourshop.com\/produit\/chateau-haut-breton-larigaudiere-2016\/#primaryimage","url":"http:\/\/demourshop.com\/wp-content\/uploads\/2022\/08\/png-hbl.png","contentUrl":"http:\/\/demourshop.com\/wp-content\/uploads\/2022\/08\/png-hbl.png","width":1080,"height":1080},{"@type":"BreadcrumbList","@id":"https:\/\/demourshop.com\/produit\/chateau-haut-breton-larigaudiere-2016\/#breadcrumb","itemListElement":[{"@type":"ListItem","position":1,"name":"Accueil","item":"https:\/\/demourshop.com\/"},{"@type":"ListItem","position":2,"name":"Boutique","item":"https:\/\/demourshop.com\/boutique\/"},{"@type":"ListItem","position":3,"name":"Ch\u00e2teau Haut-Breton Larigaudi\u00e8re 2016"}]},{"@type":"WebSite","@id":"https:\/\/demourshop.com\/#website","url":"https:\/\/demourshop.com\/","name":"Demourshop","description":"","publisher":{"@id":"https:\/\/demourshop.com\/#organization"},"potentialAction":[{"@type":"SearchAction","target":{"@type":"EntryPoint","urlTemplate":"https:\/\/demourshop.com\/?s={search_term_string}"},"query-input":{"@type":"PropertyValueSpecification","valueRequired":true,"valueName":"search_term_string"}}],"inLanguage":"en-GB"},{"@type":"Organization","@id":"https:\/\/demourshop.com\/#organization","name":"Demourshop","url":"https:\/\/demourshop.com\/","logo":{"@type":"ImageObject","inLanguage":"en-GB","@id":"https:\/\/demourshop.com\/#\/schema\/logo\/image\/","url":"http:\/\/demourshop.com\/wp-content\/uploads\/2023\/08\/logo-wine-2-1-1.png","contentUrl":"http:\/\/demourshop.com\/wp-content\/uploads\/2023\/08\/logo-wine-2-1-1.png","width":400,"height":145,"caption":"Demourshop"},"image":{"@id":"https:\/\/demourshop.com\/#\/schema\/logo\/image\/"}}]}},"_links":{"self":[{"href":"http:\/\/demourshop.com\/en\/wp-json\/wp\/v2\/product\/38859","targetHints":{"allow":["GET"]}}],"collection":[{"href":"http:\/\/demourshop.com\/en\/wp-json\/wp\/v2\/product"}],"about":[{"href":"http:\/\/demourshop.com\/en\/wp-json\/wp\/v2\/types\/product"}],"version-history":[{"count":26,"href":"http:\/\/demourshop.com\/en\/wp-json\/wp\/v2\/product\/38859\/revisions"}],"predecessor-version":[{"id":70786,"href":"http:\/\/demourshop.com\/en\/wp-json\/wp\/v2\/product\/38859\/revisions\/70786"}],"wp:featuredmedia":[{"embeddable":true,"href":"http:\/\/demourshop.com\/en\/wp-json\/wp\/v2\/media\/64933"}],"wp:attachment":[{"href":"http:\/\/demourshop.com\/en\/wp-json\/wp\/v2\/media?parent=38859"}],"wp:term":[{"taxonomy":"product_brand","embeddable":true,"href":"http:\/\/demourshop.com\/en\/wp-json\/wp\/v2\/product_brand?post=38859"},{"taxonomy":"product_cat","embeddable":true,"href":"http:\/\/demourshop.com\/en\/wp-json\/wp\/v2\/product_cat?post=38859"},{"taxonomy":"product_tag","embeddable":true,"href":"http:\/\/demourshop.com\/en\/wp-json\/wp\/v2\/product_tag?post=38859"}],"curies":[{"name":"wp","href":"https:\/\/api.w.org\/{rel}","templated":true}]}}