{"id":16588,"date":"2020-12-08T08:04:02","date_gmt":"2020-12-08T07:04:02","guid":{"rendered":"https:\/\/wpbingosite.com\/wordpress\/rummen\/?post_type=product&#038;p=16588"},"modified":"2025-12-18T12:06:50","modified_gmt":"2025-12-18T11:06:50","slug":"chateau-tour-baladoz-2021","status":"publish","type":"product","link":"http:\/\/demourshop.com\/en\/product\/chateau-tour-baladoz-2021\/","title":{"rendered":"Ch\u00e2teau Tour Baladoz 2021"},"content":{"rendered":"<p>Servez \u00e0 16\u201317\u00b0C apr\u00e8s une l\u00e9g\u00e8re a\u00e9ration. Ce vin s\u2019accordera parfaitement avec des viandes grill\u00e9es, un magret de canard, un gratin de l\u00e9gumes ou des fromages affin\u00e9s. <strong>Ch\u00e2teau Tour Baladoz 2021<\/strong> peut \u00eatre bu d\u00e8s maintenant ou conserv\u00e9 encore 5 \u00e0 8 ans. Il incarne une belle expression du mill\u00e9sime dans un style accessible, finement bois\u00e9 et plein de charme. Son \u00e9quilibre naturel en fait aussi un excellent choix pour accompagner des plats v\u00e9g\u00e9tariens riches comme une moussaka d\u2019aubergines, un risotto aux c\u00e8pes ou une tarte aux oignons caram\u00e9lis\u00e9s. Une valeur s\u00fbre pour les amateurs de vins de Bordeaux \u00e9l\u00e9gants et digestes.<\/p>","protected":false},"excerpt":{"rendered":"<p><strong>Ch\u00e2teau Tour Baladoz 2021<\/strong> \u2013 Un Saint-\u00c9milion Grand Cru \u00e9l\u00e9gant et \u00e9quilibr\u00e9. \u00c0 boire d\u00e8s maintenant ou \u00e0 conserver. Livraison rapide \u2013 prix propri\u00e9t\u00e9.<\/p>","protected":false},"featured_media":66648,"template":"","meta":{"_acf_changed":false},"product_brand":[],"product_cat":[378,465,464,421,507,552,383,396,412,409,382,420,379,375,393,160],"product_tag":[],"class_list":{"0":"post-16588","1":"product","2":"type-product","3":"status-publish","4":"has-post-thumbnail","6":"product_cat-appellations-vin-en-ligne","7":"product_cat-cabernet-franc-en-ligne","8":"product_cat-cabernet-sauvignon-en-ligne","9":"product_cat-carmenere-en-ligne","10":"product_cat-cepages-vin-en-ligne","11":"product_cat-vin-par-couleur-en-ligne","12":"product_cat-vin-de-france-en-ligne","13":"product_cat-vin-hve-en-ligne","14":"product_cat-malbec-en-ligne","15":"product_cat-merlot-en-ligne","16":"product_cat-vin-par-pays-en-ligne","17":"product_cat-petit-verdot-en-ligne","18":"product_cat-saint-emilion-grand-cru-en-ligne","19":"product_cat-vin-rouge-en-ligne","20":"product_cat-vins-par-methode-de-vinification","21":"product_cat-vins-de-proprietes-en-ligne","22":"pa_appellations-saint-emilion-grand-cru","23":"pa_cepages-cabernet-franc","24":"pa_cepages-cabernet-sauvignon","25":"pa_cepages-carmenere","26":"pa_cepages-malbec","27":"pa_cepages-merlot","28":"pa_cepages-petit-verdot","29":"pa_couleurs-rouge","30":"pa_formats-75cl","31":"pa_millesimes-176","32":"pa_millesimes-175","33":"pa_millesimes-174","34":"pa_millesimes-617","35":"pa_millesimes-853","36":"pa_pays-france","37":"pa_propriete-saint-emilion-grand-cru","38":"pa_quantites-a-lunite","39":"pa_quantites-carton-de-3-bouteilles","40":"pa_quantites-carton-de-6-bouteilles","41":"pa_vinifications-hve","43":"first","44":"instock","45":"taxable","46":"shipping-taxable","47":"purchasable","48":"product-type-simple"},"acf":[],"yoast_head":"<!-- This site is optimized with the Yoast SEO plugin v27.4 - https:\/\/yoast.com\/product\/yoast-seo-wordpress\/ -->\n<title>Ch\u00e2teau Tour Baladoz 2021 - Demourshop<\/title>\n<meta name=\"description\" content=\"Ch\u00e2teau Tour Baladoz 2021 \u2013 Grand Cru de Saint-\u00c9milion souple, \u00e9quilibr\u00e9 et raffin\u00e9. \u00c0 d\u00e9guster d\u00e8s maintenant ou \u00e0 garder. Prix propri\u00e9t\u00e9.\" \/>\n<meta name=\"robots\" content=\"index, follow, max-snippet:-1, max-image-preview:large, max-video-preview:-1\" \/>\n<link rel=\"canonical\" href=\"https:\/\/demourshop.com\/en\/product\/chateau-tour-baladoz-2021\/\" \/>\n<meta property=\"og:locale\" content=\"en_GB\" \/>\n<meta property=\"og:type\" content=\"article\" \/>\n<meta property=\"og:title\" content=\"Ch\u00e2teau Tour Baladoz 2021 - Demourshop\" \/>\n<meta property=\"og:description\" content=\"Ch\u00e2teau Tour Baladoz 2021 \u2013 Grand Cru de Saint-\u00c9milion souple, \u00e9quilibr\u00e9 et raffin\u00e9. \u00c0 d\u00e9guster d\u00e8s maintenant ou \u00e0 garder. Prix propri\u00e9t\u00e9.\" \/>\n<meta property=\"og:url\" content=\"https:\/\/demourshop.com\/en\/product\/chateau-tour-baladoz-2021\/\" \/>\n<meta property=\"og:site_name\" content=\"Demourshop\" \/>\n<meta property=\"article:modified_time\" content=\"2025-12-18T11:06:50+00:00\" \/>\n<meta property=\"og:image\" content=\"https:\/\/demourshop.com\/wp-content\/uploads\/2024\/10\/Tour-Baladoz-ancienne-etiquette.png\" \/>\n\t<meta property=\"og:image:width\" content=\"1080\" \/>\n\t<meta property=\"og:image:height\" content=\"1080\" \/>\n\t<meta property=\"og:image:type\" content=\"image\/png\" \/>\n<meta name=\"twitter:card\" content=\"summary_large_image\" \/>\n<meta name=\"twitter:label1\" content=\"Estimated reading time\" \/>\n\t<meta name=\"twitter:data1\" content=\"3 minutes\" \/>\n<script type=\"application\/ld+json\" class=\"yoast-schema-graph\">{\"@context\":\"https:\\\/\\\/schema.org\",\"@graph\":[{\"@type\":\"WebPage\",\"@id\":\"https:\\\/\\\/demourshop.com\\\/produit\\\/chateau-tour-baladoz-2021\\\/\",\"url\":\"https:\\\/\\\/demourshop.com\\\/produit\\\/chateau-tour-baladoz-2021\\\/\",\"name\":\"Ch\u00e2teau Tour Baladoz 2021 - Demourshop\",\"isPartOf\":{\"@id\":\"https:\\\/\\\/demourshop.com\\\/#website\"},\"primaryImageOfPage\":{\"@id\":\"https:\\\/\\\/demourshop.com\\\/produit\\\/chateau-tour-baladoz-2021\\\/#primaryimage\"},\"image\":{\"@id\":\"https:\\\/\\\/demourshop.com\\\/produit\\\/chateau-tour-baladoz-2021\\\/#primaryimage\"},\"thumbnailUrl\":\"http:\\\/\\\/demourshop.com\\\/wp-content\\\/uploads\\\/2024\\\/10\\\/Tour-Baladoz-ancienne-etiquette.png\",\"datePublished\":\"2020-12-08T07:04:02+00:00\",\"dateModified\":\"2025-12-18T11:06:50+00:00\",\"description\":\"Ch\u00e2teau Tour Baladoz 2021 \u2013 Grand Cru de Saint-\u00c9milion souple, \u00e9quilibr\u00e9 et raffin\u00e9. \u00c0 d\u00e9guster d\u00e8s maintenant ou \u00e0 garder. Prix propri\u00e9t\u00e9.\",\"breadcrumb\":{\"@id\":\"https:\\\/\\\/demourshop.com\\\/produit\\\/chateau-tour-baladoz-2021\\\/#breadcrumb\"},\"inLanguage\":\"en-GB\",\"potentialAction\":[{\"@type\":\"ReadAction\",\"target\":[\"https:\\\/\\\/demourshop.com\\\/produit\\\/chateau-tour-baladoz-2021\\\/\"]}]},{\"@type\":\"ImageObject\",\"inLanguage\":\"en-GB\",\"@id\":\"https:\\\/\\\/demourshop.com\\\/produit\\\/chateau-tour-baladoz-2021\\\/#primaryimage\",\"url\":\"http:\\\/\\\/demourshop.com\\\/wp-content\\\/uploads\\\/2024\\\/10\\\/Tour-Baladoz-ancienne-etiquette.png\",\"contentUrl\":\"http:\\\/\\\/demourshop.com\\\/wp-content\\\/uploads\\\/2024\\\/10\\\/Tour-Baladoz-ancienne-etiquette.png\",\"width\":1080,\"height\":1080,\"caption\":\"Ch\u00e2teau Tour Baladoz vin rouge Saint-\u00c9milion Grand Cru\"},{\"@type\":\"BreadcrumbList\",\"@id\":\"https:\\\/\\\/demourshop.com\\\/produit\\\/chateau-tour-baladoz-2021\\\/#breadcrumb\",\"itemListElement\":[{\"@type\":\"ListItem\",\"position\":1,\"name\":\"Accueil\",\"item\":\"https:\\\/\\\/demourshop.com\\\/\"},{\"@type\":\"ListItem\",\"position\":2,\"name\":\"Boutique\",\"item\":\"https:\\\/\\\/demourshop.com\\\/boutique\\\/\"},{\"@type\":\"ListItem\",\"position\":3,\"name\":\"Ch\u00e2teau Tour Baladoz 2021\"}]},{\"@type\":\"WebSite\",\"@id\":\"https:\\\/\\\/demourshop.com\\\/#website\",\"url\":\"https:\\\/\\\/demourshop.com\\\/\",\"name\":\"Demourshop\",\"description\":\"\",\"publisher\":{\"@id\":\"https:\\\/\\\/demourshop.com\\\/#organization\"},\"potentialAction\":[{\"@type\":\"SearchAction\",\"target\":{\"@type\":\"EntryPoint\",\"urlTemplate\":\"https:\\\/\\\/demourshop.com\\\/?s={search_term_string}\"},\"query-input\":{\"@type\":\"PropertyValueSpecification\",\"valueRequired\":true,\"valueName\":\"search_term_string\"}}],\"inLanguage\":\"en-GB\"},{\"@type\":\"Organization\",\"@id\":\"https:\\\/\\\/demourshop.com\\\/#organization\",\"name\":\"Demourshop\",\"url\":\"https:\\\/\\\/demourshop.com\\\/\",\"logo\":{\"@type\":\"ImageObject\",\"inLanguage\":\"en-GB\",\"@id\":\"https:\\\/\\\/demourshop.com\\\/#\\\/schema\\\/logo\\\/image\\\/\",\"url\":\"http:\\\/\\\/demourshop.com\\\/wp-content\\\/uploads\\\/2023\\\/08\\\/logo-wine-2-1-1.png\",\"contentUrl\":\"http:\\\/\\\/demourshop.com\\\/wp-content\\\/uploads\\\/2023\\\/08\\\/logo-wine-2-1-1.png\",\"width\":400,\"height\":145,\"caption\":\"Demourshop\"},\"image\":{\"@id\":\"https:\\\/\\\/demourshop.com\\\/#\\\/schema\\\/logo\\\/image\\\/\"}}]}<\/script>\n<!-- \/ Yoast SEO plugin. -->","yoast_head_json":{"title":"Ch\u00e2teau Tour Baladoz 2021 - Demourshop","description":"Ch\u00e2teau Tour Baladoz 2021 \u2013 Grand Cru de Saint-\u00c9milion souple, \u00e9quilibr\u00e9 et raffin\u00e9. \u00c0 d\u00e9guster d\u00e8s maintenant ou \u00e0 garder. Prix propri\u00e9t\u00e9.","robots":{"index":"index","follow":"follow","max-snippet":"max-snippet:-1","max-image-preview":"max-image-preview:large","max-video-preview":"max-video-preview:-1"},"canonical":"https:\/\/demourshop.com\/en\/product\/chateau-tour-baladoz-2021\/","og_locale":"en_GB","og_type":"article","og_title":"Ch\u00e2teau Tour Baladoz 2021 - Demourshop","og_description":"Ch\u00e2teau Tour Baladoz 2021 \u2013 Grand Cru de Saint-\u00c9milion souple, \u00e9quilibr\u00e9 et raffin\u00e9. \u00c0 d\u00e9guster d\u00e8s maintenant ou \u00e0 garder. Prix propri\u00e9t\u00e9.","og_url":"https:\/\/demourshop.com\/en\/product\/chateau-tour-baladoz-2021\/","og_site_name":"Demourshop","article_modified_time":"2025-12-18T11:06:50+00:00","og_image":[{"width":1080,"height":1080,"url":"https:\/\/demourshop.com\/wp-content\/uploads\/2024\/10\/Tour-Baladoz-ancienne-etiquette.png","type":"image\/png"}],"twitter_card":"summary_large_image","twitter_misc":{"Estimated reading time":"3 minutes"},"schema":{"@context":"https:\/\/schema.org","@graph":[{"@type":"WebPage","@id":"https:\/\/demourshop.com\/produit\/chateau-tour-baladoz-2021\/","url":"https:\/\/demourshop.com\/produit\/chateau-tour-baladoz-2021\/","name":"Ch\u00e2teau Tour Baladoz 2021 - Demourshop","isPartOf":{"@id":"https:\/\/demourshop.com\/#website"},"primaryImageOfPage":{"@id":"https:\/\/demourshop.com\/produit\/chateau-tour-baladoz-2021\/#primaryimage"},"image":{"@id":"https:\/\/demourshop.com\/produit\/chateau-tour-baladoz-2021\/#primaryimage"},"thumbnailUrl":"http:\/\/demourshop.com\/wp-content\/uploads\/2024\/10\/Tour-Baladoz-ancienne-etiquette.png","datePublished":"2020-12-08T07:04:02+00:00","dateModified":"2025-12-18T11:06:50+00:00","description":"Ch\u00e2teau Tour Baladoz 2021 \u2013 Grand Cru de Saint-\u00c9milion souple, \u00e9quilibr\u00e9 et raffin\u00e9. \u00c0 d\u00e9guster d\u00e8s maintenant ou \u00e0 garder. Prix propri\u00e9t\u00e9.","breadcrumb":{"@id":"https:\/\/demourshop.com\/produit\/chateau-tour-baladoz-2021\/#breadcrumb"},"inLanguage":"en-GB","potentialAction":[{"@type":"ReadAction","target":["https:\/\/demourshop.com\/produit\/chateau-tour-baladoz-2021\/"]}]},{"@type":"ImageObject","inLanguage":"en-GB","@id":"https:\/\/demourshop.com\/produit\/chateau-tour-baladoz-2021\/#primaryimage","url":"http:\/\/demourshop.com\/wp-content\/uploads\/2024\/10\/Tour-Baladoz-ancienne-etiquette.png","contentUrl":"http:\/\/demourshop.com\/wp-content\/uploads\/2024\/10\/Tour-Baladoz-ancienne-etiquette.png","width":1080,"height":1080,"caption":"Ch\u00e2teau Tour Baladoz vin rouge Saint-\u00c9milion Grand Cru"},{"@type":"BreadcrumbList","@id":"https:\/\/demourshop.com\/produit\/chateau-tour-baladoz-2021\/#breadcrumb","itemListElement":[{"@type":"ListItem","position":1,"name":"Accueil","item":"https:\/\/demourshop.com\/"},{"@type":"ListItem","position":2,"name":"Boutique","item":"https:\/\/demourshop.com\/boutique\/"},{"@type":"ListItem","position":3,"name":"Ch\u00e2teau Tour Baladoz 2021"}]},{"@type":"WebSite","@id":"https:\/\/demourshop.com\/#website","url":"https:\/\/demourshop.com\/","name":"Demourshop","description":"","publisher":{"@id":"https:\/\/demourshop.com\/#organization"},"potentialAction":[{"@type":"SearchAction","target":{"@type":"EntryPoint","urlTemplate":"https:\/\/demourshop.com\/?s={search_term_string}"},"query-input":{"@type":"PropertyValueSpecification","valueRequired":true,"valueName":"search_term_string"}}],"inLanguage":"en-GB"},{"@type":"Organization","@id":"https:\/\/demourshop.com\/#organization","name":"Demourshop","url":"https:\/\/demourshop.com\/","logo":{"@type":"ImageObject","inLanguage":"en-GB","@id":"https:\/\/demourshop.com\/#\/schema\/logo\/image\/","url":"http:\/\/demourshop.com\/wp-content\/uploads\/2023\/08\/logo-wine-2-1-1.png","contentUrl":"http:\/\/demourshop.com\/wp-content\/uploads\/2023\/08\/logo-wine-2-1-1.png","width":400,"height":145,"caption":"Demourshop"},"image":{"@id":"https:\/\/demourshop.com\/#\/schema\/logo\/image\/"}}]}},"_links":{"self":[{"href":"http:\/\/demourshop.com\/en\/wp-json\/wp\/v2\/product\/16588","targetHints":{"allow":["GET"]}}],"collection":[{"href":"http:\/\/demourshop.com\/en\/wp-json\/wp\/v2\/product"}],"about":[{"href":"http:\/\/demourshop.com\/en\/wp-json\/wp\/v2\/types\/product"}],"version-history":[{"count":16,"href":"http:\/\/demourshop.com\/en\/wp-json\/wp\/v2\/product\/16588\/revisions"}],"predecessor-version":[{"id":70494,"href":"http:\/\/demourshop.com\/en\/wp-json\/wp\/v2\/product\/16588\/revisions\/70494"}],"wp:featuredmedia":[{"embeddable":true,"href":"http:\/\/demourshop.com\/en\/wp-json\/wp\/v2\/media\/66648"}],"wp:attachment":[{"href":"http:\/\/demourshop.com\/en\/wp-json\/wp\/v2\/media?parent=16588"}],"wp:term":[{"taxonomy":"product_brand","embeddable":true,"href":"http:\/\/demourshop.com\/en\/wp-json\/wp\/v2\/product_brand?post=16588"},{"taxonomy":"product_cat","embeddable":true,"href":"http:\/\/demourshop.com\/en\/wp-json\/wp\/v2\/product_cat?post=16588"},{"taxonomy":"product_tag","embeddable":true,"href":"http:\/\/demourshop.com\/en\/wp-json\/wp\/v2\/product_tag?post=16588"}],"curies":[{"name":"wp","href":"https:\/\/api.w.org\/{rel}","templated":true}]}}