{"id":16521,"date":"2020-12-08T02:45:25","date_gmt":"2020-12-08T02:45:25","guid":{"rendered":"https:\/\/wpbingosite.com\/wordpress\/rummen\/?post_type=product&#038;p=16521"},"modified":"2026-02-17T09:55:54","modified_gmt":"2026-02-17T08:55:54","slug":"trianon-de-larigaudiere-2021","status":"publish","type":"product","link":"http:\/\/demourshop.com\/en\/product\/trianon-de-larigaudiere-2021\/","title":{"rendered":"Trianon De Larigaudi\u00e8re 2021"},"content":{"rendered":"<p>Ce Margaux accessible est le compagnon id\u00e9al de vos <strong>repas de f\u00eate<\/strong> ou de <strong>viandes rouges grill\u00e9es<\/strong>. Il sublimera \u00e9galement un <em>magret de canard<\/em> ou un <em>brie truff\u00e9<\/em>. Servi \u00e0 14\u00b0C apr\u00e8s une l\u00e9g\u00e8re a\u00e9ration, il offre un \u00e9quilibre parfait entre fruit\u00e9, finesse et potentiel de garde. Une belle introduction au style raffin\u00e9 des grands vins du M\u00e9doc.<\/p>","protected":false},"excerpt":{"rendered":"<p><strong>Trianon de Larigaudi\u00e8re 2021<\/strong> \u2013 Second vin du Ch\u00e2teau Haut Breton Larigaudi\u00e8re. Un Margaux \u00e9l\u00e9gant et accessible \u00e0 fort potentiel de garde.<\/p>","protected":false},"featured_media":66646,"template":"","meta":{"_acf_changed":false},"product_brand":[],"product_cat":[378,464,507,552,383,396,381,409,382,375,393,160],"product_tag":[],"class_list":{"0":"post-16521","1":"product","2":"type-product","3":"status-publish","4":"has-post-thumbnail","6":"product_cat-appellations-vin-en-ligne","7":"product_cat-cabernet-sauvignon-en-ligne","8":"product_cat-cepages-vin-en-ligne","9":"product_cat-vin-par-couleur-en-ligne","10":"product_cat-vin-de-france-en-ligne","11":"product_cat-vin-hve-en-ligne","12":"product_cat-margaux-en-ligne","13":"product_cat-merlot-en-ligne","14":"product_cat-vin-par-pays-en-ligne","15":"product_cat-vin-rouge-en-ligne","16":"product_cat-vins-par-methode-de-vinification","17":"product_cat-vins-de-proprietes-en-ligne","18":"pa_appellations-margaux","19":"pa_cepages-cabernet-sauvignon","20":"pa_cepages-merlot","21":"pa_cepages-petit-verdot","22":"pa_couleurs-rouge","23":"pa_formats-75cl","24":"pa_millesimes-175","25":"pa_pays-france","26":"pa_propriete-margaux","27":"pa_quantites-a-lunite","28":"pa_quantites-carton-de-3-bouteilles","29":"pa_quantites-carton-de-6-bouteilles","30":"pa_vinifications-hve","32":"first","33":"instock","34":"taxable","35":"shipping-taxable","36":"purchasable","37":"product-type-simple"},"acf":[],"yoast_head":"<!-- This site is optimized with the Yoast SEO plugin v27.4 - https:\/\/yoast.com\/product\/yoast-seo-wordpress\/ -->\n<title>Trianon De Larigaudi\u00e8re 2021 - Demourshop<\/title>\n<meta name=\"description\" content=\"Trianon de Larigaudi\u00e8re 2021 \u2013 Second vin du Ch\u00e2teau Haut Breton Larigaudi\u00e8re. Un Margaux rond, \u00e9l\u00e9gant et fid\u00e8le \u00e0 son prestigieux terroir.\" \/>\n<meta name=\"robots\" content=\"index, follow, max-snippet:-1, max-image-preview:large, max-video-preview:-1\" \/>\n<link rel=\"canonical\" href=\"http:\/\/demourshop.com\/en\/product\/trianon-de-larigaudiere-2021\/\" \/>\n<meta property=\"og:locale\" content=\"en_GB\" \/>\n<meta property=\"og:type\" content=\"article\" \/>\n<meta property=\"og:title\" content=\"Trianon De Larigaudi\u00e8re 2021 - Demourshop\" \/>\n<meta property=\"og:description\" content=\"Trianon de Larigaudi\u00e8re 2021 \u2013 Second vin du Ch\u00e2teau Haut Breton Larigaudi\u00e8re. Un Margaux rond, \u00e9l\u00e9gant et fid\u00e8le \u00e0 son prestigieux terroir.\" \/>\n<meta property=\"og:url\" content=\"http:\/\/demourshop.com\/en\/product\/trianon-de-larigaudiere-2021\/\" \/>\n<meta property=\"og:site_name\" content=\"Demourshop\" \/>\n<meta property=\"article:modified_time\" content=\"2026-02-17T08:55:54+00:00\" \/>\n<meta property=\"og:image\" content=\"http:\/\/demourshop.com\/wp-content\/uploads\/2024\/10\/Trianon-de-larigaudiere.png\" \/>\n\t<meta property=\"og:image:width\" content=\"1080\" \/>\n\t<meta property=\"og:image:height\" content=\"1080\" \/>\n\t<meta property=\"og:image:type\" content=\"image\/png\" \/>\n<meta name=\"twitter:card\" content=\"summary_large_image\" \/>\n<meta name=\"twitter:label1\" content=\"Estimated reading time\" \/>\n\t<meta name=\"twitter:data1\" content=\"2 minutes\" \/>\n<script type=\"application\/ld+json\" class=\"yoast-schema-graph\">{\"@context\":\"https:\\\/\\\/schema.org\",\"@graph\":[{\"@type\":\"WebPage\",\"@id\":\"http:\\\/\\\/demourshop.com\\\/produit\\\/trianon-de-larigaudiere-2021\\\/\",\"url\":\"http:\\\/\\\/demourshop.com\\\/produit\\\/trianon-de-larigaudiere-2021\\\/\",\"name\":\"Trianon De Larigaudi\u00e8re 2021 - Demourshop\",\"isPartOf\":{\"@id\":\"https:\\\/\\\/demourshop.com\\\/#website\"},\"primaryImageOfPage\":{\"@id\":\"http:\\\/\\\/demourshop.com\\\/produit\\\/trianon-de-larigaudiere-2021\\\/#primaryimage\"},\"image\":{\"@id\":\"http:\\\/\\\/demourshop.com\\\/produit\\\/trianon-de-larigaudiere-2021\\\/#primaryimage\"},\"thumbnailUrl\":\"http:\\\/\\\/demourshop.com\\\/wp-content\\\/uploads\\\/2024\\\/10\\\/Trianon-de-larigaudiere.png\",\"datePublished\":\"2020-12-08T02:45:25+00:00\",\"dateModified\":\"2026-02-17T08:55:54+00:00\",\"description\":\"Trianon de Larigaudi\u00e8re 2021 \u2013 Second vin du Ch\u00e2teau Haut Breton Larigaudi\u00e8re. Un Margaux rond, \u00e9l\u00e9gant et fid\u00e8le \u00e0 son prestigieux terroir.\",\"breadcrumb\":{\"@id\":\"http:\\\/\\\/demourshop.com\\\/produit\\\/trianon-de-larigaudiere-2021\\\/#breadcrumb\"},\"inLanguage\":\"en-GB\",\"potentialAction\":[{\"@type\":\"ReadAction\",\"target\":[\"http:\\\/\\\/demourshop.com\\\/produit\\\/trianon-de-larigaudiere-2021\\\/\"]}]},{\"@type\":\"ImageObject\",\"inLanguage\":\"en-GB\",\"@id\":\"http:\\\/\\\/demourshop.com\\\/produit\\\/trianon-de-larigaudiere-2021\\\/#primaryimage\",\"url\":\"http:\\\/\\\/demourshop.com\\\/wp-content\\\/uploads\\\/2024\\\/10\\\/Trianon-de-larigaudiere.png\",\"contentUrl\":\"http:\\\/\\\/demourshop.com\\\/wp-content\\\/uploads\\\/2024\\\/10\\\/Trianon-de-larigaudiere.png\",\"width\":1080,\"height\":1080,\"caption\":\"Bouteille de Trianon de Larigaudi\u00e8re \u2013 vin rouge AOC Margaux, second vin du Ch\u00e2teau Haut Breton Larigaudi\u00e8re\"},{\"@type\":\"BreadcrumbList\",\"@id\":\"http:\\\/\\\/demourshop.com\\\/produit\\\/trianon-de-larigaudiere-2021\\\/#breadcrumb\",\"itemListElement\":[{\"@type\":\"ListItem\",\"position\":1,\"name\":\"Accueil\",\"item\":\"https:\\\/\\\/demourshop.com\\\/\"},{\"@type\":\"ListItem\",\"position\":2,\"name\":\"Boutique\",\"item\":\"https:\\\/\\\/demourshop.com\\\/boutique\\\/\"},{\"@type\":\"ListItem\",\"position\":3,\"name\":\"Trianon De Larigaudi\u00e8re 2021\"}]},{\"@type\":\"WebSite\",\"@id\":\"https:\\\/\\\/demourshop.com\\\/#website\",\"url\":\"https:\\\/\\\/demourshop.com\\\/\",\"name\":\"Demourshop\",\"description\":\"\",\"publisher\":{\"@id\":\"https:\\\/\\\/demourshop.com\\\/#organization\"},\"potentialAction\":[{\"@type\":\"SearchAction\",\"target\":{\"@type\":\"EntryPoint\",\"urlTemplate\":\"https:\\\/\\\/demourshop.com\\\/?s={search_term_string}\"},\"query-input\":{\"@type\":\"PropertyValueSpecification\",\"valueRequired\":true,\"valueName\":\"search_term_string\"}}],\"inLanguage\":\"en-GB\"},{\"@type\":\"Organization\",\"@id\":\"https:\\\/\\\/demourshop.com\\\/#organization\",\"name\":\"Demourshop\",\"url\":\"https:\\\/\\\/demourshop.com\\\/\",\"logo\":{\"@type\":\"ImageObject\",\"inLanguage\":\"en-GB\",\"@id\":\"https:\\\/\\\/demourshop.com\\\/#\\\/schema\\\/logo\\\/image\\\/\",\"url\":\"http:\\\/\\\/demourshop.com\\\/wp-content\\\/uploads\\\/2023\\\/08\\\/logo-wine-2-1-1.png\",\"contentUrl\":\"http:\\\/\\\/demourshop.com\\\/wp-content\\\/uploads\\\/2023\\\/08\\\/logo-wine-2-1-1.png\",\"width\":400,\"height\":145,\"caption\":\"Demourshop\"},\"image\":{\"@id\":\"https:\\\/\\\/demourshop.com\\\/#\\\/schema\\\/logo\\\/image\\\/\"}}]}<\/script>\n<!-- \/ Yoast SEO plugin. -->","yoast_head_json":{"title":"Trianon De Larigaudi\u00e8re 2021 - Demourshop","description":"Trianon de Larigaudi\u00e8re 2021 \u2013 Second vin du Ch\u00e2teau Haut Breton Larigaudi\u00e8re. Un Margaux rond, \u00e9l\u00e9gant et fid\u00e8le \u00e0 son prestigieux terroir.","robots":{"index":"index","follow":"follow","max-snippet":"max-snippet:-1","max-image-preview":"max-image-preview:large","max-video-preview":"max-video-preview:-1"},"canonical":"http:\/\/demourshop.com\/en\/product\/trianon-de-larigaudiere-2021\/","og_locale":"en_GB","og_type":"article","og_title":"Trianon De Larigaudi\u00e8re 2021 - Demourshop","og_description":"Trianon de Larigaudi\u00e8re 2021 \u2013 Second vin du Ch\u00e2teau Haut Breton Larigaudi\u00e8re. Un Margaux rond, \u00e9l\u00e9gant et fid\u00e8le \u00e0 son prestigieux terroir.","og_url":"http:\/\/demourshop.com\/en\/product\/trianon-de-larigaudiere-2021\/","og_site_name":"Demourshop","article_modified_time":"2026-02-17T08:55:54+00:00","og_image":[{"width":1080,"height":1080,"url":"http:\/\/demourshop.com\/wp-content\/uploads\/2024\/10\/Trianon-de-larigaudiere.png","type":"image\/png"}],"twitter_card":"summary_large_image","twitter_misc":{"Estimated reading time":"2 minutes"},"schema":{"@context":"https:\/\/schema.org","@graph":[{"@type":"WebPage","@id":"http:\/\/demourshop.com\/produit\/trianon-de-larigaudiere-2021\/","url":"http:\/\/demourshop.com\/produit\/trianon-de-larigaudiere-2021\/","name":"Trianon De Larigaudi\u00e8re 2021 - Demourshop","isPartOf":{"@id":"https:\/\/demourshop.com\/#website"},"primaryImageOfPage":{"@id":"http:\/\/demourshop.com\/produit\/trianon-de-larigaudiere-2021\/#primaryimage"},"image":{"@id":"http:\/\/demourshop.com\/produit\/trianon-de-larigaudiere-2021\/#primaryimage"},"thumbnailUrl":"http:\/\/demourshop.com\/wp-content\/uploads\/2024\/10\/Trianon-de-larigaudiere.png","datePublished":"2020-12-08T02:45:25+00:00","dateModified":"2026-02-17T08:55:54+00:00","description":"Trianon de Larigaudi\u00e8re 2021 \u2013 Second vin du Ch\u00e2teau Haut Breton Larigaudi\u00e8re. Un Margaux rond, \u00e9l\u00e9gant et fid\u00e8le \u00e0 son prestigieux terroir.","breadcrumb":{"@id":"http:\/\/demourshop.com\/produit\/trianon-de-larigaudiere-2021\/#breadcrumb"},"inLanguage":"en-GB","potentialAction":[{"@type":"ReadAction","target":["http:\/\/demourshop.com\/produit\/trianon-de-larigaudiere-2021\/"]}]},{"@type":"ImageObject","inLanguage":"en-GB","@id":"http:\/\/demourshop.com\/produit\/trianon-de-larigaudiere-2021\/#primaryimage","url":"http:\/\/demourshop.com\/wp-content\/uploads\/2024\/10\/Trianon-de-larigaudiere.png","contentUrl":"http:\/\/demourshop.com\/wp-content\/uploads\/2024\/10\/Trianon-de-larigaudiere.png","width":1080,"height":1080,"caption":"Bouteille de Trianon de Larigaudi\u00e8re \u2013 vin rouge AOC Margaux, second vin du Ch\u00e2teau Haut Breton Larigaudi\u00e8re"},{"@type":"BreadcrumbList","@id":"http:\/\/demourshop.com\/produit\/trianon-de-larigaudiere-2021\/#breadcrumb","itemListElement":[{"@type":"ListItem","position":1,"name":"Accueil","item":"https:\/\/demourshop.com\/"},{"@type":"ListItem","position":2,"name":"Boutique","item":"https:\/\/demourshop.com\/boutique\/"},{"@type":"ListItem","position":3,"name":"Trianon De Larigaudi\u00e8re 2021"}]},{"@type":"WebSite","@id":"https:\/\/demourshop.com\/#website","url":"https:\/\/demourshop.com\/","name":"Demourshop","description":"","publisher":{"@id":"https:\/\/demourshop.com\/#organization"},"potentialAction":[{"@type":"SearchAction","target":{"@type":"EntryPoint","urlTemplate":"https:\/\/demourshop.com\/?s={search_term_string}"},"query-input":{"@type":"PropertyValueSpecification","valueRequired":true,"valueName":"search_term_string"}}],"inLanguage":"en-GB"},{"@type":"Organization","@id":"https:\/\/demourshop.com\/#organization","name":"Demourshop","url":"https:\/\/demourshop.com\/","logo":{"@type":"ImageObject","inLanguage":"en-GB","@id":"https:\/\/demourshop.com\/#\/schema\/logo\/image\/","url":"http:\/\/demourshop.com\/wp-content\/uploads\/2023\/08\/logo-wine-2-1-1.png","contentUrl":"http:\/\/demourshop.com\/wp-content\/uploads\/2023\/08\/logo-wine-2-1-1.png","width":400,"height":145,"caption":"Demourshop"},"image":{"@id":"https:\/\/demourshop.com\/#\/schema\/logo\/image\/"}}]}},"_links":{"self":[{"href":"http:\/\/demourshop.com\/en\/wp-json\/wp\/v2\/product\/16521","targetHints":{"allow":["GET"]}}],"collection":[{"href":"http:\/\/demourshop.com\/en\/wp-json\/wp\/v2\/product"}],"about":[{"href":"http:\/\/demourshop.com\/en\/wp-json\/wp\/v2\/types\/product"}],"version-history":[{"count":11,"href":"http:\/\/demourshop.com\/en\/wp-json\/wp\/v2\/product\/16521\/revisions"}],"predecessor-version":[{"id":70959,"href":"http:\/\/demourshop.com\/en\/wp-json\/wp\/v2\/product\/16521\/revisions\/70959"}],"wp:featuredmedia":[{"embeddable":true,"href":"http:\/\/demourshop.com\/en\/wp-json\/wp\/v2\/media\/66646"}],"wp:attachment":[{"href":"http:\/\/demourshop.com\/en\/wp-json\/wp\/v2\/media?parent=16521"}],"wp:term":[{"taxonomy":"product_brand","embeddable":true,"href":"http:\/\/demourshop.com\/en\/wp-json\/wp\/v2\/product_brand?post=16521"},{"taxonomy":"product_cat","embeddable":true,"href":"http:\/\/demourshop.com\/en\/wp-json\/wp\/v2\/product_cat?post=16521"},{"taxonomy":"product_tag","embeddable":true,"href":"http:\/\/demourshop.com\/en\/wp-json\/wp\/v2\/product_tag?post=16521"}],"curies":[{"name":"wp","href":"https:\/\/api.w.org\/{rel}","templated":true}]}}