{"id":27350,"date":"2021-08-25T08:25:29","date_gmt":"2021-08-25T08:25:29","guid":{"rendered":"https:\/\/wpbingosite.com\/wordpress\/rummen\/?page_id=27350"},"modified":"2023-11-30T10:20:07","modified_gmt":"2023-11-30T09:20:07","slug":"politique-de-confidentialite","status":"publish","type":"page","link":"http:\/\/demourshop.com\/en\/politique-de-confidentialite\/","title":{"rendered":"Politique de Confidentialit\u00e9"},"content":{"rendered":"<div data-elementor-type=\"wp-page\" data-elementor-id=\"27350\" class=\"elementor elementor-27350\" data-elementor-post-type=\"page\">\n\t\t\t\t\t\t<section class=\"elementor-section elementor-top-section elementor-element elementor-element-5abc69f elementor-section-boxed elementor-section-height-default elementor-section-height-default\" data-id=\"5abc69f\" data-element_type=\"section\" data-e-type=\"section\">\n\t\t\t\t\t\t<div class=\"elementor-container elementor-column-gap-default\">\n\t\t\t\t\t<div class=\"elementor-column elementor-col-100 elementor-top-column elementor-element elementor-element-3a6f26a\" data-id=\"3a6f26a\" data-element_type=\"column\" data-e-type=\"column\">\n\t\t\t<div class=\"elementor-widget-wrap elementor-element-populated\">\n\t\t\t\t\t\t<div class=\"elementor-element elementor-element-3e163ba elementor-widget elementor-widget-heading\" data-id=\"3e163ba\" data-element_type=\"widget\" data-e-type=\"widget\" data-widget_type=\"heading.default\">\n\t\t\t\t<div class=\"elementor-widget-container\">\n\t\t\t\t\t<h2 class=\"elementor-heading-title elementor-size-default\">Politique de confidentialit\u00e9<\/h2>\t\t\t\t<\/div>\n\t\t\t\t<\/div>\n\t\t\t\t<div class=\"elementor-element elementor-element-c10158d elementor-widget-divider--view-line elementor-widget elementor-widget-divider\" data-id=\"c10158d\" data-element_type=\"widget\" data-e-type=\"widget\" data-widget_type=\"divider.default\">\n\t\t\t\t<div class=\"elementor-widget-container\">\n\t\t\t\t\t\t\t<div class=\"elementor-divider\">\n\t\t\t<span class=\"elementor-divider-separator\">\n\t\t\t\t\t\t<\/span>\n\t\t<\/div>\n\t\t\t\t\t\t<\/div>\n\t\t\t\t<\/div>\n\t\t\t\t\t<\/div>\n\t\t<\/div>\n\t\t\t\t\t<\/div>\n\t\t<\/section>\n\t\t\t\t<section class=\"elementor-section elementor-top-section elementor-element elementor-element-2f1d2f37 elementor-section-boxed elementor-section-height-default elementor-section-height-default\" data-id=\"2f1d2f37\" data-element_type=\"section\" data-e-type=\"section\">\n\t\t\t\t\t\t<div class=\"elementor-container elementor-column-gap-default\">\n\t\t\t\t\t<div class=\"elementor-column elementor-col-100 elementor-top-column elementor-element elementor-element-72fd1b46\" data-id=\"72fd1b46\" data-element_type=\"column\" data-e-type=\"column\">\n\t\t\t<div class=\"elementor-widget-wrap elementor-element-populated\">\n\t\t\t\t\t\t<div class=\"elementor-element elementor-element-6d02a8a5 elementor-widget elementor-widget-text-editor\" data-id=\"6d02a8a5\" data-element_type=\"widget\" data-e-type=\"widget\" data-widget_type=\"text-editor.default\">\n\t\t\t\t<div class=\"elementor-widget-container\">\n\t\t\t\t\t\t\t\t\t<div class=\"shopify-policy__title\">\n<h1>\u00a0<\/h1>\n<\/div>\n<div class=\"shopify-policy__body\">\n<div class=\"rte\">\n<p>Cette section Politique de Confidentialit\u00e9 d\u00e9crit comment vos informations personnelles sont collect\u00e9es, utilis\u00e9es et partag\u00e9es lorsque vous visitez ou effectuez un achat sur demourshop.com<\/p>\n<h2>DONNEES PERSONNELLES COLLECTEES<\/h2>\n<p><br \/>Lorsque vous visitez le\u00a0Site, nous collections automatiquement certaines informations concernant votre appareil, telles que votre navigateur internet, votre adresse IP, votre zone horaire et certains cookies install\u00e9s sur votre appareil.<\/p>\n<p>De mani\u00e8re additionnelle, lorsque que vous consultez le Site, nous collectons des informations concernant les pages et produits consult\u00e9s, les sites ou recherches qui vous ont amen\u00e9s sur le Site, et des informations sur la mani\u00e8re dont vous interagissez avec le Site. Tout cela fait r\u00e9f\u00e9rence aux \u00ab\u00a0Informations de l&rsquo;Appareil\u00a0\u00bb.<\/p>\n<p>Nous collections les Informations de l&rsquo;Appareil en utilisant les technologies suivantes :<\/p>\n<p>&#8211; Les \u201cCookies\u201d sont des fichiers de donn\u00e9es plac\u00e9es sur votre appareil\u00a0et incluent souvent un identifiant unique anonyme.\u00a0Pour plus\u00a0d&rsquo;information\u00a0sur les cookies, et comment les d\u00e9sactiver, visiter http:\/\/www.allaboutcookies.org.<\/p>\n<p>&#8211; Les \u201cFichiers de log\u201d tracent\u00a0les actions\u00a0effectu\u00e9es sur le\u00a0Site, et collectent des donn\u00e9es incluant\u00a0votre adresse\u00a0IP,\u00a0le type de navigateur, le fournisseur d&rsquo;acc\u00e8s Internet, les pages r\u00e9f\u00e9rantes ou de sortie,\u00a0et\u00a0l&rsquo;horodatage.<\/p>\n<p>&#8211; Les \u201cBalises Web\u201d, \u201ctags\u201d,\u00a0et\u00a0\u201cpixels\u201d sont des fichiers \u00e9lectroniques\u00a0utilis\u00e9s pour enregistrer\u00a0des informations quant \u00e0 la mani\u00e8re dont vous parcourez le Site.<\/p>\n<p>De mani\u00e8re additionnelle, lorsque vous effectuez un achat ou une tentative d&rsquo;achat sur le Site, nous collections certaines informations incluant vos nom, adresse de facturation, adresse de livraison, informations de paiement (dont le num\u00e9ro de carte bancaire), adresse email et num\u00e9ro de t\u00e9l\u00e9phone. We appelons les informations les \u00ab\u00a0Informations de Commande\u00a0\u00bb.<\/p>\n<p>Quand nous parlons d'\u00a0\u00bbInformations Personnelles\u00a0\u00bb dans cette Politique de Confidentialit\u00e9, nous parlons en m\u00eame temps des Informations de l&rsquo;Appareil et des Informations de Commande.<\/p>\n<h2>COMMENT UTILISONS-NOUS VOS INFORMATIONS PERSONNELLES<br \/><br \/><\/h2>\n<p>Nous utilisons g\u00e9n\u00e9ralement les Informations\u00a0de Commande que nous collectons pour assurer les commandes\u00a0pass\u00e9es sur le Site (ceci incluant le traitement de vos informations de paiement, la pr\u00e9paration pour livraison et\u00a0l&rsquo;\u00e9dition des factures et confirmations de commande).\u00a0Additionnellement, nous\u00a0utilisons les Informations de Commande pour :<\/p>\n<p>&#8211; Communiquer avec vous<br \/>&#8211;\u00a0D\u00e9tecter\u00a0tout risque de fraude\u00a0<br \/>&#8211; Quand cela est accord avec vos pr\u00e9f\u00e9rences, vous fournir les informations ou offres relatives \u00e0 nos produits et services.<\/p>\n<p>Nous utilisons les Informations de l&rsquo;Appareil que nous collectons pour nous aider \u00e0 d\u00e9tecter tout risque de fraude (en particulier votre adresse IP) et plus g\u00e9n\u00e9ralement pour am\u00e9liorer et optimiser le Site (par exemple en g\u00e9n\u00e9rant des analyses quand \u00e0 la mani\u00e8re dont nos clients parcourent et interagissent avec le Site, et pour \u00e9valuer la pertinence de nos campagnes marketing ou publicitaires).<\/p>\n<h2>PARTAGE DE VOS INFORMATIONS PERSONNELLES<br \/><br \/><\/h2>\n<p>Nous partageons vos informations personnelles avec des tierces parties pour nous aider \u00e0 les utiliser, comme d\u00e9crit\u00a0plus haut. Par exemple, nous utilisons Shopify pour\u00a0propuls\u00e9 notre site en ligne. Vous pouvez en apprendre plus\u00a0sur l&rsquo;utilisation par Shopify de vos Informations Personnelles ici : https:\/\/www.shopify.com\/legal\/privacy.<\/p>\n<p>Nous utilisons \u00e9galement Google Analytics pour nous aider \u00e0 comprendre comment nos clients utilisent le Site. Vous pouvez en apprendre plus sur l&rsquo;utilisation de vos Informations Personnelles par Google ici :\u00a0https:\/\/www.google.com\/intl\/en\/policies\/privacy\/.<\/p>\n<p>Vous pouvez aussi vous retirer\u00a0de\u00a0Google Analytics ici : https:\/\/tools.google.com\/dlpage\/gaoptout.<\/p>\n<p>Enfin, nous pouvons \u00eatre amen\u00e9s \u00e0 partager vos Informations Personnelles pour respecter les lois et r\u00e9glementations en vigueur, pour r\u00e9pondre \u00e0 une assignation, un mandat de recherche ou tout autre\u00a0demande l\u00e9gale d&rsquo;informations re\u00e7ue, ou pour sinon prot\u00e9ger nos droits.<\/p>\n<h2>PUBLICITE COMPORTEMENTALE<br \/><br \/><\/h2>\n<p>Comme d\u00e9crit pr\u00e9c\u00e9demment, nous utilisons vos Informations Personnelles pour vous fournir des publicit\u00e9s cibl\u00e9es ou des campagnes de communication que nous pensons pouvoir vous int\u00e9resser.<\/p>\n<p>Pour plus d&rsquo;informations sur la mani\u00e8re dont la publicit\u00e9 cibl\u00e9 fonctionne, vous pouvez visiter la page\u00a0Network Advertising Initiative\u2019s (\u201cNAI\u201d)\u00a0\u00e0 l&rsquo;adresse\u00a0http:\/\/www.networkadvertising.org\/understanding-online-advertising\/how-does-it-work.<\/p>\n<p>Vous pouvez vous retirer des publicit\u00e9s cibl\u00e9es en utilisant les liens suivants :<\/p>\n<p>&#8211; Facebook: https:\/\/www.facebook.com\/settings\/?tab=ads<\/p>\n<p>&#8211; Google: https:\/\/www.google.com\/settings\/ads\/anonymous<\/p>\n<p>&#8211; Bing: https:\/\/advertise.bingads.microsoft.com\/en-us\/resources\/policies\/personalized-ads<\/p>\n<p>De plus, vous pouvez vous retirer de certains de ces services en visitant le portail de d\u00e9sinscription de la\u00a0Digital Advertising Alliance : http:\/\/optout.aboutads.info\/.<\/p>\n<p>\u00ab\u00a0DO NOT TRACK\u00a0\u00bb<\/p>\n<p>Merci de noter que nous n&rsquo;alt\u00e9rons pas\u00a0la collecte\u00a0de donn\u00e9es et les pratiques en vigueur\u00a0sur notre Site quand nous\u00a0recevons un signal Do Not Track de la part de votre navigateur.<\/p>\n<h2>VOS DROITS<br \/><br \/><\/h2>\n<p>Si vous \u00eates r\u00e9sident Europ\u00e9en, vous avez le droit d&rsquo;acc\u00e9der aux Informations Personnelles que nous d\u00e9tenons sur vous et de demander \u00e0 ce qu&rsquo;elles soient corrig\u00e9es, mises \u00e0 jour ou supprim\u00e9es. Si vous souhaitez exercer ce droit, merci de nous contacter en utilisant les informations de contact mentionn\u00e9es plus bas.<\/p>\n<p>De plus, si vous \u00eates r\u00e9sident Europ\u00e9en nous\u00a0soulignons que nous traitons vos informations dans le but\u00a0de s&rsquo;acquitter des contrats qui pourraient nous lier (par exemple si vous effectuez une commande sur le Site), ou pour\u00a0assurer nos\u00a0int\u00e9r\u00eats commerciaux\u00a0l\u00e9gaux list\u00e9s plus haut. Enfin, merci de noter que vos informations seront transf\u00e9r\u00e9es en dehors de l&rsquo;Europe, notamment le Canada et les Etats-Unis.<\/p>\n<h2>CONSERVATION DES DONNEES<br \/><br \/><\/h2>\n<p>Quand vous passez une commande sur le Site, nous conservons vos Informations de Commande pour nos dossiers \u00e0 moins que et jusqu&rsquo;\u00e0 ce que vous nous demandiez de les supprimer.<\/p>\n<h2>CHANGEMENTS<br \/><br \/><\/h2>\n<p>Nous pouvons \u00eatre amen\u00e9s de temps en temps \u00e0 mettre \u00e0 jour cette politique de confidentialit\u00e9 pour refl\u00e9ter par exemple des changements dans nos pratiques ou pour d&rsquo;autres raisons op\u00e9rationnelles, l\u00e9gales ou r\u00e9glementaires.<\/p>\n<h2>MINEURS<\/h2>\n<p>\u00a0<\/p>\n<p>Le Site n&rsquo;est pas pr\u00e9vu pour les individus de moins de 18 ans.<\/p>\n<h2>NOUS CONTACTER<br \/><br \/><\/h2>\n<p>Pour toute demande d&rsquo;informations concernant les pratiques de confidentialit\u00e9, question ou plainte, merci de nous contacter par email \u00e0 webshop@demour.com ou par voie postale en utilisant l&rsquo;adresse ci-dessous :<\/p>\n<p>De Mour\u00a0<br \/>3 rue des Anciens Combattants<br \/>Soussans, 33460<br \/>France<\/p>\n<\/div>\n<\/div>\n<!-- \/wp:paragraph -->\t\t\t\t\t\t\t\t<\/div>\n\t\t\t\t<\/div>\n\t\t\t\t\t<\/div>\n\t\t<\/div>\n\t\t\t\t\t<\/div>\n\t\t<\/section>\n\t\t\t\t<\/div>","protected":false},"excerpt":{"rendered":"<p>Politique de confidentialit\u00e9 \u00a0 Cette section Politique de Confidentialit\u00e9 d\u00e9crit comment vos informations personnelles sont collect\u00e9es, utilis\u00e9es et partag\u00e9es lorsque vous visitez ou effectuez un achat sur demourshop.com DONNEES PERSONNELLES COLLECTEES Lorsque vous visitez le\u00a0Site, nous collections automatiquement certaines informations concernant votre appareil, telles que votre navigateur internet, votre adresse IP, votre zone horaire et [&hellip;]<\/p>\n","protected":false},"author":1,"featured_media":0,"parent":0,"menu_order":0,"comment_status":"closed","ping_status":"closed","template":"","meta":{"_acf_changed":false,"footnotes":""},"class_list":["post-27350","page","type-page","status-publish","hentry"],"acf":[],"yoast_head":"<!-- This site is optimized with the Yoast SEO plugin v27.4 - https:\/\/yoast.com\/product\/yoast-seo-wordpress\/ -->\n<title>Politique de Confidentialit\u00e9 - Demourshop<\/title>\n<meta name=\"robots\" content=\"index, follow, max-snippet:-1, max-image-preview:large, max-video-preview:-1\" \/>\n<link rel=\"canonical\" href=\"https:\/\/demourshop.com\/en\/politique-de-confidentialite\/\" \/>\n<meta property=\"og:locale\" content=\"en_GB\" \/>\n<meta property=\"og:type\" content=\"article\" \/>\n<meta property=\"og:title\" content=\"Politique de Confidentialit\u00e9 - Demourshop\" \/>\n<meta property=\"og:description\" content=\"Politique de confidentialit\u00e9 \u00a0 Cette section Politique de Confidentialit\u00e9 d\u00e9crit comment vos informations personnelles sont collect\u00e9es, utilis\u00e9es et partag\u00e9es lorsque vous visitez ou effectuez un achat sur demourshop.com DONNEES PERSONNELLES COLLECTEES Lorsque vous visitez le\u00a0Site, nous collections automatiquement certaines informations concernant votre appareil, telles que votre navigateur internet, votre adresse IP, votre zone horaire et [&hellip;]\" \/>\n<meta property=\"og:url\" content=\"https:\/\/demourshop.com\/en\/politique-de-confidentialite\/\" \/>\n<meta property=\"og:site_name\" content=\"Demourshop\" \/>\n<meta property=\"article:modified_time\" content=\"2023-11-30T09:20:07+00:00\" \/>\n<meta name=\"twitter:card\" content=\"summary_large_image\" \/>\n<meta name=\"twitter:label1\" content=\"Estimated reading time\" \/>\n\t<meta name=\"twitter:data1\" content=\"5 minutes\" \/>\n<script type=\"application\/ld+json\" class=\"yoast-schema-graph\">{\"@context\":\"https:\\\/\\\/schema.org\",\"@graph\":[{\"@type\":\"WebPage\",\"@id\":\"https:\\\/\\\/demourshop.com\\\/politique-de-confidentialite\\\/\",\"url\":\"https:\\\/\\\/demourshop.com\\\/politique-de-confidentialite\\\/\",\"name\":\"Politique de Confidentialit\u00e9 - Demourshop\",\"isPartOf\":{\"@id\":\"https:\\\/\\\/demourshop.com\\\/#website\"},\"datePublished\":\"2021-08-25T08:25:29+00:00\",\"dateModified\":\"2023-11-30T09:20:07+00:00\",\"breadcrumb\":{\"@id\":\"https:\\\/\\\/demourshop.com\\\/politique-de-confidentialite\\\/#breadcrumb\"},\"inLanguage\":\"en-GB\",\"potentialAction\":[{\"@type\":\"ReadAction\",\"target\":[\"https:\\\/\\\/demourshop.com\\\/politique-de-confidentialite\\\/\"]}]},{\"@type\":\"BreadcrumbList\",\"@id\":\"https:\\\/\\\/demourshop.com\\\/politique-de-confidentialite\\\/#breadcrumb\",\"itemListElement\":[{\"@type\":\"ListItem\",\"position\":1,\"name\":\"Accueil\",\"item\":\"https:\\\/\\\/demourshop.com\\\/\"},{\"@type\":\"ListItem\",\"position\":2,\"name\":\"Politique de Confidentialit\u00e9\"}]},{\"@type\":\"WebSite\",\"@id\":\"https:\\\/\\\/demourshop.com\\\/#website\",\"url\":\"https:\\\/\\\/demourshop.com\\\/\",\"name\":\"Demourshop\",\"description\":\"\",\"publisher\":{\"@id\":\"https:\\\/\\\/demourshop.com\\\/#organization\"},\"potentialAction\":[{\"@type\":\"SearchAction\",\"target\":{\"@type\":\"EntryPoint\",\"urlTemplate\":\"https:\\\/\\\/demourshop.com\\\/?s={search_term_string}\"},\"query-input\":{\"@type\":\"PropertyValueSpecification\",\"valueRequired\":true,\"valueName\":\"search_term_string\"}}],\"inLanguage\":\"en-GB\"},{\"@type\":\"Organization\",\"@id\":\"https:\\\/\\\/demourshop.com\\\/#organization\",\"name\":\"Demourshop\",\"url\":\"https:\\\/\\\/demourshop.com\\\/\",\"logo\":{\"@type\":\"ImageObject\",\"inLanguage\":\"en-GB\",\"@id\":\"https:\\\/\\\/demourshop.com\\\/#\\\/schema\\\/logo\\\/image\\\/\",\"url\":\"http:\\\/\\\/demourshop.com\\\/wp-content\\\/uploads\\\/2023\\\/08\\\/logo-wine-2-1-1.png\",\"contentUrl\":\"http:\\\/\\\/demourshop.com\\\/wp-content\\\/uploads\\\/2023\\\/08\\\/logo-wine-2-1-1.png\",\"width\":400,\"height\":145,\"caption\":\"Demourshop\"},\"image\":{\"@id\":\"https:\\\/\\\/demourshop.com\\\/#\\\/schema\\\/logo\\\/image\\\/\"}}]}<\/script>\n<!-- \/ Yoast SEO plugin. -->","yoast_head_json":{"title":"Politique de Confidentialit\u00e9 - Demourshop","robots":{"index":"index","follow":"follow","max-snippet":"max-snippet:-1","max-image-preview":"max-image-preview:large","max-video-preview":"max-video-preview:-1"},"canonical":"https:\/\/demourshop.com\/en\/politique-de-confidentialite\/","og_locale":"en_GB","og_type":"article","og_title":"Politique de Confidentialit\u00e9 - Demourshop","og_description":"Politique de confidentialit\u00e9 \u00a0 Cette section Politique de Confidentialit\u00e9 d\u00e9crit comment vos informations personnelles sont collect\u00e9es, utilis\u00e9es et partag\u00e9es lorsque vous visitez ou effectuez un achat sur demourshop.com DONNEES PERSONNELLES COLLECTEES Lorsque vous visitez le\u00a0Site, nous collections automatiquement certaines informations concernant votre appareil, telles que votre navigateur internet, votre adresse IP, votre zone horaire et [&hellip;]","og_url":"https:\/\/demourshop.com\/en\/politique-de-confidentialite\/","og_site_name":"Demourshop","article_modified_time":"2023-11-30T09:20:07+00:00","twitter_card":"summary_large_image","twitter_misc":{"Estimated reading time":"5 minutes"},"schema":{"@context":"https:\/\/schema.org","@graph":[{"@type":"WebPage","@id":"https:\/\/demourshop.com\/politique-de-confidentialite\/","url":"https:\/\/demourshop.com\/politique-de-confidentialite\/","name":"Politique de Confidentialit\u00e9 - Demourshop","isPartOf":{"@id":"https:\/\/demourshop.com\/#website"},"datePublished":"2021-08-25T08:25:29+00:00","dateModified":"2023-11-30T09:20:07+00:00","breadcrumb":{"@id":"https:\/\/demourshop.com\/politique-de-confidentialite\/#breadcrumb"},"inLanguage":"en-GB","potentialAction":[{"@type":"ReadAction","target":["https:\/\/demourshop.com\/politique-de-confidentialite\/"]}]},{"@type":"BreadcrumbList","@id":"https:\/\/demourshop.com\/politique-de-confidentialite\/#breadcrumb","itemListElement":[{"@type":"ListItem","position":1,"name":"Accueil","item":"https:\/\/demourshop.com\/"},{"@type":"ListItem","position":2,"name":"Politique de Confidentialit\u00e9"}]},{"@type":"WebSite","@id":"https:\/\/demourshop.com\/#website","url":"https:\/\/demourshop.com\/","name":"Demourshop","description":"","publisher":{"@id":"https:\/\/demourshop.com\/#organization"},"potentialAction":[{"@type":"SearchAction","target":{"@type":"EntryPoint","urlTemplate":"https:\/\/demourshop.com\/?s={search_term_string}"},"query-input":{"@type":"PropertyValueSpecification","valueRequired":true,"valueName":"search_term_string"}}],"inLanguage":"en-GB"},{"@type":"Organization","@id":"https:\/\/demourshop.com\/#organization","name":"Demourshop","url":"https:\/\/demourshop.com\/","logo":{"@type":"ImageObject","inLanguage":"en-GB","@id":"https:\/\/demourshop.com\/#\/schema\/logo\/image\/","url":"http:\/\/demourshop.com\/wp-content\/uploads\/2023\/08\/logo-wine-2-1-1.png","contentUrl":"http:\/\/demourshop.com\/wp-content\/uploads\/2023\/08\/logo-wine-2-1-1.png","width":400,"height":145,"caption":"Demourshop"},"image":{"@id":"https:\/\/demourshop.com\/#\/schema\/logo\/image\/"}}]}},"_links":{"self":[{"href":"http:\/\/demourshop.com\/en\/wp-json\/wp\/v2\/pages\/27350","targetHints":{"allow":["GET"]}}],"collection":[{"href":"http:\/\/demourshop.com\/en\/wp-json\/wp\/v2\/pages"}],"about":[{"href":"http:\/\/demourshop.com\/en\/wp-json\/wp\/v2\/types\/page"}],"author":[{"embeddable":true,"href":"http:\/\/demourshop.com\/en\/wp-json\/wp\/v2\/users\/1"}],"replies":[{"embeddable":true,"href":"http:\/\/demourshop.com\/en\/wp-json\/wp\/v2\/comments?post=27350"}],"version-history":[{"count":0,"href":"http:\/\/demourshop.com\/en\/wp-json\/wp\/v2\/pages\/27350\/revisions"}],"wp:attachment":[{"href":"http:\/\/demourshop.com\/en\/wp-json\/wp\/v2\/media?parent=27350"}],"curies":[{"name":"wp","href":"https:\/\/api.w.org\/{rel}","templated":true}]}}